{"id":4926,"date":"2022-11-28T16:46:49","date_gmt":"2022-11-28T16:46:49","guid":{"rendered":"https:\/\/www.lausinyvicente.com\/non class\u00e9\/cercles-de-basketball-et-mini-basketball\/"},"modified":"2022-11-28T16:46:49","modified_gmt":"2022-11-28T16:46:49","slug":"cercles-basketball-mini-basketball","status":"publish","type":"product","link":"https:\/\/www.lausinyvicente.com\/fr\/equipement-sport\/basketball\/cercles-basketball-mini-basketball","title":{"rendered":"Cercles de basketball et mini-basketball"},"content":{"rendered":"","protected":false},"excerpt":{"rendered":"<p>Fabriqu\u00e9s en tige de fer pleine \u00e0 section ronde de 18 mm formant un cercle de 450 mm de diam\u00e8tre. La partie inf\u00e9rieure du cercle est munie d\u2019un tube de 6 mm de diam\u00e8tre avec une baguette en nylon pour accrocher le filet. Il est muni de deux baguettes inf\u00e9rieures de renfort pour plus de solidit\u00e9 et d\u2019une plaque arri\u00e8re de 150 x 150 mm \u00e0 quatre trous pour fixer le cercle au panneau. Les cercles \u00e0 ressorts pr\u00e9sentent un syst\u00e8me ou m\u00e9canisme \u00e0 axes et double ressort pour permettre au cercle de fl\u00e9chir s\u2019il re\u00e7oit une force verticale de 105 kg lorsque les joueurs s\u2019y accrochent. Les cercles antivandalisme sont renforc\u00e9s sur le contour et sur la plaque de fixation au panneau au moyen d\u2019une platine. Tous les cercles sont peints en orange \u00e0 la peinture \u00e9poxy au four. Prix par paire.      <\/p>\n","protected":false},"featured_media":2458,"template":"","meta":[],"product_cat":[162,143],"product_tag":[],"class_list":{"0":"post-4926","1":"product","2":"type-product","3":"status-publish","4":"has-post-thumbnail","6":"product_cat-basketball","7":"product_cat-equipement-sport","9":"first","10":"instock","11":"shipping-taxable","12":"purchasable","13":"product-type-variable"},"yoast_head":"<!-- This site is optimized with the Yoast SEO plugin v27.0 - https:\/\/yoast.com\/product\/yoast-seo-wordpress\/ -->\n<title>Cercles de basketball et mini-basketball - Laus\u00edn y Vicente<\/title>\n<meta name=\"robots\" content=\"index, follow, max-snippet:-1, max-image-preview:large, max-video-preview:-1\" \/>\n<link rel=\"canonical\" href=\"https:\/\/www.lausinyvicente.com\/fr\/equipement-sport\/basketball\/cercles-basketball-mini-basketball\" \/>\n<meta property=\"og:locale\" content=\"fr_FR\" \/>\n<meta property=\"og:type\" content=\"article\" \/>\n<meta property=\"og:title\" content=\"Cercles de basketball et mini-basketball - Laus\u00edn y Vicente\" \/>\n<meta property=\"og:description\" content=\"Fabriqu\u00e9s en tige de fer pleine \u00e0 section ronde de 18 mm formant un cercle de 450 mm de diam\u00e8tre. La partie inf\u00e9rieure du cercle est munie d\u2019un tube de 6 mm de diam\u00e8tre avec une baguette en nylon pour accrocher le filet. Il est muni de deux baguettes inf\u00e9rieures de renfort pour plus de solidit\u00e9 et d\u2019une plaque arri\u00e8re de 150 x 150 mm \u00e0 quatre trous pour fixer le cercle au panneau. Les cercles \u00e0 ressorts pr\u00e9sentent un syst\u00e8me ou m\u00e9canisme \u00e0 axes et double ressort pour permettre au cercle de fl\u00e9chir s\u2019il re\u00e7oit une force verticale de 105 kg lorsque les joueurs s\u2019y accrochent. Les cercles antivandalisme sont renforc\u00e9s sur le contour et sur la plaque de fixation au panneau au moyen d\u2019une platine. Tous les cercles sont peints en orange \u00e0 la peinture \u00e9poxy au four. Prix par paire.\" \/>\n<meta property=\"og:url\" content=\"https:\/\/www.lausinyvicente.com\/fr\/equipement-sport\/basketball\/cercles-basketball-mini-basketball\" \/>\n<meta property=\"og:site_name\" content=\"Laus\u00edn y Vicente\" \/>\n<meta property=\"og:image\" content=\"https:\/\/www.lausinyvicente.com\/wp-content\/uploads\/2022\/11\/D.01.30-aros-balonceesto-minibasket.jpg\" \/>\n\t<meta property=\"og:image:width\" content=\"720\" \/>\n\t<meta property=\"og:image:height\" content=\"490\" \/>\n\t<meta property=\"og:image:type\" content=\"image\/jpeg\" \/>\n<meta name=\"twitter:card\" content=\"summary_large_image\" \/>\n<script type=\"application\/ld+json\" class=\"yoast-schema-graph\">{\"@context\":\"https:\/\/schema.org\",\"@graph\":[{\"@type\":\"WebPage\",\"@id\":\"https:\/\/www.lausinyvicente.com\/fr\/equipement-sport\/basketball\/cercles-basketball-mini-basketball\",\"url\":\"https:\/\/www.lausinyvicente.com\/fr\/equipement-sport\/basketball\/cercles-basketball-mini-basketball\",\"name\":\"Cercles de basketball et mini-basketball - Laus\u00edn y Vicente\",\"isPartOf\":{\"@id\":\"https:\/\/www.lausinyvicente.com\/#website\"},\"primaryImageOfPage\":{\"@id\":\"https:\/\/www.lausinyvicente.com\/fr\/equipement-sport\/basketball\/cercles-basketball-mini-basketball#primaryimage\"},\"image\":{\"@id\":\"https:\/\/www.lausinyvicente.com\/fr\/equipement-sport\/basketball\/cercles-basketball-mini-basketball#primaryimage\"},\"thumbnailUrl\":\"https:\/\/www.lausinyvicente.com\/wp-content\/uploads\/2022\/11\/D.01.30-aros-balonceesto-minibasket.jpg\",\"datePublished\":\"2022-11-28T16:46:49+00:00\",\"breadcrumb\":{\"@id\":\"https:\/\/www.lausinyvicente.com\/fr\/equipement-sport\/basketball\/cercles-basketball-mini-basketball#breadcrumb\"},\"inLanguage\":\"fr-FR\",\"potentialAction\":[{\"@type\":\"ReadAction\",\"target\":[\"https:\/\/www.lausinyvicente.com\/fr\/equipement-sport\/basketball\/cercles-basketball-mini-basketball\"]}]},{\"@type\":\"ImageObject\",\"inLanguage\":\"fr-FR\",\"@id\":\"https:\/\/www.lausinyvicente.com\/fr\/equipement-sport\/basketball\/cercles-basketball-mini-basketball#primaryimage\",\"url\":\"https:\/\/www.lausinyvicente.com\/wp-content\/uploads\/2022\/11\/D.01.30-aros-balonceesto-minibasket.jpg\",\"contentUrl\":\"https:\/\/www.lausinyvicente.com\/wp-content\/uploads\/2022\/11\/D.01.30-aros-balonceesto-minibasket.jpg\",\"width\":720,\"height\":490},{\"@type\":\"BreadcrumbList\",\"@id\":\"https:\/\/www.lausinyvicente.com\/fr\/equipement-sport\/basketball\/cercles-basketball-mini-basketball#breadcrumb\",\"itemListElement\":[{\"@type\":\"ListItem\",\"position\":1,\"name\":\"Portada\",\"item\":\"https:\/\/www.lausinyvicente.com\/\"},{\"@type\":\"ListItem\",\"position\":2,\"name\":\"Boutique\",\"item\":\"https:\/\/www.lausinyvicente.com\/fr\/boutique\"},{\"@type\":\"ListItem\",\"position\":3,\"name\":\"Cercles de basketball et mini-basketball\"}]},{\"@type\":\"WebSite\",\"@id\":\"https:\/\/www.lausinyvicente.com\/#website\",\"url\":\"https:\/\/www.lausinyvicente.com\/\",\"name\":\"Laus\u00edn y Vicente\",\"description\":\"Fabricaci\u00f3n y distribuci\u00f3n de material deportivo\",\"potentialAction\":[{\"@type\":\"SearchAction\",\"target\":{\"@type\":\"EntryPoint\",\"urlTemplate\":\"https:\/\/www.lausinyvicente.com\/?s={search_term_string}\"},\"query-input\":{\"@type\":\"PropertyValueSpecification\",\"valueRequired\":true,\"valueName\":\"search_term_string\"}}],\"inLanguage\":\"fr-FR\"}]}<\/script>\n<!-- \/ Yoast SEO plugin. -->","yoast_head_json":{"title":"Cercles de basketball et mini-basketball - Laus\u00edn y Vicente","robots":{"index":"index","follow":"follow","max-snippet":"max-snippet:-1","max-image-preview":"max-image-preview:large","max-video-preview":"max-video-preview:-1"},"canonical":"https:\/\/www.lausinyvicente.com\/fr\/equipement-sport\/basketball\/cercles-basketball-mini-basketball","og_locale":"fr_FR","og_type":"article","og_title":"Cercles de basketball et mini-basketball - Laus\u00edn y Vicente","og_description":"Fabriqu\u00e9s en tige de fer pleine \u00e0 section ronde de 18 mm formant un cercle de 450 mm de diam\u00e8tre. La partie inf\u00e9rieure du cercle est munie d\u2019un tube de 6 mm de diam\u00e8tre avec une baguette en nylon pour accrocher le filet. Il est muni de deux baguettes inf\u00e9rieures de renfort pour plus de solidit\u00e9 et d\u2019une plaque arri\u00e8re de 150 x 150 mm \u00e0 quatre trous pour fixer le cercle au panneau. Les cercles \u00e0 ressorts pr\u00e9sentent un syst\u00e8me ou m\u00e9canisme \u00e0 axes et double ressort pour permettre au cercle de fl\u00e9chir s\u2019il re\u00e7oit une force verticale de 105 kg lorsque les joueurs s\u2019y accrochent. Les cercles antivandalisme sont renforc\u00e9s sur le contour et sur la plaque de fixation au panneau au moyen d\u2019une platine. Tous les cercles sont peints en orange \u00e0 la peinture \u00e9poxy au four. Prix par paire.","og_url":"https:\/\/www.lausinyvicente.com\/fr\/equipement-sport\/basketball\/cercles-basketball-mini-basketball","og_site_name":"Laus\u00edn y Vicente","og_image":[{"width":720,"height":490,"url":"https:\/\/www.lausinyvicente.com\/wp-content\/uploads\/2022\/11\/D.01.30-aros-balonceesto-minibasket.jpg","type":"image\/jpeg"}],"twitter_card":"summary_large_image","schema":{"@context":"https:\/\/schema.org","@graph":[{"@type":"WebPage","@id":"https:\/\/www.lausinyvicente.com\/fr\/equipement-sport\/basketball\/cercles-basketball-mini-basketball","url":"https:\/\/www.lausinyvicente.com\/fr\/equipement-sport\/basketball\/cercles-basketball-mini-basketball","name":"Cercles de basketball et mini-basketball - Laus\u00edn y Vicente","isPartOf":{"@id":"https:\/\/www.lausinyvicente.com\/#website"},"primaryImageOfPage":{"@id":"https:\/\/www.lausinyvicente.com\/fr\/equipement-sport\/basketball\/cercles-basketball-mini-basketball#primaryimage"},"image":{"@id":"https:\/\/www.lausinyvicente.com\/fr\/equipement-sport\/basketball\/cercles-basketball-mini-basketball#primaryimage"},"thumbnailUrl":"https:\/\/www.lausinyvicente.com\/wp-content\/uploads\/2022\/11\/D.01.30-aros-balonceesto-minibasket.jpg","datePublished":"2022-11-28T16:46:49+00:00","breadcrumb":{"@id":"https:\/\/www.lausinyvicente.com\/fr\/equipement-sport\/basketball\/cercles-basketball-mini-basketball#breadcrumb"},"inLanguage":"fr-FR","potentialAction":[{"@type":"ReadAction","target":["https:\/\/www.lausinyvicente.com\/fr\/equipement-sport\/basketball\/cercles-basketball-mini-basketball"]}]},{"@type":"ImageObject","inLanguage":"fr-FR","@id":"https:\/\/www.lausinyvicente.com\/fr\/equipement-sport\/basketball\/cercles-basketball-mini-basketball#primaryimage","url":"https:\/\/www.lausinyvicente.com\/wp-content\/uploads\/2022\/11\/D.01.30-aros-balonceesto-minibasket.jpg","contentUrl":"https:\/\/www.lausinyvicente.com\/wp-content\/uploads\/2022\/11\/D.01.30-aros-balonceesto-minibasket.jpg","width":720,"height":490},{"@type":"BreadcrumbList","@id":"https:\/\/www.lausinyvicente.com\/fr\/equipement-sport\/basketball\/cercles-basketball-mini-basketball#breadcrumb","itemListElement":[{"@type":"ListItem","position":1,"name":"Portada","item":"https:\/\/www.lausinyvicente.com\/"},{"@type":"ListItem","position":2,"name":"Boutique","item":"https:\/\/www.lausinyvicente.com\/fr\/boutique"},{"@type":"ListItem","position":3,"name":"Cercles de basketball et mini-basketball"}]},{"@type":"WebSite","@id":"https:\/\/www.lausinyvicente.com\/#website","url":"https:\/\/www.lausinyvicente.com\/","name":"Laus\u00edn y Vicente","description":"Fabricaci\u00f3n y distribuci\u00f3n de material deportivo","potentialAction":[{"@type":"SearchAction","target":{"@type":"EntryPoint","urlTemplate":"https:\/\/www.lausinyvicente.com\/?s={search_term_string}"},"query-input":{"@type":"PropertyValueSpecification","valueRequired":true,"valueName":"search_term_string"}}],"inLanguage":"fr-FR"}]}},"_links":{"self":[{"href":"https:\/\/www.lausinyvicente.com\/fr\/wp-json\/wp\/v2\/product\/4926","targetHints":{"allow":["GET"]}}],"collection":[{"href":"https:\/\/www.lausinyvicente.com\/fr\/wp-json\/wp\/v2\/product"}],"about":[{"href":"https:\/\/www.lausinyvicente.com\/fr\/wp-json\/wp\/v2\/types\/product"}],"wp:featuredmedia":[{"embeddable":true,"href":"https:\/\/www.lausinyvicente.com\/fr\/wp-json\/wp\/v2\/media\/2458"}],"wp:attachment":[{"href":"https:\/\/www.lausinyvicente.com\/fr\/wp-json\/wp\/v2\/media?parent=4926"}],"wp:term":[{"taxonomy":"product_cat","embeddable":true,"href":"https:\/\/www.lausinyvicente.com\/fr\/wp-json\/wp\/v2\/product_cat?post=4926"},{"taxonomy":"product_tag","embeddable":true,"href":"https:\/\/www.lausinyvicente.com\/fr\/wp-json\/wp\/v2\/product_tag?post=4926"}],"curies":[{"name":"wp","href":"https:\/\/api.w.org\/{rel}","templated":true}]}}