{"id":4939,"date":"2022-11-28T16:42:33","date_gmt":"2022-11-28T16:42:33","guid":{"rendered":"https:\/\/www.lausinyvicente.com\/non class\u00e9\/buts-de-basketball-scolaires-et-mini-basketball-avec-base-milan\/"},"modified":"2022-11-28T16:42:33","modified_gmt":"2022-11-28T16:42:33","slug":"buts-basketball-scolaire-mini-basketball-avec-base-milan","status":"publish","type":"product","link":"https:\/\/www.lausinyvicente.com\/fr\/equipement-sport\/basketball\/buts-basketball-scolaire-mini-basketball-avec-base-milan","title":{"rendered":"Buts de basketball scolaires et mini-basketball avec base \u201cMil\u00e1n\u201d"},"content":{"rendered":"","protected":false},"excerpt":{"rendered":"<p>Le but de basketball et mini-basketball avec une base a \u00e9t\u00e9 con\u00e7u et fabriqu\u00e9 principalement pour \u00eatre utilis\u00e9 dans des installations telles que les \u00e9coles, installations municipales, quartiers r\u00e9sidentiels ou clubs sportifs. Ils conviennent aux terrains ext\u00e9rieurs et aux salles multisports int\u00e9rieures. La structure du but est compos\u00e9e de deux \u00e9l\u00e9ments: Montant central + bras, fabriqu\u00e9s en tube carr\u00e9 structurel 100 ou 150 mm, fix\u00e9s entre eux au moyen d\u2019assemblages viss\u00e9s. Dans la partie sup\u00e9rieure, deux jambes de force apportent rigidit\u00e9 et stabilit\u00e9 au cadre du panneau. La structure de la base est un cadre soud\u00e9 en tube rectangulaire de 80 x 40 mm. Le mod\u00e8le mobile est muni de 4 roues (2 fixes et 2 pivotantes) qui permettent de d\u00e9placer le but. Deux pieds d\u2019appui se trouvent sur la partie avant et doivent \u00eatre baiss\u00e9s au moyen d\u2019une clef apr\u00e8s avoir install\u00e9 le but en position de jeu. La partie arri\u00e8re dispose d\u2019un cadre sur lequel les contrepoids seront fix\u00e9s. L\u2019ensemble du but devra \u00eatre obligatoirement ancr\u00e9 au sol sur la position de jeu avant son utilisation (il est muni de deux ancrages \u00e0 ins\u00e9rer dans le sol pour fixer le but). L\u2019ensemble de la structure du but est fix\u00e9 au cadre de la base au moyen d\u2019assemblages viss\u00e9s. Il est muni de deux bretelles de force pour conf\u00e9rer de la rigidit\u00e9 de la partie sup\u00e9rieure du pied du but \u00e0 la partie inf\u00e9rieure de la base. Les panneaux, cercles, filets et protections ne sont pas inclus dans la r\u00e9f\u00e9rence. En cas de besoin, ils doivent \u00eatre command\u00e9s avec leurs propres r\u00e9f\u00e9rences. Prix par paire. <\/p>\n","protected":false},"featured_media":2454,"template":"","meta":[],"product_cat":[162,143],"product_tag":[],"class_list":{"0":"post-4939","1":"product","2":"type-product","3":"status-publish","4":"has-post-thumbnail","6":"product_cat-basketball","7":"product_cat-equipement-sport","9":"first","10":"instock","11":"shipping-taxable","12":"purchasable","13":"product-type-variable"},"yoast_head":"<!-- This site is optimized with the Yoast SEO plugin v27.0 - https:\/\/yoast.com\/product\/yoast-seo-wordpress\/ -->\n<title>Buts de basketball scolaires et mini-basketball avec base \u201cMil\u00e1n\u201d - Laus\u00edn y Vicente<\/title>\n<meta name=\"robots\" content=\"index, follow, max-snippet:-1, max-image-preview:large, max-video-preview:-1\" \/>\n<link rel=\"canonical\" href=\"https:\/\/www.lausinyvicente.com\/fr\/equipement-sport\/basketball\/buts-basketball-scolaire-mini-basketball-avec-base-milan\" \/>\n<meta property=\"og:locale\" content=\"fr_FR\" \/>\n<meta property=\"og:type\" content=\"article\" \/>\n<meta property=\"og:title\" content=\"Buts de basketball scolaires et mini-basketball avec base \u201cMil\u00e1n\u201d - Laus\u00edn y Vicente\" \/>\n<meta property=\"og:description\" content=\"Le but de basketball et mini-basketball avec une base a \u00e9t\u00e9 con\u00e7u et fabriqu\u00e9 principalement pour \u00eatre utilis\u00e9 dans des installations telles que les \u00e9coles, installations municipales, quartiers r\u00e9sidentiels ou clubs sportifs. Ils conviennent aux terrains ext\u00e9rieurs et aux salles multisports int\u00e9rieures. La structure du but est compos\u00e9e de deux \u00e9l\u00e9ments: Montant central + bras, fabriqu\u00e9s en tube carr\u00e9 structurel 100 ou 150 mm, fix\u00e9s entre eux au moyen d\u2019assemblages viss\u00e9s. Dans la partie sup\u00e9rieure, deux jambes de force apportent rigidit\u00e9 et stabilit\u00e9 au cadre du panneau. La structure de la base est un cadre soud\u00e9 en tube rectangulaire de 80 x 40 mm. Le mod\u00e8le mobile est muni de 4 roues (2 fixes et 2 pivotantes) qui permettent de d\u00e9placer le but. Deux pieds d\u2019appui se trouvent sur la partie avant et doivent \u00eatre baiss\u00e9s au moyen d\u2019une clef apr\u00e8s avoir install\u00e9 le but en position de jeu. La partie arri\u00e8re dispose d\u2019un cadre sur lequel les contrepoids seront fix\u00e9s. L\u2019ensemble du but devra \u00eatre obligatoirement ancr\u00e9 au sol sur la position de jeu avant son utilisation (il est muni de deux ancrages \u00e0 ins\u00e9rer dans le sol pour fixer le but). L\u2019ensemble de la structure du but est fix\u00e9 au cadre de la base au moyen d\u2019assemblages viss\u00e9s. Il est muni de deux bretelles de force pour conf\u00e9rer de la rigidit\u00e9 de la partie sup\u00e9rieure du pied du but \u00e0 la partie inf\u00e9rieure de la base. Les panneaux, cercles, filets et protections ne sont pas inclus dans la r\u00e9f\u00e9rence. En cas de besoin, ils doivent \u00eatre command\u00e9s avec leurs propres r\u00e9f\u00e9rences. Prix par paire.\" \/>\n<meta property=\"og:url\" content=\"https:\/\/www.lausinyvicente.com\/fr\/equipement-sport\/basketball\/buts-basketball-scolaire-mini-basketball-avec-base-milan\" \/>\n<meta property=\"og:site_name\" content=\"Laus\u00edn y Vicente\" \/>\n<meta property=\"og:image\" content=\"https:\/\/www.lausinyvicente.com\/wp-content\/uploads\/2022\/11\/D.01.40-canasta-baaloncesto-MILAN.jpg\" \/>\n\t<meta property=\"og:image:width\" content=\"720\" \/>\n\t<meta property=\"og:image:height\" content=\"490\" \/>\n\t<meta property=\"og:image:type\" content=\"image\/jpeg\" \/>\n<meta name=\"twitter:card\" content=\"summary_large_image\" \/>\n<script type=\"application\/ld+json\" class=\"yoast-schema-graph\">{\"@context\":\"https:\/\/schema.org\",\"@graph\":[{\"@type\":\"WebPage\",\"@id\":\"https:\/\/www.lausinyvicente.com\/fr\/equipement-sport\/basketball\/buts-basketball-scolaire-mini-basketball-avec-base-milan\",\"url\":\"https:\/\/www.lausinyvicente.com\/fr\/equipement-sport\/basketball\/buts-basketball-scolaire-mini-basketball-avec-base-milan\",\"name\":\"Buts de basketball scolaires et mini-basketball avec base \u201cMil\u00e1n\u201d - Laus\u00edn y Vicente\",\"isPartOf\":{\"@id\":\"https:\/\/www.lausinyvicente.com\/#website\"},\"primaryImageOfPage\":{\"@id\":\"https:\/\/www.lausinyvicente.com\/fr\/equipement-sport\/basketball\/buts-basketball-scolaire-mini-basketball-avec-base-milan#primaryimage\"},\"image\":{\"@id\":\"https:\/\/www.lausinyvicente.com\/fr\/equipement-sport\/basketball\/buts-basketball-scolaire-mini-basketball-avec-base-milan#primaryimage\"},\"thumbnailUrl\":\"https:\/\/www.lausinyvicente.com\/wp-content\/uploads\/2022\/11\/D.01.40-canasta-baaloncesto-MILAN.jpg\",\"datePublished\":\"2022-11-28T16:42:33+00:00\",\"breadcrumb\":{\"@id\":\"https:\/\/www.lausinyvicente.com\/fr\/equipement-sport\/basketball\/buts-basketball-scolaire-mini-basketball-avec-base-milan#breadcrumb\"},\"inLanguage\":\"fr-FR\",\"potentialAction\":[{\"@type\":\"ReadAction\",\"target\":[\"https:\/\/www.lausinyvicente.com\/fr\/equipement-sport\/basketball\/buts-basketball-scolaire-mini-basketball-avec-base-milan\"]}]},{\"@type\":\"ImageObject\",\"inLanguage\":\"fr-FR\",\"@id\":\"https:\/\/www.lausinyvicente.com\/fr\/equipement-sport\/basketball\/buts-basketball-scolaire-mini-basketball-avec-base-milan#primaryimage\",\"url\":\"https:\/\/www.lausinyvicente.com\/wp-content\/uploads\/2022\/11\/D.01.40-canasta-baaloncesto-MILAN.jpg\",\"contentUrl\":\"https:\/\/www.lausinyvicente.com\/wp-content\/uploads\/2022\/11\/D.01.40-canasta-baaloncesto-MILAN.jpg\",\"width\":720,\"height\":490},{\"@type\":\"BreadcrumbList\",\"@id\":\"https:\/\/www.lausinyvicente.com\/fr\/equipement-sport\/basketball\/buts-basketball-scolaire-mini-basketball-avec-base-milan#breadcrumb\",\"itemListElement\":[{\"@type\":\"ListItem\",\"position\":1,\"name\":\"Portada\",\"item\":\"https:\/\/www.lausinyvicente.com\/\"},{\"@type\":\"ListItem\",\"position\":2,\"name\":\"Boutique\",\"item\":\"https:\/\/www.lausinyvicente.com\/fr\/boutique\"},{\"@type\":\"ListItem\",\"position\":3,\"name\":\"Buts de basketball scolaires et mini-basketball avec base \u201cMil\u00e1n\u201d\"}]},{\"@type\":\"WebSite\",\"@id\":\"https:\/\/www.lausinyvicente.com\/#website\",\"url\":\"https:\/\/www.lausinyvicente.com\/\",\"name\":\"Laus\u00edn y Vicente\",\"description\":\"Fabricaci\u00f3n y distribuci\u00f3n de material deportivo\",\"potentialAction\":[{\"@type\":\"SearchAction\",\"target\":{\"@type\":\"EntryPoint\",\"urlTemplate\":\"https:\/\/www.lausinyvicente.com\/?s={search_term_string}\"},\"query-input\":{\"@type\":\"PropertyValueSpecification\",\"valueRequired\":true,\"valueName\":\"search_term_string\"}}],\"inLanguage\":\"fr-FR\"}]}<\/script>\n<!-- \/ Yoast SEO plugin. -->","yoast_head_json":{"title":"Buts de basketball scolaires et mini-basketball avec base \u201cMil\u00e1n\u201d - Laus\u00edn y Vicente","robots":{"index":"index","follow":"follow","max-snippet":"max-snippet:-1","max-image-preview":"max-image-preview:large","max-video-preview":"max-video-preview:-1"},"canonical":"https:\/\/www.lausinyvicente.com\/fr\/equipement-sport\/basketball\/buts-basketball-scolaire-mini-basketball-avec-base-milan","og_locale":"fr_FR","og_type":"article","og_title":"Buts de basketball scolaires et mini-basketball avec base \u201cMil\u00e1n\u201d - Laus\u00edn y Vicente","og_description":"Le but de basketball et mini-basketball avec une base a \u00e9t\u00e9 con\u00e7u et fabriqu\u00e9 principalement pour \u00eatre utilis\u00e9 dans des installations telles que les \u00e9coles, installations municipales, quartiers r\u00e9sidentiels ou clubs sportifs. Ils conviennent aux terrains ext\u00e9rieurs et aux salles multisports int\u00e9rieures. La structure du but est compos\u00e9e de deux \u00e9l\u00e9ments: Montant central + bras, fabriqu\u00e9s en tube carr\u00e9 structurel 100 ou 150 mm, fix\u00e9s entre eux au moyen d\u2019assemblages viss\u00e9s. Dans la partie sup\u00e9rieure, deux jambes de force apportent rigidit\u00e9 et stabilit\u00e9 au cadre du panneau. La structure de la base est un cadre soud\u00e9 en tube rectangulaire de 80 x 40 mm. Le mod\u00e8le mobile est muni de 4 roues (2 fixes et 2 pivotantes) qui permettent de d\u00e9placer le but. Deux pieds d\u2019appui se trouvent sur la partie avant et doivent \u00eatre baiss\u00e9s au moyen d\u2019une clef apr\u00e8s avoir install\u00e9 le but en position de jeu. La partie arri\u00e8re dispose d\u2019un cadre sur lequel les contrepoids seront fix\u00e9s. L\u2019ensemble du but devra \u00eatre obligatoirement ancr\u00e9 au sol sur la position de jeu avant son utilisation (il est muni de deux ancrages \u00e0 ins\u00e9rer dans le sol pour fixer le but). L\u2019ensemble de la structure du but est fix\u00e9 au cadre de la base au moyen d\u2019assemblages viss\u00e9s. Il est muni de deux bretelles de force pour conf\u00e9rer de la rigidit\u00e9 de la partie sup\u00e9rieure du pied du but \u00e0 la partie inf\u00e9rieure de la base. Les panneaux, cercles, filets et protections ne sont pas inclus dans la r\u00e9f\u00e9rence. En cas de besoin, ils doivent \u00eatre command\u00e9s avec leurs propres r\u00e9f\u00e9rences. Prix par paire.","og_url":"https:\/\/www.lausinyvicente.com\/fr\/equipement-sport\/basketball\/buts-basketball-scolaire-mini-basketball-avec-base-milan","og_site_name":"Laus\u00edn y Vicente","og_image":[{"width":720,"height":490,"url":"https:\/\/www.lausinyvicente.com\/wp-content\/uploads\/2022\/11\/D.01.40-canasta-baaloncesto-MILAN.jpg","type":"image\/jpeg"}],"twitter_card":"summary_large_image","schema":{"@context":"https:\/\/schema.org","@graph":[{"@type":"WebPage","@id":"https:\/\/www.lausinyvicente.com\/fr\/equipement-sport\/basketball\/buts-basketball-scolaire-mini-basketball-avec-base-milan","url":"https:\/\/www.lausinyvicente.com\/fr\/equipement-sport\/basketball\/buts-basketball-scolaire-mini-basketball-avec-base-milan","name":"Buts de basketball scolaires et mini-basketball avec base \u201cMil\u00e1n\u201d - Laus\u00edn y Vicente","isPartOf":{"@id":"https:\/\/www.lausinyvicente.com\/#website"},"primaryImageOfPage":{"@id":"https:\/\/www.lausinyvicente.com\/fr\/equipement-sport\/basketball\/buts-basketball-scolaire-mini-basketball-avec-base-milan#primaryimage"},"image":{"@id":"https:\/\/www.lausinyvicente.com\/fr\/equipement-sport\/basketball\/buts-basketball-scolaire-mini-basketball-avec-base-milan#primaryimage"},"thumbnailUrl":"https:\/\/www.lausinyvicente.com\/wp-content\/uploads\/2022\/11\/D.01.40-canasta-baaloncesto-MILAN.jpg","datePublished":"2022-11-28T16:42:33+00:00","breadcrumb":{"@id":"https:\/\/www.lausinyvicente.com\/fr\/equipement-sport\/basketball\/buts-basketball-scolaire-mini-basketball-avec-base-milan#breadcrumb"},"inLanguage":"fr-FR","potentialAction":[{"@type":"ReadAction","target":["https:\/\/www.lausinyvicente.com\/fr\/equipement-sport\/basketball\/buts-basketball-scolaire-mini-basketball-avec-base-milan"]}]},{"@type":"ImageObject","inLanguage":"fr-FR","@id":"https:\/\/www.lausinyvicente.com\/fr\/equipement-sport\/basketball\/buts-basketball-scolaire-mini-basketball-avec-base-milan#primaryimage","url":"https:\/\/www.lausinyvicente.com\/wp-content\/uploads\/2022\/11\/D.01.40-canasta-baaloncesto-MILAN.jpg","contentUrl":"https:\/\/www.lausinyvicente.com\/wp-content\/uploads\/2022\/11\/D.01.40-canasta-baaloncesto-MILAN.jpg","width":720,"height":490},{"@type":"BreadcrumbList","@id":"https:\/\/www.lausinyvicente.com\/fr\/equipement-sport\/basketball\/buts-basketball-scolaire-mini-basketball-avec-base-milan#breadcrumb","itemListElement":[{"@type":"ListItem","position":1,"name":"Portada","item":"https:\/\/www.lausinyvicente.com\/"},{"@type":"ListItem","position":2,"name":"Boutique","item":"https:\/\/www.lausinyvicente.com\/fr\/boutique"},{"@type":"ListItem","position":3,"name":"Buts de basketball scolaires et mini-basketball avec base \u201cMil\u00e1n\u201d"}]},{"@type":"WebSite","@id":"https:\/\/www.lausinyvicente.com\/#website","url":"https:\/\/www.lausinyvicente.com\/","name":"Laus\u00edn y Vicente","description":"Fabricaci\u00f3n y distribuci\u00f3n de material deportivo","potentialAction":[{"@type":"SearchAction","target":{"@type":"EntryPoint","urlTemplate":"https:\/\/www.lausinyvicente.com\/?s={search_term_string}"},"query-input":{"@type":"PropertyValueSpecification","valueRequired":true,"valueName":"search_term_string"}}],"inLanguage":"fr-FR"}]}},"_links":{"self":[{"href":"https:\/\/www.lausinyvicente.com\/fr\/wp-json\/wp\/v2\/product\/4939","targetHints":{"allow":["GET"]}}],"collection":[{"href":"https:\/\/www.lausinyvicente.com\/fr\/wp-json\/wp\/v2\/product"}],"about":[{"href":"https:\/\/www.lausinyvicente.com\/fr\/wp-json\/wp\/v2\/types\/product"}],"wp:featuredmedia":[{"embeddable":true,"href":"https:\/\/www.lausinyvicente.com\/fr\/wp-json\/wp\/v2\/media\/2454"}],"wp:attachment":[{"href":"https:\/\/www.lausinyvicente.com\/fr\/wp-json\/wp\/v2\/media?parent=4939"}],"wp:term":[{"taxonomy":"product_cat","embeddable":true,"href":"https:\/\/www.lausinyvicente.com\/fr\/wp-json\/wp\/v2\/product_cat?post=4939"},{"taxonomy":"product_tag","embeddable":true,"href":"https:\/\/www.lausinyvicente.com\/fr\/wp-json\/wp\/v2\/product_tag?post=4939"}],"curies":[{"name":"wp","href":"https:\/\/api.w.org\/{rel}","templated":true}]}}