{"id":4950,"date":"2022-11-28T16:35:41","date_gmt":"2022-11-28T16:35:41","guid":{"rendered":"https:\/\/www.lausinyvicente.com\/non class\u00e9\/poteaux-de-badminton-mobiles-avec-roues\/"},"modified":"2022-11-28T16:35:41","modified_gmt":"2022-11-28T16:35:41","slug":"poteaux-badminton-mobiles-roues","status":"publish","type":"product","link":"https:\/\/www.lausinyvicente.com\/fr\/equipement-sport\/badminton\/poteaux-badminton-mobiles-roues","title":{"rendered":"Poteaux de badminton mobiles avec roues"},"content":{"rendered":"","protected":false},"excerpt":{"rendered":"<p>Con\u00e7us et fabriqu\u00e9s conform\u00e9ment \u00e0 la norme europ\u00e9enne UNE-EN 1509. Poteau fabriqu\u00e9 en tube m\u00e9tallique \u00e0 section ronde de 40 mm pour entra\u00eenement. Poulie sup\u00e9rieure pour guider le filet et crochet m\u00e9tallique pour tendre le filet. La base est form\u00e9e par le propre poteau et une platine, assembl\u00e9e au contrepoids et aux roues pour composer une structure stable et r\u00e9sistante. Peints en blanc \u00e0 la peinture \u00e9poxy au four. Prix par paire sans filet.    <\/p>\n","protected":false},"featured_media":2452,"template":"","meta":[],"product_cat":[149,143],"product_tag":[],"class_list":{"0":"post-4950","1":"product","2":"type-product","3":"status-publish","4":"has-post-thumbnail","6":"product_cat-badminton","7":"product_cat-equipement-sport","9":"first","10":"instock","11":"shipping-taxable","12":"purchasable","13":"product-type-variable"},"yoast_head":"<!-- This site is optimized with the Yoast SEO plugin v27.0 - https:\/\/yoast.com\/product\/yoast-seo-wordpress\/ -->\n<title>Poteaux de badminton mobiles avec roues - Laus\u00edn y Vicente<\/title>\n<meta name=\"robots\" content=\"index, follow, max-snippet:-1, max-image-preview:large, max-video-preview:-1\" \/>\n<link rel=\"canonical\" href=\"https:\/\/www.lausinyvicente.com\/fr\/equipement-sport\/badminton\/poteaux-badminton-mobiles-roues\" \/>\n<meta property=\"og:locale\" content=\"fr_FR\" \/>\n<meta property=\"og:type\" content=\"article\" \/>\n<meta property=\"og:title\" content=\"Poteaux de badminton mobiles avec roues - Laus\u00edn y Vicente\" \/>\n<meta property=\"og:description\" content=\"Con\u00e7us et fabriqu\u00e9s conform\u00e9ment \u00e0 la norme europ\u00e9enne UNE-EN 1509. Poteau fabriqu\u00e9 en tube m\u00e9tallique \u00e0 section ronde de 40 mm pour entra\u00eenement. Poulie sup\u00e9rieure pour guider le filet et crochet m\u00e9tallique pour tendre le filet. La base est form\u00e9e par le propre poteau et une platine, assembl\u00e9e au contrepoids et aux roues pour composer une structure stable et r\u00e9sistante. Peints en blanc \u00e0 la peinture \u00e9poxy au four. Prix par paire sans filet.\" \/>\n<meta property=\"og:url\" content=\"https:\/\/www.lausinyvicente.com\/fr\/equipement-sport\/badminton\/poteaux-badminton-mobiles-roues\" \/>\n<meta property=\"og:site_name\" content=\"Laus\u00edn y Vicente\" \/>\n<meta property=\"og:image\" content=\"https:\/\/www.lausinyvicente.com\/wp-content\/uploads\/2022\/11\/D.00.02-postes-badminton-movilees-ruedas.jpg\" \/>\n\t<meta property=\"og:image:width\" content=\"720\" \/>\n\t<meta property=\"og:image:height\" content=\"490\" \/>\n\t<meta property=\"og:image:type\" content=\"image\/jpeg\" \/>\n<meta name=\"twitter:card\" content=\"summary_large_image\" \/>\n<script type=\"application\/ld+json\" class=\"yoast-schema-graph\">{\"@context\":\"https:\/\/schema.org\",\"@graph\":[{\"@type\":\"WebPage\",\"@id\":\"https:\/\/www.lausinyvicente.com\/fr\/equipement-sport\/badminton\/poteaux-badminton-mobiles-roues\",\"url\":\"https:\/\/www.lausinyvicente.com\/fr\/equipement-sport\/badminton\/poteaux-badminton-mobiles-roues\",\"name\":\"Poteaux de badminton mobiles avec roues - Laus\u00edn y Vicente\",\"isPartOf\":{\"@id\":\"https:\/\/www.lausinyvicente.com\/#website\"},\"primaryImageOfPage\":{\"@id\":\"https:\/\/www.lausinyvicente.com\/fr\/equipement-sport\/badminton\/poteaux-badminton-mobiles-roues#primaryimage\"},\"image\":{\"@id\":\"https:\/\/www.lausinyvicente.com\/fr\/equipement-sport\/badminton\/poteaux-badminton-mobiles-roues#primaryimage\"},\"thumbnailUrl\":\"https:\/\/www.lausinyvicente.com\/wp-content\/uploads\/2022\/11\/D.00.02-postes-badminton-movilees-ruedas.jpg\",\"datePublished\":\"2022-11-28T16:35:41+00:00\",\"breadcrumb\":{\"@id\":\"https:\/\/www.lausinyvicente.com\/fr\/equipement-sport\/badminton\/poteaux-badminton-mobiles-roues#breadcrumb\"},\"inLanguage\":\"fr-FR\",\"potentialAction\":[{\"@type\":\"ReadAction\",\"target\":[\"https:\/\/www.lausinyvicente.com\/fr\/equipement-sport\/badminton\/poteaux-badminton-mobiles-roues\"]}]},{\"@type\":\"ImageObject\",\"inLanguage\":\"fr-FR\",\"@id\":\"https:\/\/www.lausinyvicente.com\/fr\/equipement-sport\/badminton\/poteaux-badminton-mobiles-roues#primaryimage\",\"url\":\"https:\/\/www.lausinyvicente.com\/wp-content\/uploads\/2022\/11\/D.00.02-postes-badminton-movilees-ruedas.jpg\",\"contentUrl\":\"https:\/\/www.lausinyvicente.com\/wp-content\/uploads\/2022\/11\/D.00.02-postes-badminton-movilees-ruedas.jpg\",\"width\":720,\"height\":490},{\"@type\":\"BreadcrumbList\",\"@id\":\"https:\/\/www.lausinyvicente.com\/fr\/equipement-sport\/badminton\/poteaux-badminton-mobiles-roues#breadcrumb\",\"itemListElement\":[{\"@type\":\"ListItem\",\"position\":1,\"name\":\"Portada\",\"item\":\"https:\/\/www.lausinyvicente.com\/\"},{\"@type\":\"ListItem\",\"position\":2,\"name\":\"Boutique\",\"item\":\"https:\/\/www.lausinyvicente.com\/fr\/boutique\"},{\"@type\":\"ListItem\",\"position\":3,\"name\":\"Poteaux de badminton mobiles avec roues\"}]},{\"@type\":\"WebSite\",\"@id\":\"https:\/\/www.lausinyvicente.com\/#website\",\"url\":\"https:\/\/www.lausinyvicente.com\/\",\"name\":\"Laus\u00edn y Vicente\",\"description\":\"Fabricaci\u00f3n y distribuci\u00f3n de material deportivo\",\"potentialAction\":[{\"@type\":\"SearchAction\",\"target\":{\"@type\":\"EntryPoint\",\"urlTemplate\":\"https:\/\/www.lausinyvicente.com\/?s={search_term_string}\"},\"query-input\":{\"@type\":\"PropertyValueSpecification\",\"valueRequired\":true,\"valueName\":\"search_term_string\"}}],\"inLanguage\":\"fr-FR\"}]}<\/script>\n<!-- \/ Yoast SEO plugin. -->","yoast_head_json":{"title":"Poteaux de badminton mobiles avec roues - Laus\u00edn y Vicente","robots":{"index":"index","follow":"follow","max-snippet":"max-snippet:-1","max-image-preview":"max-image-preview:large","max-video-preview":"max-video-preview:-1"},"canonical":"https:\/\/www.lausinyvicente.com\/fr\/equipement-sport\/badminton\/poteaux-badminton-mobiles-roues","og_locale":"fr_FR","og_type":"article","og_title":"Poteaux de badminton mobiles avec roues - Laus\u00edn y Vicente","og_description":"Con\u00e7us et fabriqu\u00e9s conform\u00e9ment \u00e0 la norme europ\u00e9enne UNE-EN 1509. Poteau fabriqu\u00e9 en tube m\u00e9tallique \u00e0 section ronde de 40 mm pour entra\u00eenement. Poulie sup\u00e9rieure pour guider le filet et crochet m\u00e9tallique pour tendre le filet. La base est form\u00e9e par le propre poteau et une platine, assembl\u00e9e au contrepoids et aux roues pour composer une structure stable et r\u00e9sistante. Peints en blanc \u00e0 la peinture \u00e9poxy au four. Prix par paire sans filet.","og_url":"https:\/\/www.lausinyvicente.com\/fr\/equipement-sport\/badminton\/poteaux-badminton-mobiles-roues","og_site_name":"Laus\u00edn y Vicente","og_image":[{"width":720,"height":490,"url":"https:\/\/www.lausinyvicente.com\/wp-content\/uploads\/2022\/11\/D.00.02-postes-badminton-movilees-ruedas.jpg","type":"image\/jpeg"}],"twitter_card":"summary_large_image","schema":{"@context":"https:\/\/schema.org","@graph":[{"@type":"WebPage","@id":"https:\/\/www.lausinyvicente.com\/fr\/equipement-sport\/badminton\/poteaux-badminton-mobiles-roues","url":"https:\/\/www.lausinyvicente.com\/fr\/equipement-sport\/badminton\/poteaux-badminton-mobiles-roues","name":"Poteaux de badminton mobiles avec roues - Laus\u00edn y Vicente","isPartOf":{"@id":"https:\/\/www.lausinyvicente.com\/#website"},"primaryImageOfPage":{"@id":"https:\/\/www.lausinyvicente.com\/fr\/equipement-sport\/badminton\/poteaux-badminton-mobiles-roues#primaryimage"},"image":{"@id":"https:\/\/www.lausinyvicente.com\/fr\/equipement-sport\/badminton\/poteaux-badminton-mobiles-roues#primaryimage"},"thumbnailUrl":"https:\/\/www.lausinyvicente.com\/wp-content\/uploads\/2022\/11\/D.00.02-postes-badminton-movilees-ruedas.jpg","datePublished":"2022-11-28T16:35:41+00:00","breadcrumb":{"@id":"https:\/\/www.lausinyvicente.com\/fr\/equipement-sport\/badminton\/poteaux-badminton-mobiles-roues#breadcrumb"},"inLanguage":"fr-FR","potentialAction":[{"@type":"ReadAction","target":["https:\/\/www.lausinyvicente.com\/fr\/equipement-sport\/badminton\/poteaux-badminton-mobiles-roues"]}]},{"@type":"ImageObject","inLanguage":"fr-FR","@id":"https:\/\/www.lausinyvicente.com\/fr\/equipement-sport\/badminton\/poteaux-badminton-mobiles-roues#primaryimage","url":"https:\/\/www.lausinyvicente.com\/wp-content\/uploads\/2022\/11\/D.00.02-postes-badminton-movilees-ruedas.jpg","contentUrl":"https:\/\/www.lausinyvicente.com\/wp-content\/uploads\/2022\/11\/D.00.02-postes-badminton-movilees-ruedas.jpg","width":720,"height":490},{"@type":"BreadcrumbList","@id":"https:\/\/www.lausinyvicente.com\/fr\/equipement-sport\/badminton\/poteaux-badminton-mobiles-roues#breadcrumb","itemListElement":[{"@type":"ListItem","position":1,"name":"Portada","item":"https:\/\/www.lausinyvicente.com\/"},{"@type":"ListItem","position":2,"name":"Boutique","item":"https:\/\/www.lausinyvicente.com\/fr\/boutique"},{"@type":"ListItem","position":3,"name":"Poteaux de badminton mobiles avec roues"}]},{"@type":"WebSite","@id":"https:\/\/www.lausinyvicente.com\/#website","url":"https:\/\/www.lausinyvicente.com\/","name":"Laus\u00edn y Vicente","description":"Fabricaci\u00f3n y distribuci\u00f3n de material deportivo","potentialAction":[{"@type":"SearchAction","target":{"@type":"EntryPoint","urlTemplate":"https:\/\/www.lausinyvicente.com\/?s={search_term_string}"},"query-input":{"@type":"PropertyValueSpecification","valueRequired":true,"valueName":"search_term_string"}}],"inLanguage":"fr-FR"}]}},"_links":{"self":[{"href":"https:\/\/www.lausinyvicente.com\/fr\/wp-json\/wp\/v2\/product\/4950","targetHints":{"allow":["GET"]}}],"collection":[{"href":"https:\/\/www.lausinyvicente.com\/fr\/wp-json\/wp\/v2\/product"}],"about":[{"href":"https:\/\/www.lausinyvicente.com\/fr\/wp-json\/wp\/v2\/types\/product"}],"wp:featuredmedia":[{"embeddable":true,"href":"https:\/\/www.lausinyvicente.com\/fr\/wp-json\/wp\/v2\/media\/2452"}],"wp:attachment":[{"href":"https:\/\/www.lausinyvicente.com\/fr\/wp-json\/wp\/v2\/media?parent=4950"}],"wp:term":[{"taxonomy":"product_cat","embeddable":true,"href":"https:\/\/www.lausinyvicente.com\/fr\/wp-json\/wp\/v2\/product_cat?post=4950"},{"taxonomy":"product_tag","embeddable":true,"href":"https:\/\/www.lausinyvicente.com\/fr\/wp-json\/wp\/v2\/product_tag?post=4950"}],"curies":[{"name":"wp","href":"https:\/\/api.w.org\/{rel}","templated":true}]}}