{"id":4962,"date":"2022-11-28T16:29:28","date_gmt":"2022-11-28T16:29:28","guid":{"rendered":"https:\/\/www.lausinyvicente.com\/non%20class\u00e9\/tatami-arts-martiaux\/"},"modified":"2023-01-07T17:30:54","modified_gmt":"2023-01-07T17:30:54","slug":"surface-tatami-arts-martiaux","status":"publish","type":"product","link":"https:\/\/www.lausinyvicente.com\/fr\/equipement-sport\/arts-martiaux\/surface-tatami-arts-martiaux","title":{"rendered":"Surface de tatami d&rsquo;arts martiaux"},"content":{"rendered":"","protected":false},"excerpt":{"rendered":"<p>Toile tatami en tissu polyester haute t\u00e9nacit\u00e9, enduit PVC sur les deux faces. \u00c9quip\u00e9 d&rsquo;\u0153illets p\u00e9rim\u00e9triques pour la fixation au sol tous les 25 cm environ ; bande \u00e9lastique \u00e0 serrer et rabat autour de son p\u00e9rim\u00e8tre pour recouvrir l&rsquo;ensemble. Plaques d&rsquo;agglom\u00e9r\u00e9 mousse de dimensions g\u00e9n\u00e9rales 2000 x 1000 x 40 mm d&rsquo;une densit\u00e9 de 200 kg.Cadre en bois de pin \u00e0 bords sup\u00e9rieurs arrondis \u00e0 visser au sol. Comprend : toile + mousse + cadre. Prix \u200b\u200bau m\u00e8tre carr\u00e9.     <\/p>\n","protected":false},"featured_media":2446,"template":"","meta":[],"product_cat":[164,143],"product_tag":[],"class_list":{"0":"post-4962","1":"product","2":"type-product","3":"status-publish","4":"has-post-thumbnail","6":"product_cat-arts-martiaux","7":"product_cat-equipement-sport","9":"first","10":"instock","11":"shipping-taxable","12":"purchasable","13":"product-type-simple"},"yoast_head":"<!-- This site is optimized with the Yoast SEO plugin v27.0 - https:\/\/yoast.com\/product\/yoast-seo-wordpress\/ -->\n<title>Surface de tatami d&#039;arts martiaux - Laus\u00edn y Vicente<\/title>\n<meta name=\"robots\" content=\"index, follow, max-snippet:-1, max-image-preview:large, max-video-preview:-1\" \/>\n<link rel=\"canonical\" href=\"https:\/\/www.lausinyvicente.com\/fr\/equipement-sport\/arts-martiaux\/surface-tatami-arts-martiaux\" \/>\n<meta property=\"og:locale\" content=\"fr_FR\" \/>\n<meta property=\"og:type\" content=\"article\" \/>\n<meta property=\"og:title\" content=\"Surface de tatami d&#039;arts martiaux - Laus\u00edn y Vicente\" \/>\n<meta property=\"og:description\" content=\"Toile tatami en tissu polyester haute t\u00e9nacit\u00e9, enduit PVC sur les deux faces. \u00c9quip\u00e9 d&#039;\u0153illets p\u00e9rim\u00e9triques pour la fixation au sol tous les 25 cm environ ; bande \u00e9lastique \u00e0 serrer et rabat autour de son p\u00e9rim\u00e8tre pour recouvrir l&#039;ensemble. Plaques d&#039;agglom\u00e9r\u00e9 mousse de dimensions g\u00e9n\u00e9rales 2000 x 1000 x 40 mm d&#039;une densit\u00e9 de 200 kg.Cadre en bois de pin \u00e0 bords sup\u00e9rieurs arrondis \u00e0 visser au sol. Comprend : toile + mousse + cadre. Prix \u200b\u200bau m\u00e8tre carr\u00e9.\" \/>\n<meta property=\"og:url\" content=\"https:\/\/www.lausinyvicente.com\/fr\/equipement-sport\/arts-martiaux\/surface-tatami-arts-martiaux\" \/>\n<meta property=\"og:site_name\" content=\"Laus\u00edn y Vicente\" \/>\n<meta property=\"article:modified_time\" content=\"2023-01-07T17:30:54+00:00\" \/>\n<meta property=\"og:image\" content=\"https:\/\/www.lausinyvicente.com\/wp-content\/uploads\/2022\/11\/D.08.02_Superficie-tatami-artes-marciales.jpg\" \/>\n\t<meta property=\"og:image:width\" content=\"720\" \/>\n\t<meta property=\"og:image:height\" content=\"490\" \/>\n\t<meta property=\"og:image:type\" content=\"image\/jpeg\" \/>\n<meta name=\"twitter:card\" content=\"summary_large_image\" \/>\n<script type=\"application\/ld+json\" class=\"yoast-schema-graph\">{\"@context\":\"https:\/\/schema.org\",\"@graph\":[{\"@type\":\"WebPage\",\"@id\":\"https:\/\/www.lausinyvicente.com\/fr\/equipement-sport\/arts-martiaux\/surface-tatami-arts-martiaux\",\"url\":\"https:\/\/www.lausinyvicente.com\/fr\/equipement-sport\/arts-martiaux\/surface-tatami-arts-martiaux\",\"name\":\"Surface de tatami d'arts martiaux - Laus\u00edn y Vicente\",\"isPartOf\":{\"@id\":\"https:\/\/www.lausinyvicente.com\/#website\"},\"primaryImageOfPage\":{\"@id\":\"https:\/\/www.lausinyvicente.com\/fr\/equipement-sport\/arts-martiaux\/surface-tatami-arts-martiaux#primaryimage\"},\"image\":{\"@id\":\"https:\/\/www.lausinyvicente.com\/fr\/equipement-sport\/arts-martiaux\/surface-tatami-arts-martiaux#primaryimage\"},\"thumbnailUrl\":\"https:\/\/www.lausinyvicente.com\/wp-content\/uploads\/2022\/11\/D.08.02_Superficie-tatami-artes-marciales.jpg\",\"datePublished\":\"2022-11-28T16:29:28+00:00\",\"dateModified\":\"2023-01-07T17:30:54+00:00\",\"breadcrumb\":{\"@id\":\"https:\/\/www.lausinyvicente.com\/fr\/equipement-sport\/arts-martiaux\/surface-tatami-arts-martiaux#breadcrumb\"},\"inLanguage\":\"fr-FR\",\"potentialAction\":[{\"@type\":\"ReadAction\",\"target\":[\"https:\/\/www.lausinyvicente.com\/fr\/equipement-sport\/arts-martiaux\/surface-tatami-arts-martiaux\"]}]},{\"@type\":\"ImageObject\",\"inLanguage\":\"fr-FR\",\"@id\":\"https:\/\/www.lausinyvicente.com\/fr\/equipement-sport\/arts-martiaux\/surface-tatami-arts-martiaux#primaryimage\",\"url\":\"https:\/\/www.lausinyvicente.com\/wp-content\/uploads\/2022\/11\/D.08.02_Superficie-tatami-artes-marciales.jpg\",\"contentUrl\":\"https:\/\/www.lausinyvicente.com\/wp-content\/uploads\/2022\/11\/D.08.02_Superficie-tatami-artes-marciales.jpg\",\"width\":720,\"height\":490},{\"@type\":\"BreadcrumbList\",\"@id\":\"https:\/\/www.lausinyvicente.com\/fr\/equipement-sport\/arts-martiaux\/surface-tatami-arts-martiaux#breadcrumb\",\"itemListElement\":[{\"@type\":\"ListItem\",\"position\":1,\"name\":\"Portada\",\"item\":\"https:\/\/www.lausinyvicente.com\/\"},{\"@type\":\"ListItem\",\"position\":2,\"name\":\"Boutique\",\"item\":\"https:\/\/www.lausinyvicente.com\/fr\/boutique\"},{\"@type\":\"ListItem\",\"position\":3,\"name\":\"Surface de tatami d&rsquo;arts martiaux\"}]},{\"@type\":\"WebSite\",\"@id\":\"https:\/\/www.lausinyvicente.com\/#website\",\"url\":\"https:\/\/www.lausinyvicente.com\/\",\"name\":\"Laus\u00edn y Vicente\",\"description\":\"Fabricaci\u00f3n y distribuci\u00f3n de material deportivo\",\"potentialAction\":[{\"@type\":\"SearchAction\",\"target\":{\"@type\":\"EntryPoint\",\"urlTemplate\":\"https:\/\/www.lausinyvicente.com\/?s={search_term_string}\"},\"query-input\":{\"@type\":\"PropertyValueSpecification\",\"valueRequired\":true,\"valueName\":\"search_term_string\"}}],\"inLanguage\":\"fr-FR\"}]}<\/script>\n<!-- \/ Yoast SEO plugin. -->","yoast_head_json":{"title":"Surface de tatami d'arts martiaux - Laus\u00edn y Vicente","robots":{"index":"index","follow":"follow","max-snippet":"max-snippet:-1","max-image-preview":"max-image-preview:large","max-video-preview":"max-video-preview:-1"},"canonical":"https:\/\/www.lausinyvicente.com\/fr\/equipement-sport\/arts-martiaux\/surface-tatami-arts-martiaux","og_locale":"fr_FR","og_type":"article","og_title":"Surface de tatami d'arts martiaux - Laus\u00edn y Vicente","og_description":"Toile tatami en tissu polyester haute t\u00e9nacit\u00e9, enduit PVC sur les deux faces. \u00c9quip\u00e9 d'\u0153illets p\u00e9rim\u00e9triques pour la fixation au sol tous les 25 cm environ ; bande \u00e9lastique \u00e0 serrer et rabat autour de son p\u00e9rim\u00e8tre pour recouvrir l'ensemble. Plaques d'agglom\u00e9r\u00e9 mousse de dimensions g\u00e9n\u00e9rales 2000 x 1000 x 40 mm d'une densit\u00e9 de 200 kg.Cadre en bois de pin \u00e0 bords sup\u00e9rieurs arrondis \u00e0 visser au sol. Comprend : toile + mousse + cadre. Prix \u200b\u200bau m\u00e8tre carr\u00e9.","og_url":"https:\/\/www.lausinyvicente.com\/fr\/equipement-sport\/arts-martiaux\/surface-tatami-arts-martiaux","og_site_name":"Laus\u00edn y Vicente","article_modified_time":"2023-01-07T17:30:54+00:00","og_image":[{"width":720,"height":490,"url":"https:\/\/www.lausinyvicente.com\/wp-content\/uploads\/2022\/11\/D.08.02_Superficie-tatami-artes-marciales.jpg","type":"image\/jpeg"}],"twitter_card":"summary_large_image","schema":{"@context":"https:\/\/schema.org","@graph":[{"@type":"WebPage","@id":"https:\/\/www.lausinyvicente.com\/fr\/equipement-sport\/arts-martiaux\/surface-tatami-arts-martiaux","url":"https:\/\/www.lausinyvicente.com\/fr\/equipement-sport\/arts-martiaux\/surface-tatami-arts-martiaux","name":"Surface de tatami d'arts martiaux - Laus\u00edn y Vicente","isPartOf":{"@id":"https:\/\/www.lausinyvicente.com\/#website"},"primaryImageOfPage":{"@id":"https:\/\/www.lausinyvicente.com\/fr\/equipement-sport\/arts-martiaux\/surface-tatami-arts-martiaux#primaryimage"},"image":{"@id":"https:\/\/www.lausinyvicente.com\/fr\/equipement-sport\/arts-martiaux\/surface-tatami-arts-martiaux#primaryimage"},"thumbnailUrl":"https:\/\/www.lausinyvicente.com\/wp-content\/uploads\/2022\/11\/D.08.02_Superficie-tatami-artes-marciales.jpg","datePublished":"2022-11-28T16:29:28+00:00","dateModified":"2023-01-07T17:30:54+00:00","breadcrumb":{"@id":"https:\/\/www.lausinyvicente.com\/fr\/equipement-sport\/arts-martiaux\/surface-tatami-arts-martiaux#breadcrumb"},"inLanguage":"fr-FR","potentialAction":[{"@type":"ReadAction","target":["https:\/\/www.lausinyvicente.com\/fr\/equipement-sport\/arts-martiaux\/surface-tatami-arts-martiaux"]}]},{"@type":"ImageObject","inLanguage":"fr-FR","@id":"https:\/\/www.lausinyvicente.com\/fr\/equipement-sport\/arts-martiaux\/surface-tatami-arts-martiaux#primaryimage","url":"https:\/\/www.lausinyvicente.com\/wp-content\/uploads\/2022\/11\/D.08.02_Superficie-tatami-artes-marciales.jpg","contentUrl":"https:\/\/www.lausinyvicente.com\/wp-content\/uploads\/2022\/11\/D.08.02_Superficie-tatami-artes-marciales.jpg","width":720,"height":490},{"@type":"BreadcrumbList","@id":"https:\/\/www.lausinyvicente.com\/fr\/equipement-sport\/arts-martiaux\/surface-tatami-arts-martiaux#breadcrumb","itemListElement":[{"@type":"ListItem","position":1,"name":"Portada","item":"https:\/\/www.lausinyvicente.com\/"},{"@type":"ListItem","position":2,"name":"Boutique","item":"https:\/\/www.lausinyvicente.com\/fr\/boutique"},{"@type":"ListItem","position":3,"name":"Surface de tatami d&rsquo;arts martiaux"}]},{"@type":"WebSite","@id":"https:\/\/www.lausinyvicente.com\/#website","url":"https:\/\/www.lausinyvicente.com\/","name":"Laus\u00edn y Vicente","description":"Fabricaci\u00f3n y distribuci\u00f3n de material deportivo","potentialAction":[{"@type":"SearchAction","target":{"@type":"EntryPoint","urlTemplate":"https:\/\/www.lausinyvicente.com\/?s={search_term_string}"},"query-input":{"@type":"PropertyValueSpecification","valueRequired":true,"valueName":"search_term_string"}}],"inLanguage":"fr-FR"}]}},"_links":{"self":[{"href":"https:\/\/www.lausinyvicente.com\/fr\/wp-json\/wp\/v2\/product\/4962","targetHints":{"allow":["GET"]}}],"collection":[{"href":"https:\/\/www.lausinyvicente.com\/fr\/wp-json\/wp\/v2\/product"}],"about":[{"href":"https:\/\/www.lausinyvicente.com\/fr\/wp-json\/wp\/v2\/types\/product"}],"wp:featuredmedia":[{"embeddable":true,"href":"https:\/\/www.lausinyvicente.com\/fr\/wp-json\/wp\/v2\/media\/2446"}],"wp:attachment":[{"href":"https:\/\/www.lausinyvicente.com\/fr\/wp-json\/wp\/v2\/media?parent=4962"}],"wp:term":[{"taxonomy":"product_cat","embeddable":true,"href":"https:\/\/www.lausinyvicente.com\/fr\/wp-json\/wp\/v2\/product_cat?post=4962"},{"taxonomy":"product_tag","embeddable":true,"href":"https:\/\/www.lausinyvicente.com\/fr\/wp-json\/wp\/v2\/product_tag?post=4962"}],"curies":[{"name":"wp","href":"https:\/\/api.w.org\/{rel}","templated":true}]}}