{"id":4978,"date":"2022-11-28T16:03:05","date_gmt":"2022-11-28T16:03:05","guid":{"rendered":"https:\/\/www.lausinyvicente.com\/non class\u00e9\/haie-de-course-aluminium-competition\/"},"modified":"2022-11-28T16:03:05","modified_gmt":"2022-11-28T16:03:05","slug":"haie-course-aluminium-competition","status":"publish","type":"product","link":"https:\/\/www.lausinyvicente.com\/fr\/equipement-athletisme\/courses\/haie-course-aluminium-competition","title":{"rendered":"Haie de course aluminium. Comp\u00e9tition"},"content":{"rendered":"","protected":false},"excerpt":{"rendered":"<p>Certificat WA N\u00ba E-14-0819 Con\u00e7ue, fabriqu\u00e9e conform\u00e9ment aux r\u00e8glements de la F\u00e9d\u00e9ration internationale d\u2019athl\u00e9tisme. Base en profil\u00e9s d\u2019aluminium de section rectangulaire avec bords arrondis. A l\u2019int\u00e9rieur, ils sont \u00e9quip\u00e9s de contrepoids int\u00e9gr\u00e9s, avec un syst\u00e8me de verrouillage en cinq positions correspondant aux cinq hauteurs r\u00e9glementaires (1.067 m, 1.000 m, 0.914 m, 0.840 m, 0.762 m). Ce r\u00e9glage s\u2019effectue au moyen d\u2019une r\u00e8gle adh\u00e9sive situ\u00e9e sur la partie sup\u00e9rieure du support. Poteaux en aluminium de section circulaire avec un syst\u00e8me de blocage de l\u2019obstacle aux cinq hauteurs r\u00e9glementaires au moyen d\u2019un feuillard \/ ressort et d\u2019un boulon en acier. Obstacle en PVC blanc de grande r\u00e9sistance aux impacts possibles lors du saut. Chaque poteau a une r\u00e8gle adh\u00e9sive qui indique les cinq hauteurs.La structure est finie avec de la peinture en poudre \u00e9poxy et ensuite s\u00e9ch\u00e9e dans un four \u00e0 200 \u00baC couleur argent. Les poteaux \/ extensions en bleu fonc\u00e9.<\/p>\n","protected":false},"featured_media":2406,"template":"","meta":[],"product_cat":[166,169],"product_tag":[],"class_list":{"0":"post-4978","1":"product","2":"type-product","3":"status-publish","4":"has-post-thumbnail","6":"product_cat-equipement-athletisme","7":"product_cat-courses","9":"first","10":"instock","11":"shipping-taxable","12":"purchasable","13":"product-type-simple"},"yoast_head":"<!-- This site is optimized with the Yoast SEO plugin v27.0 - https:\/\/yoast.com\/product\/yoast-seo-wordpress\/ -->\n<title>Haie de course aluminium. Comp\u00e9tition - Laus\u00edn y Vicente<\/title>\n<meta name=\"robots\" content=\"index, follow, max-snippet:-1, max-image-preview:large, max-video-preview:-1\" \/>\n<link rel=\"canonical\" href=\"https:\/\/www.lausinyvicente.com\/fr\/equipement-athletisme\/courses\/haie-course-aluminium-competition\" \/>\n<meta property=\"og:locale\" content=\"fr_FR\" \/>\n<meta property=\"og:type\" content=\"article\" \/>\n<meta property=\"og:title\" content=\"Haie de course aluminium. Comp\u00e9tition - Laus\u00edn y Vicente\" \/>\n<meta property=\"og:description\" content=\"Certificat WA N\u00ba E-14-0819 Con\u00e7ue, fabriqu\u00e9e conform\u00e9ment aux r\u00e8glements de la F\u00e9d\u00e9ration internationale d\u2019athl\u00e9tisme. Base en profil\u00e9s d\u2019aluminium de section rectangulaire avec bords arrondis. A l\u2019int\u00e9rieur, ils sont \u00e9quip\u00e9s de contrepoids int\u00e9gr\u00e9s, avec un syst\u00e8me de verrouillage en cinq positions correspondant aux cinq hauteurs r\u00e9glementaires (1.067 m, 1.000 m, 0.914 m, 0.840 m, 0.762 m). Ce r\u00e9glage s\u2019effectue au moyen d\u2019une r\u00e8gle adh\u00e9sive situ\u00e9e sur la partie sup\u00e9rieure du support. Poteaux en aluminium de section circulaire avec un syst\u00e8me de blocage de l\u2019obstacle aux cinq hauteurs r\u00e9glementaires au moyen d\u2019un feuillard \/ ressort et d\u2019un boulon en acier. Obstacle en PVC blanc de grande r\u00e9sistance aux impacts possibles lors du saut. Chaque poteau a une r\u00e8gle adh\u00e9sive qui indique les cinq hauteurs.La structure est finie avec de la peinture en poudre \u00e9poxy et ensuite s\u00e9ch\u00e9e dans un four \u00e0 200 \u00baC couleur argent. Les poteaux \/ extensions en bleu fonc\u00e9.\" \/>\n<meta property=\"og:url\" content=\"https:\/\/www.lausinyvicente.com\/fr\/equipement-athletisme\/courses\/haie-course-aluminium-competition\" \/>\n<meta property=\"og:site_name\" content=\"Laus\u00edn y Vicente\" \/>\n<meta property=\"og:image\" content=\"https:\/\/www.lausinyvicente.com\/wp-content\/uploads\/2022\/11\/A.09.04-valla-carrera-alumino-competicon.jpg\" \/>\n\t<meta property=\"og:image:width\" content=\"720\" \/>\n\t<meta property=\"og:image:height\" content=\"490\" \/>\n\t<meta property=\"og:image:type\" content=\"image\/jpeg\" \/>\n<meta name=\"twitter:card\" content=\"summary_large_image\" \/>\n<script type=\"application\/ld+json\" class=\"yoast-schema-graph\">{\"@context\":\"https:\/\/schema.org\",\"@graph\":[{\"@type\":\"WebPage\",\"@id\":\"https:\/\/www.lausinyvicente.com\/fr\/equipement-athletisme\/courses\/haie-course-aluminium-competition\",\"url\":\"https:\/\/www.lausinyvicente.com\/fr\/equipement-athletisme\/courses\/haie-course-aluminium-competition\",\"name\":\"Haie de course aluminium. Comp\u00e9tition - Laus\u00edn y Vicente\",\"isPartOf\":{\"@id\":\"https:\/\/www.lausinyvicente.com\/#website\"},\"primaryImageOfPage\":{\"@id\":\"https:\/\/www.lausinyvicente.com\/fr\/equipement-athletisme\/courses\/haie-course-aluminium-competition#primaryimage\"},\"image\":{\"@id\":\"https:\/\/www.lausinyvicente.com\/fr\/equipement-athletisme\/courses\/haie-course-aluminium-competition#primaryimage\"},\"thumbnailUrl\":\"https:\/\/www.lausinyvicente.com\/wp-content\/uploads\/2022\/11\/A.09.04-valla-carrera-alumino-competicon.jpg\",\"datePublished\":\"2022-11-28T16:03:05+00:00\",\"breadcrumb\":{\"@id\":\"https:\/\/www.lausinyvicente.com\/fr\/equipement-athletisme\/courses\/haie-course-aluminium-competition#breadcrumb\"},\"inLanguage\":\"fr-FR\",\"potentialAction\":[{\"@type\":\"ReadAction\",\"target\":[\"https:\/\/www.lausinyvicente.com\/fr\/equipement-athletisme\/courses\/haie-course-aluminium-competition\"]}]},{\"@type\":\"ImageObject\",\"inLanguage\":\"fr-FR\",\"@id\":\"https:\/\/www.lausinyvicente.com\/fr\/equipement-athletisme\/courses\/haie-course-aluminium-competition#primaryimage\",\"url\":\"https:\/\/www.lausinyvicente.com\/wp-content\/uploads\/2022\/11\/A.09.04-valla-carrera-alumino-competicon.jpg\",\"contentUrl\":\"https:\/\/www.lausinyvicente.com\/wp-content\/uploads\/2022\/11\/A.09.04-valla-carrera-alumino-competicon.jpg\",\"width\":720,\"height\":490},{\"@type\":\"BreadcrumbList\",\"@id\":\"https:\/\/www.lausinyvicente.com\/fr\/equipement-athletisme\/courses\/haie-course-aluminium-competition#breadcrumb\",\"itemListElement\":[{\"@type\":\"ListItem\",\"position\":1,\"name\":\"Portada\",\"item\":\"https:\/\/www.lausinyvicente.com\/\"},{\"@type\":\"ListItem\",\"position\":2,\"name\":\"Boutique\",\"item\":\"https:\/\/www.lausinyvicente.com\/fr\/boutique\"},{\"@type\":\"ListItem\",\"position\":3,\"name\":\"Haie de course aluminium. Comp\u00e9tition\"}]},{\"@type\":\"WebSite\",\"@id\":\"https:\/\/www.lausinyvicente.com\/#website\",\"url\":\"https:\/\/www.lausinyvicente.com\/\",\"name\":\"Laus\u00edn y Vicente\",\"description\":\"Fabricaci\u00f3n y distribuci\u00f3n de material deportivo\",\"potentialAction\":[{\"@type\":\"SearchAction\",\"target\":{\"@type\":\"EntryPoint\",\"urlTemplate\":\"https:\/\/www.lausinyvicente.com\/?s={search_term_string}\"},\"query-input\":{\"@type\":\"PropertyValueSpecification\",\"valueRequired\":true,\"valueName\":\"search_term_string\"}}],\"inLanguage\":\"fr-FR\"}]}<\/script>\n<!-- \/ Yoast SEO plugin. -->","yoast_head_json":{"title":"Haie de course aluminium. Comp\u00e9tition - Laus\u00edn y Vicente","robots":{"index":"index","follow":"follow","max-snippet":"max-snippet:-1","max-image-preview":"max-image-preview:large","max-video-preview":"max-video-preview:-1"},"canonical":"https:\/\/www.lausinyvicente.com\/fr\/equipement-athletisme\/courses\/haie-course-aluminium-competition","og_locale":"fr_FR","og_type":"article","og_title":"Haie de course aluminium. Comp\u00e9tition - Laus\u00edn y Vicente","og_description":"Certificat WA N\u00ba E-14-0819 Con\u00e7ue, fabriqu\u00e9e conform\u00e9ment aux r\u00e8glements de la F\u00e9d\u00e9ration internationale d\u2019athl\u00e9tisme. Base en profil\u00e9s d\u2019aluminium de section rectangulaire avec bords arrondis. A l\u2019int\u00e9rieur, ils sont \u00e9quip\u00e9s de contrepoids int\u00e9gr\u00e9s, avec un syst\u00e8me de verrouillage en cinq positions correspondant aux cinq hauteurs r\u00e9glementaires (1.067 m, 1.000 m, 0.914 m, 0.840 m, 0.762 m). Ce r\u00e9glage s\u2019effectue au moyen d\u2019une r\u00e8gle adh\u00e9sive situ\u00e9e sur la partie sup\u00e9rieure du support. Poteaux en aluminium de section circulaire avec un syst\u00e8me de blocage de l\u2019obstacle aux cinq hauteurs r\u00e9glementaires au moyen d\u2019un feuillard \/ ressort et d\u2019un boulon en acier. Obstacle en PVC blanc de grande r\u00e9sistance aux impacts possibles lors du saut. Chaque poteau a une r\u00e8gle adh\u00e9sive qui indique les cinq hauteurs.La structure est finie avec de la peinture en poudre \u00e9poxy et ensuite s\u00e9ch\u00e9e dans un four \u00e0 200 \u00baC couleur argent. Les poteaux \/ extensions en bleu fonc\u00e9.","og_url":"https:\/\/www.lausinyvicente.com\/fr\/equipement-athletisme\/courses\/haie-course-aluminium-competition","og_site_name":"Laus\u00edn y Vicente","og_image":[{"width":720,"height":490,"url":"https:\/\/www.lausinyvicente.com\/wp-content\/uploads\/2022\/11\/A.09.04-valla-carrera-alumino-competicon.jpg","type":"image\/jpeg"}],"twitter_card":"summary_large_image","schema":{"@context":"https:\/\/schema.org","@graph":[{"@type":"WebPage","@id":"https:\/\/www.lausinyvicente.com\/fr\/equipement-athletisme\/courses\/haie-course-aluminium-competition","url":"https:\/\/www.lausinyvicente.com\/fr\/equipement-athletisme\/courses\/haie-course-aluminium-competition","name":"Haie de course aluminium. Comp\u00e9tition - Laus\u00edn y Vicente","isPartOf":{"@id":"https:\/\/www.lausinyvicente.com\/#website"},"primaryImageOfPage":{"@id":"https:\/\/www.lausinyvicente.com\/fr\/equipement-athletisme\/courses\/haie-course-aluminium-competition#primaryimage"},"image":{"@id":"https:\/\/www.lausinyvicente.com\/fr\/equipement-athletisme\/courses\/haie-course-aluminium-competition#primaryimage"},"thumbnailUrl":"https:\/\/www.lausinyvicente.com\/wp-content\/uploads\/2022\/11\/A.09.04-valla-carrera-alumino-competicon.jpg","datePublished":"2022-11-28T16:03:05+00:00","breadcrumb":{"@id":"https:\/\/www.lausinyvicente.com\/fr\/equipement-athletisme\/courses\/haie-course-aluminium-competition#breadcrumb"},"inLanguage":"fr-FR","potentialAction":[{"@type":"ReadAction","target":["https:\/\/www.lausinyvicente.com\/fr\/equipement-athletisme\/courses\/haie-course-aluminium-competition"]}]},{"@type":"ImageObject","inLanguage":"fr-FR","@id":"https:\/\/www.lausinyvicente.com\/fr\/equipement-athletisme\/courses\/haie-course-aluminium-competition#primaryimage","url":"https:\/\/www.lausinyvicente.com\/wp-content\/uploads\/2022\/11\/A.09.04-valla-carrera-alumino-competicon.jpg","contentUrl":"https:\/\/www.lausinyvicente.com\/wp-content\/uploads\/2022\/11\/A.09.04-valla-carrera-alumino-competicon.jpg","width":720,"height":490},{"@type":"BreadcrumbList","@id":"https:\/\/www.lausinyvicente.com\/fr\/equipement-athletisme\/courses\/haie-course-aluminium-competition#breadcrumb","itemListElement":[{"@type":"ListItem","position":1,"name":"Portada","item":"https:\/\/www.lausinyvicente.com\/"},{"@type":"ListItem","position":2,"name":"Boutique","item":"https:\/\/www.lausinyvicente.com\/fr\/boutique"},{"@type":"ListItem","position":3,"name":"Haie de course aluminium. Comp\u00e9tition"}]},{"@type":"WebSite","@id":"https:\/\/www.lausinyvicente.com\/#website","url":"https:\/\/www.lausinyvicente.com\/","name":"Laus\u00edn y Vicente","description":"Fabricaci\u00f3n y distribuci\u00f3n de material deportivo","potentialAction":[{"@type":"SearchAction","target":{"@type":"EntryPoint","urlTemplate":"https:\/\/www.lausinyvicente.com\/?s={search_term_string}"},"query-input":{"@type":"PropertyValueSpecification","valueRequired":true,"valueName":"search_term_string"}}],"inLanguage":"fr-FR"}]}},"_links":{"self":[{"href":"https:\/\/www.lausinyvicente.com\/fr\/wp-json\/wp\/v2\/product\/4978","targetHints":{"allow":["GET"]}}],"collection":[{"href":"https:\/\/www.lausinyvicente.com\/fr\/wp-json\/wp\/v2\/product"}],"about":[{"href":"https:\/\/www.lausinyvicente.com\/fr\/wp-json\/wp\/v2\/types\/product"}],"wp:featuredmedia":[{"embeddable":true,"href":"https:\/\/www.lausinyvicente.com\/fr\/wp-json\/wp\/v2\/media\/2406"}],"wp:attachment":[{"href":"https:\/\/www.lausinyvicente.com\/fr\/wp-json\/wp\/v2\/media?parent=4978"}],"wp:term":[{"taxonomy":"product_cat","embeddable":true,"href":"https:\/\/www.lausinyvicente.com\/fr\/wp-json\/wp\/v2\/product_cat?post=4978"},{"taxonomy":"product_tag","embeddable":true,"href":"https:\/\/www.lausinyvicente.com\/fr\/wp-json\/wp\/v2\/product_tag?post=4978"}],"curies":[{"name":"wp","href":"https:\/\/api.w.org\/{rel}","templated":true}]}}