{"id":4986,"date":"2022-11-28T15:59:51","date_gmt":"2022-11-28T15:59:51","guid":{"rendered":"https:\/\/www.lausinyvicente.com\/non class\u00e9\/haie-de-course-pour-enfants-metal-capitonnee\/"},"modified":"2022-11-28T15:59:51","modified_gmt":"2022-11-28T15:59:51","slug":"haie-course-enfants-metal-capitonnee","status":"publish","type":"product","link":"https:\/\/www.lausinyvicente.com\/fr\/equipement-athletisme\/courses\/haie-course-enfants-metal-capitonnee","title":{"rendered":"Haie de course pour enfants m\u00e9tal capitonn\u00e9e"},"content":{"rendered":"","protected":false},"excerpt":{"rendered":"<p>Structure en profil\u00e9s \u00e0 froid de section ronde 25 mm. Poudre \u00e9poxy peinte en couleur blanche et s\u00e9ch\u00e9e au four 200 \u00baC. Protections tubulaires en poly\u00e9thyl\u00e8ne r\u00e9ticul\u00e9 et doubl\u00e9es de toile PVC. Selon la position de la haie, on obtient trois hauteurs diff\u00e9rentes: 0,25 m, 0,30 m et 0,40 m.   <\/p>\n","protected":false},"featured_media":2400,"template":"","meta":[],"product_cat":[166,169],"product_tag":[],"class_list":{"0":"post-4986","1":"product","2":"type-product","3":"status-publish","4":"has-post-thumbnail","6":"product_cat-equipement-athletisme","7":"product_cat-courses","9":"first","10":"instock","11":"shipping-taxable","12":"purchasable","13":"product-type-variable"},"yoast_head":"<!-- This site is optimized with the Yoast SEO plugin v27.0 - https:\/\/yoast.com\/product\/yoast-seo-wordpress\/ -->\n<title>Haie de course pour enfants m\u00e9tal capitonn\u00e9e - Laus\u00edn y Vicente<\/title>\n<meta name=\"robots\" content=\"index, follow, max-snippet:-1, max-image-preview:large, max-video-preview:-1\" \/>\n<link rel=\"canonical\" href=\"https:\/\/www.lausinyvicente.com\/fr\/equipement-athletisme\/courses\/haie-course-enfants-metal-capitonnee\" \/>\n<meta property=\"og:locale\" content=\"fr_FR\" \/>\n<meta property=\"og:type\" content=\"article\" \/>\n<meta property=\"og:title\" content=\"Haie de course pour enfants m\u00e9tal capitonn\u00e9e - Laus\u00edn y Vicente\" \/>\n<meta property=\"og:description\" content=\"Structure en profil\u00e9s \u00e0 froid de section ronde 25 mm. Poudre \u00e9poxy peinte en couleur blanche et s\u00e9ch\u00e9e au four 200 \u00baC. Protections tubulaires en poly\u00e9thyl\u00e8ne r\u00e9ticul\u00e9 et doubl\u00e9es de toile PVC. Selon la position de la haie, on obtient trois hauteurs diff\u00e9rentes: 0,25 m, 0,30 m et 0,40 m.\" \/>\n<meta property=\"og:url\" content=\"https:\/\/www.lausinyvicente.com\/fr\/equipement-athletisme\/courses\/haie-course-enfants-metal-capitonnee\" \/>\n<meta property=\"og:site_name\" content=\"Laus\u00edn y Vicente\" \/>\n<meta property=\"og:image\" content=\"https:\/\/www.lausinyvicente.com\/wp-content\/uploads\/2022\/11\/A.09.16-valla-carreras-infantil-metal-almohadillada.jpg\" \/>\n\t<meta property=\"og:image:width\" content=\"720\" \/>\n\t<meta property=\"og:image:height\" content=\"490\" \/>\n\t<meta property=\"og:image:type\" content=\"image\/jpeg\" \/>\n<meta name=\"twitter:card\" content=\"summary_large_image\" \/>\n<script type=\"application\/ld+json\" class=\"yoast-schema-graph\">{\"@context\":\"https:\/\/schema.org\",\"@graph\":[{\"@type\":\"WebPage\",\"@id\":\"https:\/\/www.lausinyvicente.com\/fr\/equipement-athletisme\/courses\/haie-course-enfants-metal-capitonnee\",\"url\":\"https:\/\/www.lausinyvicente.com\/fr\/equipement-athletisme\/courses\/haie-course-enfants-metal-capitonnee\",\"name\":\"Haie de course pour enfants m\u00e9tal capitonn\u00e9e - Laus\u00edn y Vicente\",\"isPartOf\":{\"@id\":\"https:\/\/www.lausinyvicente.com\/#website\"},\"primaryImageOfPage\":{\"@id\":\"https:\/\/www.lausinyvicente.com\/fr\/equipement-athletisme\/courses\/haie-course-enfants-metal-capitonnee#primaryimage\"},\"image\":{\"@id\":\"https:\/\/www.lausinyvicente.com\/fr\/equipement-athletisme\/courses\/haie-course-enfants-metal-capitonnee#primaryimage\"},\"thumbnailUrl\":\"https:\/\/www.lausinyvicente.com\/wp-content\/uploads\/2022\/11\/A.09.16-valla-carreras-infantil-metal-almohadillada.jpg\",\"datePublished\":\"2022-11-28T15:59:51+00:00\",\"breadcrumb\":{\"@id\":\"https:\/\/www.lausinyvicente.com\/fr\/equipement-athletisme\/courses\/haie-course-enfants-metal-capitonnee#breadcrumb\"},\"inLanguage\":\"fr-FR\",\"potentialAction\":[{\"@type\":\"ReadAction\",\"target\":[\"https:\/\/www.lausinyvicente.com\/fr\/equipement-athletisme\/courses\/haie-course-enfants-metal-capitonnee\"]}]},{\"@type\":\"ImageObject\",\"inLanguage\":\"fr-FR\",\"@id\":\"https:\/\/www.lausinyvicente.com\/fr\/equipement-athletisme\/courses\/haie-course-enfants-metal-capitonnee#primaryimage\",\"url\":\"https:\/\/www.lausinyvicente.com\/wp-content\/uploads\/2022\/11\/A.09.16-valla-carreras-infantil-metal-almohadillada.jpg\",\"contentUrl\":\"https:\/\/www.lausinyvicente.com\/wp-content\/uploads\/2022\/11\/A.09.16-valla-carreras-infantil-metal-almohadillada.jpg\",\"width\":720,\"height\":490},{\"@type\":\"BreadcrumbList\",\"@id\":\"https:\/\/www.lausinyvicente.com\/fr\/equipement-athletisme\/courses\/haie-course-enfants-metal-capitonnee#breadcrumb\",\"itemListElement\":[{\"@type\":\"ListItem\",\"position\":1,\"name\":\"Portada\",\"item\":\"https:\/\/www.lausinyvicente.com\/\"},{\"@type\":\"ListItem\",\"position\":2,\"name\":\"Boutique\",\"item\":\"https:\/\/www.lausinyvicente.com\/fr\/boutique\"},{\"@type\":\"ListItem\",\"position\":3,\"name\":\"Haie de course pour enfants m\u00e9tal capitonn\u00e9e\"}]},{\"@type\":\"WebSite\",\"@id\":\"https:\/\/www.lausinyvicente.com\/#website\",\"url\":\"https:\/\/www.lausinyvicente.com\/\",\"name\":\"Laus\u00edn y Vicente\",\"description\":\"Fabricaci\u00f3n y distribuci\u00f3n de material deportivo\",\"potentialAction\":[{\"@type\":\"SearchAction\",\"target\":{\"@type\":\"EntryPoint\",\"urlTemplate\":\"https:\/\/www.lausinyvicente.com\/?s={search_term_string}\"},\"query-input\":{\"@type\":\"PropertyValueSpecification\",\"valueRequired\":true,\"valueName\":\"search_term_string\"}}],\"inLanguage\":\"fr-FR\"}]}<\/script>\n<!-- \/ Yoast SEO plugin. -->","yoast_head_json":{"title":"Haie de course pour enfants m\u00e9tal capitonn\u00e9e - Laus\u00edn y Vicente","robots":{"index":"index","follow":"follow","max-snippet":"max-snippet:-1","max-image-preview":"max-image-preview:large","max-video-preview":"max-video-preview:-1"},"canonical":"https:\/\/www.lausinyvicente.com\/fr\/equipement-athletisme\/courses\/haie-course-enfants-metal-capitonnee","og_locale":"fr_FR","og_type":"article","og_title":"Haie de course pour enfants m\u00e9tal capitonn\u00e9e - Laus\u00edn y Vicente","og_description":"Structure en profil\u00e9s \u00e0 froid de section ronde 25 mm. Poudre \u00e9poxy peinte en couleur blanche et s\u00e9ch\u00e9e au four 200 \u00baC. Protections tubulaires en poly\u00e9thyl\u00e8ne r\u00e9ticul\u00e9 et doubl\u00e9es de toile PVC. Selon la position de la haie, on obtient trois hauteurs diff\u00e9rentes: 0,25 m, 0,30 m et 0,40 m.","og_url":"https:\/\/www.lausinyvicente.com\/fr\/equipement-athletisme\/courses\/haie-course-enfants-metal-capitonnee","og_site_name":"Laus\u00edn y Vicente","og_image":[{"width":720,"height":490,"url":"https:\/\/www.lausinyvicente.com\/wp-content\/uploads\/2022\/11\/A.09.16-valla-carreras-infantil-metal-almohadillada.jpg","type":"image\/jpeg"}],"twitter_card":"summary_large_image","schema":{"@context":"https:\/\/schema.org","@graph":[{"@type":"WebPage","@id":"https:\/\/www.lausinyvicente.com\/fr\/equipement-athletisme\/courses\/haie-course-enfants-metal-capitonnee","url":"https:\/\/www.lausinyvicente.com\/fr\/equipement-athletisme\/courses\/haie-course-enfants-metal-capitonnee","name":"Haie de course pour enfants m\u00e9tal capitonn\u00e9e - Laus\u00edn y Vicente","isPartOf":{"@id":"https:\/\/www.lausinyvicente.com\/#website"},"primaryImageOfPage":{"@id":"https:\/\/www.lausinyvicente.com\/fr\/equipement-athletisme\/courses\/haie-course-enfants-metal-capitonnee#primaryimage"},"image":{"@id":"https:\/\/www.lausinyvicente.com\/fr\/equipement-athletisme\/courses\/haie-course-enfants-metal-capitonnee#primaryimage"},"thumbnailUrl":"https:\/\/www.lausinyvicente.com\/wp-content\/uploads\/2022\/11\/A.09.16-valla-carreras-infantil-metal-almohadillada.jpg","datePublished":"2022-11-28T15:59:51+00:00","breadcrumb":{"@id":"https:\/\/www.lausinyvicente.com\/fr\/equipement-athletisme\/courses\/haie-course-enfants-metal-capitonnee#breadcrumb"},"inLanguage":"fr-FR","potentialAction":[{"@type":"ReadAction","target":["https:\/\/www.lausinyvicente.com\/fr\/equipement-athletisme\/courses\/haie-course-enfants-metal-capitonnee"]}]},{"@type":"ImageObject","inLanguage":"fr-FR","@id":"https:\/\/www.lausinyvicente.com\/fr\/equipement-athletisme\/courses\/haie-course-enfants-metal-capitonnee#primaryimage","url":"https:\/\/www.lausinyvicente.com\/wp-content\/uploads\/2022\/11\/A.09.16-valla-carreras-infantil-metal-almohadillada.jpg","contentUrl":"https:\/\/www.lausinyvicente.com\/wp-content\/uploads\/2022\/11\/A.09.16-valla-carreras-infantil-metal-almohadillada.jpg","width":720,"height":490},{"@type":"BreadcrumbList","@id":"https:\/\/www.lausinyvicente.com\/fr\/equipement-athletisme\/courses\/haie-course-enfants-metal-capitonnee#breadcrumb","itemListElement":[{"@type":"ListItem","position":1,"name":"Portada","item":"https:\/\/www.lausinyvicente.com\/"},{"@type":"ListItem","position":2,"name":"Boutique","item":"https:\/\/www.lausinyvicente.com\/fr\/boutique"},{"@type":"ListItem","position":3,"name":"Haie de course pour enfants m\u00e9tal capitonn\u00e9e"}]},{"@type":"WebSite","@id":"https:\/\/www.lausinyvicente.com\/#website","url":"https:\/\/www.lausinyvicente.com\/","name":"Laus\u00edn y Vicente","description":"Fabricaci\u00f3n y distribuci\u00f3n de material deportivo","potentialAction":[{"@type":"SearchAction","target":{"@type":"EntryPoint","urlTemplate":"https:\/\/www.lausinyvicente.com\/?s={search_term_string}"},"query-input":{"@type":"PropertyValueSpecification","valueRequired":true,"valueName":"search_term_string"}}],"inLanguage":"fr-FR"}]}},"_links":{"self":[{"href":"https:\/\/www.lausinyvicente.com\/fr\/wp-json\/wp\/v2\/product\/4986","targetHints":{"allow":["GET"]}}],"collection":[{"href":"https:\/\/www.lausinyvicente.com\/fr\/wp-json\/wp\/v2\/product"}],"about":[{"href":"https:\/\/www.lausinyvicente.com\/fr\/wp-json\/wp\/v2\/types\/product"}],"wp:featuredmedia":[{"embeddable":true,"href":"https:\/\/www.lausinyvicente.com\/fr\/wp-json\/wp\/v2\/media\/2400"}],"wp:attachment":[{"href":"https:\/\/www.lausinyvicente.com\/fr\/wp-json\/wp\/v2\/media?parent=4986"}],"wp:term":[{"taxonomy":"product_cat","embeddable":true,"href":"https:\/\/www.lausinyvicente.com\/fr\/wp-json\/wp\/v2\/product_cat?post=4986"},{"taxonomy":"product_tag","embeddable":true,"href":"https:\/\/www.lausinyvicente.com\/fr\/wp-json\/wp\/v2\/product_tag?post=4986"}],"curies":[{"name":"wp","href":"https:\/\/api.w.org\/{rel}","templated":true}]}}