{"id":4995,"date":"2022-11-28T15:55:50","date_gmt":"2022-11-28T15:55:50","guid":{"rendered":"https:\/\/www.lausinyvicente.com\/non class\u00e9\/starting-block-et-temoins-de-relais-pour-courses-competition\/"},"modified":"2022-11-28T15:55:50","modified_gmt":"2022-11-28T15:55:50","slug":"starting-block-temoins-relais-courses-competition","status":"publish","type":"product","link":"https:\/\/www.lausinyvicente.com\/fr\/equipement-athletisme\/courses\/starting-block-temoins-relais-courses-competition","title":{"rendered":"Starting block et t\u00e9moins de relais pour courses. Comp\u00e9tition"},"content":{"rendered":"","protected":false},"excerpt":{"rendered":"<p>Mod\u00e8le COMP\u00c9TITION. Con\u00e7u, fabriqu\u00e9 et homologu\u00e9 selon les r\u00e8glements de la F\u00e9d\u00e9ration Internationale d\u2019Athl\u00e9tisme. Pour utilisation sur des surfaces synth\u00e9tiques. Support bas ergonomique. En aluminium anodis\u00e9, points de fixation sur le rail inclin\u00e9s pour une meilleure prise en main. 5 niveaux d\u2019inclinaison sur le repose-pieds et 15 positions sur le rail. Poign\u00e9e de transport int\u00e9gr\u00e9e dans l\u2019ensemble.      <\/p>\n","protected":false},"featured_media":2394,"template":"","meta":[],"product_cat":[166,169],"product_tag":[],"class_list":{"0":"post-4995","1":"product","2":"type-product","3":"status-publish","4":"has-post-thumbnail","6":"product_cat-equipement-athletisme","7":"product_cat-courses","9":"first","10":"instock","11":"shipping-taxable","12":"purchasable","13":"product-type-variable"},"yoast_head":"<!-- This site is optimized with the Yoast SEO plugin v27.0 - https:\/\/yoast.com\/product\/yoast-seo-wordpress\/ -->\n<title>Starting block et t\u00e9moins de relais pour courses. Comp\u00e9tition - Laus\u00edn y Vicente<\/title>\n<meta name=\"robots\" content=\"index, follow, max-snippet:-1, max-image-preview:large, max-video-preview:-1\" \/>\n<link rel=\"canonical\" href=\"https:\/\/www.lausinyvicente.com\/fr\/equipement-athletisme\/courses\/starting-block-temoins-relais-courses-competition\" \/>\n<meta property=\"og:locale\" content=\"fr_FR\" \/>\n<meta property=\"og:type\" content=\"article\" \/>\n<meta property=\"og:title\" content=\"Starting block et t\u00e9moins de relais pour courses. Comp\u00e9tition - Laus\u00edn y Vicente\" \/>\n<meta property=\"og:description\" content=\"Mod\u00e8le COMP\u00c9TITION. Con\u00e7u, fabriqu\u00e9 et homologu\u00e9 selon les r\u00e8glements de la F\u00e9d\u00e9ration Internationale d\u2019Athl\u00e9tisme. Pour utilisation sur des surfaces synth\u00e9tiques. Support bas ergonomique. En aluminium anodis\u00e9, points de fixation sur le rail inclin\u00e9s pour une meilleure prise en main. 5 niveaux d\u2019inclinaison sur le repose-pieds et 15 positions sur le rail. Poign\u00e9e de transport int\u00e9gr\u00e9e dans l\u2019ensemble.\" \/>\n<meta property=\"og:url\" content=\"https:\/\/www.lausinyvicente.com\/fr\/equipement-athletisme\/courses\/starting-block-temoins-relais-courses-competition\" \/>\n<meta property=\"og:site_name\" content=\"Laus\u00edn y Vicente\" \/>\n<meta property=\"og:image\" content=\"https:\/\/www.lausinyvicente.com\/wp-content\/uploads\/2022\/11\/A.01.01-tacos-salida-relevos-carrera-competicon.jpg\" \/>\n\t<meta property=\"og:image:width\" content=\"720\" \/>\n\t<meta property=\"og:image:height\" content=\"490\" \/>\n\t<meta property=\"og:image:type\" content=\"image\/jpeg\" \/>\n<meta name=\"twitter:card\" content=\"summary_large_image\" \/>\n<script type=\"application\/ld+json\" class=\"yoast-schema-graph\">{\"@context\":\"https:\/\/schema.org\",\"@graph\":[{\"@type\":\"WebPage\",\"@id\":\"https:\/\/www.lausinyvicente.com\/fr\/equipement-athletisme\/courses\/starting-block-temoins-relais-courses-competition\",\"url\":\"https:\/\/www.lausinyvicente.com\/fr\/equipement-athletisme\/courses\/starting-block-temoins-relais-courses-competition\",\"name\":\"Starting block et t\u00e9moins de relais pour courses. Comp\u00e9tition - Laus\u00edn y Vicente\",\"isPartOf\":{\"@id\":\"https:\/\/www.lausinyvicente.com\/#website\"},\"primaryImageOfPage\":{\"@id\":\"https:\/\/www.lausinyvicente.com\/fr\/equipement-athletisme\/courses\/starting-block-temoins-relais-courses-competition#primaryimage\"},\"image\":{\"@id\":\"https:\/\/www.lausinyvicente.com\/fr\/equipement-athletisme\/courses\/starting-block-temoins-relais-courses-competition#primaryimage\"},\"thumbnailUrl\":\"https:\/\/www.lausinyvicente.com\/wp-content\/uploads\/2022\/11\/A.01.01-tacos-salida-relevos-carrera-competicon.jpg\",\"datePublished\":\"2022-11-28T15:55:50+00:00\",\"breadcrumb\":{\"@id\":\"https:\/\/www.lausinyvicente.com\/fr\/equipement-athletisme\/courses\/starting-block-temoins-relais-courses-competition#breadcrumb\"},\"inLanguage\":\"fr-FR\",\"potentialAction\":[{\"@type\":\"ReadAction\",\"target\":[\"https:\/\/www.lausinyvicente.com\/fr\/equipement-athletisme\/courses\/starting-block-temoins-relais-courses-competition\"]}]},{\"@type\":\"ImageObject\",\"inLanguage\":\"fr-FR\",\"@id\":\"https:\/\/www.lausinyvicente.com\/fr\/equipement-athletisme\/courses\/starting-block-temoins-relais-courses-competition#primaryimage\",\"url\":\"https:\/\/www.lausinyvicente.com\/wp-content\/uploads\/2022\/11\/A.01.01-tacos-salida-relevos-carrera-competicon.jpg\",\"contentUrl\":\"https:\/\/www.lausinyvicente.com\/wp-content\/uploads\/2022\/11\/A.01.01-tacos-salida-relevos-carrera-competicon.jpg\",\"width\":720,\"height\":490},{\"@type\":\"BreadcrumbList\",\"@id\":\"https:\/\/www.lausinyvicente.com\/fr\/equipement-athletisme\/courses\/starting-block-temoins-relais-courses-competition#breadcrumb\",\"itemListElement\":[{\"@type\":\"ListItem\",\"position\":1,\"name\":\"Portada\",\"item\":\"https:\/\/www.lausinyvicente.com\/\"},{\"@type\":\"ListItem\",\"position\":2,\"name\":\"Boutique\",\"item\":\"https:\/\/www.lausinyvicente.com\/fr\/boutique\"},{\"@type\":\"ListItem\",\"position\":3,\"name\":\"Starting block et t\u00e9moins de relais pour courses. Comp\u00e9tition\"}]},{\"@type\":\"WebSite\",\"@id\":\"https:\/\/www.lausinyvicente.com\/#website\",\"url\":\"https:\/\/www.lausinyvicente.com\/\",\"name\":\"Laus\u00edn y Vicente\",\"description\":\"Fabricaci\u00f3n y distribuci\u00f3n de material deportivo\",\"potentialAction\":[{\"@type\":\"SearchAction\",\"target\":{\"@type\":\"EntryPoint\",\"urlTemplate\":\"https:\/\/www.lausinyvicente.com\/?s={search_term_string}\"},\"query-input\":{\"@type\":\"PropertyValueSpecification\",\"valueRequired\":true,\"valueName\":\"search_term_string\"}}],\"inLanguage\":\"fr-FR\"}]}<\/script>\n<!-- \/ Yoast SEO plugin. -->","yoast_head_json":{"title":"Starting block et t\u00e9moins de relais pour courses. Comp\u00e9tition - Laus\u00edn y Vicente","robots":{"index":"index","follow":"follow","max-snippet":"max-snippet:-1","max-image-preview":"max-image-preview:large","max-video-preview":"max-video-preview:-1"},"canonical":"https:\/\/www.lausinyvicente.com\/fr\/equipement-athletisme\/courses\/starting-block-temoins-relais-courses-competition","og_locale":"fr_FR","og_type":"article","og_title":"Starting block et t\u00e9moins de relais pour courses. Comp\u00e9tition - Laus\u00edn y Vicente","og_description":"Mod\u00e8le COMP\u00c9TITION. Con\u00e7u, fabriqu\u00e9 et homologu\u00e9 selon les r\u00e8glements de la F\u00e9d\u00e9ration Internationale d\u2019Athl\u00e9tisme. Pour utilisation sur des surfaces synth\u00e9tiques. Support bas ergonomique. En aluminium anodis\u00e9, points de fixation sur le rail inclin\u00e9s pour une meilleure prise en main. 5 niveaux d\u2019inclinaison sur le repose-pieds et 15 positions sur le rail. Poign\u00e9e de transport int\u00e9gr\u00e9e dans l\u2019ensemble.","og_url":"https:\/\/www.lausinyvicente.com\/fr\/equipement-athletisme\/courses\/starting-block-temoins-relais-courses-competition","og_site_name":"Laus\u00edn y Vicente","og_image":[{"width":720,"height":490,"url":"https:\/\/www.lausinyvicente.com\/wp-content\/uploads\/2022\/11\/A.01.01-tacos-salida-relevos-carrera-competicon.jpg","type":"image\/jpeg"}],"twitter_card":"summary_large_image","schema":{"@context":"https:\/\/schema.org","@graph":[{"@type":"WebPage","@id":"https:\/\/www.lausinyvicente.com\/fr\/equipement-athletisme\/courses\/starting-block-temoins-relais-courses-competition","url":"https:\/\/www.lausinyvicente.com\/fr\/equipement-athletisme\/courses\/starting-block-temoins-relais-courses-competition","name":"Starting block et t\u00e9moins de relais pour courses. Comp\u00e9tition - Laus\u00edn y Vicente","isPartOf":{"@id":"https:\/\/www.lausinyvicente.com\/#website"},"primaryImageOfPage":{"@id":"https:\/\/www.lausinyvicente.com\/fr\/equipement-athletisme\/courses\/starting-block-temoins-relais-courses-competition#primaryimage"},"image":{"@id":"https:\/\/www.lausinyvicente.com\/fr\/equipement-athletisme\/courses\/starting-block-temoins-relais-courses-competition#primaryimage"},"thumbnailUrl":"https:\/\/www.lausinyvicente.com\/wp-content\/uploads\/2022\/11\/A.01.01-tacos-salida-relevos-carrera-competicon.jpg","datePublished":"2022-11-28T15:55:50+00:00","breadcrumb":{"@id":"https:\/\/www.lausinyvicente.com\/fr\/equipement-athletisme\/courses\/starting-block-temoins-relais-courses-competition#breadcrumb"},"inLanguage":"fr-FR","potentialAction":[{"@type":"ReadAction","target":["https:\/\/www.lausinyvicente.com\/fr\/equipement-athletisme\/courses\/starting-block-temoins-relais-courses-competition"]}]},{"@type":"ImageObject","inLanguage":"fr-FR","@id":"https:\/\/www.lausinyvicente.com\/fr\/equipement-athletisme\/courses\/starting-block-temoins-relais-courses-competition#primaryimage","url":"https:\/\/www.lausinyvicente.com\/wp-content\/uploads\/2022\/11\/A.01.01-tacos-salida-relevos-carrera-competicon.jpg","contentUrl":"https:\/\/www.lausinyvicente.com\/wp-content\/uploads\/2022\/11\/A.01.01-tacos-salida-relevos-carrera-competicon.jpg","width":720,"height":490},{"@type":"BreadcrumbList","@id":"https:\/\/www.lausinyvicente.com\/fr\/equipement-athletisme\/courses\/starting-block-temoins-relais-courses-competition#breadcrumb","itemListElement":[{"@type":"ListItem","position":1,"name":"Portada","item":"https:\/\/www.lausinyvicente.com\/"},{"@type":"ListItem","position":2,"name":"Boutique","item":"https:\/\/www.lausinyvicente.com\/fr\/boutique"},{"@type":"ListItem","position":3,"name":"Starting block et t\u00e9moins de relais pour courses. Comp\u00e9tition"}]},{"@type":"WebSite","@id":"https:\/\/www.lausinyvicente.com\/#website","url":"https:\/\/www.lausinyvicente.com\/","name":"Laus\u00edn y Vicente","description":"Fabricaci\u00f3n y distribuci\u00f3n de material deportivo","potentialAction":[{"@type":"SearchAction","target":{"@type":"EntryPoint","urlTemplate":"https:\/\/www.lausinyvicente.com\/?s={search_term_string}"},"query-input":{"@type":"PropertyValueSpecification","valueRequired":true,"valueName":"search_term_string"}}],"inLanguage":"fr-FR"}]}},"_links":{"self":[{"href":"https:\/\/www.lausinyvicente.com\/fr\/wp-json\/wp\/v2\/product\/4995","targetHints":{"allow":["GET"]}}],"collection":[{"href":"https:\/\/www.lausinyvicente.com\/fr\/wp-json\/wp\/v2\/product"}],"about":[{"href":"https:\/\/www.lausinyvicente.com\/fr\/wp-json\/wp\/v2\/types\/product"}],"wp:featuredmedia":[{"embeddable":true,"href":"https:\/\/www.lausinyvicente.com\/fr\/wp-json\/wp\/v2\/media\/2394"}],"wp:attachment":[{"href":"https:\/\/www.lausinyvicente.com\/fr\/wp-json\/wp\/v2\/media?parent=4995"}],"wp:term":[{"taxonomy":"product_cat","embeddable":true,"href":"https:\/\/www.lausinyvicente.com\/fr\/wp-json\/wp\/v2\/product_cat?post=4995"},{"taxonomy":"product_tag","embeddable":true,"href":"https:\/\/www.lausinyvicente.com\/fr\/wp-json\/wp\/v2\/product_tag?post=4995"}],"curies":[{"name":"wp","href":"https:\/\/api.w.org\/{rel}","templated":true}]}}