{"id":5008,"date":"2022-11-28T15:50:36","date_gmt":"2022-11-28T15:50:36","guid":{"rendered":"https:\/\/www.lausinyvicente.com\/non class\u00e9\/barrieres-de-steeple\/"},"modified":"2022-11-28T15:50:36","modified_gmt":"2022-11-28T15:50:36","slug":"barriere-steeple","status":"publish","type":"product","link":"https:\/\/www.lausinyvicente.com\/fr\/equipement-athletisme\/courses\/barriere-steeple","title":{"rendered":"Barri\u00e8res de steeple"},"content":{"rendered":"","protected":false},"excerpt":{"rendered":"<p>Certificat WA N\u00ba E-12-0667 \/ E-20-1061 Fabriqu\u00e9es en bois de pin avec listels, section carr\u00e9e 127&#215;127 mm haute r\u00e9sistance avec des bords sup\u00e9rieurs arrondis laqu\u00e9s en blanc et carr\u00e9s noirs. Poteaux m\u00e9talliques peints en noir avec peinture \u00e9poxy et s\u00e9ch\u00e9s au four \u00e0 200 \u00baC de section carr\u00e9e de 70x70x3 mm. R\u00e9glables sur deux positions 0,762 m et 0,917 m au moyen de rallonges zingu\u00e9es et verrouillage par boulon et volant pour chacun des poteaux. Ancrages inclus.<\/p>\n","protected":false},"featured_media":2390,"template":"","meta":[],"product_cat":[166,169],"product_tag":[],"class_list":{"0":"post-5008","1":"product","2":"type-product","3":"status-publish","4":"has-post-thumbnail","6":"product_cat-equipement-athletisme","7":"product_cat-courses","9":"first","10":"instock","11":"shipping-taxable","12":"purchasable","13":"product-type-variable"},"yoast_head":"<!-- This site is optimized with the Yoast SEO plugin v27.0 - https:\/\/yoast.com\/product\/yoast-seo-wordpress\/ -->\n<title>Barri\u00e8res de steeple - Laus\u00edn y Vicente<\/title>\n<meta name=\"robots\" content=\"index, follow, max-snippet:-1, max-image-preview:large, max-video-preview:-1\" \/>\n<link rel=\"canonical\" href=\"https:\/\/www.lausinyvicente.com\/fr\/equipement-athletisme\/courses\/barriere-steeple\" \/>\n<meta property=\"og:locale\" content=\"fr_FR\" \/>\n<meta property=\"og:type\" content=\"article\" \/>\n<meta property=\"og:title\" content=\"Barri\u00e8res de steeple - Laus\u00edn y Vicente\" \/>\n<meta property=\"og:description\" content=\"Certificat WA N\u00ba E-12-0667 \/ E-20-1061 Fabriqu\u00e9es en bois de pin avec listels, section carr\u00e9e 127x127 mm haute r\u00e9sistance avec des bords sup\u00e9rieurs arrondis laqu\u00e9s en blanc et carr\u00e9s noirs. Poteaux m\u00e9talliques peints en noir avec peinture \u00e9poxy et s\u00e9ch\u00e9s au four \u00e0 200 \u00baC de section carr\u00e9e de 70x70x3 mm. R\u00e9glables sur deux positions 0,762 m et 0,917 m au moyen de rallonges zingu\u00e9es et verrouillage par boulon et volant pour chacun des poteaux. Ancrages inclus.\" \/>\n<meta property=\"og:url\" content=\"https:\/\/www.lausinyvicente.com\/fr\/equipement-athletisme\/courses\/barriere-steeple\" \/>\n<meta property=\"og:site_name\" content=\"Laus\u00edn y Vicente\" \/>\n<meta property=\"og:image\" content=\"https:\/\/www.lausinyvicente.com\/wp-content\/uploads\/2022\/11\/A.09.70-obstaculo-carrera-pista.jpg\" \/>\n\t<meta property=\"og:image:width\" content=\"720\" \/>\n\t<meta property=\"og:image:height\" content=\"490\" \/>\n\t<meta property=\"og:image:type\" content=\"image\/jpeg\" \/>\n<meta name=\"twitter:card\" content=\"summary_large_image\" \/>\n<script type=\"application\/ld+json\" class=\"yoast-schema-graph\">{\"@context\":\"https:\/\/schema.org\",\"@graph\":[{\"@type\":\"WebPage\",\"@id\":\"https:\/\/www.lausinyvicente.com\/fr\/equipement-athletisme\/courses\/barriere-steeple\",\"url\":\"https:\/\/www.lausinyvicente.com\/fr\/equipement-athletisme\/courses\/barriere-steeple\",\"name\":\"Barri\u00e8res de steeple - Laus\u00edn y Vicente\",\"isPartOf\":{\"@id\":\"https:\/\/www.lausinyvicente.com\/#website\"},\"primaryImageOfPage\":{\"@id\":\"https:\/\/www.lausinyvicente.com\/fr\/equipement-athletisme\/courses\/barriere-steeple#primaryimage\"},\"image\":{\"@id\":\"https:\/\/www.lausinyvicente.com\/fr\/equipement-athletisme\/courses\/barriere-steeple#primaryimage\"},\"thumbnailUrl\":\"https:\/\/www.lausinyvicente.com\/wp-content\/uploads\/2022\/11\/A.09.70-obstaculo-carrera-pista.jpg\",\"datePublished\":\"2022-11-28T15:50:36+00:00\",\"breadcrumb\":{\"@id\":\"https:\/\/www.lausinyvicente.com\/fr\/equipement-athletisme\/courses\/barriere-steeple#breadcrumb\"},\"inLanguage\":\"fr-FR\",\"potentialAction\":[{\"@type\":\"ReadAction\",\"target\":[\"https:\/\/www.lausinyvicente.com\/fr\/equipement-athletisme\/courses\/barriere-steeple\"]}]},{\"@type\":\"ImageObject\",\"inLanguage\":\"fr-FR\",\"@id\":\"https:\/\/www.lausinyvicente.com\/fr\/equipement-athletisme\/courses\/barriere-steeple#primaryimage\",\"url\":\"https:\/\/www.lausinyvicente.com\/wp-content\/uploads\/2022\/11\/A.09.70-obstaculo-carrera-pista.jpg\",\"contentUrl\":\"https:\/\/www.lausinyvicente.com\/wp-content\/uploads\/2022\/11\/A.09.70-obstaculo-carrera-pista.jpg\",\"width\":720,\"height\":490},{\"@type\":\"BreadcrumbList\",\"@id\":\"https:\/\/www.lausinyvicente.com\/fr\/equipement-athletisme\/courses\/barriere-steeple#breadcrumb\",\"itemListElement\":[{\"@type\":\"ListItem\",\"position\":1,\"name\":\"Portada\",\"item\":\"https:\/\/www.lausinyvicente.com\/\"},{\"@type\":\"ListItem\",\"position\":2,\"name\":\"Boutique\",\"item\":\"https:\/\/www.lausinyvicente.com\/fr\/boutique\"},{\"@type\":\"ListItem\",\"position\":3,\"name\":\"Barri\u00e8res de steeple\"}]},{\"@type\":\"WebSite\",\"@id\":\"https:\/\/www.lausinyvicente.com\/#website\",\"url\":\"https:\/\/www.lausinyvicente.com\/\",\"name\":\"Laus\u00edn y Vicente\",\"description\":\"Fabricaci\u00f3n y distribuci\u00f3n de material deportivo\",\"potentialAction\":[{\"@type\":\"SearchAction\",\"target\":{\"@type\":\"EntryPoint\",\"urlTemplate\":\"https:\/\/www.lausinyvicente.com\/?s={search_term_string}\"},\"query-input\":{\"@type\":\"PropertyValueSpecification\",\"valueRequired\":true,\"valueName\":\"search_term_string\"}}],\"inLanguage\":\"fr-FR\"}]}<\/script>\n<!-- \/ Yoast SEO plugin. -->","yoast_head_json":{"title":"Barri\u00e8res de steeple - Laus\u00edn y Vicente","robots":{"index":"index","follow":"follow","max-snippet":"max-snippet:-1","max-image-preview":"max-image-preview:large","max-video-preview":"max-video-preview:-1"},"canonical":"https:\/\/www.lausinyvicente.com\/fr\/equipement-athletisme\/courses\/barriere-steeple","og_locale":"fr_FR","og_type":"article","og_title":"Barri\u00e8res de steeple - Laus\u00edn y Vicente","og_description":"Certificat WA N\u00ba E-12-0667 \/ E-20-1061 Fabriqu\u00e9es en bois de pin avec listels, section carr\u00e9e 127x127 mm haute r\u00e9sistance avec des bords sup\u00e9rieurs arrondis laqu\u00e9s en blanc et carr\u00e9s noirs. Poteaux m\u00e9talliques peints en noir avec peinture \u00e9poxy et s\u00e9ch\u00e9s au four \u00e0 200 \u00baC de section carr\u00e9e de 70x70x3 mm. R\u00e9glables sur deux positions 0,762 m et 0,917 m au moyen de rallonges zingu\u00e9es et verrouillage par boulon et volant pour chacun des poteaux. Ancrages inclus.","og_url":"https:\/\/www.lausinyvicente.com\/fr\/equipement-athletisme\/courses\/barriere-steeple","og_site_name":"Laus\u00edn y Vicente","og_image":[{"width":720,"height":490,"url":"https:\/\/www.lausinyvicente.com\/wp-content\/uploads\/2022\/11\/A.09.70-obstaculo-carrera-pista.jpg","type":"image\/jpeg"}],"twitter_card":"summary_large_image","schema":{"@context":"https:\/\/schema.org","@graph":[{"@type":"WebPage","@id":"https:\/\/www.lausinyvicente.com\/fr\/equipement-athletisme\/courses\/barriere-steeple","url":"https:\/\/www.lausinyvicente.com\/fr\/equipement-athletisme\/courses\/barriere-steeple","name":"Barri\u00e8res de steeple - Laus\u00edn y Vicente","isPartOf":{"@id":"https:\/\/www.lausinyvicente.com\/#website"},"primaryImageOfPage":{"@id":"https:\/\/www.lausinyvicente.com\/fr\/equipement-athletisme\/courses\/barriere-steeple#primaryimage"},"image":{"@id":"https:\/\/www.lausinyvicente.com\/fr\/equipement-athletisme\/courses\/barriere-steeple#primaryimage"},"thumbnailUrl":"https:\/\/www.lausinyvicente.com\/wp-content\/uploads\/2022\/11\/A.09.70-obstaculo-carrera-pista.jpg","datePublished":"2022-11-28T15:50:36+00:00","breadcrumb":{"@id":"https:\/\/www.lausinyvicente.com\/fr\/equipement-athletisme\/courses\/barriere-steeple#breadcrumb"},"inLanguage":"fr-FR","potentialAction":[{"@type":"ReadAction","target":["https:\/\/www.lausinyvicente.com\/fr\/equipement-athletisme\/courses\/barriere-steeple"]}]},{"@type":"ImageObject","inLanguage":"fr-FR","@id":"https:\/\/www.lausinyvicente.com\/fr\/equipement-athletisme\/courses\/barriere-steeple#primaryimage","url":"https:\/\/www.lausinyvicente.com\/wp-content\/uploads\/2022\/11\/A.09.70-obstaculo-carrera-pista.jpg","contentUrl":"https:\/\/www.lausinyvicente.com\/wp-content\/uploads\/2022\/11\/A.09.70-obstaculo-carrera-pista.jpg","width":720,"height":490},{"@type":"BreadcrumbList","@id":"https:\/\/www.lausinyvicente.com\/fr\/equipement-athletisme\/courses\/barriere-steeple#breadcrumb","itemListElement":[{"@type":"ListItem","position":1,"name":"Portada","item":"https:\/\/www.lausinyvicente.com\/"},{"@type":"ListItem","position":2,"name":"Boutique","item":"https:\/\/www.lausinyvicente.com\/fr\/boutique"},{"@type":"ListItem","position":3,"name":"Barri\u00e8res de steeple"}]},{"@type":"WebSite","@id":"https:\/\/www.lausinyvicente.com\/#website","url":"https:\/\/www.lausinyvicente.com\/","name":"Laus\u00edn y Vicente","description":"Fabricaci\u00f3n y distribuci\u00f3n de material deportivo","potentialAction":[{"@type":"SearchAction","target":{"@type":"EntryPoint","urlTemplate":"https:\/\/www.lausinyvicente.com\/?s={search_term_string}"},"query-input":{"@type":"PropertyValueSpecification","valueRequired":true,"valueName":"search_term_string"}}],"inLanguage":"fr-FR"}]}},"_links":{"self":[{"href":"https:\/\/www.lausinyvicente.com\/fr\/wp-json\/wp\/v2\/product\/5008","targetHints":{"allow":["GET"]}}],"collection":[{"href":"https:\/\/www.lausinyvicente.com\/fr\/wp-json\/wp\/v2\/product"}],"about":[{"href":"https:\/\/www.lausinyvicente.com\/fr\/wp-json\/wp\/v2\/types\/product"}],"wp:featuredmedia":[{"embeddable":true,"href":"https:\/\/www.lausinyvicente.com\/fr\/wp-json\/wp\/v2\/media\/2390"}],"wp:attachment":[{"href":"https:\/\/www.lausinyvicente.com\/fr\/wp-json\/wp\/v2\/media?parent=5008"}],"wp:term":[{"taxonomy":"product_cat","embeddable":true,"href":"https:\/\/www.lausinyvicente.com\/fr\/wp-json\/wp\/v2\/product_cat?post=5008"},{"taxonomy":"product_tag","embeddable":true,"href":"https:\/\/www.lausinyvicente.com\/fr\/wp-json\/wp\/v2\/product_tag?post=5008"}],"curies":[{"name":"wp","href":"https:\/\/api.w.org\/{rel}","templated":true}]}}