{"id":5022,"date":"2022-11-28T15:38:15","date_gmt":"2022-11-28T15:38:15","guid":{"rendered":"https:\/\/www.lausinyvicente.com\/non class\u00e9\/haie-de-course-metal-competition\/"},"modified":"2022-11-28T15:38:15","modified_gmt":"2022-11-28T15:38:15","slug":"haie-course-metal-competition","status":"publish","type":"product","link":"https:\/\/www.lausinyvicente.com\/fr\/equipement-athletisme\/courses\/haie-course-metal-competition","title":{"rendered":"Haie de course m\u00e9tal. Comp\u00e9tition"},"content":{"rendered":"","protected":false},"excerpt":{"rendered":"<p>Con\u00e7ue, fabriqu\u00e9e et homologu\u00e9e selon les r\u00e8glements de la F\u00e9d\u00e9ration Internationale d\u2019Athl\u00e9tisme. Base fabriqu\u00e9e avec des profil\u00e9s \u00e0 froid de section carr\u00e9e de 30x30x2 mm galvanis\u00e9s \u00e0 froid. A l\u2019int\u00e9rieur sont incorpor\u00e9s des contrepoids, avec un syst\u00e8me de blocage en cinq positions qui correspondent aux cinq hauteurs r\u00e9glementaires (1,067 m, 1,000 m, 0,914 m, 0,840 m, 0,762 m). Poteaux profil\u00e9s \u00e0 froid de section circulaire de 25 mm de diam\u00e8tre. Rallonges de section ronde de 30 mm avec syst\u00e8me de blocage de l\u2019obstacle aux cinq hauteurs r\u00e9glementaires. Obstacle en PVC blanc de grande r\u00e9sistance aux impacts possibles lors du saut. La structure est finie par galvanisation \u00e0 froid.      <\/p>\n","protected":false},"featured_media":2382,"template":"","meta":[],"product_cat":[166,169],"product_tag":[],"class_list":{"0":"post-5022","1":"product","2":"type-product","3":"status-publish","4":"has-post-thumbnail","6":"product_cat-equipement-athletisme","7":"product_cat-courses","9":"first","10":"instock","11":"shipping-taxable","12":"purchasable","13":"product-type-variable"},"yoast_head":"<!-- This site is optimized with the Yoast SEO plugin v27.0 - https:\/\/yoast.com\/product\/yoast-seo-wordpress\/ -->\n<title>Haie de course m\u00e9tal. Comp\u00e9tition - Laus\u00edn y Vicente<\/title>\n<meta name=\"robots\" content=\"index, follow, max-snippet:-1, max-image-preview:large, max-video-preview:-1\" \/>\n<link rel=\"canonical\" href=\"https:\/\/www.lausinyvicente.com\/fr\/equipement-athletisme\/courses\/haie-course-metal-competition\" \/>\n<meta property=\"og:locale\" content=\"fr_FR\" \/>\n<meta property=\"og:type\" content=\"article\" \/>\n<meta property=\"og:title\" content=\"Haie de course m\u00e9tal. Comp\u00e9tition - Laus\u00edn y Vicente\" \/>\n<meta property=\"og:description\" content=\"Con\u00e7ue, fabriqu\u00e9e et homologu\u00e9e selon les r\u00e8glements de la F\u00e9d\u00e9ration Internationale d\u2019Athl\u00e9tisme. Base fabriqu\u00e9e avec des profil\u00e9s \u00e0 froid de section carr\u00e9e de 30x30x2 mm galvanis\u00e9s \u00e0 froid. A l\u2019int\u00e9rieur sont incorpor\u00e9s des contrepoids, avec un syst\u00e8me de blocage en cinq positions qui correspondent aux cinq hauteurs r\u00e9glementaires (1,067 m, 1,000 m, 0,914 m, 0,840 m, 0,762 m). Poteaux profil\u00e9s \u00e0 froid de section circulaire de 25 mm de diam\u00e8tre. Rallonges de section ronde de 30 mm avec syst\u00e8me de blocage de l\u2019obstacle aux cinq hauteurs r\u00e9glementaires. Obstacle en PVC blanc de grande r\u00e9sistance aux impacts possibles lors du saut. La structure est finie par galvanisation \u00e0 froid.\" \/>\n<meta property=\"og:url\" content=\"https:\/\/www.lausinyvicente.com\/fr\/equipement-athletisme\/courses\/haie-course-metal-competition\" \/>\n<meta property=\"og:site_name\" content=\"Laus\u00edn y Vicente\" \/>\n<meta property=\"og:image\" content=\"https:\/\/www.lausinyvicente.com\/wp-content\/uploads\/2022\/11\/A.09.03-valla-carreras-metal-competicion.jpg\" \/>\n\t<meta property=\"og:image:width\" content=\"720\" \/>\n\t<meta property=\"og:image:height\" content=\"490\" \/>\n\t<meta property=\"og:image:type\" content=\"image\/jpeg\" \/>\n<meta name=\"twitter:card\" content=\"summary_large_image\" \/>\n<script type=\"application\/ld+json\" class=\"yoast-schema-graph\">{\"@context\":\"https:\/\/schema.org\",\"@graph\":[{\"@type\":\"WebPage\",\"@id\":\"https:\/\/www.lausinyvicente.com\/fr\/equipement-athletisme\/courses\/haie-course-metal-competition\",\"url\":\"https:\/\/www.lausinyvicente.com\/fr\/equipement-athletisme\/courses\/haie-course-metal-competition\",\"name\":\"Haie de course m\u00e9tal. Comp\u00e9tition - Laus\u00edn y Vicente\",\"isPartOf\":{\"@id\":\"https:\/\/www.lausinyvicente.com\/#website\"},\"primaryImageOfPage\":{\"@id\":\"https:\/\/www.lausinyvicente.com\/fr\/equipement-athletisme\/courses\/haie-course-metal-competition#primaryimage\"},\"image\":{\"@id\":\"https:\/\/www.lausinyvicente.com\/fr\/equipement-athletisme\/courses\/haie-course-metal-competition#primaryimage\"},\"thumbnailUrl\":\"https:\/\/www.lausinyvicente.com\/wp-content\/uploads\/2022\/11\/A.09.03-valla-carreras-metal-competicion.jpg\",\"datePublished\":\"2022-11-28T15:38:15+00:00\",\"breadcrumb\":{\"@id\":\"https:\/\/www.lausinyvicente.com\/fr\/equipement-athletisme\/courses\/haie-course-metal-competition#breadcrumb\"},\"inLanguage\":\"fr-FR\",\"potentialAction\":[{\"@type\":\"ReadAction\",\"target\":[\"https:\/\/www.lausinyvicente.com\/fr\/equipement-athletisme\/courses\/haie-course-metal-competition\"]}]},{\"@type\":\"ImageObject\",\"inLanguage\":\"fr-FR\",\"@id\":\"https:\/\/www.lausinyvicente.com\/fr\/equipement-athletisme\/courses\/haie-course-metal-competition#primaryimage\",\"url\":\"https:\/\/www.lausinyvicente.com\/wp-content\/uploads\/2022\/11\/A.09.03-valla-carreras-metal-competicion.jpg\",\"contentUrl\":\"https:\/\/www.lausinyvicente.com\/wp-content\/uploads\/2022\/11\/A.09.03-valla-carreras-metal-competicion.jpg\",\"width\":720,\"height\":490},{\"@type\":\"BreadcrumbList\",\"@id\":\"https:\/\/www.lausinyvicente.com\/fr\/equipement-athletisme\/courses\/haie-course-metal-competition#breadcrumb\",\"itemListElement\":[{\"@type\":\"ListItem\",\"position\":1,\"name\":\"Portada\",\"item\":\"https:\/\/www.lausinyvicente.com\/\"},{\"@type\":\"ListItem\",\"position\":2,\"name\":\"Boutique\",\"item\":\"https:\/\/www.lausinyvicente.com\/fr\/boutique\"},{\"@type\":\"ListItem\",\"position\":3,\"name\":\"Haie de course m\u00e9tal. Comp\u00e9tition\"}]},{\"@type\":\"WebSite\",\"@id\":\"https:\/\/www.lausinyvicente.com\/#website\",\"url\":\"https:\/\/www.lausinyvicente.com\/\",\"name\":\"Laus\u00edn y Vicente\",\"description\":\"Fabricaci\u00f3n y distribuci\u00f3n de material deportivo\",\"potentialAction\":[{\"@type\":\"SearchAction\",\"target\":{\"@type\":\"EntryPoint\",\"urlTemplate\":\"https:\/\/www.lausinyvicente.com\/?s={search_term_string}\"},\"query-input\":{\"@type\":\"PropertyValueSpecification\",\"valueRequired\":true,\"valueName\":\"search_term_string\"}}],\"inLanguage\":\"fr-FR\"}]}<\/script>\n<!-- \/ Yoast SEO plugin. -->","yoast_head_json":{"title":"Haie de course m\u00e9tal. Comp\u00e9tition - Laus\u00edn y Vicente","robots":{"index":"index","follow":"follow","max-snippet":"max-snippet:-1","max-image-preview":"max-image-preview:large","max-video-preview":"max-video-preview:-1"},"canonical":"https:\/\/www.lausinyvicente.com\/fr\/equipement-athletisme\/courses\/haie-course-metal-competition","og_locale":"fr_FR","og_type":"article","og_title":"Haie de course m\u00e9tal. Comp\u00e9tition - Laus\u00edn y Vicente","og_description":"Con\u00e7ue, fabriqu\u00e9e et homologu\u00e9e selon les r\u00e8glements de la F\u00e9d\u00e9ration Internationale d\u2019Athl\u00e9tisme. Base fabriqu\u00e9e avec des profil\u00e9s \u00e0 froid de section carr\u00e9e de 30x30x2 mm galvanis\u00e9s \u00e0 froid. A l\u2019int\u00e9rieur sont incorpor\u00e9s des contrepoids, avec un syst\u00e8me de blocage en cinq positions qui correspondent aux cinq hauteurs r\u00e9glementaires (1,067 m, 1,000 m, 0,914 m, 0,840 m, 0,762 m). Poteaux profil\u00e9s \u00e0 froid de section circulaire de 25 mm de diam\u00e8tre. Rallonges de section ronde de 30 mm avec syst\u00e8me de blocage de l\u2019obstacle aux cinq hauteurs r\u00e9glementaires. Obstacle en PVC blanc de grande r\u00e9sistance aux impacts possibles lors du saut. La structure est finie par galvanisation \u00e0 froid.","og_url":"https:\/\/www.lausinyvicente.com\/fr\/equipement-athletisme\/courses\/haie-course-metal-competition","og_site_name":"Laus\u00edn y Vicente","og_image":[{"width":720,"height":490,"url":"https:\/\/www.lausinyvicente.com\/wp-content\/uploads\/2022\/11\/A.09.03-valla-carreras-metal-competicion.jpg","type":"image\/jpeg"}],"twitter_card":"summary_large_image","schema":{"@context":"https:\/\/schema.org","@graph":[{"@type":"WebPage","@id":"https:\/\/www.lausinyvicente.com\/fr\/equipement-athletisme\/courses\/haie-course-metal-competition","url":"https:\/\/www.lausinyvicente.com\/fr\/equipement-athletisme\/courses\/haie-course-metal-competition","name":"Haie de course m\u00e9tal. Comp\u00e9tition - Laus\u00edn y Vicente","isPartOf":{"@id":"https:\/\/www.lausinyvicente.com\/#website"},"primaryImageOfPage":{"@id":"https:\/\/www.lausinyvicente.com\/fr\/equipement-athletisme\/courses\/haie-course-metal-competition#primaryimage"},"image":{"@id":"https:\/\/www.lausinyvicente.com\/fr\/equipement-athletisme\/courses\/haie-course-metal-competition#primaryimage"},"thumbnailUrl":"https:\/\/www.lausinyvicente.com\/wp-content\/uploads\/2022\/11\/A.09.03-valla-carreras-metal-competicion.jpg","datePublished":"2022-11-28T15:38:15+00:00","breadcrumb":{"@id":"https:\/\/www.lausinyvicente.com\/fr\/equipement-athletisme\/courses\/haie-course-metal-competition#breadcrumb"},"inLanguage":"fr-FR","potentialAction":[{"@type":"ReadAction","target":["https:\/\/www.lausinyvicente.com\/fr\/equipement-athletisme\/courses\/haie-course-metal-competition"]}]},{"@type":"ImageObject","inLanguage":"fr-FR","@id":"https:\/\/www.lausinyvicente.com\/fr\/equipement-athletisme\/courses\/haie-course-metal-competition#primaryimage","url":"https:\/\/www.lausinyvicente.com\/wp-content\/uploads\/2022\/11\/A.09.03-valla-carreras-metal-competicion.jpg","contentUrl":"https:\/\/www.lausinyvicente.com\/wp-content\/uploads\/2022\/11\/A.09.03-valla-carreras-metal-competicion.jpg","width":720,"height":490},{"@type":"BreadcrumbList","@id":"https:\/\/www.lausinyvicente.com\/fr\/equipement-athletisme\/courses\/haie-course-metal-competition#breadcrumb","itemListElement":[{"@type":"ListItem","position":1,"name":"Portada","item":"https:\/\/www.lausinyvicente.com\/"},{"@type":"ListItem","position":2,"name":"Boutique","item":"https:\/\/www.lausinyvicente.com\/fr\/boutique"},{"@type":"ListItem","position":3,"name":"Haie de course m\u00e9tal. Comp\u00e9tition"}]},{"@type":"WebSite","@id":"https:\/\/www.lausinyvicente.com\/#website","url":"https:\/\/www.lausinyvicente.com\/","name":"Laus\u00edn y Vicente","description":"Fabricaci\u00f3n y distribuci\u00f3n de material deportivo","potentialAction":[{"@type":"SearchAction","target":{"@type":"EntryPoint","urlTemplate":"https:\/\/www.lausinyvicente.com\/?s={search_term_string}"},"query-input":{"@type":"PropertyValueSpecification","valueRequired":true,"valueName":"search_term_string"}}],"inLanguage":"fr-FR"}]}},"_links":{"self":[{"href":"https:\/\/www.lausinyvicente.com\/fr\/wp-json\/wp\/v2\/product\/5022","targetHints":{"allow":["GET"]}}],"collection":[{"href":"https:\/\/www.lausinyvicente.com\/fr\/wp-json\/wp\/v2\/product"}],"about":[{"href":"https:\/\/www.lausinyvicente.com\/fr\/wp-json\/wp\/v2\/types\/product"}],"wp:featuredmedia":[{"embeddable":true,"href":"https:\/\/www.lausinyvicente.com\/fr\/wp-json\/wp\/v2\/media\/2382"}],"wp:attachment":[{"href":"https:\/\/www.lausinyvicente.com\/fr\/wp-json\/wp\/v2\/media?parent=5022"}],"wp:term":[{"taxonomy":"product_cat","embeddable":true,"href":"https:\/\/www.lausinyvicente.com\/fr\/wp-json\/wp\/v2\/product_cat?post=5022"},{"taxonomy":"product_tag","embeddable":true,"href":"https:\/\/www.lausinyvicente.com\/fr\/wp-json\/wp\/v2\/product_tag?post=5022"}],"curies":[{"name":"wp","href":"https:\/\/api.w.org\/{rel}","templated":true}]}}