{"id":5046,"date":"2022-11-28T15:05:09","date_gmt":"2022-11-28T15:05:09","guid":{"rendered":"https:\/\/www.lausinyvicente.com\/non class\u00e9\/support-pour-disques-de-lancement\/"},"modified":"2022-11-28T15:05:09","modified_gmt":"2022-11-28T15:05:09","slug":"support-disques-lancement","status":"publish","type":"product","link":"https:\/\/www.lausinyvicente.com\/fr\/equipement-athletisme\/disques\/support-disques-lancement","title":{"rendered":"Support pour disques de lancement"},"content":{"rendered":"","protected":false},"excerpt":{"rendered":"<p>Fabriqu\u00e9 avec profil\u00e9 \u00e0 froid section carr\u00e9e 30x30x2 mm et profil\u00e9 \u00e0 froid section ronde 25&#215;2 mm. Le support est form\u00e9 par deux montants verticaux et deux niveaux diff\u00e9rents qui permettent de s\u00e9parer et classer les disques par diam\u00e8tre et poids. Peint en blanc avec de la peinture \u00e9poxy et s\u00e9ch\u00e9 au four. Capacit\u00e9 pour 28 disques.   <\/p>\n","protected":false},"featured_media":2368,"template":"","meta":[],"product_cat":[166,175],"product_tag":[],"class_list":{"0":"post-5046","1":"product","2":"type-product","3":"status-publish","4":"has-post-thumbnail","6":"product_cat-equipement-athletisme","7":"product_cat-disques","9":"first","10":"instock","11":"shipping-taxable","12":"purchasable","13":"product-type-variable"},"yoast_head":"<!-- This site is optimized with the Yoast SEO plugin v27.0 - https:\/\/yoast.com\/product\/yoast-seo-wordpress\/ -->\n<title>Support pour disques de lancement - Laus\u00edn y Vicente<\/title>\n<meta name=\"robots\" content=\"index, follow, max-snippet:-1, max-image-preview:large, max-video-preview:-1\" \/>\n<link rel=\"canonical\" href=\"https:\/\/www.lausinyvicente.com\/fr\/equipement-athletisme\/disques\/support-disques-lancement\" \/>\n<meta property=\"og:locale\" content=\"fr_FR\" \/>\n<meta property=\"og:type\" content=\"article\" \/>\n<meta property=\"og:title\" content=\"Support pour disques de lancement - Laus\u00edn y Vicente\" \/>\n<meta property=\"og:description\" content=\"Fabriqu\u00e9 avec profil\u00e9 \u00e0 froid section carr\u00e9e 30x30x2 mm et profil\u00e9 \u00e0 froid section ronde 25x2 mm. Le support est form\u00e9 par deux montants verticaux et deux niveaux diff\u00e9rents qui permettent de s\u00e9parer et classer les disques par diam\u00e8tre et poids. Peint en blanc avec de la peinture \u00e9poxy et s\u00e9ch\u00e9 au four. Capacit\u00e9 pour 28 disques.\" \/>\n<meta property=\"og:url\" content=\"https:\/\/www.lausinyvicente.com\/fr\/equipement-athletisme\/disques\/support-disques-lancement\" \/>\n<meta property=\"og:site_name\" content=\"Laus\u00edn y Vicente\" \/>\n<meta property=\"og:image\" content=\"https:\/\/www.lausinyvicente.com\/wp-content\/uploads\/2022\/11\/A.04.60-soporte-discos-lanzamiento.jpg\" \/>\n\t<meta property=\"og:image:width\" content=\"720\" \/>\n\t<meta property=\"og:image:height\" content=\"490\" \/>\n\t<meta property=\"og:image:type\" content=\"image\/jpeg\" \/>\n<meta name=\"twitter:card\" content=\"summary_large_image\" \/>\n<script type=\"application\/ld+json\" class=\"yoast-schema-graph\">{\"@context\":\"https:\/\/schema.org\",\"@graph\":[{\"@type\":\"WebPage\",\"@id\":\"https:\/\/www.lausinyvicente.com\/fr\/equipement-athletisme\/disques\/support-disques-lancement\",\"url\":\"https:\/\/www.lausinyvicente.com\/fr\/equipement-athletisme\/disques\/support-disques-lancement\",\"name\":\"Support pour disques de lancement - Laus\u00edn y Vicente\",\"isPartOf\":{\"@id\":\"https:\/\/www.lausinyvicente.com\/#website\"},\"primaryImageOfPage\":{\"@id\":\"https:\/\/www.lausinyvicente.com\/fr\/equipement-athletisme\/disques\/support-disques-lancement#primaryimage\"},\"image\":{\"@id\":\"https:\/\/www.lausinyvicente.com\/fr\/equipement-athletisme\/disques\/support-disques-lancement#primaryimage\"},\"thumbnailUrl\":\"https:\/\/www.lausinyvicente.com\/wp-content\/uploads\/2022\/11\/A.04.60-soporte-discos-lanzamiento.jpg\",\"datePublished\":\"2022-11-28T15:05:09+00:00\",\"breadcrumb\":{\"@id\":\"https:\/\/www.lausinyvicente.com\/fr\/equipement-athletisme\/disques\/support-disques-lancement#breadcrumb\"},\"inLanguage\":\"fr-FR\",\"potentialAction\":[{\"@type\":\"ReadAction\",\"target\":[\"https:\/\/www.lausinyvicente.com\/fr\/equipement-athletisme\/disques\/support-disques-lancement\"]}]},{\"@type\":\"ImageObject\",\"inLanguage\":\"fr-FR\",\"@id\":\"https:\/\/www.lausinyvicente.com\/fr\/equipement-athletisme\/disques\/support-disques-lancement#primaryimage\",\"url\":\"https:\/\/www.lausinyvicente.com\/wp-content\/uploads\/2022\/11\/A.04.60-soporte-discos-lanzamiento.jpg\",\"contentUrl\":\"https:\/\/www.lausinyvicente.com\/wp-content\/uploads\/2022\/11\/A.04.60-soporte-discos-lanzamiento.jpg\",\"width\":720,\"height\":490},{\"@type\":\"BreadcrumbList\",\"@id\":\"https:\/\/www.lausinyvicente.com\/fr\/equipement-athletisme\/disques\/support-disques-lancement#breadcrumb\",\"itemListElement\":[{\"@type\":\"ListItem\",\"position\":1,\"name\":\"Portada\",\"item\":\"https:\/\/www.lausinyvicente.com\/\"},{\"@type\":\"ListItem\",\"position\":2,\"name\":\"Boutique\",\"item\":\"https:\/\/www.lausinyvicente.com\/fr\/boutique\"},{\"@type\":\"ListItem\",\"position\":3,\"name\":\"Support pour disques de lancement\"}]},{\"@type\":\"WebSite\",\"@id\":\"https:\/\/www.lausinyvicente.com\/#website\",\"url\":\"https:\/\/www.lausinyvicente.com\/\",\"name\":\"Laus\u00edn y Vicente\",\"description\":\"Fabricaci\u00f3n y distribuci\u00f3n de material deportivo\",\"potentialAction\":[{\"@type\":\"SearchAction\",\"target\":{\"@type\":\"EntryPoint\",\"urlTemplate\":\"https:\/\/www.lausinyvicente.com\/?s={search_term_string}\"},\"query-input\":{\"@type\":\"PropertyValueSpecification\",\"valueRequired\":true,\"valueName\":\"search_term_string\"}}],\"inLanguage\":\"fr-FR\"}]}<\/script>\n<!-- \/ Yoast SEO plugin. -->","yoast_head_json":{"title":"Support pour disques de lancement - Laus\u00edn y Vicente","robots":{"index":"index","follow":"follow","max-snippet":"max-snippet:-1","max-image-preview":"max-image-preview:large","max-video-preview":"max-video-preview:-1"},"canonical":"https:\/\/www.lausinyvicente.com\/fr\/equipement-athletisme\/disques\/support-disques-lancement","og_locale":"fr_FR","og_type":"article","og_title":"Support pour disques de lancement - Laus\u00edn y Vicente","og_description":"Fabriqu\u00e9 avec profil\u00e9 \u00e0 froid section carr\u00e9e 30x30x2 mm et profil\u00e9 \u00e0 froid section ronde 25x2 mm. Le support est form\u00e9 par deux montants verticaux et deux niveaux diff\u00e9rents qui permettent de s\u00e9parer et classer les disques par diam\u00e8tre et poids. Peint en blanc avec de la peinture \u00e9poxy et s\u00e9ch\u00e9 au four. Capacit\u00e9 pour 28 disques.","og_url":"https:\/\/www.lausinyvicente.com\/fr\/equipement-athletisme\/disques\/support-disques-lancement","og_site_name":"Laus\u00edn y Vicente","og_image":[{"width":720,"height":490,"url":"https:\/\/www.lausinyvicente.com\/wp-content\/uploads\/2022\/11\/A.04.60-soporte-discos-lanzamiento.jpg","type":"image\/jpeg"}],"twitter_card":"summary_large_image","schema":{"@context":"https:\/\/schema.org","@graph":[{"@type":"WebPage","@id":"https:\/\/www.lausinyvicente.com\/fr\/equipement-athletisme\/disques\/support-disques-lancement","url":"https:\/\/www.lausinyvicente.com\/fr\/equipement-athletisme\/disques\/support-disques-lancement","name":"Support pour disques de lancement - Laus\u00edn y Vicente","isPartOf":{"@id":"https:\/\/www.lausinyvicente.com\/#website"},"primaryImageOfPage":{"@id":"https:\/\/www.lausinyvicente.com\/fr\/equipement-athletisme\/disques\/support-disques-lancement#primaryimage"},"image":{"@id":"https:\/\/www.lausinyvicente.com\/fr\/equipement-athletisme\/disques\/support-disques-lancement#primaryimage"},"thumbnailUrl":"https:\/\/www.lausinyvicente.com\/wp-content\/uploads\/2022\/11\/A.04.60-soporte-discos-lanzamiento.jpg","datePublished":"2022-11-28T15:05:09+00:00","breadcrumb":{"@id":"https:\/\/www.lausinyvicente.com\/fr\/equipement-athletisme\/disques\/support-disques-lancement#breadcrumb"},"inLanguage":"fr-FR","potentialAction":[{"@type":"ReadAction","target":["https:\/\/www.lausinyvicente.com\/fr\/equipement-athletisme\/disques\/support-disques-lancement"]}]},{"@type":"ImageObject","inLanguage":"fr-FR","@id":"https:\/\/www.lausinyvicente.com\/fr\/equipement-athletisme\/disques\/support-disques-lancement#primaryimage","url":"https:\/\/www.lausinyvicente.com\/wp-content\/uploads\/2022\/11\/A.04.60-soporte-discos-lanzamiento.jpg","contentUrl":"https:\/\/www.lausinyvicente.com\/wp-content\/uploads\/2022\/11\/A.04.60-soporte-discos-lanzamiento.jpg","width":720,"height":490},{"@type":"BreadcrumbList","@id":"https:\/\/www.lausinyvicente.com\/fr\/equipement-athletisme\/disques\/support-disques-lancement#breadcrumb","itemListElement":[{"@type":"ListItem","position":1,"name":"Portada","item":"https:\/\/www.lausinyvicente.com\/"},{"@type":"ListItem","position":2,"name":"Boutique","item":"https:\/\/www.lausinyvicente.com\/fr\/boutique"},{"@type":"ListItem","position":3,"name":"Support pour disques de lancement"}]},{"@type":"WebSite","@id":"https:\/\/www.lausinyvicente.com\/#website","url":"https:\/\/www.lausinyvicente.com\/","name":"Laus\u00edn y Vicente","description":"Fabricaci\u00f3n y distribuci\u00f3n de material deportivo","potentialAction":[{"@type":"SearchAction","target":{"@type":"EntryPoint","urlTemplate":"https:\/\/www.lausinyvicente.com\/?s={search_term_string}"},"query-input":{"@type":"PropertyValueSpecification","valueRequired":true,"valueName":"search_term_string"}}],"inLanguage":"fr-FR"}]}},"_links":{"self":[{"href":"https:\/\/www.lausinyvicente.com\/fr\/wp-json\/wp\/v2\/product\/5046","targetHints":{"allow":["GET"]}}],"collection":[{"href":"https:\/\/www.lausinyvicente.com\/fr\/wp-json\/wp\/v2\/product"}],"about":[{"href":"https:\/\/www.lausinyvicente.com\/fr\/wp-json\/wp\/v2\/types\/product"}],"wp:featuredmedia":[{"embeddable":true,"href":"https:\/\/www.lausinyvicente.com\/fr\/wp-json\/wp\/v2\/media\/2368"}],"wp:attachment":[{"href":"https:\/\/www.lausinyvicente.com\/fr\/wp-json\/wp\/v2\/media?parent=5046"}],"wp:term":[{"taxonomy":"product_cat","embeddable":true,"href":"https:\/\/www.lausinyvicente.com\/fr\/wp-json\/wp\/v2\/product_cat?post=5046"},{"taxonomy":"product_tag","embeddable":true,"href":"https:\/\/www.lausinyvicente.com\/fr\/wp-json\/wp\/v2\/product_tag?post=5046"}],"curies":[{"name":"wp","href":"https:\/\/api.w.org\/{rel}","templated":true}]}}