{"id":5053,"date":"2022-11-26T14:26:36","date_gmt":"2022-11-26T14:26:36","guid":{"rendered":"https:\/\/www.lausinyvicente.com\/non class\u00e9\/cage-de-lancement-de-marteau-et-disque\/"},"modified":"2022-11-26T14:26:36","modified_gmt":"2022-11-26T14:26:36","slug":"cage-lancement-marteau-disque","status":"publish","type":"product","link":"https:\/\/www.lausinyvicente.com\/fr\/equipement-athletisme\/disques\/cage-lancement-marteau-disque","title":{"rendered":"Cage de lancement de marteau et disque"},"content":{"rendered":"<p><strong>Certificat WA N\u00ba E-12-0687<\/strong><\/p>\n<p>Cage compos\u00e9e de six poteaux de 7,20 m, quatre poteaux de sortie de 10,20 m et deux portes mobiles de 10,20 m avec deux traverses du m\u00eame mat\u00e9riau, le tout en tube d\u2019acier structurel galvanis\u00e9 de section 90x90x3mm. Chacun des poteaux est \u00e9quip\u00e9 d\u2019un treuil incorpor\u00e9 pour soulever le filet. Tous les poteaux sont reli\u00e9s entre eux par un tube t\u00e9lescopique rond de 38 mm de diam\u00e8tre. La cage est fix\u00e9e au sol au moyen d\u2019ancrages de 100x100x3 mm et 80 cm de profondeur, dont six ancrages simples pour les poteaux de 7,20 m et quatre ancrages doubles pour les poteaux de 10,20 m. Filet de p\u00e9rim\u00e8tre en fil de polypropyl\u00e8ne sans noeuds de 5 mm (selon la demande du client) avec maille 45&#215;45 mm en vert ou noir. La cage avec le filet mont\u00e9 r\u00e9siste au vent \u00e0 une vitesse de 66-138 km\/h. Avec des rafales de vent plus fortes, le profilage peut se d\u00e9former et les poteaux peuvent \u00eatre renvers\u00e9s. Il est donc conseill\u00e9 de baisser enti\u00e8rement le filet.      <\/p>\n","protected":false},"excerpt":{"rendered":"<p><strong>Certificat WA N\u00ba E-12-0687<\/strong><\/p>\n<p>Cage compos\u00e9e de six poteaux de 7,20 m, quatre poteaux de sortie de 10,20 m et deux portes mobiles de 10,20 m avec deux traverses du m\u00eame mat\u00e9riau, le tout en tube d\u2019acier structurel galvanis\u00e9 de section 90x90x3mm. Chacun des poteaux est \u00e9quip\u00e9 d\u2019un treuil incorpor\u00e9 pour soulever le filet. Tous les poteaux sont reli\u00e9s entre eux par un tube t\u00e9lescopique rond de 38 mm de diam\u00e8tre. La cage est fix\u00e9e au sol au moyen d\u2019ancrages de 100x100x3 mm et 80 cm de profondeur, dont six ancrages simples pour les poteaux de 7,20 m et quatre ancrages doubles pour les poteaux de 10,20 m. Filet de p\u00e9rim\u00e8tre en fil de polypropyl\u00e8ne sans noeuds de 5 mm (selon la demande du client) avec maille 45&#215;45 mm en vert ou noir. La cage avec le filet mont\u00e9 r\u00e9siste au vent \u00e0 une vitesse de 66-138 km\/h. Avec des rafales de vent plus fortes, le profilage peut se d\u00e9former et les poteaux peuvent \u00eatre renvers\u00e9s. Il est donc conseill\u00e9 de baisser enti\u00e8rement le filet.      <\/p>\n","protected":false},"featured_media":2250,"template":"","meta":[],"product_cat":[166,175,171,173],"product_tag":[],"class_list":{"0":"post-5053","1":"product","2":"type-product","3":"status-publish","4":"has-post-thumbnail","6":"product_cat-equipement-athletisme","7":"product_cat-disques","8":"product_cat-lancements","9":"product_cat-marteaux","11":"first","12":"instock","13":"shipping-taxable","14":"purchasable","15":"product-type-simple"},"yoast_head":"<!-- This site is optimized with the Yoast SEO plugin v27.0 - https:\/\/yoast.com\/product\/yoast-seo-wordpress\/ -->\n<title>Cage de lancement de marteau et disque - Laus\u00edn y Vicente<\/title>\n<meta name=\"robots\" content=\"index, follow, max-snippet:-1, max-image-preview:large, max-video-preview:-1\" \/>\n<link rel=\"canonical\" href=\"https:\/\/www.lausinyvicente.com\/fr\/equipement-athletisme\/disques\/cage-lancement-marteau-disque\" \/>\n<meta property=\"og:locale\" content=\"fr_FR\" \/>\n<meta property=\"og:type\" content=\"article\" \/>\n<meta property=\"og:title\" content=\"Cage de lancement de marteau et disque - Laus\u00edn y Vicente\" \/>\n<meta property=\"og:description\" content=\"Certificat WA N\u00ba E-12-0687 Cage compos\u00e9e de six poteaux de 7,20 m, quatre poteaux de sortie de 10,20 m et deux portes mobiles de 10,20 m avec deux traverses du m\u00eame mat\u00e9riau, le tout en tube d\u2019acier structurel galvanis\u00e9 de section 90x90x3mm. Chacun des poteaux est \u00e9quip\u00e9 d\u2019un treuil incorpor\u00e9 pour soulever le filet. Tous les poteaux sont reli\u00e9s entre eux par un tube t\u00e9lescopique rond de 38 mm de diam\u00e8tre. La cage est fix\u00e9e au sol au moyen d\u2019ancrages de 100x100x3 mm et 80 cm de profondeur, dont six ancrages simples pour les poteaux de 7,20 m et quatre ancrages doubles pour les poteaux de 10,20 m. Filet de p\u00e9rim\u00e8tre en fil de polypropyl\u00e8ne sans noeuds de 5 mm (selon la demande du client) avec maille 45x45 mm en vert ou noir. La cage avec le filet mont\u00e9 r\u00e9siste au vent \u00e0 une vitesse de 66-138 km\/h. Avec des rafales de vent plus fortes, le profilage peut se d\u00e9former et les poteaux peuvent \u00eatre renvers\u00e9s. Il est donc conseill\u00e9 de baisser enti\u00e8rement le filet.\" \/>\n<meta property=\"og:url\" content=\"https:\/\/www.lausinyvicente.com\/fr\/equipement-athletisme\/disques\/cage-lancement-marteau-disque\" \/>\n<meta property=\"og:site_name\" content=\"Laus\u00edn y Vicente\" \/>\n<meta property=\"og:image\" content=\"https:\/\/www.lausinyvicente.com\/wp-content\/uploads\/2022\/11\/A.99.94-jaula-lanzamiento-martillo-disco.jpg\" \/>\n\t<meta property=\"og:image:width\" content=\"720\" \/>\n\t<meta property=\"og:image:height\" content=\"490\" \/>\n\t<meta property=\"og:image:type\" content=\"image\/jpeg\" \/>\n<meta name=\"twitter:card\" content=\"summary_large_image\" \/>\n<meta name=\"twitter:label1\" content=\"Dur\u00e9e de lecture estim\u00e9e\" \/>\n\t<meta name=\"twitter:data1\" content=\"1 minute\" \/>\n<script type=\"application\/ld+json\" class=\"yoast-schema-graph\">{\"@context\":\"https:\/\/schema.org\",\"@graph\":[{\"@type\":\"WebPage\",\"@id\":\"https:\/\/www.lausinyvicente.com\/fr\/equipement-athletisme\/disques\/cage-lancement-marteau-disque\",\"url\":\"https:\/\/www.lausinyvicente.com\/fr\/equipement-athletisme\/disques\/cage-lancement-marteau-disque\",\"name\":\"Cage de lancement de marteau et disque - Laus\u00edn y Vicente\",\"isPartOf\":{\"@id\":\"https:\/\/www.lausinyvicente.com\/#website\"},\"primaryImageOfPage\":{\"@id\":\"https:\/\/www.lausinyvicente.com\/fr\/equipement-athletisme\/disques\/cage-lancement-marteau-disque#primaryimage\"},\"image\":{\"@id\":\"https:\/\/www.lausinyvicente.com\/fr\/equipement-athletisme\/disques\/cage-lancement-marteau-disque#primaryimage\"},\"thumbnailUrl\":\"https:\/\/www.lausinyvicente.com\/wp-content\/uploads\/2022\/11\/A.99.94-jaula-lanzamiento-martillo-disco.jpg\",\"datePublished\":\"2022-11-26T14:26:36+00:00\",\"breadcrumb\":{\"@id\":\"https:\/\/www.lausinyvicente.com\/fr\/equipement-athletisme\/disques\/cage-lancement-marteau-disque#breadcrumb\"},\"inLanguage\":\"fr-FR\",\"potentialAction\":[{\"@type\":\"ReadAction\",\"target\":[\"https:\/\/www.lausinyvicente.com\/fr\/equipement-athletisme\/disques\/cage-lancement-marteau-disque\"]}]},{\"@type\":\"ImageObject\",\"inLanguage\":\"fr-FR\",\"@id\":\"https:\/\/www.lausinyvicente.com\/fr\/equipement-athletisme\/disques\/cage-lancement-marteau-disque#primaryimage\",\"url\":\"https:\/\/www.lausinyvicente.com\/wp-content\/uploads\/2022\/11\/A.99.94-jaula-lanzamiento-martillo-disco.jpg\",\"contentUrl\":\"https:\/\/www.lausinyvicente.com\/wp-content\/uploads\/2022\/11\/A.99.94-jaula-lanzamiento-martillo-disco.jpg\",\"width\":720,\"height\":490},{\"@type\":\"BreadcrumbList\",\"@id\":\"https:\/\/www.lausinyvicente.com\/fr\/equipement-athletisme\/disques\/cage-lancement-marteau-disque#breadcrumb\",\"itemListElement\":[{\"@type\":\"ListItem\",\"position\":1,\"name\":\"Portada\",\"item\":\"https:\/\/www.lausinyvicente.com\/\"},{\"@type\":\"ListItem\",\"position\":2,\"name\":\"Boutique\",\"item\":\"https:\/\/www.lausinyvicente.com\/fr\/boutique\"},{\"@type\":\"ListItem\",\"position\":3,\"name\":\"Cage de lancement de marteau et disque\"}]},{\"@type\":\"WebSite\",\"@id\":\"https:\/\/www.lausinyvicente.com\/#website\",\"url\":\"https:\/\/www.lausinyvicente.com\/\",\"name\":\"Laus\u00edn y Vicente\",\"description\":\"Fabricaci\u00f3n y distribuci\u00f3n de material deportivo\",\"potentialAction\":[{\"@type\":\"SearchAction\",\"target\":{\"@type\":\"EntryPoint\",\"urlTemplate\":\"https:\/\/www.lausinyvicente.com\/?s={search_term_string}\"},\"query-input\":{\"@type\":\"PropertyValueSpecification\",\"valueRequired\":true,\"valueName\":\"search_term_string\"}}],\"inLanguage\":\"fr-FR\"}]}<\/script>\n<!-- \/ Yoast SEO plugin. -->","yoast_head_json":{"title":"Cage de lancement de marteau et disque - Laus\u00edn y Vicente","robots":{"index":"index","follow":"follow","max-snippet":"max-snippet:-1","max-image-preview":"max-image-preview:large","max-video-preview":"max-video-preview:-1"},"canonical":"https:\/\/www.lausinyvicente.com\/fr\/equipement-athletisme\/disques\/cage-lancement-marteau-disque","og_locale":"fr_FR","og_type":"article","og_title":"Cage de lancement de marteau et disque - Laus\u00edn y Vicente","og_description":"Certificat WA N\u00ba E-12-0687 Cage compos\u00e9e de six poteaux de 7,20 m, quatre poteaux de sortie de 10,20 m et deux portes mobiles de 10,20 m avec deux traverses du m\u00eame mat\u00e9riau, le tout en tube d\u2019acier structurel galvanis\u00e9 de section 90x90x3mm. Chacun des poteaux est \u00e9quip\u00e9 d\u2019un treuil incorpor\u00e9 pour soulever le filet. Tous les poteaux sont reli\u00e9s entre eux par un tube t\u00e9lescopique rond de 38 mm de diam\u00e8tre. La cage est fix\u00e9e au sol au moyen d\u2019ancrages de 100x100x3 mm et 80 cm de profondeur, dont six ancrages simples pour les poteaux de 7,20 m et quatre ancrages doubles pour les poteaux de 10,20 m. Filet de p\u00e9rim\u00e8tre en fil de polypropyl\u00e8ne sans noeuds de 5 mm (selon la demande du client) avec maille 45x45 mm en vert ou noir. La cage avec le filet mont\u00e9 r\u00e9siste au vent \u00e0 une vitesse de 66-138 km\/h. Avec des rafales de vent plus fortes, le profilage peut se d\u00e9former et les poteaux peuvent \u00eatre renvers\u00e9s. Il est donc conseill\u00e9 de baisser enti\u00e8rement le filet.","og_url":"https:\/\/www.lausinyvicente.com\/fr\/equipement-athletisme\/disques\/cage-lancement-marteau-disque","og_site_name":"Laus\u00edn y Vicente","og_image":[{"width":720,"height":490,"url":"https:\/\/www.lausinyvicente.com\/wp-content\/uploads\/2022\/11\/A.99.94-jaula-lanzamiento-martillo-disco.jpg","type":"image\/jpeg"}],"twitter_card":"summary_large_image","twitter_misc":{"Dur\u00e9e de lecture estim\u00e9e":"1 minute"},"schema":{"@context":"https:\/\/schema.org","@graph":[{"@type":"WebPage","@id":"https:\/\/www.lausinyvicente.com\/fr\/equipement-athletisme\/disques\/cage-lancement-marteau-disque","url":"https:\/\/www.lausinyvicente.com\/fr\/equipement-athletisme\/disques\/cage-lancement-marteau-disque","name":"Cage de lancement de marteau et disque - Laus\u00edn y Vicente","isPartOf":{"@id":"https:\/\/www.lausinyvicente.com\/#website"},"primaryImageOfPage":{"@id":"https:\/\/www.lausinyvicente.com\/fr\/equipement-athletisme\/disques\/cage-lancement-marteau-disque#primaryimage"},"image":{"@id":"https:\/\/www.lausinyvicente.com\/fr\/equipement-athletisme\/disques\/cage-lancement-marteau-disque#primaryimage"},"thumbnailUrl":"https:\/\/www.lausinyvicente.com\/wp-content\/uploads\/2022\/11\/A.99.94-jaula-lanzamiento-martillo-disco.jpg","datePublished":"2022-11-26T14:26:36+00:00","breadcrumb":{"@id":"https:\/\/www.lausinyvicente.com\/fr\/equipement-athletisme\/disques\/cage-lancement-marteau-disque#breadcrumb"},"inLanguage":"fr-FR","potentialAction":[{"@type":"ReadAction","target":["https:\/\/www.lausinyvicente.com\/fr\/equipement-athletisme\/disques\/cage-lancement-marteau-disque"]}]},{"@type":"ImageObject","inLanguage":"fr-FR","@id":"https:\/\/www.lausinyvicente.com\/fr\/equipement-athletisme\/disques\/cage-lancement-marteau-disque#primaryimage","url":"https:\/\/www.lausinyvicente.com\/wp-content\/uploads\/2022\/11\/A.99.94-jaula-lanzamiento-martillo-disco.jpg","contentUrl":"https:\/\/www.lausinyvicente.com\/wp-content\/uploads\/2022\/11\/A.99.94-jaula-lanzamiento-martillo-disco.jpg","width":720,"height":490},{"@type":"BreadcrumbList","@id":"https:\/\/www.lausinyvicente.com\/fr\/equipement-athletisme\/disques\/cage-lancement-marteau-disque#breadcrumb","itemListElement":[{"@type":"ListItem","position":1,"name":"Portada","item":"https:\/\/www.lausinyvicente.com\/"},{"@type":"ListItem","position":2,"name":"Boutique","item":"https:\/\/www.lausinyvicente.com\/fr\/boutique"},{"@type":"ListItem","position":3,"name":"Cage de lancement de marteau et disque"}]},{"@type":"WebSite","@id":"https:\/\/www.lausinyvicente.com\/#website","url":"https:\/\/www.lausinyvicente.com\/","name":"Laus\u00edn y Vicente","description":"Fabricaci\u00f3n y distribuci\u00f3n de material deportivo","potentialAction":[{"@type":"SearchAction","target":{"@type":"EntryPoint","urlTemplate":"https:\/\/www.lausinyvicente.com\/?s={search_term_string}"},"query-input":{"@type":"PropertyValueSpecification","valueRequired":true,"valueName":"search_term_string"}}],"inLanguage":"fr-FR"}]}},"_links":{"self":[{"href":"https:\/\/www.lausinyvicente.com\/fr\/wp-json\/wp\/v2\/product\/5053","targetHints":{"allow":["GET"]}}],"collection":[{"href":"https:\/\/www.lausinyvicente.com\/fr\/wp-json\/wp\/v2\/product"}],"about":[{"href":"https:\/\/www.lausinyvicente.com\/fr\/wp-json\/wp\/v2\/types\/product"}],"wp:featuredmedia":[{"embeddable":true,"href":"https:\/\/www.lausinyvicente.com\/fr\/wp-json\/wp\/v2\/media\/2250"}],"wp:attachment":[{"href":"https:\/\/www.lausinyvicente.com\/fr\/wp-json\/wp\/v2\/media?parent=5053"}],"wp:term":[{"taxonomy":"product_cat","embeddable":true,"href":"https:\/\/www.lausinyvicente.com\/fr\/wp-json\/wp\/v2\/product_cat?post=5053"},{"taxonomy":"product_tag","embeddable":true,"href":"https:\/\/www.lausinyvicente.com\/fr\/wp-json\/wp\/v2\/product_tag?post=5053"}],"curies":[{"name":"wp","href":"https:\/\/api.w.org\/{rel}","templated":true}]}}