{"id":5054,"date":"2022-11-28T15:01:32","date_gmt":"2022-11-28T15:01:32","guid":{"rendered":"https:\/\/www.lausinyvicente.com\/non class\u00e9\/cercle-de-lancement-de-disque\/"},"modified":"2022-11-28T15:01:32","modified_gmt":"2022-11-28T15:01:32","slug":"cercle-lancement-disque","status":"publish","type":"product","link":"https:\/\/www.lausinyvicente.com\/fr\/equipement-athletisme\/disques\/cercle-lancement-disque","title":{"rendered":"Cercle de lancement de disque"},"content":{"rendered":"","protected":false},"excerpt":{"rendered":"<p>Certificat WA N\u00ba E-12-0670 Fabriqu\u00e9 en t\u00f4le calibr\u00e9e de section 15&#215;20 mm incurv\u00e9e pour former le cercle de 2.500 mm de diam\u00e8tre int\u00e9rieur. Le cercle est compos\u00e9 de six modules zingu\u00e9s puis peints avec de la peinture \u00e9poxy blanche et s\u00e9ch\u00e9s au four. Livr\u00e9 avec vis et chevilles m\u00e9talliques pour le fixer au sol.<\/p>\n","protected":false},"featured_media":2366,"template":"","meta":[],"product_cat":[166,175],"product_tag":[],"class_list":{"0":"post-5054","1":"product","2":"type-product","3":"status-publish","4":"has-post-thumbnail","6":"product_cat-equipement-athletisme","7":"product_cat-disques","9":"first","10":"instock","11":"shipping-taxable","12":"purchasable","13":"product-type-variable"},"yoast_head":"<!-- This site is optimized with the Yoast SEO plugin v27.0 - https:\/\/yoast.com\/product\/yoast-seo-wordpress\/ -->\n<title>Cercle de lancement de disque - Laus\u00edn y Vicente<\/title>\n<meta name=\"robots\" content=\"index, follow, max-snippet:-1, max-image-preview:large, max-video-preview:-1\" \/>\n<link rel=\"canonical\" href=\"https:\/\/www.lausinyvicente.com\/fr\/equipement-athletisme\/disques\/cercle-lancement-disque\" \/>\n<meta property=\"og:locale\" content=\"fr_FR\" \/>\n<meta property=\"og:type\" content=\"article\" \/>\n<meta property=\"og:title\" content=\"Cercle de lancement de disque - Laus\u00edn y Vicente\" \/>\n<meta property=\"og:description\" content=\"Certificat WA N\u00ba E-12-0670 Fabriqu\u00e9 en t\u00f4le calibr\u00e9e de section 15x20 mm incurv\u00e9e pour former le cercle de 2.500 mm de diam\u00e8tre int\u00e9rieur. Le cercle est compos\u00e9 de six modules zingu\u00e9s puis peints avec de la peinture \u00e9poxy blanche et s\u00e9ch\u00e9s au four. Livr\u00e9 avec vis et chevilles m\u00e9talliques pour le fixer au sol.\" \/>\n<meta property=\"og:url\" content=\"https:\/\/www.lausinyvicente.com\/fr\/equipement-athletisme\/disques\/cercle-lancement-disque\" \/>\n<meta property=\"og:site_name\" content=\"Laus\u00edn y Vicente\" \/>\n<meta property=\"og:image\" content=\"https:\/\/www.lausinyvicente.com\/wp-content\/uploads\/2022\/11\/A.99.92-circulo-lanzamiento-disco.jpg\" \/>\n\t<meta property=\"og:image:width\" content=\"720\" \/>\n\t<meta property=\"og:image:height\" content=\"490\" \/>\n\t<meta property=\"og:image:type\" content=\"image\/jpeg\" \/>\n<meta name=\"twitter:card\" content=\"summary_large_image\" \/>\n<script type=\"application\/ld+json\" class=\"yoast-schema-graph\">{\"@context\":\"https:\/\/schema.org\",\"@graph\":[{\"@type\":\"WebPage\",\"@id\":\"https:\/\/www.lausinyvicente.com\/fr\/equipement-athletisme\/disques\/cercle-lancement-disque\",\"url\":\"https:\/\/www.lausinyvicente.com\/fr\/equipement-athletisme\/disques\/cercle-lancement-disque\",\"name\":\"Cercle de lancement de disque - Laus\u00edn y Vicente\",\"isPartOf\":{\"@id\":\"https:\/\/www.lausinyvicente.com\/#website\"},\"primaryImageOfPage\":{\"@id\":\"https:\/\/www.lausinyvicente.com\/fr\/equipement-athletisme\/disques\/cercle-lancement-disque#primaryimage\"},\"image\":{\"@id\":\"https:\/\/www.lausinyvicente.com\/fr\/equipement-athletisme\/disques\/cercle-lancement-disque#primaryimage\"},\"thumbnailUrl\":\"https:\/\/www.lausinyvicente.com\/wp-content\/uploads\/2022\/11\/A.99.92-circulo-lanzamiento-disco.jpg\",\"datePublished\":\"2022-11-28T15:01:32+00:00\",\"breadcrumb\":{\"@id\":\"https:\/\/www.lausinyvicente.com\/fr\/equipement-athletisme\/disques\/cercle-lancement-disque#breadcrumb\"},\"inLanguage\":\"fr-FR\",\"potentialAction\":[{\"@type\":\"ReadAction\",\"target\":[\"https:\/\/www.lausinyvicente.com\/fr\/equipement-athletisme\/disques\/cercle-lancement-disque\"]}]},{\"@type\":\"ImageObject\",\"inLanguage\":\"fr-FR\",\"@id\":\"https:\/\/www.lausinyvicente.com\/fr\/equipement-athletisme\/disques\/cercle-lancement-disque#primaryimage\",\"url\":\"https:\/\/www.lausinyvicente.com\/wp-content\/uploads\/2022\/11\/A.99.92-circulo-lanzamiento-disco.jpg\",\"contentUrl\":\"https:\/\/www.lausinyvicente.com\/wp-content\/uploads\/2022\/11\/A.99.92-circulo-lanzamiento-disco.jpg\",\"width\":720,\"height\":490},{\"@type\":\"BreadcrumbList\",\"@id\":\"https:\/\/www.lausinyvicente.com\/fr\/equipement-athletisme\/disques\/cercle-lancement-disque#breadcrumb\",\"itemListElement\":[{\"@type\":\"ListItem\",\"position\":1,\"name\":\"Portada\",\"item\":\"https:\/\/www.lausinyvicente.com\/\"},{\"@type\":\"ListItem\",\"position\":2,\"name\":\"Boutique\",\"item\":\"https:\/\/www.lausinyvicente.com\/fr\/boutique\"},{\"@type\":\"ListItem\",\"position\":3,\"name\":\"Cercle de lancement de disque\"}]},{\"@type\":\"WebSite\",\"@id\":\"https:\/\/www.lausinyvicente.com\/#website\",\"url\":\"https:\/\/www.lausinyvicente.com\/\",\"name\":\"Laus\u00edn y Vicente\",\"description\":\"Fabricaci\u00f3n y distribuci\u00f3n de material deportivo\",\"potentialAction\":[{\"@type\":\"SearchAction\",\"target\":{\"@type\":\"EntryPoint\",\"urlTemplate\":\"https:\/\/www.lausinyvicente.com\/?s={search_term_string}\"},\"query-input\":{\"@type\":\"PropertyValueSpecification\",\"valueRequired\":true,\"valueName\":\"search_term_string\"}}],\"inLanguage\":\"fr-FR\"}]}<\/script>\n<!-- \/ Yoast SEO plugin. -->","yoast_head_json":{"title":"Cercle de lancement de disque - Laus\u00edn y Vicente","robots":{"index":"index","follow":"follow","max-snippet":"max-snippet:-1","max-image-preview":"max-image-preview:large","max-video-preview":"max-video-preview:-1"},"canonical":"https:\/\/www.lausinyvicente.com\/fr\/equipement-athletisme\/disques\/cercle-lancement-disque","og_locale":"fr_FR","og_type":"article","og_title":"Cercle de lancement de disque - Laus\u00edn y Vicente","og_description":"Certificat WA N\u00ba E-12-0670 Fabriqu\u00e9 en t\u00f4le calibr\u00e9e de section 15x20 mm incurv\u00e9e pour former le cercle de 2.500 mm de diam\u00e8tre int\u00e9rieur. Le cercle est compos\u00e9 de six modules zingu\u00e9s puis peints avec de la peinture \u00e9poxy blanche et s\u00e9ch\u00e9s au four. Livr\u00e9 avec vis et chevilles m\u00e9talliques pour le fixer au sol.","og_url":"https:\/\/www.lausinyvicente.com\/fr\/equipement-athletisme\/disques\/cercle-lancement-disque","og_site_name":"Laus\u00edn y Vicente","og_image":[{"width":720,"height":490,"url":"https:\/\/www.lausinyvicente.com\/wp-content\/uploads\/2022\/11\/A.99.92-circulo-lanzamiento-disco.jpg","type":"image\/jpeg"}],"twitter_card":"summary_large_image","schema":{"@context":"https:\/\/schema.org","@graph":[{"@type":"WebPage","@id":"https:\/\/www.lausinyvicente.com\/fr\/equipement-athletisme\/disques\/cercle-lancement-disque","url":"https:\/\/www.lausinyvicente.com\/fr\/equipement-athletisme\/disques\/cercle-lancement-disque","name":"Cercle de lancement de disque - Laus\u00edn y Vicente","isPartOf":{"@id":"https:\/\/www.lausinyvicente.com\/#website"},"primaryImageOfPage":{"@id":"https:\/\/www.lausinyvicente.com\/fr\/equipement-athletisme\/disques\/cercle-lancement-disque#primaryimage"},"image":{"@id":"https:\/\/www.lausinyvicente.com\/fr\/equipement-athletisme\/disques\/cercle-lancement-disque#primaryimage"},"thumbnailUrl":"https:\/\/www.lausinyvicente.com\/wp-content\/uploads\/2022\/11\/A.99.92-circulo-lanzamiento-disco.jpg","datePublished":"2022-11-28T15:01:32+00:00","breadcrumb":{"@id":"https:\/\/www.lausinyvicente.com\/fr\/equipement-athletisme\/disques\/cercle-lancement-disque#breadcrumb"},"inLanguage":"fr-FR","potentialAction":[{"@type":"ReadAction","target":["https:\/\/www.lausinyvicente.com\/fr\/equipement-athletisme\/disques\/cercle-lancement-disque"]}]},{"@type":"ImageObject","inLanguage":"fr-FR","@id":"https:\/\/www.lausinyvicente.com\/fr\/equipement-athletisme\/disques\/cercle-lancement-disque#primaryimage","url":"https:\/\/www.lausinyvicente.com\/wp-content\/uploads\/2022\/11\/A.99.92-circulo-lanzamiento-disco.jpg","contentUrl":"https:\/\/www.lausinyvicente.com\/wp-content\/uploads\/2022\/11\/A.99.92-circulo-lanzamiento-disco.jpg","width":720,"height":490},{"@type":"BreadcrumbList","@id":"https:\/\/www.lausinyvicente.com\/fr\/equipement-athletisme\/disques\/cercle-lancement-disque#breadcrumb","itemListElement":[{"@type":"ListItem","position":1,"name":"Portada","item":"https:\/\/www.lausinyvicente.com\/"},{"@type":"ListItem","position":2,"name":"Boutique","item":"https:\/\/www.lausinyvicente.com\/fr\/boutique"},{"@type":"ListItem","position":3,"name":"Cercle de lancement de disque"}]},{"@type":"WebSite","@id":"https:\/\/www.lausinyvicente.com\/#website","url":"https:\/\/www.lausinyvicente.com\/","name":"Laus\u00edn y Vicente","description":"Fabricaci\u00f3n y distribuci\u00f3n de material deportivo","potentialAction":[{"@type":"SearchAction","target":{"@type":"EntryPoint","urlTemplate":"https:\/\/www.lausinyvicente.com\/?s={search_term_string}"},"query-input":{"@type":"PropertyValueSpecification","valueRequired":true,"valueName":"search_term_string"}}],"inLanguage":"fr-FR"}]}},"_links":{"self":[{"href":"https:\/\/www.lausinyvicente.com\/fr\/wp-json\/wp\/v2\/product\/5054","targetHints":{"allow":["GET"]}}],"collection":[{"href":"https:\/\/www.lausinyvicente.com\/fr\/wp-json\/wp\/v2\/product"}],"about":[{"href":"https:\/\/www.lausinyvicente.com\/fr\/wp-json\/wp\/v2\/types\/product"}],"wp:featuredmedia":[{"embeddable":true,"href":"https:\/\/www.lausinyvicente.com\/fr\/wp-json\/wp\/v2\/media\/2366"}],"wp:attachment":[{"href":"https:\/\/www.lausinyvicente.com\/fr\/wp-json\/wp\/v2\/media?parent=5054"}],"wp:term":[{"taxonomy":"product_cat","embeddable":true,"href":"https:\/\/www.lausinyvicente.com\/fr\/wp-json\/wp\/v2\/product_cat?post=5054"},{"taxonomy":"product_tag","embeddable":true,"href":"https:\/\/www.lausinyvicente.com\/fr\/wp-json\/wp\/v2\/product_tag?post=5054"}],"curies":[{"name":"wp","href":"https:\/\/api.w.org\/{rel}","templated":true}]}}