{"id":5062,"date":"2022-11-26T20:37:59","date_gmt":"2022-11-26T20:37:59","guid":{"rendered":"https:\/\/www.lausinyvicente.com\/non class\u00e9\/cage-pour-lancement-de-disque\/"},"modified":"2022-11-26T20:37:59","modified_gmt":"2022-11-26T20:37:59","slug":"cage-lancement-disque","status":"publish","type":"product","link":"https:\/\/www.lausinyvicente.com\/fr\/equipement-athletisme\/disques\/cage-lancement-disque","title":{"rendered":"Cage pour lancement de disque"},"content":{"rendered":"","protected":false},"excerpt":{"rendered":"<p>Cage compos\u00e9e de sept poteaux: trois de 4,5 m et quatre de 6,5 m, tous en tube d\u2019acier galvanis\u00e9 90x90x3 mm.<\/p>\n<p>Chacun des poteaux est \u00e9quip\u00e9 d\u2019un treuil pour soulever le filet. La cage est fix\u00e9e au sol au moyen d\u2019ancrages de 100x100x3 mm et 50 cm de profondeur. Filet de p\u00e9rim\u00e8tre en fil de polypropyl\u00e8ne sans n\u0153uds de 5 mm (selon la demande du client) avec maille 45&#215;45 mm en vert ou noir.  <\/p>\n<p>La cage avec le filet mont\u00e9 r\u00e9siste au vent \u00e0 une vitesse de 68 km\/h. Avec des rafales de vent plus fortes, le profilage peut se d\u00e9former et les poteaux peuvent \u00eatre renvers\u00e9s. Il est donc conseill\u00e9 de baisser enti\u00e8rement le filet. <\/p>\n","protected":false},"featured_media":2276,"template":"","meta":[],"product_cat":[166,175,171],"product_tag":[],"class_list":{"0":"post-5062","1":"product","2":"type-product","3":"status-publish","4":"has-post-thumbnail","6":"product_cat-equipement-athletisme","7":"product_cat-disques","8":"product_cat-lancements","10":"first","11":"instock","12":"shipping-taxable","13":"purchasable","14":"product-type-simple"},"yoast_head":"<!-- This site is optimized with the Yoast SEO plugin v27.0 - https:\/\/yoast.com\/product\/yoast-seo-wordpress\/ -->\n<title>Cage pour lancement de disque - Laus\u00edn y Vicente<\/title>\n<meta name=\"robots\" content=\"index, follow, max-snippet:-1, max-image-preview:large, max-video-preview:-1\" \/>\n<link rel=\"canonical\" href=\"https:\/\/www.lausinyvicente.com\/fr\/equipement-athletisme\/disques\/cage-lancement-disque\" \/>\n<meta property=\"og:locale\" content=\"fr_FR\" \/>\n<meta property=\"og:type\" content=\"article\" \/>\n<meta property=\"og:title\" content=\"Cage pour lancement de disque - Laus\u00edn y Vicente\" \/>\n<meta property=\"og:description\" content=\"Cage compos\u00e9e de sept poteaux: trois de 4,5 m et quatre de 6,5 m, tous en tube d\u2019acier galvanis\u00e9 90x90x3 mm. Chacun des poteaux est \u00e9quip\u00e9 d\u2019un treuil pour soulever le filet. La cage est fix\u00e9e au sol au moyen d\u2019ancrages de 100x100x3 mm et 50 cm de profondeur. Filet de p\u00e9rim\u00e8tre en fil de polypropyl\u00e8ne sans n\u0153uds de 5 mm (selon la demande du client) avec maille 45x45 mm en vert ou noir.  La cage avec le filet mont\u00e9 r\u00e9siste au vent \u00e0 une vitesse de 68 km\/h. Avec des rafales de vent plus fortes, le profilage peut se d\u00e9former et les poteaux peuvent \u00eatre renvers\u00e9s. Il est donc conseill\u00e9 de baisser enti\u00e8rement le filet.\" \/>\n<meta property=\"og:url\" content=\"https:\/\/www.lausinyvicente.com\/fr\/equipement-athletisme\/disques\/cage-lancement-disque\" \/>\n<meta property=\"og:site_name\" content=\"Laus\u00edn y Vicente\" \/>\n<meta property=\"og:image\" content=\"https:\/\/www.lausinyvicente.com\/wp-content\/uploads\/2022\/11\/A.99.93-jaula-lanzamiento-disco.jpg\" \/>\n\t<meta property=\"og:image:width\" content=\"720\" \/>\n\t<meta property=\"og:image:height\" content=\"490\" \/>\n\t<meta property=\"og:image:type\" content=\"image\/jpeg\" \/>\n<meta name=\"twitter:card\" content=\"summary_large_image\" \/>\n<script type=\"application\/ld+json\" class=\"yoast-schema-graph\">{\"@context\":\"https:\/\/schema.org\",\"@graph\":[{\"@type\":\"WebPage\",\"@id\":\"https:\/\/www.lausinyvicente.com\/fr\/equipement-athletisme\/disques\/cage-lancement-disque\",\"url\":\"https:\/\/www.lausinyvicente.com\/fr\/equipement-athletisme\/disques\/cage-lancement-disque\",\"name\":\"Cage pour lancement de disque - Laus\u00edn y Vicente\",\"isPartOf\":{\"@id\":\"https:\/\/www.lausinyvicente.com\/#website\"},\"primaryImageOfPage\":{\"@id\":\"https:\/\/www.lausinyvicente.com\/fr\/equipement-athletisme\/disques\/cage-lancement-disque#primaryimage\"},\"image\":{\"@id\":\"https:\/\/www.lausinyvicente.com\/fr\/equipement-athletisme\/disques\/cage-lancement-disque#primaryimage\"},\"thumbnailUrl\":\"https:\/\/www.lausinyvicente.com\/wp-content\/uploads\/2022\/11\/A.99.93-jaula-lanzamiento-disco.jpg\",\"datePublished\":\"2022-11-26T20:37:59+00:00\",\"breadcrumb\":{\"@id\":\"https:\/\/www.lausinyvicente.com\/fr\/equipement-athletisme\/disques\/cage-lancement-disque#breadcrumb\"},\"inLanguage\":\"fr-FR\",\"potentialAction\":[{\"@type\":\"ReadAction\",\"target\":[\"https:\/\/www.lausinyvicente.com\/fr\/equipement-athletisme\/disques\/cage-lancement-disque\"]}]},{\"@type\":\"ImageObject\",\"inLanguage\":\"fr-FR\",\"@id\":\"https:\/\/www.lausinyvicente.com\/fr\/equipement-athletisme\/disques\/cage-lancement-disque#primaryimage\",\"url\":\"https:\/\/www.lausinyvicente.com\/wp-content\/uploads\/2022\/11\/A.99.93-jaula-lanzamiento-disco.jpg\",\"contentUrl\":\"https:\/\/www.lausinyvicente.com\/wp-content\/uploads\/2022\/11\/A.99.93-jaula-lanzamiento-disco.jpg\",\"width\":720,\"height\":490},{\"@type\":\"BreadcrumbList\",\"@id\":\"https:\/\/www.lausinyvicente.com\/fr\/equipement-athletisme\/disques\/cage-lancement-disque#breadcrumb\",\"itemListElement\":[{\"@type\":\"ListItem\",\"position\":1,\"name\":\"Portada\",\"item\":\"https:\/\/www.lausinyvicente.com\/\"},{\"@type\":\"ListItem\",\"position\":2,\"name\":\"Boutique\",\"item\":\"https:\/\/www.lausinyvicente.com\/fr\/boutique\"},{\"@type\":\"ListItem\",\"position\":3,\"name\":\"Cage pour lancement de disque\"}]},{\"@type\":\"WebSite\",\"@id\":\"https:\/\/www.lausinyvicente.com\/#website\",\"url\":\"https:\/\/www.lausinyvicente.com\/\",\"name\":\"Laus\u00edn y Vicente\",\"description\":\"Fabricaci\u00f3n y distribuci\u00f3n de material deportivo\",\"potentialAction\":[{\"@type\":\"SearchAction\",\"target\":{\"@type\":\"EntryPoint\",\"urlTemplate\":\"https:\/\/www.lausinyvicente.com\/?s={search_term_string}\"},\"query-input\":{\"@type\":\"PropertyValueSpecification\",\"valueRequired\":true,\"valueName\":\"search_term_string\"}}],\"inLanguage\":\"fr-FR\"}]}<\/script>\n<!-- \/ Yoast SEO plugin. -->","yoast_head_json":{"title":"Cage pour lancement de disque - Laus\u00edn y Vicente","robots":{"index":"index","follow":"follow","max-snippet":"max-snippet:-1","max-image-preview":"max-image-preview:large","max-video-preview":"max-video-preview:-1"},"canonical":"https:\/\/www.lausinyvicente.com\/fr\/equipement-athletisme\/disques\/cage-lancement-disque","og_locale":"fr_FR","og_type":"article","og_title":"Cage pour lancement de disque - Laus\u00edn y Vicente","og_description":"Cage compos\u00e9e de sept poteaux: trois de 4,5 m et quatre de 6,5 m, tous en tube d\u2019acier galvanis\u00e9 90x90x3 mm. Chacun des poteaux est \u00e9quip\u00e9 d\u2019un treuil pour soulever le filet. La cage est fix\u00e9e au sol au moyen d\u2019ancrages de 100x100x3 mm et 50 cm de profondeur. Filet de p\u00e9rim\u00e8tre en fil de polypropyl\u00e8ne sans n\u0153uds de 5 mm (selon la demande du client) avec maille 45x45 mm en vert ou noir.  La cage avec le filet mont\u00e9 r\u00e9siste au vent \u00e0 une vitesse de 68 km\/h. Avec des rafales de vent plus fortes, le profilage peut se d\u00e9former et les poteaux peuvent \u00eatre renvers\u00e9s. Il est donc conseill\u00e9 de baisser enti\u00e8rement le filet.","og_url":"https:\/\/www.lausinyvicente.com\/fr\/equipement-athletisme\/disques\/cage-lancement-disque","og_site_name":"Laus\u00edn y Vicente","og_image":[{"width":720,"height":490,"url":"https:\/\/www.lausinyvicente.com\/wp-content\/uploads\/2022\/11\/A.99.93-jaula-lanzamiento-disco.jpg","type":"image\/jpeg"}],"twitter_card":"summary_large_image","schema":{"@context":"https:\/\/schema.org","@graph":[{"@type":"WebPage","@id":"https:\/\/www.lausinyvicente.com\/fr\/equipement-athletisme\/disques\/cage-lancement-disque","url":"https:\/\/www.lausinyvicente.com\/fr\/equipement-athletisme\/disques\/cage-lancement-disque","name":"Cage pour lancement de disque - Laus\u00edn y Vicente","isPartOf":{"@id":"https:\/\/www.lausinyvicente.com\/#website"},"primaryImageOfPage":{"@id":"https:\/\/www.lausinyvicente.com\/fr\/equipement-athletisme\/disques\/cage-lancement-disque#primaryimage"},"image":{"@id":"https:\/\/www.lausinyvicente.com\/fr\/equipement-athletisme\/disques\/cage-lancement-disque#primaryimage"},"thumbnailUrl":"https:\/\/www.lausinyvicente.com\/wp-content\/uploads\/2022\/11\/A.99.93-jaula-lanzamiento-disco.jpg","datePublished":"2022-11-26T20:37:59+00:00","breadcrumb":{"@id":"https:\/\/www.lausinyvicente.com\/fr\/equipement-athletisme\/disques\/cage-lancement-disque#breadcrumb"},"inLanguage":"fr-FR","potentialAction":[{"@type":"ReadAction","target":["https:\/\/www.lausinyvicente.com\/fr\/equipement-athletisme\/disques\/cage-lancement-disque"]}]},{"@type":"ImageObject","inLanguage":"fr-FR","@id":"https:\/\/www.lausinyvicente.com\/fr\/equipement-athletisme\/disques\/cage-lancement-disque#primaryimage","url":"https:\/\/www.lausinyvicente.com\/wp-content\/uploads\/2022\/11\/A.99.93-jaula-lanzamiento-disco.jpg","contentUrl":"https:\/\/www.lausinyvicente.com\/wp-content\/uploads\/2022\/11\/A.99.93-jaula-lanzamiento-disco.jpg","width":720,"height":490},{"@type":"BreadcrumbList","@id":"https:\/\/www.lausinyvicente.com\/fr\/equipement-athletisme\/disques\/cage-lancement-disque#breadcrumb","itemListElement":[{"@type":"ListItem","position":1,"name":"Portada","item":"https:\/\/www.lausinyvicente.com\/"},{"@type":"ListItem","position":2,"name":"Boutique","item":"https:\/\/www.lausinyvicente.com\/fr\/boutique"},{"@type":"ListItem","position":3,"name":"Cage pour lancement de disque"}]},{"@type":"WebSite","@id":"https:\/\/www.lausinyvicente.com\/#website","url":"https:\/\/www.lausinyvicente.com\/","name":"Laus\u00edn y Vicente","description":"Fabricaci\u00f3n y distribuci\u00f3n de material deportivo","potentialAction":[{"@type":"SearchAction","target":{"@type":"EntryPoint","urlTemplate":"https:\/\/www.lausinyvicente.com\/?s={search_term_string}"},"query-input":{"@type":"PropertyValueSpecification","valueRequired":true,"valueName":"search_term_string"}}],"inLanguage":"fr-FR"}]}},"_links":{"self":[{"href":"https:\/\/www.lausinyvicente.com\/fr\/wp-json\/wp\/v2\/product\/5062","targetHints":{"allow":["GET"]}}],"collection":[{"href":"https:\/\/www.lausinyvicente.com\/fr\/wp-json\/wp\/v2\/product"}],"about":[{"href":"https:\/\/www.lausinyvicente.com\/fr\/wp-json\/wp\/v2\/types\/product"}],"wp:featuredmedia":[{"embeddable":true,"href":"https:\/\/www.lausinyvicente.com\/fr\/wp-json\/wp\/v2\/media\/2276"}],"wp:attachment":[{"href":"https:\/\/www.lausinyvicente.com\/fr\/wp-json\/wp\/v2\/media?parent=5062"}],"wp:term":[{"taxonomy":"product_cat","embeddable":true,"href":"https:\/\/www.lausinyvicente.com\/fr\/wp-json\/wp\/v2\/product_cat?post=5062"},{"taxonomy":"product_tag","embeddable":true,"href":"https:\/\/www.lausinyvicente.com\/fr\/wp-json\/wp\/v2\/product_tag?post=5062"}],"curies":[{"name":"wp","href":"https:\/\/api.w.org\/{rel}","templated":true}]}}