{"id":5063,"date":"2022-11-28T14:50:34","date_gmt":"2022-11-28T14:50:34","guid":{"rendered":"https:\/\/www.lausinyvicente.com\/non%20class\u00e9\/sautoir-hauteur-scolaire\/"},"modified":"2023-01-08T08:54:00","modified_gmt":"2023-01-08T08:54:00","slug":"sautoir-hauteur-scolaire","status":"publish","type":"product","link":"https:\/\/www.lausinyvicente.com\/fr\/equipement-athletisme\/saut-en-hauteur\/sautoir-hauteur-scolaire","title":{"rendered":"Sautoir hauteur scolaire"},"content":{"rendered":"","protected":false},"excerpt":{"rendered":"<p>Poteaux en aluminium de section carr\u00e9e de 40&#215;40 mm peints en blanc. Socles m\u00e9talliques r\u00e9alis\u00e9s en profil\u00e9 60&#215;40 mm \u00e9maill\u00e9 blanc. \u00c9chelle m\u00e9trique adh\u00e9sive avec supports pour barre d\u2019aluminium. Hauteur r\u00e9glable de 0,50 \u00e0 2,00 m.   <\/p>\n","protected":false},"featured_media":2364,"template":"","meta":[],"product_cat":[166,177],"product_tag":[],"class_list":{"0":"post-5063","1":"product","2":"type-product","3":"status-publish","4":"has-post-thumbnail","6":"product_cat-equipement-athletisme","7":"product_cat-saut-en-hauteur","9":"first","10":"instock","11":"shipping-taxable","12":"purchasable","13":"product-type-variable"},"yoast_head":"<!-- This site is optimized with the Yoast SEO plugin v27.0 - https:\/\/yoast.com\/product\/yoast-seo-wordpress\/ -->\n<title>Sautoir hauteur scolaire - Laus\u00edn y Vicente<\/title>\n<meta name=\"robots\" content=\"index, follow, max-snippet:-1, max-image-preview:large, max-video-preview:-1\" \/>\n<link rel=\"canonical\" href=\"https:\/\/www.lausinyvicente.com\/fr\/equipement-athletisme\/saut-en-hauteur\/sautoir-hauteur-scolaire\" \/>\n<meta property=\"og:locale\" content=\"fr_FR\" \/>\n<meta property=\"og:type\" content=\"article\" \/>\n<meta property=\"og:title\" content=\"Sautoir hauteur scolaire - Laus\u00edn y Vicente\" \/>\n<meta property=\"og:description\" content=\"Poteaux en aluminium de section carr\u00e9e de 40x40 mm peints en blanc. Socles m\u00e9talliques r\u00e9alis\u00e9s en profil\u00e9 60x40 mm \u00e9maill\u00e9 blanc. \u00c9chelle m\u00e9trique adh\u00e9sive avec supports pour barre d\u2019aluminium. Hauteur r\u00e9glable de 0,50 \u00e0 2,00 m.\" \/>\n<meta property=\"og:url\" content=\"https:\/\/www.lausinyvicente.com\/fr\/equipement-athletisme\/saut-en-hauteur\/sautoir-hauteur-scolaire\" \/>\n<meta property=\"og:site_name\" content=\"Laus\u00edn y Vicente\" \/>\n<meta property=\"article:modified_time\" content=\"2023-01-08T08:54:00+00:00\" \/>\n<meta property=\"og:image\" content=\"https:\/\/www.lausinyvicente.com\/wp-content\/uploads\/2022\/11\/A.07.01-saltometro-aluminio-base-hierro.jpg\" \/>\n\t<meta property=\"og:image:width\" content=\"720\" \/>\n\t<meta property=\"og:image:height\" content=\"490\" \/>\n\t<meta property=\"og:image:type\" content=\"image\/jpeg\" \/>\n<meta name=\"twitter:card\" content=\"summary_large_image\" \/>\n<script type=\"application\/ld+json\" class=\"yoast-schema-graph\">{\"@context\":\"https:\/\/schema.org\",\"@graph\":[{\"@type\":\"WebPage\",\"@id\":\"https:\/\/www.lausinyvicente.com\/fr\/equipement-athletisme\/saut-en-hauteur\/sautoir-hauteur-scolaire\",\"url\":\"https:\/\/www.lausinyvicente.com\/fr\/equipement-athletisme\/saut-en-hauteur\/sautoir-hauteur-scolaire\",\"name\":\"Sautoir hauteur scolaire - Laus\u00edn y Vicente\",\"isPartOf\":{\"@id\":\"https:\/\/www.lausinyvicente.com\/#website\"},\"primaryImageOfPage\":{\"@id\":\"https:\/\/www.lausinyvicente.com\/fr\/equipement-athletisme\/saut-en-hauteur\/sautoir-hauteur-scolaire#primaryimage\"},\"image\":{\"@id\":\"https:\/\/www.lausinyvicente.com\/fr\/equipement-athletisme\/saut-en-hauteur\/sautoir-hauteur-scolaire#primaryimage\"},\"thumbnailUrl\":\"https:\/\/www.lausinyvicente.com\/wp-content\/uploads\/2022\/11\/A.07.01-saltometro-aluminio-base-hierro.jpg\",\"datePublished\":\"2022-11-28T14:50:34+00:00\",\"dateModified\":\"2023-01-08T08:54:00+00:00\",\"breadcrumb\":{\"@id\":\"https:\/\/www.lausinyvicente.com\/fr\/equipement-athletisme\/saut-en-hauteur\/sautoir-hauteur-scolaire#breadcrumb\"},\"inLanguage\":\"fr-FR\",\"potentialAction\":[{\"@type\":\"ReadAction\",\"target\":[\"https:\/\/www.lausinyvicente.com\/fr\/equipement-athletisme\/saut-en-hauteur\/sautoir-hauteur-scolaire\"]}]},{\"@type\":\"ImageObject\",\"inLanguage\":\"fr-FR\",\"@id\":\"https:\/\/www.lausinyvicente.com\/fr\/equipement-athletisme\/saut-en-hauteur\/sautoir-hauteur-scolaire#primaryimage\",\"url\":\"https:\/\/www.lausinyvicente.com\/wp-content\/uploads\/2022\/11\/A.07.01-saltometro-aluminio-base-hierro.jpg\",\"contentUrl\":\"https:\/\/www.lausinyvicente.com\/wp-content\/uploads\/2022\/11\/A.07.01-saltometro-aluminio-base-hierro.jpg\",\"width\":720,\"height\":490},{\"@type\":\"BreadcrumbList\",\"@id\":\"https:\/\/www.lausinyvicente.com\/fr\/equipement-athletisme\/saut-en-hauteur\/sautoir-hauteur-scolaire#breadcrumb\",\"itemListElement\":[{\"@type\":\"ListItem\",\"position\":1,\"name\":\"Portada\",\"item\":\"https:\/\/www.lausinyvicente.com\/\"},{\"@type\":\"ListItem\",\"position\":2,\"name\":\"Boutique\",\"item\":\"https:\/\/www.lausinyvicente.com\/fr\/boutique\"},{\"@type\":\"ListItem\",\"position\":3,\"name\":\"Sautoir hauteur scolaire\"}]},{\"@type\":\"WebSite\",\"@id\":\"https:\/\/www.lausinyvicente.com\/#website\",\"url\":\"https:\/\/www.lausinyvicente.com\/\",\"name\":\"Laus\u00edn y Vicente\",\"description\":\"Fabricaci\u00f3n y distribuci\u00f3n de material deportivo\",\"potentialAction\":[{\"@type\":\"SearchAction\",\"target\":{\"@type\":\"EntryPoint\",\"urlTemplate\":\"https:\/\/www.lausinyvicente.com\/?s={search_term_string}\"},\"query-input\":{\"@type\":\"PropertyValueSpecification\",\"valueRequired\":true,\"valueName\":\"search_term_string\"}}],\"inLanguage\":\"fr-FR\"}]}<\/script>\n<!-- \/ Yoast SEO plugin. -->","yoast_head_json":{"title":"Sautoir hauteur scolaire - Laus\u00edn y Vicente","robots":{"index":"index","follow":"follow","max-snippet":"max-snippet:-1","max-image-preview":"max-image-preview:large","max-video-preview":"max-video-preview:-1"},"canonical":"https:\/\/www.lausinyvicente.com\/fr\/equipement-athletisme\/saut-en-hauteur\/sautoir-hauteur-scolaire","og_locale":"fr_FR","og_type":"article","og_title":"Sautoir hauteur scolaire - Laus\u00edn y Vicente","og_description":"Poteaux en aluminium de section carr\u00e9e de 40x40 mm peints en blanc. Socles m\u00e9talliques r\u00e9alis\u00e9s en profil\u00e9 60x40 mm \u00e9maill\u00e9 blanc. \u00c9chelle m\u00e9trique adh\u00e9sive avec supports pour barre d\u2019aluminium. Hauteur r\u00e9glable de 0,50 \u00e0 2,00 m.","og_url":"https:\/\/www.lausinyvicente.com\/fr\/equipement-athletisme\/saut-en-hauteur\/sautoir-hauteur-scolaire","og_site_name":"Laus\u00edn y Vicente","article_modified_time":"2023-01-08T08:54:00+00:00","og_image":[{"width":720,"height":490,"url":"https:\/\/www.lausinyvicente.com\/wp-content\/uploads\/2022\/11\/A.07.01-saltometro-aluminio-base-hierro.jpg","type":"image\/jpeg"}],"twitter_card":"summary_large_image","schema":{"@context":"https:\/\/schema.org","@graph":[{"@type":"WebPage","@id":"https:\/\/www.lausinyvicente.com\/fr\/equipement-athletisme\/saut-en-hauteur\/sautoir-hauteur-scolaire","url":"https:\/\/www.lausinyvicente.com\/fr\/equipement-athletisme\/saut-en-hauteur\/sautoir-hauteur-scolaire","name":"Sautoir hauteur scolaire - Laus\u00edn y Vicente","isPartOf":{"@id":"https:\/\/www.lausinyvicente.com\/#website"},"primaryImageOfPage":{"@id":"https:\/\/www.lausinyvicente.com\/fr\/equipement-athletisme\/saut-en-hauteur\/sautoir-hauteur-scolaire#primaryimage"},"image":{"@id":"https:\/\/www.lausinyvicente.com\/fr\/equipement-athletisme\/saut-en-hauteur\/sautoir-hauteur-scolaire#primaryimage"},"thumbnailUrl":"https:\/\/www.lausinyvicente.com\/wp-content\/uploads\/2022\/11\/A.07.01-saltometro-aluminio-base-hierro.jpg","datePublished":"2022-11-28T14:50:34+00:00","dateModified":"2023-01-08T08:54:00+00:00","breadcrumb":{"@id":"https:\/\/www.lausinyvicente.com\/fr\/equipement-athletisme\/saut-en-hauteur\/sautoir-hauteur-scolaire#breadcrumb"},"inLanguage":"fr-FR","potentialAction":[{"@type":"ReadAction","target":["https:\/\/www.lausinyvicente.com\/fr\/equipement-athletisme\/saut-en-hauteur\/sautoir-hauteur-scolaire"]}]},{"@type":"ImageObject","inLanguage":"fr-FR","@id":"https:\/\/www.lausinyvicente.com\/fr\/equipement-athletisme\/saut-en-hauteur\/sautoir-hauteur-scolaire#primaryimage","url":"https:\/\/www.lausinyvicente.com\/wp-content\/uploads\/2022\/11\/A.07.01-saltometro-aluminio-base-hierro.jpg","contentUrl":"https:\/\/www.lausinyvicente.com\/wp-content\/uploads\/2022\/11\/A.07.01-saltometro-aluminio-base-hierro.jpg","width":720,"height":490},{"@type":"BreadcrumbList","@id":"https:\/\/www.lausinyvicente.com\/fr\/equipement-athletisme\/saut-en-hauteur\/sautoir-hauteur-scolaire#breadcrumb","itemListElement":[{"@type":"ListItem","position":1,"name":"Portada","item":"https:\/\/www.lausinyvicente.com\/"},{"@type":"ListItem","position":2,"name":"Boutique","item":"https:\/\/www.lausinyvicente.com\/fr\/boutique"},{"@type":"ListItem","position":3,"name":"Sautoir hauteur scolaire"}]},{"@type":"WebSite","@id":"https:\/\/www.lausinyvicente.com\/#website","url":"https:\/\/www.lausinyvicente.com\/","name":"Laus\u00edn y Vicente","description":"Fabricaci\u00f3n y distribuci\u00f3n de material deportivo","potentialAction":[{"@type":"SearchAction","target":{"@type":"EntryPoint","urlTemplate":"https:\/\/www.lausinyvicente.com\/?s={search_term_string}"},"query-input":{"@type":"PropertyValueSpecification","valueRequired":true,"valueName":"search_term_string"}}],"inLanguage":"fr-FR"}]}},"_links":{"self":[{"href":"https:\/\/www.lausinyvicente.com\/fr\/wp-json\/wp\/v2\/product\/5063","targetHints":{"allow":["GET"]}}],"collection":[{"href":"https:\/\/www.lausinyvicente.com\/fr\/wp-json\/wp\/v2\/product"}],"about":[{"href":"https:\/\/www.lausinyvicente.com\/fr\/wp-json\/wp\/v2\/types\/product"}],"wp:featuredmedia":[{"embeddable":true,"href":"https:\/\/www.lausinyvicente.com\/fr\/wp-json\/wp\/v2\/media\/2364"}],"wp:attachment":[{"href":"https:\/\/www.lausinyvicente.com\/fr\/wp-json\/wp\/v2\/media?parent=5063"}],"wp:term":[{"taxonomy":"product_cat","embeddable":true,"href":"https:\/\/www.lausinyvicente.com\/fr\/wp-json\/wp\/v2\/product_cat?post=5063"},{"taxonomy":"product_tag","embeddable":true,"href":"https:\/\/www.lausinyvicente.com\/fr\/wp-json\/wp\/v2\/product_tag?post=5063"}],"curies":[{"name":"wp","href":"https:\/\/api.w.org\/{rel}","templated":true}]}}