{"id":5069,"date":"2022-11-28T14:47:44","date_gmt":"2022-11-28T14:47:44","guid":{"rendered":"https:\/\/www.lausinyvicente.com\/non class\u00e9\/poteau-saut-en-hauteur-aluminium-competition\/"},"modified":"2022-11-28T14:47:44","modified_gmt":"2022-11-28T14:47:44","slug":"poteau-saut-hauteur-aluminium-competition","status":"publish","type":"product","link":"https:\/\/www.lausinyvicente.com\/fr\/equipement-athletisme\/saut-en-hauteur\/poteau-saut-hauteur-aluminium-competition","title":{"rendered":"Poteau saut en hauteur aluminium. Comp\u00e9tition"},"content":{"rendered":"","protected":false},"excerpt":{"rendered":"<p>Certificat WA N\u00ba E-19-0995 Poteau saut en hauteur de comp\u00e9tition, con\u00e7u et fabriqu\u00e9 conform\u00e9ment aux normes internationales d\u2019athl\u00e9tisme de l\u2019WA. Les poteaux sont r\u00e9alis\u00e9s en profil\u00e9 d\u2019aluminium extrud\u00e9 de section ronde de 90 mm et laqu\u00e9s en blanc. Le jeu de supports m\u00e9talliques traverse le guidage int\u00e9rieur du profil\u00e9 en aluminium et le fixe dans la position souhait\u00e9e \u00e0 l\u2019aide de deux boutons de serrage. Le profil\u00e9 en aluminium est muni d\u2019un ruban \u00e0 mesurer adh\u00e9sif sur chaque poteau, afin de pouvoir fixer le ruban de support dans les diff\u00e9rentes hauteurs demand\u00e9es. L\u2019ensemble du poteau est fix\u00e9 \u00e0 la base, au moyen d\u2019une m\u00e8che m\u00e9tallique \u00e0 l\u2019int\u00e9rieur du profil\u00e9 en aluminium qui est viss\u00e9e, d\u2019un c\u00f4t\u00e9, sur le guide du profil\u00e9 en aluminium et, de l\u2019autre c\u00f4t\u00e9, sur la plaque de base. L\u2019ensemble de base est constitu\u00e9 d\u2019un syst\u00e8me de r\u00e9glage en hauteur permettant d\u2019obtenir une mise \u00e0 niveau avec le sol si n\u00e9cessaire. Les extr\u00e9mit\u00e9s de la base sont dot\u00e9s de quatre supports en caoutchouc antid\u00e9rapants. L\u2019ensemble de base se compose d\u2019un syst\u00e8me de roues \u00e0 l\u2019une de ses extr\u00e9mit\u00e9s, pour en faciliter le transport. <\/p>\n","protected":false},"featured_media":2360,"template":"","meta":[],"product_cat":[166,177],"product_tag":[],"class_list":{"0":"post-5069","1":"product","2":"type-product","3":"status-publish","4":"has-post-thumbnail","6":"product_cat-equipement-athletisme","7":"product_cat-saut-en-hauteur","9":"first","10":"instock","11":"shipping-taxable","12":"purchasable","13":"product-type-simple"},"yoast_head":"<!-- This site is optimized with the Yoast SEO plugin v27.0 - https:\/\/yoast.com\/product\/yoast-seo-wordpress\/ -->\n<title>Poteau saut en hauteur aluminium. Comp\u00e9tition - Laus\u00edn y Vicente<\/title>\n<meta name=\"robots\" content=\"index, follow, max-snippet:-1, max-image-preview:large, max-video-preview:-1\" \/>\n<link rel=\"canonical\" href=\"https:\/\/www.lausinyvicente.com\/fr\/equipement-athletisme\/saut-en-hauteur\/poteau-saut-hauteur-aluminium-competition\" \/>\n<meta property=\"og:locale\" content=\"fr_FR\" \/>\n<meta property=\"og:type\" content=\"article\" \/>\n<meta property=\"og:title\" content=\"Poteau saut en hauteur aluminium. Comp\u00e9tition - Laus\u00edn y Vicente\" \/>\n<meta property=\"og:description\" content=\"Certificat WA N\u00ba E-19-0995 Poteau saut en hauteur de comp\u00e9tition, con\u00e7u et fabriqu\u00e9 conform\u00e9ment aux normes internationales d\u2019athl\u00e9tisme de l\u2019WA. Les poteaux sont r\u00e9alis\u00e9s en profil\u00e9 d\u2019aluminium extrud\u00e9 de section ronde de 90 mm et laqu\u00e9s en blanc. Le jeu de supports m\u00e9talliques traverse le guidage int\u00e9rieur du profil\u00e9 en aluminium et le fixe dans la position souhait\u00e9e \u00e0 l\u2019aide de deux boutons de serrage. Le profil\u00e9 en aluminium est muni d\u2019un ruban \u00e0 mesurer adh\u00e9sif sur chaque poteau, afin de pouvoir fixer le ruban de support dans les diff\u00e9rentes hauteurs demand\u00e9es. L\u2019ensemble du poteau est fix\u00e9 \u00e0 la base, au moyen d\u2019une m\u00e8che m\u00e9tallique \u00e0 l\u2019int\u00e9rieur du profil\u00e9 en aluminium qui est viss\u00e9e, d\u2019un c\u00f4t\u00e9, sur le guide du profil\u00e9 en aluminium et, de l\u2019autre c\u00f4t\u00e9, sur la plaque de base. L\u2019ensemble de base est constitu\u00e9 d\u2019un syst\u00e8me de r\u00e9glage en hauteur permettant d\u2019obtenir une mise \u00e0 niveau avec le sol si n\u00e9cessaire. Les extr\u00e9mit\u00e9s de la base sont dot\u00e9s de quatre supports en caoutchouc antid\u00e9rapants. L\u2019ensemble de base se compose d\u2019un syst\u00e8me de roues \u00e0 l\u2019une de ses extr\u00e9mit\u00e9s, pour en faciliter le transport.\" \/>\n<meta property=\"og:url\" content=\"https:\/\/www.lausinyvicente.com\/fr\/equipement-athletisme\/saut-en-hauteur\/poteau-saut-hauteur-aluminium-competition\" \/>\n<meta property=\"og:site_name\" content=\"Laus\u00edn y Vicente\" \/>\n<meta property=\"og:image\" content=\"https:\/\/www.lausinyvicente.com\/wp-content\/uploads\/2022\/11\/A.07.20-saltometro-altura-aluminio-competicion.jpg\" \/>\n\t<meta property=\"og:image:width\" content=\"720\" \/>\n\t<meta property=\"og:image:height\" content=\"490\" \/>\n\t<meta property=\"og:image:type\" content=\"image\/jpeg\" \/>\n<meta name=\"twitter:card\" content=\"summary_large_image\" \/>\n<script type=\"application\/ld+json\" class=\"yoast-schema-graph\">{\"@context\":\"https:\/\/schema.org\",\"@graph\":[{\"@type\":\"WebPage\",\"@id\":\"https:\/\/www.lausinyvicente.com\/fr\/equipement-athletisme\/saut-en-hauteur\/poteau-saut-hauteur-aluminium-competition\",\"url\":\"https:\/\/www.lausinyvicente.com\/fr\/equipement-athletisme\/saut-en-hauteur\/poteau-saut-hauteur-aluminium-competition\",\"name\":\"Poteau saut en hauteur aluminium. Comp\u00e9tition - Laus\u00edn y Vicente\",\"isPartOf\":{\"@id\":\"https:\/\/www.lausinyvicente.com\/#website\"},\"primaryImageOfPage\":{\"@id\":\"https:\/\/www.lausinyvicente.com\/fr\/equipement-athletisme\/saut-en-hauteur\/poteau-saut-hauteur-aluminium-competition#primaryimage\"},\"image\":{\"@id\":\"https:\/\/www.lausinyvicente.com\/fr\/equipement-athletisme\/saut-en-hauteur\/poteau-saut-hauteur-aluminium-competition#primaryimage\"},\"thumbnailUrl\":\"https:\/\/www.lausinyvicente.com\/wp-content\/uploads\/2022\/11\/A.07.20-saltometro-altura-aluminio-competicion.jpg\",\"datePublished\":\"2022-11-28T14:47:44+00:00\",\"breadcrumb\":{\"@id\":\"https:\/\/www.lausinyvicente.com\/fr\/equipement-athletisme\/saut-en-hauteur\/poteau-saut-hauteur-aluminium-competition#breadcrumb\"},\"inLanguage\":\"fr-FR\",\"potentialAction\":[{\"@type\":\"ReadAction\",\"target\":[\"https:\/\/www.lausinyvicente.com\/fr\/equipement-athletisme\/saut-en-hauteur\/poteau-saut-hauteur-aluminium-competition\"]}]},{\"@type\":\"ImageObject\",\"inLanguage\":\"fr-FR\",\"@id\":\"https:\/\/www.lausinyvicente.com\/fr\/equipement-athletisme\/saut-en-hauteur\/poteau-saut-hauteur-aluminium-competition#primaryimage\",\"url\":\"https:\/\/www.lausinyvicente.com\/wp-content\/uploads\/2022\/11\/A.07.20-saltometro-altura-aluminio-competicion.jpg\",\"contentUrl\":\"https:\/\/www.lausinyvicente.com\/wp-content\/uploads\/2022\/11\/A.07.20-saltometro-altura-aluminio-competicion.jpg\",\"width\":720,\"height\":490},{\"@type\":\"BreadcrumbList\",\"@id\":\"https:\/\/www.lausinyvicente.com\/fr\/equipement-athletisme\/saut-en-hauteur\/poteau-saut-hauteur-aluminium-competition#breadcrumb\",\"itemListElement\":[{\"@type\":\"ListItem\",\"position\":1,\"name\":\"Portada\",\"item\":\"https:\/\/www.lausinyvicente.com\/\"},{\"@type\":\"ListItem\",\"position\":2,\"name\":\"Boutique\",\"item\":\"https:\/\/www.lausinyvicente.com\/fr\/boutique\"},{\"@type\":\"ListItem\",\"position\":3,\"name\":\"Poteau saut en hauteur aluminium. Comp\u00e9tition\"}]},{\"@type\":\"WebSite\",\"@id\":\"https:\/\/www.lausinyvicente.com\/#website\",\"url\":\"https:\/\/www.lausinyvicente.com\/\",\"name\":\"Laus\u00edn y Vicente\",\"description\":\"Fabricaci\u00f3n y distribuci\u00f3n de material deportivo\",\"potentialAction\":[{\"@type\":\"SearchAction\",\"target\":{\"@type\":\"EntryPoint\",\"urlTemplate\":\"https:\/\/www.lausinyvicente.com\/?s={search_term_string}\"},\"query-input\":{\"@type\":\"PropertyValueSpecification\",\"valueRequired\":true,\"valueName\":\"search_term_string\"}}],\"inLanguage\":\"fr-FR\"}]}<\/script>\n<!-- \/ Yoast SEO plugin. -->","yoast_head_json":{"title":"Poteau saut en hauteur aluminium. Comp\u00e9tition - Laus\u00edn y Vicente","robots":{"index":"index","follow":"follow","max-snippet":"max-snippet:-1","max-image-preview":"max-image-preview:large","max-video-preview":"max-video-preview:-1"},"canonical":"https:\/\/www.lausinyvicente.com\/fr\/equipement-athletisme\/saut-en-hauteur\/poteau-saut-hauteur-aluminium-competition","og_locale":"fr_FR","og_type":"article","og_title":"Poteau saut en hauteur aluminium. Comp\u00e9tition - Laus\u00edn y Vicente","og_description":"Certificat WA N\u00ba E-19-0995 Poteau saut en hauteur de comp\u00e9tition, con\u00e7u et fabriqu\u00e9 conform\u00e9ment aux normes internationales d\u2019athl\u00e9tisme de l\u2019WA. Les poteaux sont r\u00e9alis\u00e9s en profil\u00e9 d\u2019aluminium extrud\u00e9 de section ronde de 90 mm et laqu\u00e9s en blanc. Le jeu de supports m\u00e9talliques traverse le guidage int\u00e9rieur du profil\u00e9 en aluminium et le fixe dans la position souhait\u00e9e \u00e0 l\u2019aide de deux boutons de serrage. Le profil\u00e9 en aluminium est muni d\u2019un ruban \u00e0 mesurer adh\u00e9sif sur chaque poteau, afin de pouvoir fixer le ruban de support dans les diff\u00e9rentes hauteurs demand\u00e9es. L\u2019ensemble du poteau est fix\u00e9 \u00e0 la base, au moyen d\u2019une m\u00e8che m\u00e9tallique \u00e0 l\u2019int\u00e9rieur du profil\u00e9 en aluminium qui est viss\u00e9e, d\u2019un c\u00f4t\u00e9, sur le guide du profil\u00e9 en aluminium et, de l\u2019autre c\u00f4t\u00e9, sur la plaque de base. L\u2019ensemble de base est constitu\u00e9 d\u2019un syst\u00e8me de r\u00e9glage en hauteur permettant d\u2019obtenir une mise \u00e0 niveau avec le sol si n\u00e9cessaire. Les extr\u00e9mit\u00e9s de la base sont dot\u00e9s de quatre supports en caoutchouc antid\u00e9rapants. L\u2019ensemble de base se compose d\u2019un syst\u00e8me de roues \u00e0 l\u2019une de ses extr\u00e9mit\u00e9s, pour en faciliter le transport.","og_url":"https:\/\/www.lausinyvicente.com\/fr\/equipement-athletisme\/saut-en-hauteur\/poteau-saut-hauteur-aluminium-competition","og_site_name":"Laus\u00edn y Vicente","og_image":[{"width":720,"height":490,"url":"https:\/\/www.lausinyvicente.com\/wp-content\/uploads\/2022\/11\/A.07.20-saltometro-altura-aluminio-competicion.jpg","type":"image\/jpeg"}],"twitter_card":"summary_large_image","schema":{"@context":"https:\/\/schema.org","@graph":[{"@type":"WebPage","@id":"https:\/\/www.lausinyvicente.com\/fr\/equipement-athletisme\/saut-en-hauteur\/poteau-saut-hauteur-aluminium-competition","url":"https:\/\/www.lausinyvicente.com\/fr\/equipement-athletisme\/saut-en-hauteur\/poteau-saut-hauteur-aluminium-competition","name":"Poteau saut en hauteur aluminium. Comp\u00e9tition - Laus\u00edn y Vicente","isPartOf":{"@id":"https:\/\/www.lausinyvicente.com\/#website"},"primaryImageOfPage":{"@id":"https:\/\/www.lausinyvicente.com\/fr\/equipement-athletisme\/saut-en-hauteur\/poteau-saut-hauteur-aluminium-competition#primaryimage"},"image":{"@id":"https:\/\/www.lausinyvicente.com\/fr\/equipement-athletisme\/saut-en-hauteur\/poteau-saut-hauteur-aluminium-competition#primaryimage"},"thumbnailUrl":"https:\/\/www.lausinyvicente.com\/wp-content\/uploads\/2022\/11\/A.07.20-saltometro-altura-aluminio-competicion.jpg","datePublished":"2022-11-28T14:47:44+00:00","breadcrumb":{"@id":"https:\/\/www.lausinyvicente.com\/fr\/equipement-athletisme\/saut-en-hauteur\/poteau-saut-hauteur-aluminium-competition#breadcrumb"},"inLanguage":"fr-FR","potentialAction":[{"@type":"ReadAction","target":["https:\/\/www.lausinyvicente.com\/fr\/equipement-athletisme\/saut-en-hauteur\/poteau-saut-hauteur-aluminium-competition"]}]},{"@type":"ImageObject","inLanguage":"fr-FR","@id":"https:\/\/www.lausinyvicente.com\/fr\/equipement-athletisme\/saut-en-hauteur\/poteau-saut-hauteur-aluminium-competition#primaryimage","url":"https:\/\/www.lausinyvicente.com\/wp-content\/uploads\/2022\/11\/A.07.20-saltometro-altura-aluminio-competicion.jpg","contentUrl":"https:\/\/www.lausinyvicente.com\/wp-content\/uploads\/2022\/11\/A.07.20-saltometro-altura-aluminio-competicion.jpg","width":720,"height":490},{"@type":"BreadcrumbList","@id":"https:\/\/www.lausinyvicente.com\/fr\/equipement-athletisme\/saut-en-hauteur\/poteau-saut-hauteur-aluminium-competition#breadcrumb","itemListElement":[{"@type":"ListItem","position":1,"name":"Portada","item":"https:\/\/www.lausinyvicente.com\/"},{"@type":"ListItem","position":2,"name":"Boutique","item":"https:\/\/www.lausinyvicente.com\/fr\/boutique"},{"@type":"ListItem","position":3,"name":"Poteau saut en hauteur aluminium. Comp\u00e9tition"}]},{"@type":"WebSite","@id":"https:\/\/www.lausinyvicente.com\/#website","url":"https:\/\/www.lausinyvicente.com\/","name":"Laus\u00edn y Vicente","description":"Fabricaci\u00f3n y distribuci\u00f3n de material deportivo","potentialAction":[{"@type":"SearchAction","target":{"@type":"EntryPoint","urlTemplate":"https:\/\/www.lausinyvicente.com\/?s={search_term_string}"},"query-input":{"@type":"PropertyValueSpecification","valueRequired":true,"valueName":"search_term_string"}}],"inLanguage":"fr-FR"}]}},"_links":{"self":[{"href":"https:\/\/www.lausinyvicente.com\/fr\/wp-json\/wp\/v2\/product\/5069","targetHints":{"allow":["GET"]}}],"collection":[{"href":"https:\/\/www.lausinyvicente.com\/fr\/wp-json\/wp\/v2\/product"}],"about":[{"href":"https:\/\/www.lausinyvicente.com\/fr\/wp-json\/wp\/v2\/types\/product"}],"wp:featuredmedia":[{"embeddable":true,"href":"https:\/\/www.lausinyvicente.com\/fr\/wp-json\/wp\/v2\/media\/2360"}],"wp:attachment":[{"href":"https:\/\/www.lausinyvicente.com\/fr\/wp-json\/wp\/v2\/media?parent=5069"}],"wp:term":[{"taxonomy":"product_cat","embeddable":true,"href":"https:\/\/www.lausinyvicente.com\/fr\/wp-json\/wp\/v2\/product_cat?post=5069"},{"taxonomy":"product_tag","embeddable":true,"href":"https:\/\/www.lausinyvicente.com\/fr\/wp-json\/wp\/v2\/product_tag?post=5069"}],"curies":[{"name":"wp","href":"https:\/\/api.w.org\/{rel}","templated":true}]}}