{"id":5070,"date":"2022-11-26T20:39:35","date_gmt":"2022-11-26T20:39:35","guid":{"rendered":"https:\/\/www.lausinyvicente.com\/non%20class\u00e9\/poteau-indicateur-de-direction-du-vent-ruban\/"},"modified":"2023-01-08T10:02:03","modified_gmt":"2023-01-08T10:02:03","slug":"poteau-indicateur-direction-vent-ruban","status":"publish","type":"product","link":"https:\/\/www.lausinyvicente.com\/fr\/equipement-athletisme\/lancements\/poteau-indicateur-direction-vent-ruban","title":{"rendered":"Poteau indicateur de direction du vent (ruban)"},"content":{"rendered":"","protected":false},"excerpt":{"rendered":"<p>Fabriqu\u00e9 avec un m\u00e2t de section carr\u00e9e en acier de section 40x40x2 mm fix\u00e9 \u00e0 la base. Un ruban plac\u00e9 sur la partie sup\u00e9rieure indique le vent. La structure en acier est peinte en blanc avec de la peinture en poudre polyester, son application est effectu\u00e9e apr\u00e8s un traitement de d\u00e9graissage au moyen d\u2019un bain de phosphate sous pression et polym\u00e9ris\u00e9e au four \u00e0 200 \u00baC.  <\/p>\n","protected":false},"featured_media":2280,"template":"","meta":[],"product_cat":[166,171],"product_tag":[],"class_list":{"0":"post-5070","1":"product","2":"type-product","3":"status-publish","4":"has-post-thumbnail","6":"product_cat-equipement-athletisme","7":"product_cat-lancements","9":"first","10":"instock","11":"shipping-taxable","12":"purchasable","13":"product-type-simple"},"yoast_head":"<!-- This site is optimized with the Yoast SEO plugin v27.0 - https:\/\/yoast.com\/product\/yoast-seo-wordpress\/ -->\n<title>Poteau indicateur de direction du vent (ruban) - Laus\u00edn y Vicente<\/title>\n<meta name=\"robots\" content=\"index, follow, max-snippet:-1, max-image-preview:large, max-video-preview:-1\" \/>\n<link rel=\"canonical\" href=\"https:\/\/www.lausinyvicente.com\/fr\/equipement-athletisme\/lancements\/poteau-indicateur-direction-vent-ruban\" \/>\n<meta property=\"og:locale\" content=\"fr_FR\" \/>\n<meta property=\"og:type\" content=\"article\" \/>\n<meta property=\"og:title\" content=\"Poteau indicateur de direction du vent (ruban) - Laus\u00edn y Vicente\" \/>\n<meta property=\"og:description\" content=\"Fabriqu\u00e9 avec un m\u00e2t de section carr\u00e9e en acier de section 40x40x2 mm fix\u00e9 \u00e0 la base. Un ruban plac\u00e9 sur la partie sup\u00e9rieure indique le vent. La structure en acier est peinte en blanc avec de la peinture en poudre polyester, son application est effectu\u00e9e apr\u00e8s un traitement de d\u00e9graissage au moyen d\u2019un bain de phosphate sous pression et polym\u00e9ris\u00e9e au four \u00e0 200 \u00baC.\" \/>\n<meta property=\"og:url\" content=\"https:\/\/www.lausinyvicente.com\/fr\/equipement-athletisme\/lancements\/poteau-indicateur-direction-vent-ruban\" \/>\n<meta property=\"og:site_name\" content=\"Laus\u00edn y Vicente\" \/>\n<meta property=\"article:modified_time\" content=\"2023-01-08T10:02:03+00:00\" \/>\n<meta property=\"og:image\" content=\"https:\/\/www.lausinyvicente.com\/wp-content\/uploads\/2022\/11\/A.99.09-poste-indicador-viento.jpg\" \/>\n\t<meta property=\"og:image:width\" content=\"720\" \/>\n\t<meta property=\"og:image:height\" content=\"490\" \/>\n\t<meta property=\"og:image:type\" content=\"image\/jpeg\" \/>\n<meta name=\"twitter:card\" content=\"summary_large_image\" \/>\n<script type=\"application\/ld+json\" class=\"yoast-schema-graph\">{\"@context\":\"https:\/\/schema.org\",\"@graph\":[{\"@type\":\"WebPage\",\"@id\":\"https:\/\/www.lausinyvicente.com\/fr\/equipement-athletisme\/lancements\/poteau-indicateur-direction-vent-ruban\",\"url\":\"https:\/\/www.lausinyvicente.com\/fr\/equipement-athletisme\/lancements\/poteau-indicateur-direction-vent-ruban\",\"name\":\"Poteau indicateur de direction du vent (ruban) - Laus\u00edn y Vicente\",\"isPartOf\":{\"@id\":\"https:\/\/www.lausinyvicente.com\/#website\"},\"primaryImageOfPage\":{\"@id\":\"https:\/\/www.lausinyvicente.com\/fr\/equipement-athletisme\/lancements\/poteau-indicateur-direction-vent-ruban#primaryimage\"},\"image\":{\"@id\":\"https:\/\/www.lausinyvicente.com\/fr\/equipement-athletisme\/lancements\/poteau-indicateur-direction-vent-ruban#primaryimage\"},\"thumbnailUrl\":\"https:\/\/www.lausinyvicente.com\/wp-content\/uploads\/2022\/11\/A.99.09-poste-indicador-viento.jpg\",\"datePublished\":\"2022-11-26T20:39:35+00:00\",\"dateModified\":\"2023-01-08T10:02:03+00:00\",\"breadcrumb\":{\"@id\":\"https:\/\/www.lausinyvicente.com\/fr\/equipement-athletisme\/lancements\/poteau-indicateur-direction-vent-ruban#breadcrumb\"},\"inLanguage\":\"fr-FR\",\"potentialAction\":[{\"@type\":\"ReadAction\",\"target\":[\"https:\/\/www.lausinyvicente.com\/fr\/equipement-athletisme\/lancements\/poteau-indicateur-direction-vent-ruban\"]}]},{\"@type\":\"ImageObject\",\"inLanguage\":\"fr-FR\",\"@id\":\"https:\/\/www.lausinyvicente.com\/fr\/equipement-athletisme\/lancements\/poteau-indicateur-direction-vent-ruban#primaryimage\",\"url\":\"https:\/\/www.lausinyvicente.com\/wp-content\/uploads\/2022\/11\/A.99.09-poste-indicador-viento.jpg\",\"contentUrl\":\"https:\/\/www.lausinyvicente.com\/wp-content\/uploads\/2022\/11\/A.99.09-poste-indicador-viento.jpg\",\"width\":720,\"height\":490},{\"@type\":\"BreadcrumbList\",\"@id\":\"https:\/\/www.lausinyvicente.com\/fr\/equipement-athletisme\/lancements\/poteau-indicateur-direction-vent-ruban#breadcrumb\",\"itemListElement\":[{\"@type\":\"ListItem\",\"position\":1,\"name\":\"Portada\",\"item\":\"https:\/\/www.lausinyvicente.com\/\"},{\"@type\":\"ListItem\",\"position\":2,\"name\":\"Boutique\",\"item\":\"https:\/\/www.lausinyvicente.com\/fr\/boutique\"},{\"@type\":\"ListItem\",\"position\":3,\"name\":\"Poteau indicateur de direction du vent (ruban)\"}]},{\"@type\":\"WebSite\",\"@id\":\"https:\/\/www.lausinyvicente.com\/#website\",\"url\":\"https:\/\/www.lausinyvicente.com\/\",\"name\":\"Laus\u00edn y Vicente\",\"description\":\"Fabricaci\u00f3n y distribuci\u00f3n de material deportivo\",\"potentialAction\":[{\"@type\":\"SearchAction\",\"target\":{\"@type\":\"EntryPoint\",\"urlTemplate\":\"https:\/\/www.lausinyvicente.com\/?s={search_term_string}\"},\"query-input\":{\"@type\":\"PropertyValueSpecification\",\"valueRequired\":true,\"valueName\":\"search_term_string\"}}],\"inLanguage\":\"fr-FR\"}]}<\/script>\n<!-- \/ Yoast SEO plugin. -->","yoast_head_json":{"title":"Poteau indicateur de direction du vent (ruban) - Laus\u00edn y Vicente","robots":{"index":"index","follow":"follow","max-snippet":"max-snippet:-1","max-image-preview":"max-image-preview:large","max-video-preview":"max-video-preview:-1"},"canonical":"https:\/\/www.lausinyvicente.com\/fr\/equipement-athletisme\/lancements\/poteau-indicateur-direction-vent-ruban","og_locale":"fr_FR","og_type":"article","og_title":"Poteau indicateur de direction du vent (ruban) - Laus\u00edn y Vicente","og_description":"Fabriqu\u00e9 avec un m\u00e2t de section carr\u00e9e en acier de section 40x40x2 mm fix\u00e9 \u00e0 la base. Un ruban plac\u00e9 sur la partie sup\u00e9rieure indique le vent. La structure en acier est peinte en blanc avec de la peinture en poudre polyester, son application est effectu\u00e9e apr\u00e8s un traitement de d\u00e9graissage au moyen d\u2019un bain de phosphate sous pression et polym\u00e9ris\u00e9e au four \u00e0 200 \u00baC.","og_url":"https:\/\/www.lausinyvicente.com\/fr\/equipement-athletisme\/lancements\/poteau-indicateur-direction-vent-ruban","og_site_name":"Laus\u00edn y Vicente","article_modified_time":"2023-01-08T10:02:03+00:00","og_image":[{"width":720,"height":490,"url":"https:\/\/www.lausinyvicente.com\/wp-content\/uploads\/2022\/11\/A.99.09-poste-indicador-viento.jpg","type":"image\/jpeg"}],"twitter_card":"summary_large_image","schema":{"@context":"https:\/\/schema.org","@graph":[{"@type":"WebPage","@id":"https:\/\/www.lausinyvicente.com\/fr\/equipement-athletisme\/lancements\/poteau-indicateur-direction-vent-ruban","url":"https:\/\/www.lausinyvicente.com\/fr\/equipement-athletisme\/lancements\/poteau-indicateur-direction-vent-ruban","name":"Poteau indicateur de direction du vent (ruban) - Laus\u00edn y Vicente","isPartOf":{"@id":"https:\/\/www.lausinyvicente.com\/#website"},"primaryImageOfPage":{"@id":"https:\/\/www.lausinyvicente.com\/fr\/equipement-athletisme\/lancements\/poteau-indicateur-direction-vent-ruban#primaryimage"},"image":{"@id":"https:\/\/www.lausinyvicente.com\/fr\/equipement-athletisme\/lancements\/poteau-indicateur-direction-vent-ruban#primaryimage"},"thumbnailUrl":"https:\/\/www.lausinyvicente.com\/wp-content\/uploads\/2022\/11\/A.99.09-poste-indicador-viento.jpg","datePublished":"2022-11-26T20:39:35+00:00","dateModified":"2023-01-08T10:02:03+00:00","breadcrumb":{"@id":"https:\/\/www.lausinyvicente.com\/fr\/equipement-athletisme\/lancements\/poteau-indicateur-direction-vent-ruban#breadcrumb"},"inLanguage":"fr-FR","potentialAction":[{"@type":"ReadAction","target":["https:\/\/www.lausinyvicente.com\/fr\/equipement-athletisme\/lancements\/poteau-indicateur-direction-vent-ruban"]}]},{"@type":"ImageObject","inLanguage":"fr-FR","@id":"https:\/\/www.lausinyvicente.com\/fr\/equipement-athletisme\/lancements\/poteau-indicateur-direction-vent-ruban#primaryimage","url":"https:\/\/www.lausinyvicente.com\/wp-content\/uploads\/2022\/11\/A.99.09-poste-indicador-viento.jpg","contentUrl":"https:\/\/www.lausinyvicente.com\/wp-content\/uploads\/2022\/11\/A.99.09-poste-indicador-viento.jpg","width":720,"height":490},{"@type":"BreadcrumbList","@id":"https:\/\/www.lausinyvicente.com\/fr\/equipement-athletisme\/lancements\/poteau-indicateur-direction-vent-ruban#breadcrumb","itemListElement":[{"@type":"ListItem","position":1,"name":"Portada","item":"https:\/\/www.lausinyvicente.com\/"},{"@type":"ListItem","position":2,"name":"Boutique","item":"https:\/\/www.lausinyvicente.com\/fr\/boutique"},{"@type":"ListItem","position":3,"name":"Poteau indicateur de direction du vent (ruban)"}]},{"@type":"WebSite","@id":"https:\/\/www.lausinyvicente.com\/#website","url":"https:\/\/www.lausinyvicente.com\/","name":"Laus\u00edn y Vicente","description":"Fabricaci\u00f3n y distribuci\u00f3n de material deportivo","potentialAction":[{"@type":"SearchAction","target":{"@type":"EntryPoint","urlTemplate":"https:\/\/www.lausinyvicente.com\/?s={search_term_string}"},"query-input":{"@type":"PropertyValueSpecification","valueRequired":true,"valueName":"search_term_string"}}],"inLanguage":"fr-FR"}]}},"_links":{"self":[{"href":"https:\/\/www.lausinyvicente.com\/fr\/wp-json\/wp\/v2\/product\/5070","targetHints":{"allow":["GET"]}}],"collection":[{"href":"https:\/\/www.lausinyvicente.com\/fr\/wp-json\/wp\/v2\/product"}],"about":[{"href":"https:\/\/www.lausinyvicente.com\/fr\/wp-json\/wp\/v2\/types\/product"}],"wp:featuredmedia":[{"embeddable":true,"href":"https:\/\/www.lausinyvicente.com\/fr\/wp-json\/wp\/v2\/media\/2280"}],"wp:attachment":[{"href":"https:\/\/www.lausinyvicente.com\/fr\/wp-json\/wp\/v2\/media?parent=5070"}],"wp:term":[{"taxonomy":"product_cat","embeddable":true,"href":"https:\/\/www.lausinyvicente.com\/fr\/wp-json\/wp\/v2\/product_cat?post=5070"},{"taxonomy":"product_tag","embeddable":true,"href":"https:\/\/www.lausinyvicente.com\/fr\/wp-json\/wp\/v2\/product_tag?post=5070"}],"curies":[{"name":"wp","href":"https:\/\/api.w.org\/{rel}","templated":true}]}}