{"id":5090,"date":"2022-11-27T07:58:24","date_gmt":"2022-11-27T07:58:24","guid":{"rendered":"https:\/\/www.lausinyvicente.com\/non class\u00e9\/cercle-lancement-de-poids-marteau\/"},"modified":"2022-11-27T07:58:24","modified_gmt":"2022-11-27T07:58:24","slug":"cercle-lancement-poids-marteau","status":"publish","type":"product","link":"https:\/\/www.lausinyvicente.com\/fr\/equipement-athletisme\/poids\/cercle-lancement-poids-marteau","title":{"rendered":"Cercle lancement de poids\/marteau"},"content":{"rendered":"","protected":false},"excerpt":{"rendered":"<p><strong>Certificat WA N\u00ba E-12-0669 <\/strong><\/p>\n<p>Fabriqu\u00e9 en t\u00f4le calibr\u00e9e de section 15 x 20 mm. incurv\u00e9e pour former le cercle de 2135 mm de diam\u00e8tre int\u00e9rieur. Le cercle est compos\u00e9 de six modules zingu\u00e9s puis peints en blanc avec de la peinture \u00e9poxy et s\u00e9ch\u00e9s au four. Livr\u00e9 avec vis et chevilles m\u00e9talliques pour l\u2019ancrage au sol.  <\/p>\n","protected":false},"featured_media":2282,"template":"","meta":[],"product_cat":[166,171,173,179],"product_tag":[],"class_list":{"0":"post-5090","1":"product","2":"type-product","3":"status-publish","4":"has-post-thumbnail","6":"product_cat-equipement-athletisme","7":"product_cat-lancements","8":"product_cat-marteaux","9":"product_cat-poids","11":"first","12":"instock","13":"shipping-taxable","14":"purchasable","15":"product-type-simple"},"yoast_head":"<!-- This site is optimized with the Yoast SEO plugin v27.0 - https:\/\/yoast.com\/product\/yoast-seo-wordpress\/ -->\n<title>Cercle lancement de poids\/marteau - Laus\u00edn y Vicente<\/title>\n<meta name=\"robots\" content=\"index, follow, max-snippet:-1, max-image-preview:large, max-video-preview:-1\" \/>\n<link rel=\"canonical\" href=\"https:\/\/www.lausinyvicente.com\/fr\/equipement-athletisme\/poids\/cercle-lancement-poids-marteau\" \/>\n<meta property=\"og:locale\" content=\"fr_FR\" \/>\n<meta property=\"og:type\" content=\"article\" \/>\n<meta property=\"og:title\" content=\"Cercle lancement de poids\/marteau - Laus\u00edn y Vicente\" \/>\n<meta property=\"og:description\" content=\"Certificat WA N\u00ba E-12-0669  Fabriqu\u00e9 en t\u00f4le calibr\u00e9e de section 15 x 20 mm. incurv\u00e9e pour former le cercle de 2135 mm de diam\u00e8tre int\u00e9rieur. Le cercle est compos\u00e9 de six modules zingu\u00e9s puis peints en blanc avec de la peinture \u00e9poxy et s\u00e9ch\u00e9s au four. Livr\u00e9 avec vis et chevilles m\u00e9talliques pour l\u2019ancrage au sol.\" \/>\n<meta property=\"og:url\" content=\"https:\/\/www.lausinyvicente.com\/fr\/equipement-athletisme\/poids\/cercle-lancement-poids-marteau\" \/>\n<meta property=\"og:site_name\" content=\"Laus\u00edn y Vicente\" \/>\n<meta property=\"og:image\" content=\"https:\/\/www.lausinyvicente.com\/wp-content\/uploads\/2022\/11\/A.99.97-circulo-lanzamiento-peso.jpg\" \/>\n\t<meta property=\"og:image:width\" content=\"720\" \/>\n\t<meta property=\"og:image:height\" content=\"490\" \/>\n\t<meta property=\"og:image:type\" content=\"image\/jpeg\" \/>\n<meta name=\"twitter:card\" content=\"summary_large_image\" \/>\n<script type=\"application\/ld+json\" class=\"yoast-schema-graph\">{\"@context\":\"https:\/\/schema.org\",\"@graph\":[{\"@type\":\"WebPage\",\"@id\":\"https:\/\/www.lausinyvicente.com\/fr\/equipement-athletisme\/poids\/cercle-lancement-poids-marteau\",\"url\":\"https:\/\/www.lausinyvicente.com\/fr\/equipement-athletisme\/poids\/cercle-lancement-poids-marteau\",\"name\":\"Cercle lancement de poids\/marteau - Laus\u00edn y Vicente\",\"isPartOf\":{\"@id\":\"https:\/\/www.lausinyvicente.com\/#website\"},\"primaryImageOfPage\":{\"@id\":\"https:\/\/www.lausinyvicente.com\/fr\/equipement-athletisme\/poids\/cercle-lancement-poids-marteau#primaryimage\"},\"image\":{\"@id\":\"https:\/\/www.lausinyvicente.com\/fr\/equipement-athletisme\/poids\/cercle-lancement-poids-marteau#primaryimage\"},\"thumbnailUrl\":\"https:\/\/www.lausinyvicente.com\/wp-content\/uploads\/2022\/11\/A.99.97-circulo-lanzamiento-peso.jpg\",\"datePublished\":\"2022-11-27T07:58:24+00:00\",\"breadcrumb\":{\"@id\":\"https:\/\/www.lausinyvicente.com\/fr\/equipement-athletisme\/poids\/cercle-lancement-poids-marteau#breadcrumb\"},\"inLanguage\":\"fr-FR\",\"potentialAction\":[{\"@type\":\"ReadAction\",\"target\":[\"https:\/\/www.lausinyvicente.com\/fr\/equipement-athletisme\/poids\/cercle-lancement-poids-marteau\"]}]},{\"@type\":\"ImageObject\",\"inLanguage\":\"fr-FR\",\"@id\":\"https:\/\/www.lausinyvicente.com\/fr\/equipement-athletisme\/poids\/cercle-lancement-poids-marteau#primaryimage\",\"url\":\"https:\/\/www.lausinyvicente.com\/wp-content\/uploads\/2022\/11\/A.99.97-circulo-lanzamiento-peso.jpg\",\"contentUrl\":\"https:\/\/www.lausinyvicente.com\/wp-content\/uploads\/2022\/11\/A.99.97-circulo-lanzamiento-peso.jpg\",\"width\":720,\"height\":490},{\"@type\":\"BreadcrumbList\",\"@id\":\"https:\/\/www.lausinyvicente.com\/fr\/equipement-athletisme\/poids\/cercle-lancement-poids-marteau#breadcrumb\",\"itemListElement\":[{\"@type\":\"ListItem\",\"position\":1,\"name\":\"Portada\",\"item\":\"https:\/\/www.lausinyvicente.com\/\"},{\"@type\":\"ListItem\",\"position\":2,\"name\":\"Boutique\",\"item\":\"https:\/\/www.lausinyvicente.com\/fr\/boutique\"},{\"@type\":\"ListItem\",\"position\":3,\"name\":\"Cercle lancement de poids\/marteau\"}]},{\"@type\":\"WebSite\",\"@id\":\"https:\/\/www.lausinyvicente.com\/#website\",\"url\":\"https:\/\/www.lausinyvicente.com\/\",\"name\":\"Laus\u00edn y Vicente\",\"description\":\"Fabricaci\u00f3n y distribuci\u00f3n de material deportivo\",\"potentialAction\":[{\"@type\":\"SearchAction\",\"target\":{\"@type\":\"EntryPoint\",\"urlTemplate\":\"https:\/\/www.lausinyvicente.com\/?s={search_term_string}\"},\"query-input\":{\"@type\":\"PropertyValueSpecification\",\"valueRequired\":true,\"valueName\":\"search_term_string\"}}],\"inLanguage\":\"fr-FR\"}]}<\/script>\n<!-- \/ Yoast SEO plugin. -->","yoast_head_json":{"title":"Cercle lancement de poids\/marteau - Laus\u00edn y Vicente","robots":{"index":"index","follow":"follow","max-snippet":"max-snippet:-1","max-image-preview":"max-image-preview:large","max-video-preview":"max-video-preview:-1"},"canonical":"https:\/\/www.lausinyvicente.com\/fr\/equipement-athletisme\/poids\/cercle-lancement-poids-marteau","og_locale":"fr_FR","og_type":"article","og_title":"Cercle lancement de poids\/marteau - Laus\u00edn y Vicente","og_description":"Certificat WA N\u00ba E-12-0669  Fabriqu\u00e9 en t\u00f4le calibr\u00e9e de section 15 x 20 mm. incurv\u00e9e pour former le cercle de 2135 mm de diam\u00e8tre int\u00e9rieur. Le cercle est compos\u00e9 de six modules zingu\u00e9s puis peints en blanc avec de la peinture \u00e9poxy et s\u00e9ch\u00e9s au four. Livr\u00e9 avec vis et chevilles m\u00e9talliques pour l\u2019ancrage au sol.","og_url":"https:\/\/www.lausinyvicente.com\/fr\/equipement-athletisme\/poids\/cercle-lancement-poids-marteau","og_site_name":"Laus\u00edn y Vicente","og_image":[{"width":720,"height":490,"url":"https:\/\/www.lausinyvicente.com\/wp-content\/uploads\/2022\/11\/A.99.97-circulo-lanzamiento-peso.jpg","type":"image\/jpeg"}],"twitter_card":"summary_large_image","schema":{"@context":"https:\/\/schema.org","@graph":[{"@type":"WebPage","@id":"https:\/\/www.lausinyvicente.com\/fr\/equipement-athletisme\/poids\/cercle-lancement-poids-marteau","url":"https:\/\/www.lausinyvicente.com\/fr\/equipement-athletisme\/poids\/cercle-lancement-poids-marteau","name":"Cercle lancement de poids\/marteau - Laus\u00edn y Vicente","isPartOf":{"@id":"https:\/\/www.lausinyvicente.com\/#website"},"primaryImageOfPage":{"@id":"https:\/\/www.lausinyvicente.com\/fr\/equipement-athletisme\/poids\/cercle-lancement-poids-marteau#primaryimage"},"image":{"@id":"https:\/\/www.lausinyvicente.com\/fr\/equipement-athletisme\/poids\/cercle-lancement-poids-marteau#primaryimage"},"thumbnailUrl":"https:\/\/www.lausinyvicente.com\/wp-content\/uploads\/2022\/11\/A.99.97-circulo-lanzamiento-peso.jpg","datePublished":"2022-11-27T07:58:24+00:00","breadcrumb":{"@id":"https:\/\/www.lausinyvicente.com\/fr\/equipement-athletisme\/poids\/cercle-lancement-poids-marteau#breadcrumb"},"inLanguage":"fr-FR","potentialAction":[{"@type":"ReadAction","target":["https:\/\/www.lausinyvicente.com\/fr\/equipement-athletisme\/poids\/cercle-lancement-poids-marteau"]}]},{"@type":"ImageObject","inLanguage":"fr-FR","@id":"https:\/\/www.lausinyvicente.com\/fr\/equipement-athletisme\/poids\/cercle-lancement-poids-marteau#primaryimage","url":"https:\/\/www.lausinyvicente.com\/wp-content\/uploads\/2022\/11\/A.99.97-circulo-lanzamiento-peso.jpg","contentUrl":"https:\/\/www.lausinyvicente.com\/wp-content\/uploads\/2022\/11\/A.99.97-circulo-lanzamiento-peso.jpg","width":720,"height":490},{"@type":"BreadcrumbList","@id":"https:\/\/www.lausinyvicente.com\/fr\/equipement-athletisme\/poids\/cercle-lancement-poids-marteau#breadcrumb","itemListElement":[{"@type":"ListItem","position":1,"name":"Portada","item":"https:\/\/www.lausinyvicente.com\/"},{"@type":"ListItem","position":2,"name":"Boutique","item":"https:\/\/www.lausinyvicente.com\/fr\/boutique"},{"@type":"ListItem","position":3,"name":"Cercle lancement de poids\/marteau"}]},{"@type":"WebSite","@id":"https:\/\/www.lausinyvicente.com\/#website","url":"https:\/\/www.lausinyvicente.com\/","name":"Laus\u00edn y Vicente","description":"Fabricaci\u00f3n y distribuci\u00f3n de material deportivo","potentialAction":[{"@type":"SearchAction","target":{"@type":"EntryPoint","urlTemplate":"https:\/\/www.lausinyvicente.com\/?s={search_term_string}"},"query-input":{"@type":"PropertyValueSpecification","valueRequired":true,"valueName":"search_term_string"}}],"inLanguage":"fr-FR"}]}},"_links":{"self":[{"href":"https:\/\/www.lausinyvicente.com\/fr\/wp-json\/wp\/v2\/product\/5090","targetHints":{"allow":["GET"]}}],"collection":[{"href":"https:\/\/www.lausinyvicente.com\/fr\/wp-json\/wp\/v2\/product"}],"about":[{"href":"https:\/\/www.lausinyvicente.com\/fr\/wp-json\/wp\/v2\/types\/product"}],"wp:featuredmedia":[{"embeddable":true,"href":"https:\/\/www.lausinyvicente.com\/fr\/wp-json\/wp\/v2\/media\/2282"}],"wp:attachment":[{"href":"https:\/\/www.lausinyvicente.com\/fr\/wp-json\/wp\/v2\/media?parent=5090"}],"wp:term":[{"taxonomy":"product_cat","embeddable":true,"href":"https:\/\/www.lausinyvicente.com\/fr\/wp-json\/wp\/v2\/product_cat?post=5090"},{"taxonomy":"product_tag","embeddable":true,"href":"https:\/\/www.lausinyvicente.com\/fr\/wp-json\/wp\/v2\/product_tag?post=5090"}],"curies":[{"name":"wp","href":"https:\/\/api.w.org\/{rel}","templated":true}]}}