{"id":5091,"date":"2022-11-28T14:45:45","date_gmt":"2022-11-28T14:45:45","guid":{"rendered":"https:\/\/www.lausinyvicente.com\/non class\u00e9\/sautoir-saut-en-hauteur-competition\/"},"modified":"2022-11-28T14:45:45","modified_gmt":"2022-11-28T14:45:45","slug":"sautoir-saut-hauteur-competition","status":"publish","type":"product","link":"https:\/\/www.lausinyvicente.com\/fr\/equipement-athletisme\/saut-en-hauteur\/sautoir-saut-hauteur-competition","title":{"rendered":"Sautoir saut en hauteur comp\u00e9tition"},"content":{"rendered":"","protected":false},"excerpt":{"rendered":"<p>Certificat WA N\u00ba E-17-0913 Sautoir Sautoir de 6000x4000x700 mm, con\u00e7u et fabriqu\u00e9 conform\u00e9ment aux normes internationales d\u2019athl\u00e9tisme de l\u2019WA. L\u2019ensemble se compose de trois blocs ind\u00e9pendants en polyur\u00e9thane de densit\u00e9 20 SS, formant des chambres \u00e0 air \u00e0 l\u2019int\u00e9rieur et recouverts d\u2019une toile plastifi\u00e9e. Les modules sont reli\u00e9s entre eux par des sangles en nylon et recouverts d\u2019un matelas sp\u00e9cial en toile anti-clous. La g\u00e9om\u00e9trie des modules permet de placer les poteaux de saut \u00e0 la perche dans les espaces libres se trouvant sur les c\u00f4t\u00e9s. Caillebotis m\u00e9tallique Caillebotis m\u00e9tallique pour sautoir 6000&#215;4000 mm, en profil\u00e9 m\u00e9tallique galvanis\u00e9 40&#215;20 mm. Il est divis\u00e9 en trois parties ind\u00e9pendantes pour faciliter le transport et le montage. La structure m\u00e9tallique est sur\u00e9lev\u00e9e de 100 mm au moyen de pieds m\u00e9talliques soud\u00e9s, pour \u00e9viter que l\u2019eau du sol entre en contact avec le sautoir. B\u00e2che de protection B\u00e2che de protection fabriqu\u00e9e en toile plastifi\u00e9e, recouverte de PVC. Indispensable pour prot\u00e9ger le sautoir \u00e0 l\u2019ext\u00e9rieur. Avec syst\u00e8me de fixation au sautoir en cas de vent. Ce mod\u00e8le est pour le sautoir de 6000x4000x700 mm. La couleur de la toile est bleue.<\/p>\n","protected":false},"featured_media":2356,"template":"","meta":[],"product_cat":[166,177],"product_tag":[],"class_list":{"0":"post-5091","1":"product","2":"type-product","3":"status-publish","4":"has-post-thumbnail","6":"product_cat-equipement-athletisme","7":"product_cat-saut-en-hauteur","9":"first","10":"instock","11":"shipping-taxable","12":"purchasable","13":"product-type-variable"},"yoast_head":"<!-- This site is optimized with the Yoast SEO plugin v27.0 - https:\/\/yoast.com\/product\/yoast-seo-wordpress\/ -->\n<title>Sautoir saut en hauteur comp\u00e9tition - Laus\u00edn y Vicente<\/title>\n<meta name=\"robots\" content=\"index, follow, max-snippet:-1, max-image-preview:large, max-video-preview:-1\" \/>\n<link rel=\"canonical\" href=\"https:\/\/www.lausinyvicente.com\/fr\/equipement-athletisme\/saut-en-hauteur\/sautoir-saut-hauteur-competition\" \/>\n<meta property=\"og:locale\" content=\"fr_FR\" \/>\n<meta property=\"og:type\" content=\"article\" \/>\n<meta property=\"og:title\" content=\"Sautoir saut en hauteur comp\u00e9tition - Laus\u00edn y Vicente\" \/>\n<meta property=\"og:description\" content=\"Certificat WA N\u00ba E-17-0913 Sautoir Sautoir de 6000x4000x700 mm, con\u00e7u et fabriqu\u00e9 conform\u00e9ment aux normes internationales d\u2019athl\u00e9tisme de l\u2019WA. L\u2019ensemble se compose de trois blocs ind\u00e9pendants en polyur\u00e9thane de densit\u00e9 20 SS, formant des chambres \u00e0 air \u00e0 l\u2019int\u00e9rieur et recouverts d\u2019une toile plastifi\u00e9e. Les modules sont reli\u00e9s entre eux par des sangles en nylon et recouverts d\u2019un matelas sp\u00e9cial en toile anti-clous. La g\u00e9om\u00e9trie des modules permet de placer les poteaux de saut \u00e0 la perche dans les espaces libres se trouvant sur les c\u00f4t\u00e9s. Caillebotis m\u00e9tallique Caillebotis m\u00e9tallique pour sautoir 6000x4000 mm, en profil\u00e9 m\u00e9tallique galvanis\u00e9 40x20 mm. Il est divis\u00e9 en trois parties ind\u00e9pendantes pour faciliter le transport et le montage. La structure m\u00e9tallique est sur\u00e9lev\u00e9e de 100 mm au moyen de pieds m\u00e9talliques soud\u00e9s, pour \u00e9viter que l\u2019eau du sol entre en contact avec le sautoir. B\u00e2che de protection B\u00e2che de protection fabriqu\u00e9e en toile plastifi\u00e9e, recouverte de PVC. Indispensable pour prot\u00e9ger le sautoir \u00e0 l\u2019ext\u00e9rieur. Avec syst\u00e8me de fixation au sautoir en cas de vent. Ce mod\u00e8le est pour le sautoir de 6000x4000x700 mm. La couleur de la toile est bleue.\" \/>\n<meta property=\"og:url\" content=\"https:\/\/www.lausinyvicente.com\/fr\/equipement-athletisme\/saut-en-hauteur\/sautoir-saut-hauteur-competition\" \/>\n<meta property=\"og:site_name\" content=\"Laus\u00edn y Vicente\" \/>\n<meta property=\"og:image\" content=\"https:\/\/www.lausinyvicente.com\/wp-content\/uploads\/2022\/11\/A.03.19-zona-caida-salto-altura-competicion.jpg\" \/>\n\t<meta property=\"og:image:width\" content=\"720\" \/>\n\t<meta property=\"og:image:height\" content=\"490\" \/>\n\t<meta property=\"og:image:type\" content=\"image\/jpeg\" \/>\n<meta name=\"twitter:card\" content=\"summary_large_image\" \/>\n<script type=\"application\/ld+json\" class=\"yoast-schema-graph\">{\"@context\":\"https:\/\/schema.org\",\"@graph\":[{\"@type\":\"WebPage\",\"@id\":\"https:\/\/www.lausinyvicente.com\/fr\/equipement-athletisme\/saut-en-hauteur\/sautoir-saut-hauteur-competition\",\"url\":\"https:\/\/www.lausinyvicente.com\/fr\/equipement-athletisme\/saut-en-hauteur\/sautoir-saut-hauteur-competition\",\"name\":\"Sautoir saut en hauteur comp\u00e9tition - Laus\u00edn y Vicente\",\"isPartOf\":{\"@id\":\"https:\/\/www.lausinyvicente.com\/#website\"},\"primaryImageOfPage\":{\"@id\":\"https:\/\/www.lausinyvicente.com\/fr\/equipement-athletisme\/saut-en-hauteur\/sautoir-saut-hauteur-competition#primaryimage\"},\"image\":{\"@id\":\"https:\/\/www.lausinyvicente.com\/fr\/equipement-athletisme\/saut-en-hauteur\/sautoir-saut-hauteur-competition#primaryimage\"},\"thumbnailUrl\":\"https:\/\/www.lausinyvicente.com\/wp-content\/uploads\/2022\/11\/A.03.19-zona-caida-salto-altura-competicion.jpg\",\"datePublished\":\"2022-11-28T14:45:45+00:00\",\"breadcrumb\":{\"@id\":\"https:\/\/www.lausinyvicente.com\/fr\/equipement-athletisme\/saut-en-hauteur\/sautoir-saut-hauteur-competition#breadcrumb\"},\"inLanguage\":\"fr-FR\",\"potentialAction\":[{\"@type\":\"ReadAction\",\"target\":[\"https:\/\/www.lausinyvicente.com\/fr\/equipement-athletisme\/saut-en-hauteur\/sautoir-saut-hauteur-competition\"]}]},{\"@type\":\"ImageObject\",\"inLanguage\":\"fr-FR\",\"@id\":\"https:\/\/www.lausinyvicente.com\/fr\/equipement-athletisme\/saut-en-hauteur\/sautoir-saut-hauteur-competition#primaryimage\",\"url\":\"https:\/\/www.lausinyvicente.com\/wp-content\/uploads\/2022\/11\/A.03.19-zona-caida-salto-altura-competicion.jpg\",\"contentUrl\":\"https:\/\/www.lausinyvicente.com\/wp-content\/uploads\/2022\/11\/A.03.19-zona-caida-salto-altura-competicion.jpg\",\"width\":720,\"height\":490},{\"@type\":\"BreadcrumbList\",\"@id\":\"https:\/\/www.lausinyvicente.com\/fr\/equipement-athletisme\/saut-en-hauteur\/sautoir-saut-hauteur-competition#breadcrumb\",\"itemListElement\":[{\"@type\":\"ListItem\",\"position\":1,\"name\":\"Portada\",\"item\":\"https:\/\/www.lausinyvicente.com\/\"},{\"@type\":\"ListItem\",\"position\":2,\"name\":\"Boutique\",\"item\":\"https:\/\/www.lausinyvicente.com\/fr\/boutique\"},{\"@type\":\"ListItem\",\"position\":3,\"name\":\"Sautoir saut en hauteur comp\u00e9tition\"}]},{\"@type\":\"WebSite\",\"@id\":\"https:\/\/www.lausinyvicente.com\/#website\",\"url\":\"https:\/\/www.lausinyvicente.com\/\",\"name\":\"Laus\u00edn y Vicente\",\"description\":\"Fabricaci\u00f3n y distribuci\u00f3n de material deportivo\",\"potentialAction\":[{\"@type\":\"SearchAction\",\"target\":{\"@type\":\"EntryPoint\",\"urlTemplate\":\"https:\/\/www.lausinyvicente.com\/?s={search_term_string}\"},\"query-input\":{\"@type\":\"PropertyValueSpecification\",\"valueRequired\":true,\"valueName\":\"search_term_string\"}}],\"inLanguage\":\"fr-FR\"}]}<\/script>\n<!-- \/ Yoast SEO plugin. -->","yoast_head_json":{"title":"Sautoir saut en hauteur comp\u00e9tition - Laus\u00edn y Vicente","robots":{"index":"index","follow":"follow","max-snippet":"max-snippet:-1","max-image-preview":"max-image-preview:large","max-video-preview":"max-video-preview:-1"},"canonical":"https:\/\/www.lausinyvicente.com\/fr\/equipement-athletisme\/saut-en-hauteur\/sautoir-saut-hauteur-competition","og_locale":"fr_FR","og_type":"article","og_title":"Sautoir saut en hauteur comp\u00e9tition - Laus\u00edn y Vicente","og_description":"Certificat WA N\u00ba E-17-0913 Sautoir Sautoir de 6000x4000x700 mm, con\u00e7u et fabriqu\u00e9 conform\u00e9ment aux normes internationales d\u2019athl\u00e9tisme de l\u2019WA. L\u2019ensemble se compose de trois blocs ind\u00e9pendants en polyur\u00e9thane de densit\u00e9 20 SS, formant des chambres \u00e0 air \u00e0 l\u2019int\u00e9rieur et recouverts d\u2019une toile plastifi\u00e9e. Les modules sont reli\u00e9s entre eux par des sangles en nylon et recouverts d\u2019un matelas sp\u00e9cial en toile anti-clous. La g\u00e9om\u00e9trie des modules permet de placer les poteaux de saut \u00e0 la perche dans les espaces libres se trouvant sur les c\u00f4t\u00e9s. Caillebotis m\u00e9tallique Caillebotis m\u00e9tallique pour sautoir 6000x4000 mm, en profil\u00e9 m\u00e9tallique galvanis\u00e9 40x20 mm. Il est divis\u00e9 en trois parties ind\u00e9pendantes pour faciliter le transport et le montage. La structure m\u00e9tallique est sur\u00e9lev\u00e9e de 100 mm au moyen de pieds m\u00e9talliques soud\u00e9s, pour \u00e9viter que l\u2019eau du sol entre en contact avec le sautoir. B\u00e2che de protection B\u00e2che de protection fabriqu\u00e9e en toile plastifi\u00e9e, recouverte de PVC. Indispensable pour prot\u00e9ger le sautoir \u00e0 l\u2019ext\u00e9rieur. Avec syst\u00e8me de fixation au sautoir en cas de vent. Ce mod\u00e8le est pour le sautoir de 6000x4000x700 mm. La couleur de la toile est bleue.","og_url":"https:\/\/www.lausinyvicente.com\/fr\/equipement-athletisme\/saut-en-hauteur\/sautoir-saut-hauteur-competition","og_site_name":"Laus\u00edn y Vicente","og_image":[{"width":720,"height":490,"url":"https:\/\/www.lausinyvicente.com\/wp-content\/uploads\/2022\/11\/A.03.19-zona-caida-salto-altura-competicion.jpg","type":"image\/jpeg"}],"twitter_card":"summary_large_image","schema":{"@context":"https:\/\/schema.org","@graph":[{"@type":"WebPage","@id":"https:\/\/www.lausinyvicente.com\/fr\/equipement-athletisme\/saut-en-hauteur\/sautoir-saut-hauteur-competition","url":"https:\/\/www.lausinyvicente.com\/fr\/equipement-athletisme\/saut-en-hauteur\/sautoir-saut-hauteur-competition","name":"Sautoir saut en hauteur comp\u00e9tition - Laus\u00edn y Vicente","isPartOf":{"@id":"https:\/\/www.lausinyvicente.com\/#website"},"primaryImageOfPage":{"@id":"https:\/\/www.lausinyvicente.com\/fr\/equipement-athletisme\/saut-en-hauteur\/sautoir-saut-hauteur-competition#primaryimage"},"image":{"@id":"https:\/\/www.lausinyvicente.com\/fr\/equipement-athletisme\/saut-en-hauteur\/sautoir-saut-hauteur-competition#primaryimage"},"thumbnailUrl":"https:\/\/www.lausinyvicente.com\/wp-content\/uploads\/2022\/11\/A.03.19-zona-caida-salto-altura-competicion.jpg","datePublished":"2022-11-28T14:45:45+00:00","breadcrumb":{"@id":"https:\/\/www.lausinyvicente.com\/fr\/equipement-athletisme\/saut-en-hauteur\/sautoir-saut-hauteur-competition#breadcrumb"},"inLanguage":"fr-FR","potentialAction":[{"@type":"ReadAction","target":["https:\/\/www.lausinyvicente.com\/fr\/equipement-athletisme\/saut-en-hauteur\/sautoir-saut-hauteur-competition"]}]},{"@type":"ImageObject","inLanguage":"fr-FR","@id":"https:\/\/www.lausinyvicente.com\/fr\/equipement-athletisme\/saut-en-hauteur\/sautoir-saut-hauteur-competition#primaryimage","url":"https:\/\/www.lausinyvicente.com\/wp-content\/uploads\/2022\/11\/A.03.19-zona-caida-salto-altura-competicion.jpg","contentUrl":"https:\/\/www.lausinyvicente.com\/wp-content\/uploads\/2022\/11\/A.03.19-zona-caida-salto-altura-competicion.jpg","width":720,"height":490},{"@type":"BreadcrumbList","@id":"https:\/\/www.lausinyvicente.com\/fr\/equipement-athletisme\/saut-en-hauteur\/sautoir-saut-hauteur-competition#breadcrumb","itemListElement":[{"@type":"ListItem","position":1,"name":"Portada","item":"https:\/\/www.lausinyvicente.com\/"},{"@type":"ListItem","position":2,"name":"Boutique","item":"https:\/\/www.lausinyvicente.com\/fr\/boutique"},{"@type":"ListItem","position":3,"name":"Sautoir saut en hauteur comp\u00e9tition"}]},{"@type":"WebSite","@id":"https:\/\/www.lausinyvicente.com\/#website","url":"https:\/\/www.lausinyvicente.com\/","name":"Laus\u00edn y Vicente","description":"Fabricaci\u00f3n y distribuci\u00f3n de material deportivo","potentialAction":[{"@type":"SearchAction","target":{"@type":"EntryPoint","urlTemplate":"https:\/\/www.lausinyvicente.com\/?s={search_term_string}"},"query-input":{"@type":"PropertyValueSpecification","valueRequired":true,"valueName":"search_term_string"}}],"inLanguage":"fr-FR"}]}},"_links":{"self":[{"href":"https:\/\/www.lausinyvicente.com\/fr\/wp-json\/wp\/v2\/product\/5091","targetHints":{"allow":["GET"]}}],"collection":[{"href":"https:\/\/www.lausinyvicente.com\/fr\/wp-json\/wp\/v2\/product"}],"about":[{"href":"https:\/\/www.lausinyvicente.com\/fr\/wp-json\/wp\/v2\/types\/product"}],"wp:featuredmedia":[{"embeddable":true,"href":"https:\/\/www.lausinyvicente.com\/fr\/wp-json\/wp\/v2\/media\/2356"}],"wp:attachment":[{"href":"https:\/\/www.lausinyvicente.com\/fr\/wp-json\/wp\/v2\/media?parent=5091"}],"wp:term":[{"taxonomy":"product_cat","embeddable":true,"href":"https:\/\/www.lausinyvicente.com\/fr\/wp-json\/wp\/v2\/product_cat?post=5091"},{"taxonomy":"product_tag","embeddable":true,"href":"https:\/\/www.lausinyvicente.com\/fr\/wp-json\/wp\/v2\/product_tag?post=5091"}],"curies":[{"name":"wp","href":"https:\/\/api.w.org\/{rel}","templated":true}]}}