{"id":5110,"date":"2022-11-27T08:00:24","date_gmt":"2022-11-27T08:00:24","guid":{"rendered":"https:\/\/www.lausinyvicente.com\/non class\u00e9\/cercle-reducteur-disque-marteau\/"},"modified":"2022-11-27T08:00:24","modified_gmt":"2022-11-27T08:00:24","slug":"cercle-reducteur-disque-marteau","status":"publish","type":"product","link":"https:\/\/www.lausinyvicente.com\/fr\/equipement-athletisme\/disques\/cercle-reducteur-disque-marteau","title":{"rendered":"Cercle r\u00e9ducteur disque\/marteau"},"content":{"rendered":"","protected":false},"excerpt":{"rendered":"<p><strong>Certificat WA N\u00b0E-17-0904 <\/strong><\/p>\n<p>R\u00e9ducteur de cercle pour lancement de marteau, con\u00e7u et fabriqu\u00e9 conform\u00e9ment aux normes internationales d\u2019athl\u00e9tisme de l\u2019WA. Compos\u00e9 de deux cercles complets, l\u2019un m\u00e9tallique en t\u00f4le de 3 mm d\u2019\u00e9paisseur form\u00e9e de quatre segments, d\u00e9coup\u00e9s au laser et l\u2019autre en contreplaqu\u00e9 de bouleau, assembl\u00e9s entre eux, afin de r\u00e9duire le diam\u00e8tre int\u00e9rieur du cercle de lancement de 2,5 m de diam\u00e8tre \u00e0 2,135 m de diam\u00e8tre.L\u2019ensemble est blanc, la partie m\u00e9tallique est peinte en poudre polyester et le panneau de contreplaqu\u00e9 est laqu\u00e9.   <\/p>\n","protected":false},"featured_media":2284,"template":"","meta":[],"product_cat":[166,175,171,173],"product_tag":[],"class_list":{"0":"post-5110","1":"product","2":"type-product","3":"status-publish","4":"has-post-thumbnail","6":"product_cat-equipement-athletisme","7":"product_cat-disques","8":"product_cat-lancements","9":"product_cat-marteaux","11":"first","12":"instock","13":"shipping-taxable","14":"purchasable","15":"product-type-simple"},"yoast_head":"<!-- This site is optimized with the Yoast SEO plugin v27.0 - https:\/\/yoast.com\/product\/yoast-seo-wordpress\/ -->\n<title>Cercle r\u00e9ducteur disque\/marteau - Laus\u00edn y Vicente<\/title>\n<meta name=\"robots\" content=\"index, follow, max-snippet:-1, max-image-preview:large, max-video-preview:-1\" \/>\n<link rel=\"canonical\" href=\"https:\/\/www.lausinyvicente.com\/fr\/equipement-athletisme\/disques\/cercle-reducteur-disque-marteau\" \/>\n<meta property=\"og:locale\" content=\"fr_FR\" \/>\n<meta property=\"og:type\" content=\"article\" \/>\n<meta property=\"og:title\" content=\"Cercle r\u00e9ducteur disque\/marteau - Laus\u00edn y Vicente\" \/>\n<meta property=\"og:description\" content=\"Certificat WA N\u00b0E-17-0904  R\u00e9ducteur de cercle pour lancement de marteau, con\u00e7u et fabriqu\u00e9 conform\u00e9ment aux normes internationales d\u2019athl\u00e9tisme de l\u2019WA. Compos\u00e9 de deux cercles complets, l\u2019un m\u00e9tallique en t\u00f4le de 3 mm d\u2019\u00e9paisseur form\u00e9e de quatre segments, d\u00e9coup\u00e9s au laser et l\u2019autre en contreplaqu\u00e9 de bouleau, assembl\u00e9s entre eux, afin de r\u00e9duire le diam\u00e8tre int\u00e9rieur du cercle de lancement de 2,5 m de diam\u00e8tre \u00e0 2,135 m de diam\u00e8tre.L\u2019ensemble est blanc, la partie m\u00e9tallique est peinte en poudre polyester et le panneau de contreplaqu\u00e9 est laqu\u00e9.\" \/>\n<meta property=\"og:url\" content=\"https:\/\/www.lausinyvicente.com\/fr\/equipement-athletisme\/disques\/cercle-reducteur-disque-marteau\" \/>\n<meta property=\"og:site_name\" content=\"Laus\u00edn y Vicente\" \/>\n<meta property=\"og:image\" content=\"https:\/\/www.lausinyvicente.com\/wp-content\/uploads\/2022\/11\/A.99.840-circulo-reductor-disco-martillo.jpg\" \/>\n\t<meta property=\"og:image:width\" content=\"720\" \/>\n\t<meta property=\"og:image:height\" content=\"490\" \/>\n\t<meta property=\"og:image:type\" content=\"image\/jpeg\" \/>\n<meta name=\"twitter:card\" content=\"summary_large_image\" \/>\n<script type=\"application\/ld+json\" class=\"yoast-schema-graph\">{\"@context\":\"https:\/\/schema.org\",\"@graph\":[{\"@type\":\"WebPage\",\"@id\":\"https:\/\/www.lausinyvicente.com\/fr\/equipement-athletisme\/disques\/cercle-reducteur-disque-marteau\",\"url\":\"https:\/\/www.lausinyvicente.com\/fr\/equipement-athletisme\/disques\/cercle-reducteur-disque-marteau\",\"name\":\"Cercle r\u00e9ducteur disque\/marteau - Laus\u00edn y Vicente\",\"isPartOf\":{\"@id\":\"https:\/\/www.lausinyvicente.com\/#website\"},\"primaryImageOfPage\":{\"@id\":\"https:\/\/www.lausinyvicente.com\/fr\/equipement-athletisme\/disques\/cercle-reducteur-disque-marteau#primaryimage\"},\"image\":{\"@id\":\"https:\/\/www.lausinyvicente.com\/fr\/equipement-athletisme\/disques\/cercle-reducteur-disque-marteau#primaryimage\"},\"thumbnailUrl\":\"https:\/\/www.lausinyvicente.com\/wp-content\/uploads\/2022\/11\/A.99.840-circulo-reductor-disco-martillo.jpg\",\"datePublished\":\"2022-11-27T08:00:24+00:00\",\"breadcrumb\":{\"@id\":\"https:\/\/www.lausinyvicente.com\/fr\/equipement-athletisme\/disques\/cercle-reducteur-disque-marteau#breadcrumb\"},\"inLanguage\":\"fr-FR\",\"potentialAction\":[{\"@type\":\"ReadAction\",\"target\":[\"https:\/\/www.lausinyvicente.com\/fr\/equipement-athletisme\/disques\/cercle-reducteur-disque-marteau\"]}]},{\"@type\":\"ImageObject\",\"inLanguage\":\"fr-FR\",\"@id\":\"https:\/\/www.lausinyvicente.com\/fr\/equipement-athletisme\/disques\/cercle-reducteur-disque-marteau#primaryimage\",\"url\":\"https:\/\/www.lausinyvicente.com\/wp-content\/uploads\/2022\/11\/A.99.840-circulo-reductor-disco-martillo.jpg\",\"contentUrl\":\"https:\/\/www.lausinyvicente.com\/wp-content\/uploads\/2022\/11\/A.99.840-circulo-reductor-disco-martillo.jpg\",\"width\":720,\"height\":490},{\"@type\":\"BreadcrumbList\",\"@id\":\"https:\/\/www.lausinyvicente.com\/fr\/equipement-athletisme\/disques\/cercle-reducteur-disque-marteau#breadcrumb\",\"itemListElement\":[{\"@type\":\"ListItem\",\"position\":1,\"name\":\"Portada\",\"item\":\"https:\/\/www.lausinyvicente.com\/\"},{\"@type\":\"ListItem\",\"position\":2,\"name\":\"Boutique\",\"item\":\"https:\/\/www.lausinyvicente.com\/fr\/boutique\"},{\"@type\":\"ListItem\",\"position\":3,\"name\":\"Cercle r\u00e9ducteur disque\/marteau\"}]},{\"@type\":\"WebSite\",\"@id\":\"https:\/\/www.lausinyvicente.com\/#website\",\"url\":\"https:\/\/www.lausinyvicente.com\/\",\"name\":\"Laus\u00edn y Vicente\",\"description\":\"Fabricaci\u00f3n y distribuci\u00f3n de material deportivo\",\"potentialAction\":[{\"@type\":\"SearchAction\",\"target\":{\"@type\":\"EntryPoint\",\"urlTemplate\":\"https:\/\/www.lausinyvicente.com\/?s={search_term_string}\"},\"query-input\":{\"@type\":\"PropertyValueSpecification\",\"valueRequired\":true,\"valueName\":\"search_term_string\"}}],\"inLanguage\":\"fr-FR\"}]}<\/script>\n<!-- \/ Yoast SEO plugin. -->","yoast_head_json":{"title":"Cercle r\u00e9ducteur disque\/marteau - Laus\u00edn y Vicente","robots":{"index":"index","follow":"follow","max-snippet":"max-snippet:-1","max-image-preview":"max-image-preview:large","max-video-preview":"max-video-preview:-1"},"canonical":"https:\/\/www.lausinyvicente.com\/fr\/equipement-athletisme\/disques\/cercle-reducteur-disque-marteau","og_locale":"fr_FR","og_type":"article","og_title":"Cercle r\u00e9ducteur disque\/marteau - Laus\u00edn y Vicente","og_description":"Certificat WA N\u00b0E-17-0904  R\u00e9ducteur de cercle pour lancement de marteau, con\u00e7u et fabriqu\u00e9 conform\u00e9ment aux normes internationales d\u2019athl\u00e9tisme de l\u2019WA. Compos\u00e9 de deux cercles complets, l\u2019un m\u00e9tallique en t\u00f4le de 3 mm d\u2019\u00e9paisseur form\u00e9e de quatre segments, d\u00e9coup\u00e9s au laser et l\u2019autre en contreplaqu\u00e9 de bouleau, assembl\u00e9s entre eux, afin de r\u00e9duire le diam\u00e8tre int\u00e9rieur du cercle de lancement de 2,5 m de diam\u00e8tre \u00e0 2,135 m de diam\u00e8tre.L\u2019ensemble est blanc, la partie m\u00e9tallique est peinte en poudre polyester et le panneau de contreplaqu\u00e9 est laqu\u00e9.","og_url":"https:\/\/www.lausinyvicente.com\/fr\/equipement-athletisme\/disques\/cercle-reducteur-disque-marteau","og_site_name":"Laus\u00edn y Vicente","og_image":[{"width":720,"height":490,"url":"https:\/\/www.lausinyvicente.com\/wp-content\/uploads\/2022\/11\/A.99.840-circulo-reductor-disco-martillo.jpg","type":"image\/jpeg"}],"twitter_card":"summary_large_image","schema":{"@context":"https:\/\/schema.org","@graph":[{"@type":"WebPage","@id":"https:\/\/www.lausinyvicente.com\/fr\/equipement-athletisme\/disques\/cercle-reducteur-disque-marteau","url":"https:\/\/www.lausinyvicente.com\/fr\/equipement-athletisme\/disques\/cercle-reducteur-disque-marteau","name":"Cercle r\u00e9ducteur disque\/marteau - Laus\u00edn y Vicente","isPartOf":{"@id":"https:\/\/www.lausinyvicente.com\/#website"},"primaryImageOfPage":{"@id":"https:\/\/www.lausinyvicente.com\/fr\/equipement-athletisme\/disques\/cercle-reducteur-disque-marteau#primaryimage"},"image":{"@id":"https:\/\/www.lausinyvicente.com\/fr\/equipement-athletisme\/disques\/cercle-reducteur-disque-marteau#primaryimage"},"thumbnailUrl":"https:\/\/www.lausinyvicente.com\/wp-content\/uploads\/2022\/11\/A.99.840-circulo-reductor-disco-martillo.jpg","datePublished":"2022-11-27T08:00:24+00:00","breadcrumb":{"@id":"https:\/\/www.lausinyvicente.com\/fr\/equipement-athletisme\/disques\/cercle-reducteur-disque-marteau#breadcrumb"},"inLanguage":"fr-FR","potentialAction":[{"@type":"ReadAction","target":["https:\/\/www.lausinyvicente.com\/fr\/equipement-athletisme\/disques\/cercle-reducteur-disque-marteau"]}]},{"@type":"ImageObject","inLanguage":"fr-FR","@id":"https:\/\/www.lausinyvicente.com\/fr\/equipement-athletisme\/disques\/cercle-reducteur-disque-marteau#primaryimage","url":"https:\/\/www.lausinyvicente.com\/wp-content\/uploads\/2022\/11\/A.99.840-circulo-reductor-disco-martillo.jpg","contentUrl":"https:\/\/www.lausinyvicente.com\/wp-content\/uploads\/2022\/11\/A.99.840-circulo-reductor-disco-martillo.jpg","width":720,"height":490},{"@type":"BreadcrumbList","@id":"https:\/\/www.lausinyvicente.com\/fr\/equipement-athletisme\/disques\/cercle-reducteur-disque-marteau#breadcrumb","itemListElement":[{"@type":"ListItem","position":1,"name":"Portada","item":"https:\/\/www.lausinyvicente.com\/"},{"@type":"ListItem","position":2,"name":"Boutique","item":"https:\/\/www.lausinyvicente.com\/fr\/boutique"},{"@type":"ListItem","position":3,"name":"Cercle r\u00e9ducteur disque\/marteau"}]},{"@type":"WebSite","@id":"https:\/\/www.lausinyvicente.com\/#website","url":"https:\/\/www.lausinyvicente.com\/","name":"Laus\u00edn y Vicente","description":"Fabricaci\u00f3n y distribuci\u00f3n de material deportivo","potentialAction":[{"@type":"SearchAction","target":{"@type":"EntryPoint","urlTemplate":"https:\/\/www.lausinyvicente.com\/?s={search_term_string}"},"query-input":{"@type":"PropertyValueSpecification","valueRequired":true,"valueName":"search_term_string"}}],"inLanguage":"fr-FR"}]}},"_links":{"self":[{"href":"https:\/\/www.lausinyvicente.com\/fr\/wp-json\/wp\/v2\/product\/5110","targetHints":{"allow":["GET"]}}],"collection":[{"href":"https:\/\/www.lausinyvicente.com\/fr\/wp-json\/wp\/v2\/product"}],"about":[{"href":"https:\/\/www.lausinyvicente.com\/fr\/wp-json\/wp\/v2\/types\/product"}],"wp:featuredmedia":[{"embeddable":true,"href":"https:\/\/www.lausinyvicente.com\/fr\/wp-json\/wp\/v2\/media\/2284"}],"wp:attachment":[{"href":"https:\/\/www.lausinyvicente.com\/fr\/wp-json\/wp\/v2\/media?parent=5110"}],"wp:term":[{"taxonomy":"product_cat","embeddable":true,"href":"https:\/\/www.lausinyvicente.com\/fr\/wp-json\/wp\/v2\/product_cat?post=5110"},{"taxonomy":"product_tag","embeddable":true,"href":"https:\/\/www.lausinyvicente.com\/fr\/wp-json\/wp\/v2\/product_tag?post=5110"}],"curies":[{"name":"wp","href":"https:\/\/api.w.org\/{rel}","templated":true}]}}