{"id":5150,"date":"2022-11-28T14:19:35","date_gmt":"2022-11-28T14:19:35","guid":{"rendered":"https:\/\/www.lausinyvicente.com\/non class\u00e9\/podium-presentation-empilable-contreplaque\/"},"modified":"2022-11-28T14:19:35","modified_gmt":"2022-11-28T14:19:35","slug":"podim-presentation-empilable-contreplaque","status":"publish","type":"product","link":"https:\/\/www.lausinyvicente.com\/fr\/equipement-athletisme\/divers\/podim-presentation-empilable-contreplaque","title":{"rendered":"Podium pr\u00e9sentation empilable (contreplaqu\u00e9)"},"content":{"rendered":"","protected":false},"excerpt":{"rendered":"<p>Enti\u00e8rement fabriqu\u00e9 en contreplaqu\u00e9 de bouleau de 16 mm. L\u2019ensemble est compos\u00e9 de 3 hauteurs diff\u00e9rentes avec des encoches lat\u00e9rales pour le transport. Les trois niveaux restent r\u00e9unis en un seul, ce qui facilite le rangement ou le transport. Sur l\u2019une des faces avant de chaque niveau, les chiffres \u201c1, 2 et 3\u201d sont indiqu\u00e9s sur un panneau en mousse de PVC de 4 mm, viss\u00e9 sur chaque niveau du podium.   <\/p>\n","protected":false},"featured_media":2348,"template":"","meta":[],"product_cat":[166,181],"product_tag":[],"class_list":{"0":"post-5150","1":"product","2":"type-product","3":"status-publish","4":"has-post-thumbnail","6":"product_cat-equipement-athletisme","7":"product_cat-divers","9":"first","10":"instock","11":"shipping-taxable","12":"purchasable","13":"product-type-simple"},"yoast_head":"<!-- This site is optimized with the Yoast SEO plugin v27.0 - https:\/\/yoast.com\/product\/yoast-seo-wordpress\/ -->\n<title>Podium pr\u00e9sentation empilable (contreplaqu\u00e9) - Laus\u00edn y Vicente<\/title>\n<meta name=\"robots\" content=\"index, follow, max-snippet:-1, max-image-preview:large, max-video-preview:-1\" \/>\n<link rel=\"canonical\" href=\"https:\/\/www.lausinyvicente.com\/fr\/equipement-athletisme\/divers\/podim-presentation-empilable-contreplaque\" \/>\n<meta property=\"og:locale\" content=\"fr_FR\" \/>\n<meta property=\"og:type\" content=\"article\" \/>\n<meta property=\"og:title\" content=\"Podium pr\u00e9sentation empilable (contreplaqu\u00e9) - Laus\u00edn y Vicente\" \/>\n<meta property=\"og:description\" content=\"Enti\u00e8rement fabriqu\u00e9 en contreplaqu\u00e9 de bouleau de 16 mm. L\u2019ensemble est compos\u00e9 de 3 hauteurs diff\u00e9rentes avec des encoches lat\u00e9rales pour le transport. Les trois niveaux restent r\u00e9unis en un seul, ce qui facilite le rangement ou le transport. Sur l\u2019une des faces avant de chaque niveau, les chiffres \u201c1, 2 et 3\u201d sont indiqu\u00e9s sur un panneau en mousse de PVC de 4 mm, viss\u00e9 sur chaque niveau du podium.\" \/>\n<meta property=\"og:url\" content=\"https:\/\/www.lausinyvicente.com\/fr\/equipement-athletisme\/divers\/podim-presentation-empilable-contreplaque\" \/>\n<meta property=\"og:site_name\" content=\"Laus\u00edn y Vicente\" \/>\n<meta property=\"og:image\" content=\"https:\/\/www.lausinyvicente.com\/wp-content\/uploads\/2022\/11\/A.99.57-podium-presentacion-apilable.jpg\" \/>\n\t<meta property=\"og:image:width\" content=\"720\" \/>\n\t<meta property=\"og:image:height\" content=\"490\" \/>\n\t<meta property=\"og:image:type\" content=\"image\/jpeg\" \/>\n<meta name=\"twitter:card\" content=\"summary_large_image\" \/>\n<script type=\"application\/ld+json\" class=\"yoast-schema-graph\">{\"@context\":\"https:\/\/schema.org\",\"@graph\":[{\"@type\":\"WebPage\",\"@id\":\"https:\/\/www.lausinyvicente.com\/fr\/equipement-athletisme\/divers\/podim-presentation-empilable-contreplaque\",\"url\":\"https:\/\/www.lausinyvicente.com\/fr\/equipement-athletisme\/divers\/podim-presentation-empilable-contreplaque\",\"name\":\"Podium pr\u00e9sentation empilable (contreplaqu\u00e9) - Laus\u00edn y Vicente\",\"isPartOf\":{\"@id\":\"https:\/\/www.lausinyvicente.com\/#website\"},\"primaryImageOfPage\":{\"@id\":\"https:\/\/www.lausinyvicente.com\/fr\/equipement-athletisme\/divers\/podim-presentation-empilable-contreplaque#primaryimage\"},\"image\":{\"@id\":\"https:\/\/www.lausinyvicente.com\/fr\/equipement-athletisme\/divers\/podim-presentation-empilable-contreplaque#primaryimage\"},\"thumbnailUrl\":\"https:\/\/www.lausinyvicente.com\/wp-content\/uploads\/2022\/11\/A.99.57-podium-presentacion-apilable.jpg\",\"datePublished\":\"2022-11-28T14:19:35+00:00\",\"breadcrumb\":{\"@id\":\"https:\/\/www.lausinyvicente.com\/fr\/equipement-athletisme\/divers\/podim-presentation-empilable-contreplaque#breadcrumb\"},\"inLanguage\":\"fr-FR\",\"potentialAction\":[{\"@type\":\"ReadAction\",\"target\":[\"https:\/\/www.lausinyvicente.com\/fr\/equipement-athletisme\/divers\/podim-presentation-empilable-contreplaque\"]}]},{\"@type\":\"ImageObject\",\"inLanguage\":\"fr-FR\",\"@id\":\"https:\/\/www.lausinyvicente.com\/fr\/equipement-athletisme\/divers\/podim-presentation-empilable-contreplaque#primaryimage\",\"url\":\"https:\/\/www.lausinyvicente.com\/wp-content\/uploads\/2022\/11\/A.99.57-podium-presentacion-apilable.jpg\",\"contentUrl\":\"https:\/\/www.lausinyvicente.com\/wp-content\/uploads\/2022\/11\/A.99.57-podium-presentacion-apilable.jpg\",\"width\":720,\"height\":490},{\"@type\":\"BreadcrumbList\",\"@id\":\"https:\/\/www.lausinyvicente.com\/fr\/equipement-athletisme\/divers\/podim-presentation-empilable-contreplaque#breadcrumb\",\"itemListElement\":[{\"@type\":\"ListItem\",\"position\":1,\"name\":\"Portada\",\"item\":\"https:\/\/www.lausinyvicente.com\/\"},{\"@type\":\"ListItem\",\"position\":2,\"name\":\"Boutique\",\"item\":\"https:\/\/www.lausinyvicente.com\/fr\/boutique\"},{\"@type\":\"ListItem\",\"position\":3,\"name\":\"Podium pr\u00e9sentation empilable (contreplaqu\u00e9)\"}]},{\"@type\":\"WebSite\",\"@id\":\"https:\/\/www.lausinyvicente.com\/#website\",\"url\":\"https:\/\/www.lausinyvicente.com\/\",\"name\":\"Laus\u00edn y Vicente\",\"description\":\"Fabricaci\u00f3n y distribuci\u00f3n de material deportivo\",\"potentialAction\":[{\"@type\":\"SearchAction\",\"target\":{\"@type\":\"EntryPoint\",\"urlTemplate\":\"https:\/\/www.lausinyvicente.com\/?s={search_term_string}\"},\"query-input\":{\"@type\":\"PropertyValueSpecification\",\"valueRequired\":true,\"valueName\":\"search_term_string\"}}],\"inLanguage\":\"fr-FR\"}]}<\/script>\n<!-- \/ Yoast SEO plugin. -->","yoast_head_json":{"title":"Podium pr\u00e9sentation empilable (contreplaqu\u00e9) - Laus\u00edn y Vicente","robots":{"index":"index","follow":"follow","max-snippet":"max-snippet:-1","max-image-preview":"max-image-preview:large","max-video-preview":"max-video-preview:-1"},"canonical":"https:\/\/www.lausinyvicente.com\/fr\/equipement-athletisme\/divers\/podim-presentation-empilable-contreplaque","og_locale":"fr_FR","og_type":"article","og_title":"Podium pr\u00e9sentation empilable (contreplaqu\u00e9) - Laus\u00edn y Vicente","og_description":"Enti\u00e8rement fabriqu\u00e9 en contreplaqu\u00e9 de bouleau de 16 mm. L\u2019ensemble est compos\u00e9 de 3 hauteurs diff\u00e9rentes avec des encoches lat\u00e9rales pour le transport. Les trois niveaux restent r\u00e9unis en un seul, ce qui facilite le rangement ou le transport. Sur l\u2019une des faces avant de chaque niveau, les chiffres \u201c1, 2 et 3\u201d sont indiqu\u00e9s sur un panneau en mousse de PVC de 4 mm, viss\u00e9 sur chaque niveau du podium.","og_url":"https:\/\/www.lausinyvicente.com\/fr\/equipement-athletisme\/divers\/podim-presentation-empilable-contreplaque","og_site_name":"Laus\u00edn y Vicente","og_image":[{"width":720,"height":490,"url":"https:\/\/www.lausinyvicente.com\/wp-content\/uploads\/2022\/11\/A.99.57-podium-presentacion-apilable.jpg","type":"image\/jpeg"}],"twitter_card":"summary_large_image","schema":{"@context":"https:\/\/schema.org","@graph":[{"@type":"WebPage","@id":"https:\/\/www.lausinyvicente.com\/fr\/equipement-athletisme\/divers\/podim-presentation-empilable-contreplaque","url":"https:\/\/www.lausinyvicente.com\/fr\/equipement-athletisme\/divers\/podim-presentation-empilable-contreplaque","name":"Podium pr\u00e9sentation empilable (contreplaqu\u00e9) - Laus\u00edn y Vicente","isPartOf":{"@id":"https:\/\/www.lausinyvicente.com\/#website"},"primaryImageOfPage":{"@id":"https:\/\/www.lausinyvicente.com\/fr\/equipement-athletisme\/divers\/podim-presentation-empilable-contreplaque#primaryimage"},"image":{"@id":"https:\/\/www.lausinyvicente.com\/fr\/equipement-athletisme\/divers\/podim-presentation-empilable-contreplaque#primaryimage"},"thumbnailUrl":"https:\/\/www.lausinyvicente.com\/wp-content\/uploads\/2022\/11\/A.99.57-podium-presentacion-apilable.jpg","datePublished":"2022-11-28T14:19:35+00:00","breadcrumb":{"@id":"https:\/\/www.lausinyvicente.com\/fr\/equipement-athletisme\/divers\/podim-presentation-empilable-contreplaque#breadcrumb"},"inLanguage":"fr-FR","potentialAction":[{"@type":"ReadAction","target":["https:\/\/www.lausinyvicente.com\/fr\/equipement-athletisme\/divers\/podim-presentation-empilable-contreplaque"]}]},{"@type":"ImageObject","inLanguage":"fr-FR","@id":"https:\/\/www.lausinyvicente.com\/fr\/equipement-athletisme\/divers\/podim-presentation-empilable-contreplaque#primaryimage","url":"https:\/\/www.lausinyvicente.com\/wp-content\/uploads\/2022\/11\/A.99.57-podium-presentacion-apilable.jpg","contentUrl":"https:\/\/www.lausinyvicente.com\/wp-content\/uploads\/2022\/11\/A.99.57-podium-presentacion-apilable.jpg","width":720,"height":490},{"@type":"BreadcrumbList","@id":"https:\/\/www.lausinyvicente.com\/fr\/equipement-athletisme\/divers\/podim-presentation-empilable-contreplaque#breadcrumb","itemListElement":[{"@type":"ListItem","position":1,"name":"Portada","item":"https:\/\/www.lausinyvicente.com\/"},{"@type":"ListItem","position":2,"name":"Boutique","item":"https:\/\/www.lausinyvicente.com\/fr\/boutique"},{"@type":"ListItem","position":3,"name":"Podium pr\u00e9sentation empilable (contreplaqu\u00e9)"}]},{"@type":"WebSite","@id":"https:\/\/www.lausinyvicente.com\/#website","url":"https:\/\/www.lausinyvicente.com\/","name":"Laus\u00edn y Vicente","description":"Fabricaci\u00f3n y distribuci\u00f3n de material deportivo","potentialAction":[{"@type":"SearchAction","target":{"@type":"EntryPoint","urlTemplate":"https:\/\/www.lausinyvicente.com\/?s={search_term_string}"},"query-input":{"@type":"PropertyValueSpecification","valueRequired":true,"valueName":"search_term_string"}}],"inLanguage":"fr-FR"}]}},"_links":{"self":[{"href":"https:\/\/www.lausinyvicente.com\/fr\/wp-json\/wp\/v2\/product\/5150","targetHints":{"allow":["GET"]}}],"collection":[{"href":"https:\/\/www.lausinyvicente.com\/fr\/wp-json\/wp\/v2\/product"}],"about":[{"href":"https:\/\/www.lausinyvicente.com\/fr\/wp-json\/wp\/v2\/types\/product"}],"wp:featuredmedia":[{"embeddable":true,"href":"https:\/\/www.lausinyvicente.com\/fr\/wp-json\/wp\/v2\/media\/2348"}],"wp:attachment":[{"href":"https:\/\/www.lausinyvicente.com\/fr\/wp-json\/wp\/v2\/media?parent=5150"}],"wp:term":[{"taxonomy":"product_cat","embeddable":true,"href":"https:\/\/www.lausinyvicente.com\/fr\/wp-json\/wp\/v2\/product_cat?post=5150"},{"taxonomy":"product_tag","embeddable":true,"href":"https:\/\/www.lausinyvicente.com\/fr\/wp-json\/wp\/v2\/product_tag?post=5150"}],"curies":[{"name":"wp","href":"https:\/\/api.w.org\/{rel}","templated":true}]}}