{"id":5164,"date":"2022-11-28T14:18:22","date_gmt":"2022-11-28T14:18:22","guid":{"rendered":"https:\/\/www.lausinyvicente.com\/non class\u00e9\/enrouleur-pour-bande-de-delimitation-zone-lancement\/"},"modified":"2022-11-28T14:18:22","modified_gmt":"2022-11-28T14:18:22","slug":"enrouleur-bande-delimitationn-zone-lancement","status":"publish","type":"product","link":"https:\/\/www.lausinyvicente.com\/fr\/equipement-athletisme\/divers\/enrouleur-bande-delimitationn-zone-lancement","title":{"rendered":"Enrouleur pour bande de d\u00e9limitation zone lancement"},"content":{"rendered":"","protected":false},"excerpt":{"rendered":"<p>Bande de d\u00e9limitation de la zone de lancement et\/ou de la fosse de saut en longueur et triple saut de 50 mm. de largeur. Blanche. Livr\u00e9 en rouleaux de 100 m. Enrouleur compos\u00e9 de plaques de 4 mm et d\u2019un tube rond de 32&#215;2 mm avec embouts \u00e0 ses extr\u00e9mit\u00e9s. Manivelle ou commande en bak\u00e9lite pour faciliter l\u2019enroulement de la bande. Finition: peinture \u00e9poxy s\u00e9ch\u00e9e au four. Cavaliers de fixation fabriqu\u00e9s avec une tige en acier de 4mm de diam\u00e8tre, finie en pointe de clou. Cavaliers de fixation livr\u00e9s en packs de 100 unit\u00e9s.     <\/p>\n","protected":false},"featured_media":2346,"template":"","meta":[],"product_cat":[166,181],"product_tag":[],"class_list":{"0":"post-5164","1":"product","2":"type-product","3":"status-publish","4":"has-post-thumbnail","6":"product_cat-equipement-athletisme","7":"product_cat-divers","9":"first","10":"instock","11":"shipping-taxable","12":"purchasable","13":"product-type-variable"},"yoast_head":"<!-- This site is optimized with the Yoast SEO plugin v27.0 - https:\/\/yoast.com\/product\/yoast-seo-wordpress\/ -->\n<title>Enrouleur pour bande de d\u00e9limitation zone lancement - Laus\u00edn y Vicente<\/title>\n<meta name=\"robots\" content=\"index, follow, max-snippet:-1, max-image-preview:large, max-video-preview:-1\" \/>\n<link rel=\"canonical\" href=\"https:\/\/www.lausinyvicente.com\/fr\/equipement-athletisme\/divers\/enrouleur-bande-delimitationn-zone-lancement\" \/>\n<meta property=\"og:locale\" content=\"fr_FR\" \/>\n<meta property=\"og:type\" content=\"article\" \/>\n<meta property=\"og:title\" content=\"Enrouleur pour bande de d\u00e9limitation zone lancement - Laus\u00edn y Vicente\" \/>\n<meta property=\"og:description\" content=\"Bande de d\u00e9limitation de la zone de lancement et\/ou de la fosse de saut en longueur et triple saut de 50 mm. de largeur. Blanche. Livr\u00e9 en rouleaux de 100 m. Enrouleur compos\u00e9 de plaques de 4 mm et d\u2019un tube rond de 32x2 mm avec embouts \u00e0 ses extr\u00e9mit\u00e9s. Manivelle ou commande en bak\u00e9lite pour faciliter l\u2019enroulement de la bande. Finition: peinture \u00e9poxy s\u00e9ch\u00e9e au four. Cavaliers de fixation fabriqu\u00e9s avec une tige en acier de 4mm de diam\u00e8tre, finie en pointe de clou. Cavaliers de fixation livr\u00e9s en packs de 100 unit\u00e9s.\" \/>\n<meta property=\"og:url\" content=\"https:\/\/www.lausinyvicente.com\/fr\/equipement-athletisme\/divers\/enrouleur-bande-delimitationn-zone-lancement\" \/>\n<meta property=\"og:site_name\" content=\"Laus\u00edn y Vicente\" \/>\n<meta property=\"og:image\" content=\"https:\/\/www.lausinyvicente.com\/wp-content\/uploads\/2022\/11\/A.99.60-carrete-cinta-delimitadora-zona-lanzamientos.jpg\" \/>\n\t<meta property=\"og:image:width\" content=\"720\" \/>\n\t<meta property=\"og:image:height\" content=\"490\" \/>\n\t<meta property=\"og:image:type\" content=\"image\/jpeg\" \/>\n<meta name=\"twitter:card\" content=\"summary_large_image\" \/>\n<script type=\"application\/ld+json\" class=\"yoast-schema-graph\">{\"@context\":\"https:\/\/schema.org\",\"@graph\":[{\"@type\":\"WebPage\",\"@id\":\"https:\/\/www.lausinyvicente.com\/fr\/equipement-athletisme\/divers\/enrouleur-bande-delimitationn-zone-lancement\",\"url\":\"https:\/\/www.lausinyvicente.com\/fr\/equipement-athletisme\/divers\/enrouleur-bande-delimitationn-zone-lancement\",\"name\":\"Enrouleur pour bande de d\u00e9limitation zone lancement - Laus\u00edn y Vicente\",\"isPartOf\":{\"@id\":\"https:\/\/www.lausinyvicente.com\/#website\"},\"primaryImageOfPage\":{\"@id\":\"https:\/\/www.lausinyvicente.com\/fr\/equipement-athletisme\/divers\/enrouleur-bande-delimitationn-zone-lancement#primaryimage\"},\"image\":{\"@id\":\"https:\/\/www.lausinyvicente.com\/fr\/equipement-athletisme\/divers\/enrouleur-bande-delimitationn-zone-lancement#primaryimage\"},\"thumbnailUrl\":\"https:\/\/www.lausinyvicente.com\/wp-content\/uploads\/2022\/11\/A.99.60-carrete-cinta-delimitadora-zona-lanzamientos.jpg\",\"datePublished\":\"2022-11-28T14:18:22+00:00\",\"breadcrumb\":{\"@id\":\"https:\/\/www.lausinyvicente.com\/fr\/equipement-athletisme\/divers\/enrouleur-bande-delimitationn-zone-lancement#breadcrumb\"},\"inLanguage\":\"fr-FR\",\"potentialAction\":[{\"@type\":\"ReadAction\",\"target\":[\"https:\/\/www.lausinyvicente.com\/fr\/equipement-athletisme\/divers\/enrouleur-bande-delimitationn-zone-lancement\"]}]},{\"@type\":\"ImageObject\",\"inLanguage\":\"fr-FR\",\"@id\":\"https:\/\/www.lausinyvicente.com\/fr\/equipement-athletisme\/divers\/enrouleur-bande-delimitationn-zone-lancement#primaryimage\",\"url\":\"https:\/\/www.lausinyvicente.com\/wp-content\/uploads\/2022\/11\/A.99.60-carrete-cinta-delimitadora-zona-lanzamientos.jpg\",\"contentUrl\":\"https:\/\/www.lausinyvicente.com\/wp-content\/uploads\/2022\/11\/A.99.60-carrete-cinta-delimitadora-zona-lanzamientos.jpg\",\"width\":720,\"height\":490},{\"@type\":\"BreadcrumbList\",\"@id\":\"https:\/\/www.lausinyvicente.com\/fr\/equipement-athletisme\/divers\/enrouleur-bande-delimitationn-zone-lancement#breadcrumb\",\"itemListElement\":[{\"@type\":\"ListItem\",\"position\":1,\"name\":\"Portada\",\"item\":\"https:\/\/www.lausinyvicente.com\/\"},{\"@type\":\"ListItem\",\"position\":2,\"name\":\"Boutique\",\"item\":\"https:\/\/www.lausinyvicente.com\/fr\/boutique\"},{\"@type\":\"ListItem\",\"position\":3,\"name\":\"Enrouleur pour bande de d\u00e9limitation zone lancement\"}]},{\"@type\":\"WebSite\",\"@id\":\"https:\/\/www.lausinyvicente.com\/#website\",\"url\":\"https:\/\/www.lausinyvicente.com\/\",\"name\":\"Laus\u00edn y Vicente\",\"description\":\"Fabricaci\u00f3n y distribuci\u00f3n de material deportivo\",\"potentialAction\":[{\"@type\":\"SearchAction\",\"target\":{\"@type\":\"EntryPoint\",\"urlTemplate\":\"https:\/\/www.lausinyvicente.com\/?s={search_term_string}\"},\"query-input\":{\"@type\":\"PropertyValueSpecification\",\"valueRequired\":true,\"valueName\":\"search_term_string\"}}],\"inLanguage\":\"fr-FR\"}]}<\/script>\n<!-- \/ Yoast SEO plugin. -->","yoast_head_json":{"title":"Enrouleur pour bande de d\u00e9limitation zone lancement - Laus\u00edn y Vicente","robots":{"index":"index","follow":"follow","max-snippet":"max-snippet:-1","max-image-preview":"max-image-preview:large","max-video-preview":"max-video-preview:-1"},"canonical":"https:\/\/www.lausinyvicente.com\/fr\/equipement-athletisme\/divers\/enrouleur-bande-delimitationn-zone-lancement","og_locale":"fr_FR","og_type":"article","og_title":"Enrouleur pour bande de d\u00e9limitation zone lancement - Laus\u00edn y Vicente","og_description":"Bande de d\u00e9limitation de la zone de lancement et\/ou de la fosse de saut en longueur et triple saut de 50 mm. de largeur. Blanche. Livr\u00e9 en rouleaux de 100 m. Enrouleur compos\u00e9 de plaques de 4 mm et d\u2019un tube rond de 32x2 mm avec embouts \u00e0 ses extr\u00e9mit\u00e9s. Manivelle ou commande en bak\u00e9lite pour faciliter l\u2019enroulement de la bande. Finition: peinture \u00e9poxy s\u00e9ch\u00e9e au four. Cavaliers de fixation fabriqu\u00e9s avec une tige en acier de 4mm de diam\u00e8tre, finie en pointe de clou. Cavaliers de fixation livr\u00e9s en packs de 100 unit\u00e9s.","og_url":"https:\/\/www.lausinyvicente.com\/fr\/equipement-athletisme\/divers\/enrouleur-bande-delimitationn-zone-lancement","og_site_name":"Laus\u00edn y Vicente","og_image":[{"width":720,"height":490,"url":"https:\/\/www.lausinyvicente.com\/wp-content\/uploads\/2022\/11\/A.99.60-carrete-cinta-delimitadora-zona-lanzamientos.jpg","type":"image\/jpeg"}],"twitter_card":"summary_large_image","schema":{"@context":"https:\/\/schema.org","@graph":[{"@type":"WebPage","@id":"https:\/\/www.lausinyvicente.com\/fr\/equipement-athletisme\/divers\/enrouleur-bande-delimitationn-zone-lancement","url":"https:\/\/www.lausinyvicente.com\/fr\/equipement-athletisme\/divers\/enrouleur-bande-delimitationn-zone-lancement","name":"Enrouleur pour bande de d\u00e9limitation zone lancement - Laus\u00edn y Vicente","isPartOf":{"@id":"https:\/\/www.lausinyvicente.com\/#website"},"primaryImageOfPage":{"@id":"https:\/\/www.lausinyvicente.com\/fr\/equipement-athletisme\/divers\/enrouleur-bande-delimitationn-zone-lancement#primaryimage"},"image":{"@id":"https:\/\/www.lausinyvicente.com\/fr\/equipement-athletisme\/divers\/enrouleur-bande-delimitationn-zone-lancement#primaryimage"},"thumbnailUrl":"https:\/\/www.lausinyvicente.com\/wp-content\/uploads\/2022\/11\/A.99.60-carrete-cinta-delimitadora-zona-lanzamientos.jpg","datePublished":"2022-11-28T14:18:22+00:00","breadcrumb":{"@id":"https:\/\/www.lausinyvicente.com\/fr\/equipement-athletisme\/divers\/enrouleur-bande-delimitationn-zone-lancement#breadcrumb"},"inLanguage":"fr-FR","potentialAction":[{"@type":"ReadAction","target":["https:\/\/www.lausinyvicente.com\/fr\/equipement-athletisme\/divers\/enrouleur-bande-delimitationn-zone-lancement"]}]},{"@type":"ImageObject","inLanguage":"fr-FR","@id":"https:\/\/www.lausinyvicente.com\/fr\/equipement-athletisme\/divers\/enrouleur-bande-delimitationn-zone-lancement#primaryimage","url":"https:\/\/www.lausinyvicente.com\/wp-content\/uploads\/2022\/11\/A.99.60-carrete-cinta-delimitadora-zona-lanzamientos.jpg","contentUrl":"https:\/\/www.lausinyvicente.com\/wp-content\/uploads\/2022\/11\/A.99.60-carrete-cinta-delimitadora-zona-lanzamientos.jpg","width":720,"height":490},{"@type":"BreadcrumbList","@id":"https:\/\/www.lausinyvicente.com\/fr\/equipement-athletisme\/divers\/enrouleur-bande-delimitationn-zone-lancement#breadcrumb","itemListElement":[{"@type":"ListItem","position":1,"name":"Portada","item":"https:\/\/www.lausinyvicente.com\/"},{"@type":"ListItem","position":2,"name":"Boutique","item":"https:\/\/www.lausinyvicente.com\/fr\/boutique"},{"@type":"ListItem","position":3,"name":"Enrouleur pour bande de d\u00e9limitation zone lancement"}]},{"@type":"WebSite","@id":"https:\/\/www.lausinyvicente.com\/#website","url":"https:\/\/www.lausinyvicente.com\/","name":"Laus\u00edn y Vicente","description":"Fabricaci\u00f3n y distribuci\u00f3n de material deportivo","potentialAction":[{"@type":"SearchAction","target":{"@type":"EntryPoint","urlTemplate":"https:\/\/www.lausinyvicente.com\/?s={search_term_string}"},"query-input":{"@type":"PropertyValueSpecification","valueRequired":true,"valueName":"search_term_string"}}],"inLanguage":"fr-FR"}]}},"_links":{"self":[{"href":"https:\/\/www.lausinyvicente.com\/fr\/wp-json\/wp\/v2\/product\/5164","targetHints":{"allow":["GET"]}}],"collection":[{"href":"https:\/\/www.lausinyvicente.com\/fr\/wp-json\/wp\/v2\/product"}],"about":[{"href":"https:\/\/www.lausinyvicente.com\/fr\/wp-json\/wp\/v2\/types\/product"}],"wp:featuredmedia":[{"embeddable":true,"href":"https:\/\/www.lausinyvicente.com\/fr\/wp-json\/wp\/v2\/media\/2346"}],"wp:attachment":[{"href":"https:\/\/www.lausinyvicente.com\/fr\/wp-json\/wp\/v2\/media?parent=5164"}],"wp:term":[{"taxonomy":"product_cat","embeddable":true,"href":"https:\/\/www.lausinyvicente.com\/fr\/wp-json\/wp\/v2\/product_cat?post=5164"},{"taxonomy":"product_tag","embeddable":true,"href":"https:\/\/www.lausinyvicente.com\/fr\/wp-json\/wp\/v2\/product_tag?post=5164"}],"curies":[{"name":"wp","href":"https:\/\/api.w.org\/{rel}","templated":true}]}}