{"id":5168,"date":"2022-11-27T08:15:33","date_gmt":"2022-11-27T08:15:33","guid":{"rendered":"https:\/\/www.lausinyvicente.com\/non class\u00e9\/planche-dappel-metallique-reglable-galvanisee-inox\/"},"modified":"2022-11-27T08:15:33","modified_gmt":"2022-11-27T08:15:33","slug":"planche-appel-metallique-regable","status":"publish","type":"product","link":"https:\/\/www.lausinyvicente.com\/fr\/equipement-athletisme\/longueur\/planche-appel-metallique-regable","title":{"rendered":"Planche d\u2019appel m\u00e9tallique r\u00e9glable galvanis\u00e9e \/ inox"},"content":{"rendered":"","protected":false},"excerpt":{"rendered":"<p><strong>Certificat WA N\u00b0E-12-0653 <\/strong><\/p>\n<p>Planche d\u2019appel compl\u00e8te, con\u00e7ue et fabriqu\u00e9e conform\u00e9ment aux normes internationales d\u2019athl\u00e9tisme de l\u2019WA. Dimensions: 1220 x 300 x 100 mm. <\/p>\n<p><strong>Support m\u00e9tallique<\/strong><\/p>\n<p>Con\u00e7u pour abriter la planche d\u2019appel ou son couvercle, selon les exigences de la R\u00e9glementation de l\u2019WA. Il est fabriqu\u00e9 en t\u00f4le galvanis\u00e9e de 2,5 mm ou en acier inoxydable. <\/p>\n<p><strong>Planche d\u2019appel<\/strong><\/p>\n<p>Form\u00e9 par une structure m\u00e9tallique sur laquelle reposent le tableau indicateur pour p\u00e2te \u00e0 modeler laqu\u00e9 bleu et la planche d\u2019appel, en bois DM, laqu\u00e9 en blanc. Cette derni\u00e8re est solidement viss\u00e9e \u00e0 la structure m\u00e9tallique pli\u00e9e en t\u00f4le d\u2019acier de 2,5 mm galvanis\u00e9e ou en acier inoxydable . Cette structure, aux dimensions normalis\u00e9es, s\u2019ins\u00e8re dans son support et poss\u00e8de des vis m\u00e9talliques utilis\u00e9es pour niveler la planche.  <\/p>\n<p><strong>Couvercle pour planche d\u2019appel<\/strong><\/p>\n<p>Le couvercle pour la planche d\u2019appel se compose d\u2019une structure m\u00e9tallique pr\u00eate \u00e0 recevoir un rev\u00eatement de sol synth\u00e9tique sur sa partie sup\u00e9rieure. La structure m\u00e9tallique est en t\u00f4le d\u2019acier galvanis\u00e9e de 2,5 mm ou en acier inoxydable. Cette structure, aux dimensions normalis\u00e9es, s\u2019ins\u00e8re dans le support et poss\u00e8de des vis m\u00e9talliques utilis\u00e9es pour niveler la planche.  <\/p>\n","protected":false},"featured_media":2292,"template":"","meta":[],"product_cat":[166,183],"product_tag":[],"class_list":{"0":"post-5168","1":"product","2":"type-product","3":"status-publish","4":"has-post-thumbnail","6":"product_cat-equipement-athletisme","7":"product_cat-longueur","9":"first","10":"instock","11":"shipping-taxable","12":"purchasable","13":"product-type-variable"},"yoast_head":"<!-- This site is optimized with the Yoast SEO plugin v27.0 - https:\/\/yoast.com\/product\/yoast-seo-wordpress\/ -->\n<title>Planche d\u2019appel m\u00e9tallique r\u00e9glable galvanis\u00e9e \/ inox - Laus\u00edn y Vicente<\/title>\n<meta name=\"robots\" content=\"index, follow, max-snippet:-1, max-image-preview:large, max-video-preview:-1\" \/>\n<link rel=\"canonical\" href=\"https:\/\/www.lausinyvicente.com\/fr\/equipement-athletisme\/longueur\/planche-appel-metallique-regable\" \/>\n<meta property=\"og:locale\" content=\"fr_FR\" \/>\n<meta property=\"og:type\" content=\"article\" \/>\n<meta property=\"og:title\" content=\"Planche d\u2019appel m\u00e9tallique r\u00e9glable galvanis\u00e9e \/ inox - Laus\u00edn y Vicente\" \/>\n<meta property=\"og:description\" content=\"Certificat WA N\u00b0E-12-0653  Planche d\u2019appel compl\u00e8te, con\u00e7ue et fabriqu\u00e9e conform\u00e9ment aux normes internationales d\u2019athl\u00e9tisme de l\u2019WA. Dimensions: 1220 x 300 x 100 mm.  Support m\u00e9tallique Con\u00e7u pour abriter la planche d\u2019appel ou son couvercle, selon les exigences de la R\u00e9glementation de l\u2019WA. Il est fabriqu\u00e9 en t\u00f4le galvanis\u00e9e de 2,5 mm ou en acier inoxydable.  Planche d\u2019appel Form\u00e9 par une structure m\u00e9tallique sur laquelle reposent le tableau indicateur pour p\u00e2te \u00e0 modeler laqu\u00e9 bleu et la planche d\u2019appel, en bois DM, laqu\u00e9 en blanc. Cette derni\u00e8re est solidement viss\u00e9e \u00e0 la structure m\u00e9tallique pli\u00e9e en t\u00f4le d\u2019acier de 2,5 mm galvanis\u00e9e ou en acier inoxydable . Cette structure, aux dimensions normalis\u00e9es, s\u2019ins\u00e8re dans son support et poss\u00e8de des vis m\u00e9talliques utilis\u00e9es pour niveler la planche.  Couvercle pour planche d\u2019appel Le couvercle pour la planche d\u2019appel se compose d\u2019une structure m\u00e9tallique pr\u00eate \u00e0 recevoir un rev\u00eatement de sol synth\u00e9tique sur sa partie sup\u00e9rieure. La structure m\u00e9tallique est en t\u00f4le d\u2019acier galvanis\u00e9e de 2,5 mm ou en acier inoxydable. Cette structure, aux dimensions normalis\u00e9es, s\u2019ins\u00e8re dans le support et poss\u00e8de des vis m\u00e9talliques utilis\u00e9es pour niveler la planche.\" \/>\n<meta property=\"og:url\" content=\"https:\/\/www.lausinyvicente.com\/fr\/equipement-athletisme\/longueur\/planche-appel-metallique-regable\" \/>\n<meta property=\"og:site_name\" content=\"Laus\u00edn y Vicente\" \/>\n<meta property=\"og:image\" content=\"https:\/\/www.lausinyvicente.com\/wp-content\/uploads\/2022\/11\/A.11.07-tabla-batida-metalica-graduable-galvanizada.jpg\" \/>\n\t<meta property=\"og:image:width\" content=\"720\" \/>\n\t<meta property=\"og:image:height\" content=\"490\" \/>\n\t<meta property=\"og:image:type\" content=\"image\/jpeg\" \/>\n<meta name=\"twitter:card\" content=\"summary_large_image\" \/>\n<script type=\"application\/ld+json\" class=\"yoast-schema-graph\">{\"@context\":\"https:\/\/schema.org\",\"@graph\":[{\"@type\":\"WebPage\",\"@id\":\"https:\/\/www.lausinyvicente.com\/fr\/equipement-athletisme\/longueur\/planche-appel-metallique-regable\",\"url\":\"https:\/\/www.lausinyvicente.com\/fr\/equipement-athletisme\/longueur\/planche-appel-metallique-regable\",\"name\":\"Planche d\u2019appel m\u00e9tallique r\u00e9glable galvanis\u00e9e \/ inox - Laus\u00edn y Vicente\",\"isPartOf\":{\"@id\":\"https:\/\/www.lausinyvicente.com\/#website\"},\"primaryImageOfPage\":{\"@id\":\"https:\/\/www.lausinyvicente.com\/fr\/equipement-athletisme\/longueur\/planche-appel-metallique-regable#primaryimage\"},\"image\":{\"@id\":\"https:\/\/www.lausinyvicente.com\/fr\/equipement-athletisme\/longueur\/planche-appel-metallique-regable#primaryimage\"},\"thumbnailUrl\":\"https:\/\/www.lausinyvicente.com\/wp-content\/uploads\/2022\/11\/A.11.07-tabla-batida-metalica-graduable-galvanizada.jpg\",\"datePublished\":\"2022-11-27T08:15:33+00:00\",\"breadcrumb\":{\"@id\":\"https:\/\/www.lausinyvicente.com\/fr\/equipement-athletisme\/longueur\/planche-appel-metallique-regable#breadcrumb\"},\"inLanguage\":\"fr-FR\",\"potentialAction\":[{\"@type\":\"ReadAction\",\"target\":[\"https:\/\/www.lausinyvicente.com\/fr\/equipement-athletisme\/longueur\/planche-appel-metallique-regable\"]}]},{\"@type\":\"ImageObject\",\"inLanguage\":\"fr-FR\",\"@id\":\"https:\/\/www.lausinyvicente.com\/fr\/equipement-athletisme\/longueur\/planche-appel-metallique-regable#primaryimage\",\"url\":\"https:\/\/www.lausinyvicente.com\/wp-content\/uploads\/2022\/11\/A.11.07-tabla-batida-metalica-graduable-galvanizada.jpg\",\"contentUrl\":\"https:\/\/www.lausinyvicente.com\/wp-content\/uploads\/2022\/11\/A.11.07-tabla-batida-metalica-graduable-galvanizada.jpg\",\"width\":720,\"height\":490},{\"@type\":\"BreadcrumbList\",\"@id\":\"https:\/\/www.lausinyvicente.com\/fr\/equipement-athletisme\/longueur\/planche-appel-metallique-regable#breadcrumb\",\"itemListElement\":[{\"@type\":\"ListItem\",\"position\":1,\"name\":\"Portada\",\"item\":\"https:\/\/www.lausinyvicente.com\/\"},{\"@type\":\"ListItem\",\"position\":2,\"name\":\"Boutique\",\"item\":\"https:\/\/www.lausinyvicente.com\/fr\/boutique\"},{\"@type\":\"ListItem\",\"position\":3,\"name\":\"Planche d\u2019appel m\u00e9tallique r\u00e9glable galvanis\u00e9e \/ inox\"}]},{\"@type\":\"WebSite\",\"@id\":\"https:\/\/www.lausinyvicente.com\/#website\",\"url\":\"https:\/\/www.lausinyvicente.com\/\",\"name\":\"Laus\u00edn y Vicente\",\"description\":\"Fabricaci\u00f3n y distribuci\u00f3n de material deportivo\",\"potentialAction\":[{\"@type\":\"SearchAction\",\"target\":{\"@type\":\"EntryPoint\",\"urlTemplate\":\"https:\/\/www.lausinyvicente.com\/?s={search_term_string}\"},\"query-input\":{\"@type\":\"PropertyValueSpecification\",\"valueRequired\":true,\"valueName\":\"search_term_string\"}}],\"inLanguage\":\"fr-FR\"}]}<\/script>\n<!-- \/ Yoast SEO plugin. -->","yoast_head_json":{"title":"Planche d\u2019appel m\u00e9tallique r\u00e9glable galvanis\u00e9e \/ inox - Laus\u00edn y Vicente","robots":{"index":"index","follow":"follow","max-snippet":"max-snippet:-1","max-image-preview":"max-image-preview:large","max-video-preview":"max-video-preview:-1"},"canonical":"https:\/\/www.lausinyvicente.com\/fr\/equipement-athletisme\/longueur\/planche-appel-metallique-regable","og_locale":"fr_FR","og_type":"article","og_title":"Planche d\u2019appel m\u00e9tallique r\u00e9glable galvanis\u00e9e \/ inox - Laus\u00edn y Vicente","og_description":"Certificat WA N\u00b0E-12-0653  Planche d\u2019appel compl\u00e8te, con\u00e7ue et fabriqu\u00e9e conform\u00e9ment aux normes internationales d\u2019athl\u00e9tisme de l\u2019WA. Dimensions: 1220 x 300 x 100 mm.  Support m\u00e9tallique Con\u00e7u pour abriter la planche d\u2019appel ou son couvercle, selon les exigences de la R\u00e9glementation de l\u2019WA. Il est fabriqu\u00e9 en t\u00f4le galvanis\u00e9e de 2,5 mm ou en acier inoxydable.  Planche d\u2019appel Form\u00e9 par une structure m\u00e9tallique sur laquelle reposent le tableau indicateur pour p\u00e2te \u00e0 modeler laqu\u00e9 bleu et la planche d\u2019appel, en bois DM, laqu\u00e9 en blanc. Cette derni\u00e8re est solidement viss\u00e9e \u00e0 la structure m\u00e9tallique pli\u00e9e en t\u00f4le d\u2019acier de 2,5 mm galvanis\u00e9e ou en acier inoxydable . Cette structure, aux dimensions normalis\u00e9es, s\u2019ins\u00e8re dans son support et poss\u00e8de des vis m\u00e9talliques utilis\u00e9es pour niveler la planche.  Couvercle pour planche d\u2019appel Le couvercle pour la planche d\u2019appel se compose d\u2019une structure m\u00e9tallique pr\u00eate \u00e0 recevoir un rev\u00eatement de sol synth\u00e9tique sur sa partie sup\u00e9rieure. La structure m\u00e9tallique est en t\u00f4le d\u2019acier galvanis\u00e9e de 2,5 mm ou en acier inoxydable. Cette structure, aux dimensions normalis\u00e9es, s\u2019ins\u00e8re dans le support et poss\u00e8de des vis m\u00e9talliques utilis\u00e9es pour niveler la planche.","og_url":"https:\/\/www.lausinyvicente.com\/fr\/equipement-athletisme\/longueur\/planche-appel-metallique-regable","og_site_name":"Laus\u00edn y Vicente","og_image":[{"width":720,"height":490,"url":"https:\/\/www.lausinyvicente.com\/wp-content\/uploads\/2022\/11\/A.11.07-tabla-batida-metalica-graduable-galvanizada.jpg","type":"image\/jpeg"}],"twitter_card":"summary_large_image","schema":{"@context":"https:\/\/schema.org","@graph":[{"@type":"WebPage","@id":"https:\/\/www.lausinyvicente.com\/fr\/equipement-athletisme\/longueur\/planche-appel-metallique-regable","url":"https:\/\/www.lausinyvicente.com\/fr\/equipement-athletisme\/longueur\/planche-appel-metallique-regable","name":"Planche d\u2019appel m\u00e9tallique r\u00e9glable galvanis\u00e9e \/ inox - Laus\u00edn y Vicente","isPartOf":{"@id":"https:\/\/www.lausinyvicente.com\/#website"},"primaryImageOfPage":{"@id":"https:\/\/www.lausinyvicente.com\/fr\/equipement-athletisme\/longueur\/planche-appel-metallique-regable#primaryimage"},"image":{"@id":"https:\/\/www.lausinyvicente.com\/fr\/equipement-athletisme\/longueur\/planche-appel-metallique-regable#primaryimage"},"thumbnailUrl":"https:\/\/www.lausinyvicente.com\/wp-content\/uploads\/2022\/11\/A.11.07-tabla-batida-metalica-graduable-galvanizada.jpg","datePublished":"2022-11-27T08:15:33+00:00","breadcrumb":{"@id":"https:\/\/www.lausinyvicente.com\/fr\/equipement-athletisme\/longueur\/planche-appel-metallique-regable#breadcrumb"},"inLanguage":"fr-FR","potentialAction":[{"@type":"ReadAction","target":["https:\/\/www.lausinyvicente.com\/fr\/equipement-athletisme\/longueur\/planche-appel-metallique-regable"]}]},{"@type":"ImageObject","inLanguage":"fr-FR","@id":"https:\/\/www.lausinyvicente.com\/fr\/equipement-athletisme\/longueur\/planche-appel-metallique-regable#primaryimage","url":"https:\/\/www.lausinyvicente.com\/wp-content\/uploads\/2022\/11\/A.11.07-tabla-batida-metalica-graduable-galvanizada.jpg","contentUrl":"https:\/\/www.lausinyvicente.com\/wp-content\/uploads\/2022\/11\/A.11.07-tabla-batida-metalica-graduable-galvanizada.jpg","width":720,"height":490},{"@type":"BreadcrumbList","@id":"https:\/\/www.lausinyvicente.com\/fr\/equipement-athletisme\/longueur\/planche-appel-metallique-regable#breadcrumb","itemListElement":[{"@type":"ListItem","position":1,"name":"Portada","item":"https:\/\/www.lausinyvicente.com\/"},{"@type":"ListItem","position":2,"name":"Boutique","item":"https:\/\/www.lausinyvicente.com\/fr\/boutique"},{"@type":"ListItem","position":3,"name":"Planche d\u2019appel m\u00e9tallique r\u00e9glable galvanis\u00e9e \/ inox"}]},{"@type":"WebSite","@id":"https:\/\/www.lausinyvicente.com\/#website","url":"https:\/\/www.lausinyvicente.com\/","name":"Laus\u00edn y Vicente","description":"Fabricaci\u00f3n y distribuci\u00f3n de material deportivo","potentialAction":[{"@type":"SearchAction","target":{"@type":"EntryPoint","urlTemplate":"https:\/\/www.lausinyvicente.com\/?s={search_term_string}"},"query-input":{"@type":"PropertyValueSpecification","valueRequired":true,"valueName":"search_term_string"}}],"inLanguage":"fr-FR"}]}},"_links":{"self":[{"href":"https:\/\/www.lausinyvicente.com\/fr\/wp-json\/wp\/v2\/product\/5168","targetHints":{"allow":["GET"]}}],"collection":[{"href":"https:\/\/www.lausinyvicente.com\/fr\/wp-json\/wp\/v2\/product"}],"about":[{"href":"https:\/\/www.lausinyvicente.com\/fr\/wp-json\/wp\/v2\/types\/product"}],"wp:featuredmedia":[{"embeddable":true,"href":"https:\/\/www.lausinyvicente.com\/fr\/wp-json\/wp\/v2\/media\/2292"}],"wp:attachment":[{"href":"https:\/\/www.lausinyvicente.com\/fr\/wp-json\/wp\/v2\/media?parent=5168"}],"wp:term":[{"taxonomy":"product_cat","embeddable":true,"href":"https:\/\/www.lausinyvicente.com\/fr\/wp-json\/wp\/v2\/product_cat?post=5168"},{"taxonomy":"product_tag","embeddable":true,"href":"https:\/\/www.lausinyvicente.com\/fr\/wp-json\/wp\/v2\/product_tag?post=5168"}],"curies":[{"name":"wp","href":"https:\/\/api.w.org\/{rel}","templated":true}]}}