{"id":5182,"date":"2022-11-28T09:07:17","date_gmt":"2022-11-28T09:07:17","guid":{"rendered":"https:\/\/www.lausinyvicente.com\/non class\u00e9\/echelles-de-juges\/"},"modified":"2022-11-28T09:07:17","modified_gmt":"2022-11-28T09:07:17","slug":"echelles-juges","status":"publish","type":"product","link":"https:\/\/www.lausinyvicente.com\/fr\/equipement-athletisme\/divers\/echelles-juges","title":{"rendered":"\u00c9chelles de juges"},"content":{"rendered":"","protected":false},"excerpt":{"rendered":"<p><strong>Si\u00e8ges<\/strong><\/p>\n<p>Carcasse monobloc moul\u00e9e par injection en plastique stabilis\u00e9 de haute qualit\u00e9 (polypropyl\u00e8ne copolym\u00e8re). Surface brillante et ferm\u00e9e sur tout son p\u00e9rim\u00e8tre d\u2019appui sur gradin pour en faciliter le nettoyage. Devant moul\u00e9 en carr\u00e9 de 35 mm, encadrant l\u2019avant des gradins. Fixation \u00e0 un seul point d\u2019ancrage central renforc\u00e9 par une plaque d\u2019acier. Drainage central. Avec certificats de r\u00e9sistance \u00e0 la lumi\u00e8re, additif anti-UV, selon la norme 13200\/4, certificat de r\u00e9sistance \u00e0 un usage public intense (vandalisme) par Aidima, conforme \u00e0 la norme UNE EN 12727:01, et certifi\u00e9 en mati\u00e8re de r\u00e9sistance au feu, minimum selon la norme M4, en option selon la norme M2.     <\/p>\n<p><strong>Structure<\/strong><\/p>\n<p>Structure m\u00e9tallique compos\u00e9e d\u2019un profil\u00e9 \u00e0 froid 60x40x2 mm et d\u2019un profil\u00e9 angulaire 30x30x3 mm. Barres d\u2019appui profil\u00e9es \u00e0 froid 32&#215;2 mm. L\u2019ensemble est peint en blanc avec de la peinture \u00e9poxy et s\u00e9ch\u00e9 au four. La structure est \u00e9quip\u00e9e de deux roues fixes d\u2019un diam\u00e8tre de 200 mm pour faciliter le d\u00e9placement. Enti\u00e8rement d\u00e9montable et facile \u00e0 monter. Les marches sont r\u00e9alis\u00e9es avec un angle de 30x30x3 mm et un panneau stratifi\u00e9 \u201ccarrosserie\u201d en bouleau avec un des c\u00f4t\u00e9s antid\u00e9rapants.    <\/p>\n","protected":false},"featured_media":2344,"template":"","meta":[],"product_cat":[166,181],"product_tag":[],"class_list":{"0":"post-5182","1":"product","2":"type-product","3":"status-publish","4":"has-post-thumbnail","6":"product_cat-equipement-athletisme","7":"product_cat-divers","9":"first","10":"instock","11":"shipping-taxable","12":"purchasable","13":"product-type-variable"},"yoast_head":"<!-- This site is optimized with the Yoast SEO plugin v27.0 - https:\/\/yoast.com\/product\/yoast-seo-wordpress\/ -->\n<title>\u00c9chelles de juges - Laus\u00edn y Vicente<\/title>\n<meta name=\"robots\" content=\"index, follow, max-snippet:-1, max-image-preview:large, max-video-preview:-1\" \/>\n<link rel=\"canonical\" href=\"https:\/\/www.lausinyvicente.com\/fr\/equipement-athletisme\/divers\/echelles-juges\" \/>\n<meta property=\"og:locale\" content=\"fr_FR\" \/>\n<meta property=\"og:type\" content=\"article\" \/>\n<meta property=\"og:title\" content=\"\u00c9chelles de juges - Laus\u00edn y Vicente\" \/>\n<meta property=\"og:description\" content=\"Si\u00e8ges Carcasse monobloc moul\u00e9e par injection en plastique stabilis\u00e9 de haute qualit\u00e9 (polypropyl\u00e8ne copolym\u00e8re). Surface brillante et ferm\u00e9e sur tout son p\u00e9rim\u00e8tre d\u2019appui sur gradin pour en faciliter le nettoyage. Devant moul\u00e9 en carr\u00e9 de 35 mm, encadrant l\u2019avant des gradins. Fixation \u00e0 un seul point d\u2019ancrage central renforc\u00e9 par une plaque d\u2019acier. Drainage central. Avec certificats de r\u00e9sistance \u00e0 la lumi\u00e8re, additif anti-UV, selon la norme 13200\/4, certificat de r\u00e9sistance \u00e0 un usage public intense (vandalisme) par Aidima, conforme \u00e0 la norme UNE EN 12727:01, et certifi\u00e9 en mati\u00e8re de r\u00e9sistance au feu, minimum selon la norme M4, en option selon la norme M2.    Structure Structure m\u00e9tallique compos\u00e9e d\u2019un profil\u00e9 \u00e0 froid 60x40x2 mm et d\u2019un profil\u00e9 angulaire 30x30x3 mm. Barres d\u2019appui profil\u00e9es \u00e0 froid 32x2 mm. L\u2019ensemble est peint en blanc avec de la peinture \u00e9poxy et s\u00e9ch\u00e9 au four. La structure est \u00e9quip\u00e9e de deux roues fixes d\u2019un diam\u00e8tre de 200 mm pour faciliter le d\u00e9placement. Enti\u00e8rement d\u00e9montable et facile \u00e0 monter. Les marches sont r\u00e9alis\u00e9es avec un angle de 30x30x3 mm et un panneau stratifi\u00e9 \u201ccarrosserie\u201d en bouleau avec un des c\u00f4t\u00e9s antid\u00e9rapants.\" \/>\n<meta property=\"og:url\" content=\"https:\/\/www.lausinyvicente.com\/fr\/equipement-athletisme\/divers\/echelles-juges\" \/>\n<meta property=\"og:site_name\" content=\"Laus\u00edn y Vicente\" \/>\n<meta property=\"og:image\" content=\"https:\/\/www.lausinyvicente.com\/wp-content\/uploads\/2022\/11\/A.99.70_Escalera-jueces.jpg\" \/>\n\t<meta property=\"og:image:width\" content=\"720\" \/>\n\t<meta property=\"og:image:height\" content=\"490\" \/>\n\t<meta property=\"og:image:type\" content=\"image\/jpeg\" \/>\n<meta name=\"twitter:card\" content=\"summary_large_image\" \/>\n<script type=\"application\/ld+json\" class=\"yoast-schema-graph\">{\"@context\":\"https:\/\/schema.org\",\"@graph\":[{\"@type\":\"WebPage\",\"@id\":\"https:\/\/www.lausinyvicente.com\/fr\/equipement-athletisme\/divers\/echelles-juges\",\"url\":\"https:\/\/www.lausinyvicente.com\/fr\/equipement-athletisme\/divers\/echelles-juges\",\"name\":\"\u00c9chelles de juges - Laus\u00edn y Vicente\",\"isPartOf\":{\"@id\":\"https:\/\/www.lausinyvicente.com\/#website\"},\"primaryImageOfPage\":{\"@id\":\"https:\/\/www.lausinyvicente.com\/fr\/equipement-athletisme\/divers\/echelles-juges#primaryimage\"},\"image\":{\"@id\":\"https:\/\/www.lausinyvicente.com\/fr\/equipement-athletisme\/divers\/echelles-juges#primaryimage\"},\"thumbnailUrl\":\"https:\/\/www.lausinyvicente.com\/wp-content\/uploads\/2022\/11\/A.99.70_Escalera-jueces.jpg\",\"datePublished\":\"2022-11-28T09:07:17+00:00\",\"breadcrumb\":{\"@id\":\"https:\/\/www.lausinyvicente.com\/fr\/equipement-athletisme\/divers\/echelles-juges#breadcrumb\"},\"inLanguage\":\"fr-FR\",\"potentialAction\":[{\"@type\":\"ReadAction\",\"target\":[\"https:\/\/www.lausinyvicente.com\/fr\/equipement-athletisme\/divers\/echelles-juges\"]}]},{\"@type\":\"ImageObject\",\"inLanguage\":\"fr-FR\",\"@id\":\"https:\/\/www.lausinyvicente.com\/fr\/equipement-athletisme\/divers\/echelles-juges#primaryimage\",\"url\":\"https:\/\/www.lausinyvicente.com\/wp-content\/uploads\/2022\/11\/A.99.70_Escalera-jueces.jpg\",\"contentUrl\":\"https:\/\/www.lausinyvicente.com\/wp-content\/uploads\/2022\/11\/A.99.70_Escalera-jueces.jpg\",\"width\":720,\"height\":490},{\"@type\":\"BreadcrumbList\",\"@id\":\"https:\/\/www.lausinyvicente.com\/fr\/equipement-athletisme\/divers\/echelles-juges#breadcrumb\",\"itemListElement\":[{\"@type\":\"ListItem\",\"position\":1,\"name\":\"Portada\",\"item\":\"https:\/\/www.lausinyvicente.com\/\"},{\"@type\":\"ListItem\",\"position\":2,\"name\":\"Boutique\",\"item\":\"https:\/\/www.lausinyvicente.com\/fr\/boutique\"},{\"@type\":\"ListItem\",\"position\":3,\"name\":\"\u00c9chelles de juges\"}]},{\"@type\":\"WebSite\",\"@id\":\"https:\/\/www.lausinyvicente.com\/#website\",\"url\":\"https:\/\/www.lausinyvicente.com\/\",\"name\":\"Laus\u00edn y Vicente\",\"description\":\"Fabricaci\u00f3n y distribuci\u00f3n de material deportivo\",\"potentialAction\":[{\"@type\":\"SearchAction\",\"target\":{\"@type\":\"EntryPoint\",\"urlTemplate\":\"https:\/\/www.lausinyvicente.com\/?s={search_term_string}\"},\"query-input\":{\"@type\":\"PropertyValueSpecification\",\"valueRequired\":true,\"valueName\":\"search_term_string\"}}],\"inLanguage\":\"fr-FR\"}]}<\/script>\n<!-- \/ Yoast SEO plugin. -->","yoast_head_json":{"title":"\u00c9chelles de juges - Laus\u00edn y Vicente","robots":{"index":"index","follow":"follow","max-snippet":"max-snippet:-1","max-image-preview":"max-image-preview:large","max-video-preview":"max-video-preview:-1"},"canonical":"https:\/\/www.lausinyvicente.com\/fr\/equipement-athletisme\/divers\/echelles-juges","og_locale":"fr_FR","og_type":"article","og_title":"\u00c9chelles de juges - Laus\u00edn y Vicente","og_description":"Si\u00e8ges Carcasse monobloc moul\u00e9e par injection en plastique stabilis\u00e9 de haute qualit\u00e9 (polypropyl\u00e8ne copolym\u00e8re). Surface brillante et ferm\u00e9e sur tout son p\u00e9rim\u00e8tre d\u2019appui sur gradin pour en faciliter le nettoyage. Devant moul\u00e9 en carr\u00e9 de 35 mm, encadrant l\u2019avant des gradins. Fixation \u00e0 un seul point d\u2019ancrage central renforc\u00e9 par une plaque d\u2019acier. Drainage central. Avec certificats de r\u00e9sistance \u00e0 la lumi\u00e8re, additif anti-UV, selon la norme 13200\/4, certificat de r\u00e9sistance \u00e0 un usage public intense (vandalisme) par Aidima, conforme \u00e0 la norme UNE EN 12727:01, et certifi\u00e9 en mati\u00e8re de r\u00e9sistance au feu, minimum selon la norme M4, en option selon la norme M2.    Structure Structure m\u00e9tallique compos\u00e9e d\u2019un profil\u00e9 \u00e0 froid 60x40x2 mm et d\u2019un profil\u00e9 angulaire 30x30x3 mm. Barres d\u2019appui profil\u00e9es \u00e0 froid 32x2 mm. L\u2019ensemble est peint en blanc avec de la peinture \u00e9poxy et s\u00e9ch\u00e9 au four. La structure est \u00e9quip\u00e9e de deux roues fixes d\u2019un diam\u00e8tre de 200 mm pour faciliter le d\u00e9placement. Enti\u00e8rement d\u00e9montable et facile \u00e0 monter. Les marches sont r\u00e9alis\u00e9es avec un angle de 30x30x3 mm et un panneau stratifi\u00e9 \u201ccarrosserie\u201d en bouleau avec un des c\u00f4t\u00e9s antid\u00e9rapants.","og_url":"https:\/\/www.lausinyvicente.com\/fr\/equipement-athletisme\/divers\/echelles-juges","og_site_name":"Laus\u00edn y Vicente","og_image":[{"width":720,"height":490,"url":"https:\/\/www.lausinyvicente.com\/wp-content\/uploads\/2022\/11\/A.99.70_Escalera-jueces.jpg","type":"image\/jpeg"}],"twitter_card":"summary_large_image","schema":{"@context":"https:\/\/schema.org","@graph":[{"@type":"WebPage","@id":"https:\/\/www.lausinyvicente.com\/fr\/equipement-athletisme\/divers\/echelles-juges","url":"https:\/\/www.lausinyvicente.com\/fr\/equipement-athletisme\/divers\/echelles-juges","name":"\u00c9chelles de juges - Laus\u00edn y Vicente","isPartOf":{"@id":"https:\/\/www.lausinyvicente.com\/#website"},"primaryImageOfPage":{"@id":"https:\/\/www.lausinyvicente.com\/fr\/equipement-athletisme\/divers\/echelles-juges#primaryimage"},"image":{"@id":"https:\/\/www.lausinyvicente.com\/fr\/equipement-athletisme\/divers\/echelles-juges#primaryimage"},"thumbnailUrl":"https:\/\/www.lausinyvicente.com\/wp-content\/uploads\/2022\/11\/A.99.70_Escalera-jueces.jpg","datePublished":"2022-11-28T09:07:17+00:00","breadcrumb":{"@id":"https:\/\/www.lausinyvicente.com\/fr\/equipement-athletisme\/divers\/echelles-juges#breadcrumb"},"inLanguage":"fr-FR","potentialAction":[{"@type":"ReadAction","target":["https:\/\/www.lausinyvicente.com\/fr\/equipement-athletisme\/divers\/echelles-juges"]}]},{"@type":"ImageObject","inLanguage":"fr-FR","@id":"https:\/\/www.lausinyvicente.com\/fr\/equipement-athletisme\/divers\/echelles-juges#primaryimage","url":"https:\/\/www.lausinyvicente.com\/wp-content\/uploads\/2022\/11\/A.99.70_Escalera-jueces.jpg","contentUrl":"https:\/\/www.lausinyvicente.com\/wp-content\/uploads\/2022\/11\/A.99.70_Escalera-jueces.jpg","width":720,"height":490},{"@type":"BreadcrumbList","@id":"https:\/\/www.lausinyvicente.com\/fr\/equipement-athletisme\/divers\/echelles-juges#breadcrumb","itemListElement":[{"@type":"ListItem","position":1,"name":"Portada","item":"https:\/\/www.lausinyvicente.com\/"},{"@type":"ListItem","position":2,"name":"Boutique","item":"https:\/\/www.lausinyvicente.com\/fr\/boutique"},{"@type":"ListItem","position":3,"name":"\u00c9chelles de juges"}]},{"@type":"WebSite","@id":"https:\/\/www.lausinyvicente.com\/#website","url":"https:\/\/www.lausinyvicente.com\/","name":"Laus\u00edn y Vicente","description":"Fabricaci\u00f3n y distribuci\u00f3n de material deportivo","potentialAction":[{"@type":"SearchAction","target":{"@type":"EntryPoint","urlTemplate":"https:\/\/www.lausinyvicente.com\/?s={search_term_string}"},"query-input":{"@type":"PropertyValueSpecification","valueRequired":true,"valueName":"search_term_string"}}],"inLanguage":"fr-FR"}]}},"_links":{"self":[{"href":"https:\/\/www.lausinyvicente.com\/fr\/wp-json\/wp\/v2\/product\/5182","targetHints":{"allow":["GET"]}}],"collection":[{"href":"https:\/\/www.lausinyvicente.com\/fr\/wp-json\/wp\/v2\/product"}],"about":[{"href":"https:\/\/www.lausinyvicente.com\/fr\/wp-json\/wp\/v2\/types\/product"}],"wp:featuredmedia":[{"embeddable":true,"href":"https:\/\/www.lausinyvicente.com\/fr\/wp-json\/wp\/v2\/media\/2344"}],"wp:attachment":[{"href":"https:\/\/www.lausinyvicente.com\/fr\/wp-json\/wp\/v2\/media?parent=5182"}],"wp:term":[{"taxonomy":"product_cat","embeddable":true,"href":"https:\/\/www.lausinyvicente.com\/fr\/wp-json\/wp\/v2\/product_cat?post=5182"},{"taxonomy":"product_tag","embeddable":true,"href":"https:\/\/www.lausinyvicente.com\/fr\/wp-json\/wp\/v2\/product_tag?post=5182"}],"curies":[{"name":"wp","href":"https:\/\/api.w.org\/{rel}","templated":true}]}}