{"id":5197,"date":"2022-11-27T10:16:37","date_gmt":"2022-11-27T10:16:37","guid":{"rendered":"https:\/\/www.lausinyvicente.com\/non class\u00e9\/podium-presentation\/"},"modified":"2022-11-27T10:16:37","modified_gmt":"2022-11-27T10:16:37","slug":"podium-presentation","status":"publish","type":"product","link":"https:\/\/www.lausinyvicente.com\/fr\/equipement-athletisme\/divers\/podium-presentation","title":{"rendered":"Podium pr\u00e9sentation"},"content":{"rendered":"","protected":false},"excerpt":{"rendered":"<p>Structure m\u00e9tallique soud\u00e9e avec profil \u00e0 froid de 30 x 30 x 2 mm formant deux niveaux en hauteur de 40 cm de hauteur pour les positions \u201c2\u201d et \u201c3\u201d et un autre \u00e0 70 cm de hauteur pour la position \u201c1\u201d. Peint en blanc avec de la peinture \u00e9poxy puis s\u00e9ch\u00e9 au fou. La base du podium est faite de contreplaqu\u00e9 de bouleau antid\u00e9rapant viss\u00e9 \u00e0 la structure \u00e0 l\u2019aide de vis filet\u00e9es. Les faces avant du podium sont en contraplaque de bouleau avec des num\u00e9ros en vinyle indiquant les positions \u201c1, 2 et 3\u201d.   <\/p>\n","protected":false},"featured_media":2340,"template":"","meta":[],"product_cat":[166,181],"product_tag":[],"class_list":{"0":"post-5197","1":"product","2":"type-product","3":"status-publish","4":"has-post-thumbnail","6":"product_cat-equipement-athletisme","7":"product_cat-divers","9":"first","10":"instock","11":"shipping-taxable","12":"purchasable","13":"product-type-variable"},"yoast_head":"<!-- This site is optimized with the Yoast SEO plugin v27.0 - https:\/\/yoast.com\/product\/yoast-seo-wordpress\/ -->\n<title>Podium pr\u00e9sentation - Laus\u00edn y Vicente<\/title>\n<meta name=\"robots\" content=\"index, follow, max-snippet:-1, max-image-preview:large, max-video-preview:-1\" \/>\n<link rel=\"canonical\" href=\"https:\/\/www.lausinyvicente.com\/fr\/equipement-athletisme\/divers\/podium-presentation\" \/>\n<meta property=\"og:locale\" content=\"fr_FR\" \/>\n<meta property=\"og:type\" content=\"article\" \/>\n<meta property=\"og:title\" content=\"Podium pr\u00e9sentation - Laus\u00edn y Vicente\" \/>\n<meta property=\"og:description\" content=\"Structure m\u00e9tallique soud\u00e9e avec profil \u00e0 froid de 30 x 30 x 2 mm formant deux niveaux en hauteur de 40 cm de hauteur pour les positions \u201c2\u201d et \u201c3\u201d et un autre \u00e0 70 cm de hauteur pour la position \u201c1\u201d. Peint en blanc avec de la peinture \u00e9poxy puis s\u00e9ch\u00e9 au fou. La base du podium est faite de contreplaqu\u00e9 de bouleau antid\u00e9rapant viss\u00e9 \u00e0 la structure \u00e0 l\u2019aide de vis filet\u00e9es. Les faces avant du podium sont en contraplaque de bouleau avec des num\u00e9ros en vinyle indiquant les positions \u201c1, 2 et 3\u201d.\" \/>\n<meta property=\"og:url\" content=\"https:\/\/www.lausinyvicente.com\/fr\/equipement-athletisme\/divers\/podium-presentation\" \/>\n<meta property=\"og:site_name\" content=\"Laus\u00edn y Vicente\" \/>\n<meta property=\"og:image\" content=\"https:\/\/www.lausinyvicente.com\/wp-content\/uploads\/2022\/11\/A.99.47-podium-presentacion-atleta.jpg\" \/>\n\t<meta property=\"og:image:width\" content=\"720\" \/>\n\t<meta property=\"og:image:height\" content=\"490\" \/>\n\t<meta property=\"og:image:type\" content=\"image\/jpeg\" \/>\n<meta name=\"twitter:card\" content=\"summary_large_image\" \/>\n<script type=\"application\/ld+json\" class=\"yoast-schema-graph\">{\"@context\":\"https:\/\/schema.org\",\"@graph\":[{\"@type\":\"WebPage\",\"@id\":\"https:\/\/www.lausinyvicente.com\/fr\/equipement-athletisme\/divers\/podium-presentation\",\"url\":\"https:\/\/www.lausinyvicente.com\/fr\/equipement-athletisme\/divers\/podium-presentation\",\"name\":\"Podium pr\u00e9sentation - Laus\u00edn y Vicente\",\"isPartOf\":{\"@id\":\"https:\/\/www.lausinyvicente.com\/#website\"},\"primaryImageOfPage\":{\"@id\":\"https:\/\/www.lausinyvicente.com\/fr\/equipement-athletisme\/divers\/podium-presentation#primaryimage\"},\"image\":{\"@id\":\"https:\/\/www.lausinyvicente.com\/fr\/equipement-athletisme\/divers\/podium-presentation#primaryimage\"},\"thumbnailUrl\":\"https:\/\/www.lausinyvicente.com\/wp-content\/uploads\/2022\/11\/A.99.47-podium-presentacion-atleta.jpg\",\"datePublished\":\"2022-11-27T10:16:37+00:00\",\"breadcrumb\":{\"@id\":\"https:\/\/www.lausinyvicente.com\/fr\/equipement-athletisme\/divers\/podium-presentation#breadcrumb\"},\"inLanguage\":\"fr-FR\",\"potentialAction\":[{\"@type\":\"ReadAction\",\"target\":[\"https:\/\/www.lausinyvicente.com\/fr\/equipement-athletisme\/divers\/podium-presentation\"]}]},{\"@type\":\"ImageObject\",\"inLanguage\":\"fr-FR\",\"@id\":\"https:\/\/www.lausinyvicente.com\/fr\/equipement-athletisme\/divers\/podium-presentation#primaryimage\",\"url\":\"https:\/\/www.lausinyvicente.com\/wp-content\/uploads\/2022\/11\/A.99.47-podium-presentacion-atleta.jpg\",\"contentUrl\":\"https:\/\/www.lausinyvicente.com\/wp-content\/uploads\/2022\/11\/A.99.47-podium-presentacion-atleta.jpg\",\"width\":720,\"height\":490},{\"@type\":\"BreadcrumbList\",\"@id\":\"https:\/\/www.lausinyvicente.com\/fr\/equipement-athletisme\/divers\/podium-presentation#breadcrumb\",\"itemListElement\":[{\"@type\":\"ListItem\",\"position\":1,\"name\":\"Portada\",\"item\":\"https:\/\/www.lausinyvicente.com\/\"},{\"@type\":\"ListItem\",\"position\":2,\"name\":\"Boutique\",\"item\":\"https:\/\/www.lausinyvicente.com\/fr\/boutique\"},{\"@type\":\"ListItem\",\"position\":3,\"name\":\"Podium pr\u00e9sentation\"}]},{\"@type\":\"WebSite\",\"@id\":\"https:\/\/www.lausinyvicente.com\/#website\",\"url\":\"https:\/\/www.lausinyvicente.com\/\",\"name\":\"Laus\u00edn y Vicente\",\"description\":\"Fabricaci\u00f3n y distribuci\u00f3n de material deportivo\",\"potentialAction\":[{\"@type\":\"SearchAction\",\"target\":{\"@type\":\"EntryPoint\",\"urlTemplate\":\"https:\/\/www.lausinyvicente.com\/?s={search_term_string}\"},\"query-input\":{\"@type\":\"PropertyValueSpecification\",\"valueRequired\":true,\"valueName\":\"search_term_string\"}}],\"inLanguage\":\"fr-FR\"}]}<\/script>\n<!-- \/ Yoast SEO plugin. -->","yoast_head_json":{"title":"Podium pr\u00e9sentation - Laus\u00edn y Vicente","robots":{"index":"index","follow":"follow","max-snippet":"max-snippet:-1","max-image-preview":"max-image-preview:large","max-video-preview":"max-video-preview:-1"},"canonical":"https:\/\/www.lausinyvicente.com\/fr\/equipement-athletisme\/divers\/podium-presentation","og_locale":"fr_FR","og_type":"article","og_title":"Podium pr\u00e9sentation - Laus\u00edn y Vicente","og_description":"Structure m\u00e9tallique soud\u00e9e avec profil \u00e0 froid de 30 x 30 x 2 mm formant deux niveaux en hauteur de 40 cm de hauteur pour les positions \u201c2\u201d et \u201c3\u201d et un autre \u00e0 70 cm de hauteur pour la position \u201c1\u201d. Peint en blanc avec de la peinture \u00e9poxy puis s\u00e9ch\u00e9 au fou. La base du podium est faite de contreplaqu\u00e9 de bouleau antid\u00e9rapant viss\u00e9 \u00e0 la structure \u00e0 l\u2019aide de vis filet\u00e9es. Les faces avant du podium sont en contraplaque de bouleau avec des num\u00e9ros en vinyle indiquant les positions \u201c1, 2 et 3\u201d.","og_url":"https:\/\/www.lausinyvicente.com\/fr\/equipement-athletisme\/divers\/podium-presentation","og_site_name":"Laus\u00edn y Vicente","og_image":[{"width":720,"height":490,"url":"https:\/\/www.lausinyvicente.com\/wp-content\/uploads\/2022\/11\/A.99.47-podium-presentacion-atleta.jpg","type":"image\/jpeg"}],"twitter_card":"summary_large_image","schema":{"@context":"https:\/\/schema.org","@graph":[{"@type":"WebPage","@id":"https:\/\/www.lausinyvicente.com\/fr\/equipement-athletisme\/divers\/podium-presentation","url":"https:\/\/www.lausinyvicente.com\/fr\/equipement-athletisme\/divers\/podium-presentation","name":"Podium pr\u00e9sentation - Laus\u00edn y Vicente","isPartOf":{"@id":"https:\/\/www.lausinyvicente.com\/#website"},"primaryImageOfPage":{"@id":"https:\/\/www.lausinyvicente.com\/fr\/equipement-athletisme\/divers\/podium-presentation#primaryimage"},"image":{"@id":"https:\/\/www.lausinyvicente.com\/fr\/equipement-athletisme\/divers\/podium-presentation#primaryimage"},"thumbnailUrl":"https:\/\/www.lausinyvicente.com\/wp-content\/uploads\/2022\/11\/A.99.47-podium-presentacion-atleta.jpg","datePublished":"2022-11-27T10:16:37+00:00","breadcrumb":{"@id":"https:\/\/www.lausinyvicente.com\/fr\/equipement-athletisme\/divers\/podium-presentation#breadcrumb"},"inLanguage":"fr-FR","potentialAction":[{"@type":"ReadAction","target":["https:\/\/www.lausinyvicente.com\/fr\/equipement-athletisme\/divers\/podium-presentation"]}]},{"@type":"ImageObject","inLanguage":"fr-FR","@id":"https:\/\/www.lausinyvicente.com\/fr\/equipement-athletisme\/divers\/podium-presentation#primaryimage","url":"https:\/\/www.lausinyvicente.com\/wp-content\/uploads\/2022\/11\/A.99.47-podium-presentacion-atleta.jpg","contentUrl":"https:\/\/www.lausinyvicente.com\/wp-content\/uploads\/2022\/11\/A.99.47-podium-presentacion-atleta.jpg","width":720,"height":490},{"@type":"BreadcrumbList","@id":"https:\/\/www.lausinyvicente.com\/fr\/equipement-athletisme\/divers\/podium-presentation#breadcrumb","itemListElement":[{"@type":"ListItem","position":1,"name":"Portada","item":"https:\/\/www.lausinyvicente.com\/"},{"@type":"ListItem","position":2,"name":"Boutique","item":"https:\/\/www.lausinyvicente.com\/fr\/boutique"},{"@type":"ListItem","position":3,"name":"Podium pr\u00e9sentation"}]},{"@type":"WebSite","@id":"https:\/\/www.lausinyvicente.com\/#website","url":"https:\/\/www.lausinyvicente.com\/","name":"Laus\u00edn y Vicente","description":"Fabricaci\u00f3n y distribuci\u00f3n de material deportivo","potentialAction":[{"@type":"SearchAction","target":{"@type":"EntryPoint","urlTemplate":"https:\/\/www.lausinyvicente.com\/?s={search_term_string}"},"query-input":{"@type":"PropertyValueSpecification","valueRequired":true,"valueName":"search_term_string"}}],"inLanguage":"fr-FR"}]}},"_links":{"self":[{"href":"https:\/\/www.lausinyvicente.com\/fr\/wp-json\/wp\/v2\/product\/5197","targetHints":{"allow":["GET"]}}],"collection":[{"href":"https:\/\/www.lausinyvicente.com\/fr\/wp-json\/wp\/v2\/product"}],"about":[{"href":"https:\/\/www.lausinyvicente.com\/fr\/wp-json\/wp\/v2\/types\/product"}],"wp:featuredmedia":[{"embeddable":true,"href":"https:\/\/www.lausinyvicente.com\/fr\/wp-json\/wp\/v2\/media\/2340"}],"wp:attachment":[{"href":"https:\/\/www.lausinyvicente.com\/fr\/wp-json\/wp\/v2\/media?parent=5197"}],"wp:term":[{"taxonomy":"product_cat","embeddable":true,"href":"https:\/\/www.lausinyvicente.com\/fr\/wp-json\/wp\/v2\/product_cat?post=5197"},{"taxonomy":"product_tag","embeddable":true,"href":"https:\/\/www.lausinyvicente.com\/fr\/wp-json\/wp\/v2\/product_tag?post=5197"}],"curies":[{"name":"wp","href":"https:\/\/api.w.org\/{rel}","templated":true}]}}