{"id":5201,"date":"2022-11-27T08:32:26","date_gmt":"2022-11-27T08:32:26","guid":{"rendered":"https:\/\/www.lausinyvicente.com\/non class\u00e9\/corniere-fosse-bache-de-protection-fosse-et-rateaux\/"},"modified":"2022-11-27T08:32:26","modified_gmt":"2022-11-27T08:32:26","slug":"corniere-bache-rateaux-fosse-saut-longueur","status":"publish","type":"product","link":"https:\/\/www.lausinyvicente.com\/fr\/equipement-athletisme\/longueur\/corniere-bache-rateaux-fosse-saut-longueur","title":{"rendered":"Corni\u00e8re foss\u00e9, b\u00e2che de protection foss\u00e9 et r\u00e2teaux"},"content":{"rendered":"","protected":false},"excerpt":{"rendered":"<p><strong>Corni\u00e8re foss\u00e9<\/strong><\/p>\n<p>Fabriqu\u00e9e en bois de pin massif laqu\u00e9 blanc. Section transversale 63&#215;63 mm avec bord arrondi. Longueur de 2,7 m. A placer \u00e0 l\u2019extr\u00e9mit\u00e9 d\u2019un bac \u00e0 sable de saut en longueur ou de triple saut.   <\/p>\n<p><strong>B\u00e2che de protection foss\u00e9<\/strong><\/p>\n<p>B\u00e2che de protection fabriqu\u00e9e avec toile plastifi\u00e9e recouverte de PVC. \u0152illets m\u00e9talliques tout autour pour passer un \u00e9lastique qui permet de fixer la toile dans le p\u00e9rim\u00e8tre de la fosse. Prix au m2. <\/p>\n<p><strong>R\u00e2teau et lisseur<\/strong><\/p>\n<p>Fabriqu\u00e9 en t\u00f4le d\u00e9coup\u00e9e au laser avec manche en m\u00e9tal. D\u2019un c\u00f4t\u00e9, il est dent\u00e9 pour le r\u00e2telage et de l\u2019autre pour le lissage. <\/p>\n","protected":false},"featured_media":2304,"template":"","meta":[],"product_cat":[166,183],"product_tag":[],"class_list":{"0":"post-5201","1":"product","2":"type-product","3":"status-publish","4":"has-post-thumbnail","6":"product_cat-equipement-athletisme","7":"product_cat-longueur","9":"first","10":"instock","11":"shipping-taxable","12":"purchasable","13":"product-type-variable"},"yoast_head":"<!-- This site is optimized with the Yoast SEO plugin v27.0 - https:\/\/yoast.com\/product\/yoast-seo-wordpress\/ -->\n<title>Corni\u00e8re foss\u00e9, b\u00e2che de protection foss\u00e9 et r\u00e2teaux - Laus\u00edn y Vicente<\/title>\n<meta name=\"robots\" content=\"index, follow, max-snippet:-1, max-image-preview:large, max-video-preview:-1\" \/>\n<link rel=\"canonical\" href=\"https:\/\/www.lausinyvicente.com\/fr\/equipement-athletisme\/longueur\/corniere-bache-rateaux-fosse-saut-longueur\" \/>\n<meta property=\"og:locale\" content=\"fr_FR\" \/>\n<meta property=\"og:type\" content=\"article\" \/>\n<meta property=\"og:title\" content=\"Corni\u00e8re foss\u00e9, b\u00e2che de protection foss\u00e9 et r\u00e2teaux - Laus\u00edn y Vicente\" \/>\n<meta property=\"og:description\" content=\"Corni\u00e8re foss\u00e9 Fabriqu\u00e9e en bois de pin massif laqu\u00e9 blanc. Section transversale 63x63 mm avec bord arrondi. Longueur de 2,7 m. A placer \u00e0 l\u2019extr\u00e9mit\u00e9 d\u2019un bac \u00e0 sable de saut en longueur ou de triple saut.   B\u00e2che de protection foss\u00e9 B\u00e2che de protection fabriqu\u00e9e avec toile plastifi\u00e9e recouverte de PVC. \u0152illets m\u00e9talliques tout autour pour passer un \u00e9lastique qui permet de fixer la toile dans le p\u00e9rim\u00e8tre de la fosse. Prix au m2.  R\u00e2teau et lisseur Fabriqu\u00e9 en t\u00f4le d\u00e9coup\u00e9e au laser avec manche en m\u00e9tal. D\u2019un c\u00f4t\u00e9, il est dent\u00e9 pour le r\u00e2telage et de l\u2019autre pour le lissage.\" \/>\n<meta property=\"og:url\" content=\"https:\/\/www.lausinyvicente.com\/fr\/equipement-athletisme\/longueur\/corniere-bache-rateaux-fosse-saut-longueur\" \/>\n<meta property=\"og:site_name\" content=\"Laus\u00edn y Vicente\" \/>\n<meta property=\"og:image\" content=\"https:\/\/www.lausinyvicente.com\/wp-content\/uploads\/2022\/11\/A.11.02-cantonera-foso.jpg\" \/>\n\t<meta property=\"og:image:width\" content=\"720\" \/>\n\t<meta property=\"og:image:height\" content=\"490\" \/>\n\t<meta property=\"og:image:type\" content=\"image\/jpeg\" \/>\n<meta name=\"twitter:card\" content=\"summary_large_image\" \/>\n<script type=\"application\/ld+json\" class=\"yoast-schema-graph\">{\"@context\":\"https:\/\/schema.org\",\"@graph\":[{\"@type\":\"WebPage\",\"@id\":\"https:\/\/www.lausinyvicente.com\/fr\/equipement-athletisme\/longueur\/corniere-bache-rateaux-fosse-saut-longueur\",\"url\":\"https:\/\/www.lausinyvicente.com\/fr\/equipement-athletisme\/longueur\/corniere-bache-rateaux-fosse-saut-longueur\",\"name\":\"Corni\u00e8re foss\u00e9, b\u00e2che de protection foss\u00e9 et r\u00e2teaux - Laus\u00edn y Vicente\",\"isPartOf\":{\"@id\":\"https:\/\/www.lausinyvicente.com\/#website\"},\"primaryImageOfPage\":{\"@id\":\"https:\/\/www.lausinyvicente.com\/fr\/equipement-athletisme\/longueur\/corniere-bache-rateaux-fosse-saut-longueur#primaryimage\"},\"image\":{\"@id\":\"https:\/\/www.lausinyvicente.com\/fr\/equipement-athletisme\/longueur\/corniere-bache-rateaux-fosse-saut-longueur#primaryimage\"},\"thumbnailUrl\":\"https:\/\/www.lausinyvicente.com\/wp-content\/uploads\/2022\/11\/A.11.02-cantonera-foso.jpg\",\"datePublished\":\"2022-11-27T08:32:26+00:00\",\"breadcrumb\":{\"@id\":\"https:\/\/www.lausinyvicente.com\/fr\/equipement-athletisme\/longueur\/corniere-bache-rateaux-fosse-saut-longueur#breadcrumb\"},\"inLanguage\":\"fr-FR\",\"potentialAction\":[{\"@type\":\"ReadAction\",\"target\":[\"https:\/\/www.lausinyvicente.com\/fr\/equipement-athletisme\/longueur\/corniere-bache-rateaux-fosse-saut-longueur\"]}]},{\"@type\":\"ImageObject\",\"inLanguage\":\"fr-FR\",\"@id\":\"https:\/\/www.lausinyvicente.com\/fr\/equipement-athletisme\/longueur\/corniere-bache-rateaux-fosse-saut-longueur#primaryimage\",\"url\":\"https:\/\/www.lausinyvicente.com\/wp-content\/uploads\/2022\/11\/A.11.02-cantonera-foso.jpg\",\"contentUrl\":\"https:\/\/www.lausinyvicente.com\/wp-content\/uploads\/2022\/11\/A.11.02-cantonera-foso.jpg\",\"width\":720,\"height\":490},{\"@type\":\"BreadcrumbList\",\"@id\":\"https:\/\/www.lausinyvicente.com\/fr\/equipement-athletisme\/longueur\/corniere-bache-rateaux-fosse-saut-longueur#breadcrumb\",\"itemListElement\":[{\"@type\":\"ListItem\",\"position\":1,\"name\":\"Portada\",\"item\":\"https:\/\/www.lausinyvicente.com\/\"},{\"@type\":\"ListItem\",\"position\":2,\"name\":\"Boutique\",\"item\":\"https:\/\/www.lausinyvicente.com\/fr\/boutique\"},{\"@type\":\"ListItem\",\"position\":3,\"name\":\"Corni\u00e8re foss\u00e9, b\u00e2che de protection foss\u00e9 et r\u00e2teaux\"}]},{\"@type\":\"WebSite\",\"@id\":\"https:\/\/www.lausinyvicente.com\/#website\",\"url\":\"https:\/\/www.lausinyvicente.com\/\",\"name\":\"Laus\u00edn y Vicente\",\"description\":\"Fabricaci\u00f3n y distribuci\u00f3n de material deportivo\",\"potentialAction\":[{\"@type\":\"SearchAction\",\"target\":{\"@type\":\"EntryPoint\",\"urlTemplate\":\"https:\/\/www.lausinyvicente.com\/?s={search_term_string}\"},\"query-input\":{\"@type\":\"PropertyValueSpecification\",\"valueRequired\":true,\"valueName\":\"search_term_string\"}}],\"inLanguage\":\"fr-FR\"}]}<\/script>\n<!-- \/ Yoast SEO plugin. -->","yoast_head_json":{"title":"Corni\u00e8re foss\u00e9, b\u00e2che de protection foss\u00e9 et r\u00e2teaux - Laus\u00edn y Vicente","robots":{"index":"index","follow":"follow","max-snippet":"max-snippet:-1","max-image-preview":"max-image-preview:large","max-video-preview":"max-video-preview:-1"},"canonical":"https:\/\/www.lausinyvicente.com\/fr\/equipement-athletisme\/longueur\/corniere-bache-rateaux-fosse-saut-longueur","og_locale":"fr_FR","og_type":"article","og_title":"Corni\u00e8re foss\u00e9, b\u00e2che de protection foss\u00e9 et r\u00e2teaux - Laus\u00edn y Vicente","og_description":"Corni\u00e8re foss\u00e9 Fabriqu\u00e9e en bois de pin massif laqu\u00e9 blanc. Section transversale 63x63 mm avec bord arrondi. Longueur de 2,7 m. A placer \u00e0 l\u2019extr\u00e9mit\u00e9 d\u2019un bac \u00e0 sable de saut en longueur ou de triple saut.   B\u00e2che de protection foss\u00e9 B\u00e2che de protection fabriqu\u00e9e avec toile plastifi\u00e9e recouverte de PVC. \u0152illets m\u00e9talliques tout autour pour passer un \u00e9lastique qui permet de fixer la toile dans le p\u00e9rim\u00e8tre de la fosse. Prix au m2.  R\u00e2teau et lisseur Fabriqu\u00e9 en t\u00f4le d\u00e9coup\u00e9e au laser avec manche en m\u00e9tal. D\u2019un c\u00f4t\u00e9, il est dent\u00e9 pour le r\u00e2telage et de l\u2019autre pour le lissage.","og_url":"https:\/\/www.lausinyvicente.com\/fr\/equipement-athletisme\/longueur\/corniere-bache-rateaux-fosse-saut-longueur","og_site_name":"Laus\u00edn y Vicente","og_image":[{"width":720,"height":490,"url":"https:\/\/www.lausinyvicente.com\/wp-content\/uploads\/2022\/11\/A.11.02-cantonera-foso.jpg","type":"image\/jpeg"}],"twitter_card":"summary_large_image","schema":{"@context":"https:\/\/schema.org","@graph":[{"@type":"WebPage","@id":"https:\/\/www.lausinyvicente.com\/fr\/equipement-athletisme\/longueur\/corniere-bache-rateaux-fosse-saut-longueur","url":"https:\/\/www.lausinyvicente.com\/fr\/equipement-athletisme\/longueur\/corniere-bache-rateaux-fosse-saut-longueur","name":"Corni\u00e8re foss\u00e9, b\u00e2che de protection foss\u00e9 et r\u00e2teaux - Laus\u00edn y Vicente","isPartOf":{"@id":"https:\/\/www.lausinyvicente.com\/#website"},"primaryImageOfPage":{"@id":"https:\/\/www.lausinyvicente.com\/fr\/equipement-athletisme\/longueur\/corniere-bache-rateaux-fosse-saut-longueur#primaryimage"},"image":{"@id":"https:\/\/www.lausinyvicente.com\/fr\/equipement-athletisme\/longueur\/corniere-bache-rateaux-fosse-saut-longueur#primaryimage"},"thumbnailUrl":"https:\/\/www.lausinyvicente.com\/wp-content\/uploads\/2022\/11\/A.11.02-cantonera-foso.jpg","datePublished":"2022-11-27T08:32:26+00:00","breadcrumb":{"@id":"https:\/\/www.lausinyvicente.com\/fr\/equipement-athletisme\/longueur\/corniere-bache-rateaux-fosse-saut-longueur#breadcrumb"},"inLanguage":"fr-FR","potentialAction":[{"@type":"ReadAction","target":["https:\/\/www.lausinyvicente.com\/fr\/equipement-athletisme\/longueur\/corniere-bache-rateaux-fosse-saut-longueur"]}]},{"@type":"ImageObject","inLanguage":"fr-FR","@id":"https:\/\/www.lausinyvicente.com\/fr\/equipement-athletisme\/longueur\/corniere-bache-rateaux-fosse-saut-longueur#primaryimage","url":"https:\/\/www.lausinyvicente.com\/wp-content\/uploads\/2022\/11\/A.11.02-cantonera-foso.jpg","contentUrl":"https:\/\/www.lausinyvicente.com\/wp-content\/uploads\/2022\/11\/A.11.02-cantonera-foso.jpg","width":720,"height":490},{"@type":"BreadcrumbList","@id":"https:\/\/www.lausinyvicente.com\/fr\/equipement-athletisme\/longueur\/corniere-bache-rateaux-fosse-saut-longueur#breadcrumb","itemListElement":[{"@type":"ListItem","position":1,"name":"Portada","item":"https:\/\/www.lausinyvicente.com\/"},{"@type":"ListItem","position":2,"name":"Boutique","item":"https:\/\/www.lausinyvicente.com\/fr\/boutique"},{"@type":"ListItem","position":3,"name":"Corni\u00e8re foss\u00e9, b\u00e2che de protection foss\u00e9 et r\u00e2teaux"}]},{"@type":"WebSite","@id":"https:\/\/www.lausinyvicente.com\/#website","url":"https:\/\/www.lausinyvicente.com\/","name":"Laus\u00edn y Vicente","description":"Fabricaci\u00f3n y distribuci\u00f3n de material deportivo","potentialAction":[{"@type":"SearchAction","target":{"@type":"EntryPoint","urlTemplate":"https:\/\/www.lausinyvicente.com\/?s={search_term_string}"},"query-input":{"@type":"PropertyValueSpecification","valueRequired":true,"valueName":"search_term_string"}}],"inLanguage":"fr-FR"}]}},"_links":{"self":[{"href":"https:\/\/www.lausinyvicente.com\/fr\/wp-json\/wp\/v2\/product\/5201","targetHints":{"allow":["GET"]}}],"collection":[{"href":"https:\/\/www.lausinyvicente.com\/fr\/wp-json\/wp\/v2\/product"}],"about":[{"href":"https:\/\/www.lausinyvicente.com\/fr\/wp-json\/wp\/v2\/types\/product"}],"wp:featuredmedia":[{"embeddable":true,"href":"https:\/\/www.lausinyvicente.com\/fr\/wp-json\/wp\/v2\/media\/2304"}],"wp:attachment":[{"href":"https:\/\/www.lausinyvicente.com\/fr\/wp-json\/wp\/v2\/media?parent=5201"}],"wp:term":[{"taxonomy":"product_cat","embeddable":true,"href":"https:\/\/www.lausinyvicente.com\/fr\/wp-json\/wp\/v2\/product_cat?post=5201"},{"taxonomy":"product_tag","embeddable":true,"href":"https:\/\/www.lausinyvicente.com\/fr\/wp-json\/wp\/v2\/product_tag?post=5201"}],"curies":[{"name":"wp","href":"https:\/\/api.w.org\/{rel}","templated":true}]}}