{"id":5206,"date":"2022-11-27T10:12:39","date_gmt":"2022-11-27T10:12:39","guid":{"rendered":"https:\/\/www.lausinyvicente.com\/non class\u00e9\/tableau-daffichage-piste-pour-differentes-epreuves\/"},"modified":"2022-11-27T10:12:39","modified_gmt":"2022-11-27T10:12:39","slug":"tableau-affichage-piste-differentes-eprueves","status":"publish","type":"product","link":"https:\/\/www.lausinyvicente.com\/fr\/equipement-athletisme\/divers\/tableau-affichage-piste-differentes-eprueves","title":{"rendered":"Tableau d\u2019affichage piste pour diff\u00e9rentes \u00e9preuves"},"content":{"rendered":"","protected":false},"excerpt":{"rendered":"<p>Tableau d\u2019affichage compos\u00e9 d\u2019une structure avec un support pivotant \u00e0 8 chiffres fix\u00e9 \u00e0 un chariot qui permet de le d\u00e9placer et le tourner. La structure du support est en t\u00f4le pli\u00e9e qui permet d\u2019ins\u00e9rer et de fixer les chiffres. Le chariot est r\u00e9alis\u00e9 en acier froid de section circulaire de 32 x 2 mm de diam\u00e8tre, avec deux roues qui permettent de d\u00e9placer le tableau d\u2019affichage. Peint avec de la peinture \u00e9poxy et s\u00e9ch\u00e9 au four. Les chiffres sont de type persienne et ils peuvent \u00eatre chang\u00e9s manuellement en soulevant la languette correspondante.    <\/p>\n","protected":false},"featured_media":2338,"template":"","meta":[],"product_cat":[166,181],"product_tag":[],"class_list":{"0":"post-5206","1":"product","2":"type-product","3":"status-publish","4":"has-post-thumbnail","6":"product_cat-equipement-athletisme","7":"product_cat-divers","9":"first","10":"instock","11":"shipping-taxable","12":"purchasable","13":"product-type-simple"},"yoast_head":"<!-- This site is optimized with the Yoast SEO plugin v27.0 - https:\/\/yoast.com\/product\/yoast-seo-wordpress\/ -->\n<title>Tableau d\u2019affichage piste pour diff\u00e9rentes \u00e9preuves - Laus\u00edn y Vicente<\/title>\n<meta name=\"robots\" content=\"index, follow, max-snippet:-1, max-image-preview:large, max-video-preview:-1\" \/>\n<link rel=\"canonical\" href=\"https:\/\/www.lausinyvicente.com\/fr\/equipement-athletisme\/divers\/tableau-affichage-piste-differentes-eprueves\" \/>\n<meta property=\"og:locale\" content=\"fr_FR\" \/>\n<meta property=\"og:type\" content=\"article\" \/>\n<meta property=\"og:title\" content=\"Tableau d\u2019affichage piste pour diff\u00e9rentes \u00e9preuves - Laus\u00edn y Vicente\" \/>\n<meta property=\"og:description\" content=\"Tableau d\u2019affichage compos\u00e9 d\u2019une structure avec un support pivotant \u00e0 8 chiffres fix\u00e9 \u00e0 un chariot qui permet de le d\u00e9placer et le tourner. La structure du support est en t\u00f4le pli\u00e9e qui permet d\u2019ins\u00e9rer et de fixer les chiffres. Le chariot est r\u00e9alis\u00e9 en acier froid de section circulaire de 32 x 2 mm de diam\u00e8tre, avec deux roues qui permettent de d\u00e9placer le tableau d\u2019affichage. Peint avec de la peinture \u00e9poxy et s\u00e9ch\u00e9 au four. Les chiffres sont de type persienne et ils peuvent \u00eatre chang\u00e9s manuellement en soulevant la languette correspondante.\" \/>\n<meta property=\"og:url\" content=\"https:\/\/www.lausinyvicente.com\/fr\/equipement-athletisme\/divers\/tableau-affichage-piste-differentes-eprueves\" \/>\n<meta property=\"og:site_name\" content=\"Laus\u00edn y Vicente\" \/>\n<meta property=\"og:image\" content=\"https:\/\/www.lausinyvicente.com\/wp-content\/uploads\/2022\/11\/A.99.46-marcador-pista-diferentes-pruebas.jpg\" \/>\n\t<meta property=\"og:image:width\" content=\"720\" \/>\n\t<meta property=\"og:image:height\" content=\"490\" \/>\n\t<meta property=\"og:image:type\" content=\"image\/jpeg\" \/>\n<meta name=\"twitter:card\" content=\"summary_large_image\" \/>\n<script type=\"application\/ld+json\" class=\"yoast-schema-graph\">{\"@context\":\"https:\/\/schema.org\",\"@graph\":[{\"@type\":\"WebPage\",\"@id\":\"https:\/\/www.lausinyvicente.com\/fr\/equipement-athletisme\/divers\/tableau-affichage-piste-differentes-eprueves\",\"url\":\"https:\/\/www.lausinyvicente.com\/fr\/equipement-athletisme\/divers\/tableau-affichage-piste-differentes-eprueves\",\"name\":\"Tableau d\u2019affichage piste pour diff\u00e9rentes \u00e9preuves - Laus\u00edn y Vicente\",\"isPartOf\":{\"@id\":\"https:\/\/www.lausinyvicente.com\/#website\"},\"primaryImageOfPage\":{\"@id\":\"https:\/\/www.lausinyvicente.com\/fr\/equipement-athletisme\/divers\/tableau-affichage-piste-differentes-eprueves#primaryimage\"},\"image\":{\"@id\":\"https:\/\/www.lausinyvicente.com\/fr\/equipement-athletisme\/divers\/tableau-affichage-piste-differentes-eprueves#primaryimage\"},\"thumbnailUrl\":\"https:\/\/www.lausinyvicente.com\/wp-content\/uploads\/2022\/11\/A.99.46-marcador-pista-diferentes-pruebas.jpg\",\"datePublished\":\"2022-11-27T10:12:39+00:00\",\"breadcrumb\":{\"@id\":\"https:\/\/www.lausinyvicente.com\/fr\/equipement-athletisme\/divers\/tableau-affichage-piste-differentes-eprueves#breadcrumb\"},\"inLanguage\":\"fr-FR\",\"potentialAction\":[{\"@type\":\"ReadAction\",\"target\":[\"https:\/\/www.lausinyvicente.com\/fr\/equipement-athletisme\/divers\/tableau-affichage-piste-differentes-eprueves\"]}]},{\"@type\":\"ImageObject\",\"inLanguage\":\"fr-FR\",\"@id\":\"https:\/\/www.lausinyvicente.com\/fr\/equipement-athletisme\/divers\/tableau-affichage-piste-differentes-eprueves#primaryimage\",\"url\":\"https:\/\/www.lausinyvicente.com\/wp-content\/uploads\/2022\/11\/A.99.46-marcador-pista-diferentes-pruebas.jpg\",\"contentUrl\":\"https:\/\/www.lausinyvicente.com\/wp-content\/uploads\/2022\/11\/A.99.46-marcador-pista-diferentes-pruebas.jpg\",\"width\":720,\"height\":490},{\"@type\":\"BreadcrumbList\",\"@id\":\"https:\/\/www.lausinyvicente.com\/fr\/equipement-athletisme\/divers\/tableau-affichage-piste-differentes-eprueves#breadcrumb\",\"itemListElement\":[{\"@type\":\"ListItem\",\"position\":1,\"name\":\"Portada\",\"item\":\"https:\/\/www.lausinyvicente.com\/\"},{\"@type\":\"ListItem\",\"position\":2,\"name\":\"Boutique\",\"item\":\"https:\/\/www.lausinyvicente.com\/fr\/boutique\"},{\"@type\":\"ListItem\",\"position\":3,\"name\":\"Tableau d\u2019affichage piste pour diff\u00e9rentes \u00e9preuves\"}]},{\"@type\":\"WebSite\",\"@id\":\"https:\/\/www.lausinyvicente.com\/#website\",\"url\":\"https:\/\/www.lausinyvicente.com\/\",\"name\":\"Laus\u00edn y Vicente\",\"description\":\"Fabricaci\u00f3n y distribuci\u00f3n de material deportivo\",\"potentialAction\":[{\"@type\":\"SearchAction\",\"target\":{\"@type\":\"EntryPoint\",\"urlTemplate\":\"https:\/\/www.lausinyvicente.com\/?s={search_term_string}\"},\"query-input\":{\"@type\":\"PropertyValueSpecification\",\"valueRequired\":true,\"valueName\":\"search_term_string\"}}],\"inLanguage\":\"fr-FR\"}]}<\/script>\n<!-- \/ Yoast SEO plugin. -->","yoast_head_json":{"title":"Tableau d\u2019affichage piste pour diff\u00e9rentes \u00e9preuves - Laus\u00edn y Vicente","robots":{"index":"index","follow":"follow","max-snippet":"max-snippet:-1","max-image-preview":"max-image-preview:large","max-video-preview":"max-video-preview:-1"},"canonical":"https:\/\/www.lausinyvicente.com\/fr\/equipement-athletisme\/divers\/tableau-affichage-piste-differentes-eprueves","og_locale":"fr_FR","og_type":"article","og_title":"Tableau d\u2019affichage piste pour diff\u00e9rentes \u00e9preuves - Laus\u00edn y Vicente","og_description":"Tableau d\u2019affichage compos\u00e9 d\u2019une structure avec un support pivotant \u00e0 8 chiffres fix\u00e9 \u00e0 un chariot qui permet de le d\u00e9placer et le tourner. La structure du support est en t\u00f4le pli\u00e9e qui permet d\u2019ins\u00e9rer et de fixer les chiffres. Le chariot est r\u00e9alis\u00e9 en acier froid de section circulaire de 32 x 2 mm de diam\u00e8tre, avec deux roues qui permettent de d\u00e9placer le tableau d\u2019affichage. Peint avec de la peinture \u00e9poxy et s\u00e9ch\u00e9 au four. Les chiffres sont de type persienne et ils peuvent \u00eatre chang\u00e9s manuellement en soulevant la languette correspondante.","og_url":"https:\/\/www.lausinyvicente.com\/fr\/equipement-athletisme\/divers\/tableau-affichage-piste-differentes-eprueves","og_site_name":"Laus\u00edn y Vicente","og_image":[{"width":720,"height":490,"url":"https:\/\/www.lausinyvicente.com\/wp-content\/uploads\/2022\/11\/A.99.46-marcador-pista-diferentes-pruebas.jpg","type":"image\/jpeg"}],"twitter_card":"summary_large_image","schema":{"@context":"https:\/\/schema.org","@graph":[{"@type":"WebPage","@id":"https:\/\/www.lausinyvicente.com\/fr\/equipement-athletisme\/divers\/tableau-affichage-piste-differentes-eprueves","url":"https:\/\/www.lausinyvicente.com\/fr\/equipement-athletisme\/divers\/tableau-affichage-piste-differentes-eprueves","name":"Tableau d\u2019affichage piste pour diff\u00e9rentes \u00e9preuves - Laus\u00edn y Vicente","isPartOf":{"@id":"https:\/\/www.lausinyvicente.com\/#website"},"primaryImageOfPage":{"@id":"https:\/\/www.lausinyvicente.com\/fr\/equipement-athletisme\/divers\/tableau-affichage-piste-differentes-eprueves#primaryimage"},"image":{"@id":"https:\/\/www.lausinyvicente.com\/fr\/equipement-athletisme\/divers\/tableau-affichage-piste-differentes-eprueves#primaryimage"},"thumbnailUrl":"https:\/\/www.lausinyvicente.com\/wp-content\/uploads\/2022\/11\/A.99.46-marcador-pista-diferentes-pruebas.jpg","datePublished":"2022-11-27T10:12:39+00:00","breadcrumb":{"@id":"https:\/\/www.lausinyvicente.com\/fr\/equipement-athletisme\/divers\/tableau-affichage-piste-differentes-eprueves#breadcrumb"},"inLanguage":"fr-FR","potentialAction":[{"@type":"ReadAction","target":["https:\/\/www.lausinyvicente.com\/fr\/equipement-athletisme\/divers\/tableau-affichage-piste-differentes-eprueves"]}]},{"@type":"ImageObject","inLanguage":"fr-FR","@id":"https:\/\/www.lausinyvicente.com\/fr\/equipement-athletisme\/divers\/tableau-affichage-piste-differentes-eprueves#primaryimage","url":"https:\/\/www.lausinyvicente.com\/wp-content\/uploads\/2022\/11\/A.99.46-marcador-pista-diferentes-pruebas.jpg","contentUrl":"https:\/\/www.lausinyvicente.com\/wp-content\/uploads\/2022\/11\/A.99.46-marcador-pista-diferentes-pruebas.jpg","width":720,"height":490},{"@type":"BreadcrumbList","@id":"https:\/\/www.lausinyvicente.com\/fr\/equipement-athletisme\/divers\/tableau-affichage-piste-differentes-eprueves#breadcrumb","itemListElement":[{"@type":"ListItem","position":1,"name":"Portada","item":"https:\/\/www.lausinyvicente.com\/"},{"@type":"ListItem","position":2,"name":"Boutique","item":"https:\/\/www.lausinyvicente.com\/fr\/boutique"},{"@type":"ListItem","position":3,"name":"Tableau d\u2019affichage piste pour diff\u00e9rentes \u00e9preuves"}]},{"@type":"WebSite","@id":"https:\/\/www.lausinyvicente.com\/#website","url":"https:\/\/www.lausinyvicente.com\/","name":"Laus\u00edn y Vicente","description":"Fabricaci\u00f3n y distribuci\u00f3n de material deportivo","potentialAction":[{"@type":"SearchAction","target":{"@type":"EntryPoint","urlTemplate":"https:\/\/www.lausinyvicente.com\/?s={search_term_string}"},"query-input":{"@type":"PropertyValueSpecification","valueRequired":true,"valueName":"search_term_string"}}],"inLanguage":"fr-FR"}]}},"_links":{"self":[{"href":"https:\/\/www.lausinyvicente.com\/fr\/wp-json\/wp\/v2\/product\/5206","targetHints":{"allow":["GET"]}}],"collection":[{"href":"https:\/\/www.lausinyvicente.com\/fr\/wp-json\/wp\/v2\/product"}],"about":[{"href":"https:\/\/www.lausinyvicente.com\/fr\/wp-json\/wp\/v2\/types\/product"}],"wp:featuredmedia":[{"embeddable":true,"href":"https:\/\/www.lausinyvicente.com\/fr\/wp-json\/wp\/v2\/media\/2338"}],"wp:attachment":[{"href":"https:\/\/www.lausinyvicente.com\/fr\/wp-json\/wp\/v2\/media?parent=5206"}],"wp:term":[{"taxonomy":"product_cat","embeddable":true,"href":"https:\/\/www.lausinyvicente.com\/fr\/wp-json\/wp\/v2\/product_cat?post=5206"},{"taxonomy":"product_tag","embeddable":true,"href":"https:\/\/www.lausinyvicente.com\/fr\/wp-json\/wp\/v2\/product_tag?post=5206"}],"curies":[{"name":"wp","href":"https:\/\/api.w.org\/{rel}","templated":true}]}}