{"id":5218,"date":"2022-11-27T09:46:22","date_gmt":"2022-11-27T09:46:22","guid":{"rendered":"https:\/\/www.lausinyvicente.com\/non%20class\u00e9\/bordure-de-piste-dathletisme-en-aluminium\/"},"modified":"2024-03-13T15:03:02","modified_gmt":"2024-03-13T15:03:02","slug":"bordure-piste-athletisme-aluminium","status":"publish","type":"product","link":"https:\/\/www.lausinyvicente.com\/fr\/equipement-athletisme\/courses\/bordure-piste-athletisme-aluminium","title":{"rendered":"Bordure de piste d\u2019athl\u00e9tisme en aluminium"},"content":{"rendered":"","protected":false},"excerpt":{"rendered":"<p><b>Certificat WA N\u00b0E-12-0651 <\/b>\/ Fixe<b><br \/>\nCertificat WA N\u00b0E-20-1093 <\/b>\/ Amovible<\/p>\n<p>Bordure athl\u00e9tisme aluminium, con\u00e7u et fabriqu\u00e9 conform\u00e9ment aux normes internationales d\u2019athl\u00e9tisme de l\u2019WA. Le profil de la bordure et le profil des supports et de fixation au sol, appel\u00e9es agrafes, sont r\u00e9alis\u00e9s en profil\u00e9 d\u2019aluminium extrud\u00e9. Il est disponible en deux finitions : laqu\u00e9 blanc (un traitement d\u00e9graissant est appliqu\u00e9 pour assurer la fixation de la couleur sur le profil\u00e9 aluminium) ou anodis\u00e9 argent. En fonction du syst\u00e8me de fixation de la bordure \u00e0 la piste d\u2019athl\u00e9tisme, il y a deux possibilit\u00e9s: fixe ou amovible. Prix m\u00e8tre lin\u00e9aire.<\/p>\n","protected":false},"featured_media":2334,"template":"","meta":[],"product_cat":[166,169],"product_tag":[],"class_list":{"0":"post-5218","1":"product","2":"type-product","3":"status-publish","4":"has-post-thumbnail","6":"product_cat-equipement-athletisme","7":"product_cat-courses","9":"first","10":"instock","11":"shipping-taxable","12":"purchasable","13":"product-type-variable"},"yoast_head":"<!-- This site is optimized with the Yoast SEO plugin v27.0 - https:\/\/yoast.com\/product\/yoast-seo-wordpress\/ -->\n<title>Bordure de piste d\u2019athl\u00e9tisme en aluminium - Laus\u00edn y Vicente<\/title>\n<meta name=\"robots\" content=\"index, follow, max-snippet:-1, max-image-preview:large, max-video-preview:-1\" \/>\n<link rel=\"canonical\" href=\"https:\/\/www.lausinyvicente.com\/fr\/equipement-athletisme\/courses\/bordure-piste-athletisme-aluminium\" \/>\n<meta property=\"og:locale\" content=\"fr_FR\" \/>\n<meta property=\"og:type\" content=\"article\" \/>\n<meta property=\"og:title\" content=\"Bordure de piste d\u2019athl\u00e9tisme en aluminium - Laus\u00edn y Vicente\" \/>\n<meta property=\"og:description\" content=\"Certificat WA N\u00b0E-12-0651 \/ Fixe Certificat WA N\u00b0E-20-1093 \/ Amovible  Bordure athl\u00e9tisme aluminium, con\u00e7u et fabriqu\u00e9 conform\u00e9ment aux normes internationales d\u2019athl\u00e9tisme de l\u2019WA. Le profil de la bordure et le profil des supports et de fixation au sol, appel\u00e9es agrafes, sont r\u00e9alis\u00e9s en profil\u00e9 d\u2019aluminium extrud\u00e9. Il est disponible en deux finitions : laqu\u00e9 blanc (un traitement d\u00e9graissant est appliqu\u00e9 pour assurer la fixation de la couleur sur le profil\u00e9 aluminium) ou anodis\u00e9 argent. En fonction du syst\u00e8me de fixation de la bordure \u00e0 la piste d\u2019athl\u00e9tisme, il y a deux possibilit\u00e9s: fixe ou amovible. Prix m\u00e8tre lin\u00e9aire.\" \/>\n<meta property=\"og:url\" content=\"https:\/\/www.lausinyvicente.com\/fr\/equipement-athletisme\/courses\/bordure-piste-athletisme-aluminium\" \/>\n<meta property=\"og:site_name\" content=\"Laus\u00edn y Vicente\" \/>\n<meta property=\"article:modified_time\" content=\"2024-03-13T15:03:02+00:00\" \/>\n<meta property=\"og:image\" content=\"https:\/\/www.lausinyvicente.com\/wp-content\/uploads\/2022\/11\/A.98.00-bordillo-atletismo-aluminio.jpg\" \/>\n\t<meta property=\"og:image:width\" content=\"720\" \/>\n\t<meta property=\"og:image:height\" content=\"490\" \/>\n\t<meta property=\"og:image:type\" content=\"image\/jpeg\" \/>\n<meta name=\"twitter:card\" content=\"summary_large_image\" \/>\n<meta name=\"twitter:label1\" content=\"Dur\u00e9e de lecture estim\u00e9e\" \/>\n\t<meta name=\"twitter:data1\" content=\"1 minute\" \/>\n<script type=\"application\/ld+json\" class=\"yoast-schema-graph\">{\"@context\":\"https:\/\/schema.org\",\"@graph\":[{\"@type\":\"WebPage\",\"@id\":\"https:\/\/www.lausinyvicente.com\/fr\/equipement-athletisme\/courses\/bordure-piste-athletisme-aluminium\",\"url\":\"https:\/\/www.lausinyvicente.com\/fr\/equipement-athletisme\/courses\/bordure-piste-athletisme-aluminium\",\"name\":\"Bordure de piste d\u2019athl\u00e9tisme en aluminium - Laus\u00edn y Vicente\",\"isPartOf\":{\"@id\":\"https:\/\/www.lausinyvicente.com\/#website\"},\"primaryImageOfPage\":{\"@id\":\"https:\/\/www.lausinyvicente.com\/fr\/equipement-athletisme\/courses\/bordure-piste-athletisme-aluminium#primaryimage\"},\"image\":{\"@id\":\"https:\/\/www.lausinyvicente.com\/fr\/equipement-athletisme\/courses\/bordure-piste-athletisme-aluminium#primaryimage\"},\"thumbnailUrl\":\"https:\/\/www.lausinyvicente.com\/wp-content\/uploads\/2022\/11\/A.98.00-bordillo-atletismo-aluminio.jpg\",\"datePublished\":\"2022-11-27T09:46:22+00:00\",\"dateModified\":\"2024-03-13T15:03:02+00:00\",\"breadcrumb\":{\"@id\":\"https:\/\/www.lausinyvicente.com\/fr\/equipement-athletisme\/courses\/bordure-piste-athletisme-aluminium#breadcrumb\"},\"inLanguage\":\"fr-FR\",\"potentialAction\":[{\"@type\":\"ReadAction\",\"target\":[\"https:\/\/www.lausinyvicente.com\/fr\/equipement-athletisme\/courses\/bordure-piste-athletisme-aluminium\"]}]},{\"@type\":\"ImageObject\",\"inLanguage\":\"fr-FR\",\"@id\":\"https:\/\/www.lausinyvicente.com\/fr\/equipement-athletisme\/courses\/bordure-piste-athletisme-aluminium#primaryimage\",\"url\":\"https:\/\/www.lausinyvicente.com\/wp-content\/uploads\/2022\/11\/A.98.00-bordillo-atletismo-aluminio.jpg\",\"contentUrl\":\"https:\/\/www.lausinyvicente.com\/wp-content\/uploads\/2022\/11\/A.98.00-bordillo-atletismo-aluminio.jpg\",\"width\":720,\"height\":490},{\"@type\":\"BreadcrumbList\",\"@id\":\"https:\/\/www.lausinyvicente.com\/fr\/equipement-athletisme\/courses\/bordure-piste-athletisme-aluminium#breadcrumb\",\"itemListElement\":[{\"@type\":\"ListItem\",\"position\":1,\"name\":\"Portada\",\"item\":\"https:\/\/www.lausinyvicente.com\/\"},{\"@type\":\"ListItem\",\"position\":2,\"name\":\"Boutique\",\"item\":\"https:\/\/www.lausinyvicente.com\/fr\/boutique\"},{\"@type\":\"ListItem\",\"position\":3,\"name\":\"Bordure de piste d\u2019athl\u00e9tisme en aluminium\"}]},{\"@type\":\"WebSite\",\"@id\":\"https:\/\/www.lausinyvicente.com\/#website\",\"url\":\"https:\/\/www.lausinyvicente.com\/\",\"name\":\"Laus\u00edn y Vicente\",\"description\":\"Fabricaci\u00f3n y distribuci\u00f3n de material deportivo\",\"potentialAction\":[{\"@type\":\"SearchAction\",\"target\":{\"@type\":\"EntryPoint\",\"urlTemplate\":\"https:\/\/www.lausinyvicente.com\/?s={search_term_string}\"},\"query-input\":{\"@type\":\"PropertyValueSpecification\",\"valueRequired\":true,\"valueName\":\"search_term_string\"}}],\"inLanguage\":\"fr-FR\"}]}<\/script>\n<!-- \/ Yoast SEO plugin. -->","yoast_head_json":{"title":"Bordure de piste d\u2019athl\u00e9tisme en aluminium - Laus\u00edn y Vicente","robots":{"index":"index","follow":"follow","max-snippet":"max-snippet:-1","max-image-preview":"max-image-preview:large","max-video-preview":"max-video-preview:-1"},"canonical":"https:\/\/www.lausinyvicente.com\/fr\/equipement-athletisme\/courses\/bordure-piste-athletisme-aluminium","og_locale":"fr_FR","og_type":"article","og_title":"Bordure de piste d\u2019athl\u00e9tisme en aluminium - Laus\u00edn y Vicente","og_description":"Certificat WA N\u00b0E-12-0651 \/ Fixe Certificat WA N\u00b0E-20-1093 \/ Amovible  Bordure athl\u00e9tisme aluminium, con\u00e7u et fabriqu\u00e9 conform\u00e9ment aux normes internationales d\u2019athl\u00e9tisme de l\u2019WA. Le profil de la bordure et le profil des supports et de fixation au sol, appel\u00e9es agrafes, sont r\u00e9alis\u00e9s en profil\u00e9 d\u2019aluminium extrud\u00e9. Il est disponible en deux finitions : laqu\u00e9 blanc (un traitement d\u00e9graissant est appliqu\u00e9 pour assurer la fixation de la couleur sur le profil\u00e9 aluminium) ou anodis\u00e9 argent. En fonction du syst\u00e8me de fixation de la bordure \u00e0 la piste d\u2019athl\u00e9tisme, il y a deux possibilit\u00e9s: fixe ou amovible. Prix m\u00e8tre lin\u00e9aire.","og_url":"https:\/\/www.lausinyvicente.com\/fr\/equipement-athletisme\/courses\/bordure-piste-athletisme-aluminium","og_site_name":"Laus\u00edn y Vicente","article_modified_time":"2024-03-13T15:03:02+00:00","og_image":[{"width":720,"height":490,"url":"https:\/\/www.lausinyvicente.com\/wp-content\/uploads\/2022\/11\/A.98.00-bordillo-atletismo-aluminio.jpg","type":"image\/jpeg"}],"twitter_card":"summary_large_image","twitter_misc":{"Dur\u00e9e de lecture estim\u00e9e":"1 minute"},"schema":{"@context":"https:\/\/schema.org","@graph":[{"@type":"WebPage","@id":"https:\/\/www.lausinyvicente.com\/fr\/equipement-athletisme\/courses\/bordure-piste-athletisme-aluminium","url":"https:\/\/www.lausinyvicente.com\/fr\/equipement-athletisme\/courses\/bordure-piste-athletisme-aluminium","name":"Bordure de piste d\u2019athl\u00e9tisme en aluminium - Laus\u00edn y Vicente","isPartOf":{"@id":"https:\/\/www.lausinyvicente.com\/#website"},"primaryImageOfPage":{"@id":"https:\/\/www.lausinyvicente.com\/fr\/equipement-athletisme\/courses\/bordure-piste-athletisme-aluminium#primaryimage"},"image":{"@id":"https:\/\/www.lausinyvicente.com\/fr\/equipement-athletisme\/courses\/bordure-piste-athletisme-aluminium#primaryimage"},"thumbnailUrl":"https:\/\/www.lausinyvicente.com\/wp-content\/uploads\/2022\/11\/A.98.00-bordillo-atletismo-aluminio.jpg","datePublished":"2022-11-27T09:46:22+00:00","dateModified":"2024-03-13T15:03:02+00:00","breadcrumb":{"@id":"https:\/\/www.lausinyvicente.com\/fr\/equipement-athletisme\/courses\/bordure-piste-athletisme-aluminium#breadcrumb"},"inLanguage":"fr-FR","potentialAction":[{"@type":"ReadAction","target":["https:\/\/www.lausinyvicente.com\/fr\/equipement-athletisme\/courses\/bordure-piste-athletisme-aluminium"]}]},{"@type":"ImageObject","inLanguage":"fr-FR","@id":"https:\/\/www.lausinyvicente.com\/fr\/equipement-athletisme\/courses\/bordure-piste-athletisme-aluminium#primaryimage","url":"https:\/\/www.lausinyvicente.com\/wp-content\/uploads\/2022\/11\/A.98.00-bordillo-atletismo-aluminio.jpg","contentUrl":"https:\/\/www.lausinyvicente.com\/wp-content\/uploads\/2022\/11\/A.98.00-bordillo-atletismo-aluminio.jpg","width":720,"height":490},{"@type":"BreadcrumbList","@id":"https:\/\/www.lausinyvicente.com\/fr\/equipement-athletisme\/courses\/bordure-piste-athletisme-aluminium#breadcrumb","itemListElement":[{"@type":"ListItem","position":1,"name":"Portada","item":"https:\/\/www.lausinyvicente.com\/"},{"@type":"ListItem","position":2,"name":"Boutique","item":"https:\/\/www.lausinyvicente.com\/fr\/boutique"},{"@type":"ListItem","position":3,"name":"Bordure de piste d\u2019athl\u00e9tisme en aluminium"}]},{"@type":"WebSite","@id":"https:\/\/www.lausinyvicente.com\/#website","url":"https:\/\/www.lausinyvicente.com\/","name":"Laus\u00edn y Vicente","description":"Fabricaci\u00f3n y distribuci\u00f3n de material deportivo","potentialAction":[{"@type":"SearchAction","target":{"@type":"EntryPoint","urlTemplate":"https:\/\/www.lausinyvicente.com\/?s={search_term_string}"},"query-input":{"@type":"PropertyValueSpecification","valueRequired":true,"valueName":"search_term_string"}}],"inLanguage":"fr-FR"}]}},"_links":{"self":[{"href":"https:\/\/www.lausinyvicente.com\/fr\/wp-json\/wp\/v2\/product\/5218","targetHints":{"allow":["GET"]}}],"collection":[{"href":"https:\/\/www.lausinyvicente.com\/fr\/wp-json\/wp\/v2\/product"}],"about":[{"href":"https:\/\/www.lausinyvicente.com\/fr\/wp-json\/wp\/v2\/types\/product"}],"wp:featuredmedia":[{"embeddable":true,"href":"https:\/\/www.lausinyvicente.com\/fr\/wp-json\/wp\/v2\/media\/2334"}],"wp:attachment":[{"href":"https:\/\/www.lausinyvicente.com\/fr\/wp-json\/wp\/v2\/media?parent=5218"}],"wp:term":[{"taxonomy":"product_cat","embeddable":true,"href":"https:\/\/www.lausinyvicente.com\/fr\/wp-json\/wp\/v2\/product_cat?post=5218"},{"taxonomy":"product_tag","embeddable":true,"href":"https:\/\/www.lausinyvicente.com\/fr\/wp-json\/wp\/v2\/product_tag?post=5218"}],"curies":[{"name":"wp","href":"https:\/\/api.w.org\/{rel}","templated":true}]}}