{"id":5225,"date":"2022-11-27T08:40:26","date_gmt":"2022-11-27T08:40:26","guid":{"rendered":"https:\/\/www.lausinyvicente.com\/non class\u00e9\/echelle-metrique-sauts-en-longueur-et-triple-saut\/"},"modified":"2022-11-27T08:40:26","modified_gmt":"2022-11-27T08:40:26","slug":"echelle-metrique-saut-longueur-triple-saut","status":"publish","type":"product","link":"https:\/\/www.lausinyvicente.com\/fr\/equipement-athletisme\/longueur\/echelle-metrique-saut-longueur-triple-saut","title":{"rendered":"\u00c9chelle m\u00e9trique sauts en longueur et triple saut"},"content":{"rendered":"","protected":false},"excerpt":{"rendered":"<p>Fabriqu\u00e9e avec deux panneaux m\u00e9lamin\u00e9s de 20 mm et renforc\u00e9e dans tout le p\u00e9rim\u00e8tre avec un cadre en profil\u00e9 de fer de 25x25x2 mm et des bases de profil\u00e9 de 40x40x2 mm. Cadre et supports de plancher peints en blanc avec de la peinture \u00e9poxy, puis s\u00e9ch\u00e9s au four. Marques et chiffres noirs en vinyle de 10 cm et 5 cm de long. L\u2019\u00e9chelle se compose de 2 pi\u00e8ces de 2,40 x 0,35 x 0,35 mm5 m \u00e0 placer pr\u00e8s de la sabli\u00e8re avec une \u00e9chelle de 4 \u00e0 8 sur un c\u00f4t\u00e9 pour le saut en longueur et de 11 \u00e0 15 pour le triple saut. Pour le mod\u00e8le d\u2019\u00e9chelle mixte, les deux faces sont marqu\u00e9es pour les deux disciplines: le saut en longueur et le triple saut.     <\/p>\n","protected":false},"featured_media":2310,"template":"","meta":[],"product_cat":[166,183],"product_tag":[],"class_list":{"0":"post-5225","1":"product","2":"type-product","3":"status-publish","4":"has-post-thumbnail","6":"product_cat-equipement-athletisme","7":"product_cat-longueur","9":"first","10":"instock","11":"shipping-taxable","12":"purchasable","13":"product-type-variable"},"yoast_head":"<!-- This site is optimized with the Yoast SEO plugin v27.0 - https:\/\/yoast.com\/product\/yoast-seo-wordpress\/ -->\n<title>\u00c9chelle m\u00e9trique sauts en longueur et triple saut - Laus\u00edn y Vicente<\/title>\n<meta name=\"robots\" content=\"index, follow, max-snippet:-1, max-image-preview:large, max-video-preview:-1\" \/>\n<link rel=\"canonical\" href=\"https:\/\/www.lausinyvicente.com\/fr\/equipement-athletisme\/longueur\/echelle-metrique-saut-longueur-triple-saut\" \/>\n<meta property=\"og:locale\" content=\"fr_FR\" \/>\n<meta property=\"og:type\" content=\"article\" \/>\n<meta property=\"og:title\" content=\"\u00c9chelle m\u00e9trique sauts en longueur et triple saut - Laus\u00edn y Vicente\" \/>\n<meta property=\"og:description\" content=\"Fabriqu\u00e9e avec deux panneaux m\u00e9lamin\u00e9s de 20 mm et renforc\u00e9e dans tout le p\u00e9rim\u00e8tre avec un cadre en profil\u00e9 de fer de 25x25x2 mm et des bases de profil\u00e9 de 40x40x2 mm. Cadre et supports de plancher peints en blanc avec de la peinture \u00e9poxy, puis s\u00e9ch\u00e9s au four. Marques et chiffres noirs en vinyle de 10 cm et 5 cm de long. L\u2019\u00e9chelle se compose de 2 pi\u00e8ces de 2,40 x 0,35 x 0,35 mm5 m \u00e0 placer pr\u00e8s de la sabli\u00e8re avec une \u00e9chelle de 4 \u00e0 8 sur un c\u00f4t\u00e9 pour le saut en longueur et de 11 \u00e0 15 pour le triple saut. Pour le mod\u00e8le d\u2019\u00e9chelle mixte, les deux faces sont marqu\u00e9es pour les deux disciplines: le saut en longueur et le triple saut.\" \/>\n<meta property=\"og:url\" content=\"https:\/\/www.lausinyvicente.com\/fr\/equipement-athletisme\/longueur\/echelle-metrique-saut-longueur-triple-saut\" \/>\n<meta property=\"og:site_name\" content=\"Laus\u00edn y Vicente\" \/>\n<meta property=\"og:image\" content=\"https:\/\/www.lausinyvicente.com\/wp-content\/uploads\/2022\/11\/A.11.09-escala-metrica-salto-longitud-tripe-salto.jpg\" \/>\n\t<meta property=\"og:image:width\" content=\"720\" \/>\n\t<meta property=\"og:image:height\" content=\"490\" \/>\n\t<meta property=\"og:image:type\" content=\"image\/jpeg\" \/>\n<meta name=\"twitter:card\" content=\"summary_large_image\" \/>\n<script type=\"application\/ld+json\" class=\"yoast-schema-graph\">{\"@context\":\"https:\/\/schema.org\",\"@graph\":[{\"@type\":\"WebPage\",\"@id\":\"https:\/\/www.lausinyvicente.com\/fr\/equipement-athletisme\/longueur\/echelle-metrique-saut-longueur-triple-saut\",\"url\":\"https:\/\/www.lausinyvicente.com\/fr\/equipement-athletisme\/longueur\/echelle-metrique-saut-longueur-triple-saut\",\"name\":\"\u00c9chelle m\u00e9trique sauts en longueur et triple saut - Laus\u00edn y Vicente\",\"isPartOf\":{\"@id\":\"https:\/\/www.lausinyvicente.com\/#website\"},\"primaryImageOfPage\":{\"@id\":\"https:\/\/www.lausinyvicente.com\/fr\/equipement-athletisme\/longueur\/echelle-metrique-saut-longueur-triple-saut#primaryimage\"},\"image\":{\"@id\":\"https:\/\/www.lausinyvicente.com\/fr\/equipement-athletisme\/longueur\/echelle-metrique-saut-longueur-triple-saut#primaryimage\"},\"thumbnailUrl\":\"https:\/\/www.lausinyvicente.com\/wp-content\/uploads\/2022\/11\/A.11.09-escala-metrica-salto-longitud-tripe-salto.jpg\",\"datePublished\":\"2022-11-27T08:40:26+00:00\",\"breadcrumb\":{\"@id\":\"https:\/\/www.lausinyvicente.com\/fr\/equipement-athletisme\/longueur\/echelle-metrique-saut-longueur-triple-saut#breadcrumb\"},\"inLanguage\":\"fr-FR\",\"potentialAction\":[{\"@type\":\"ReadAction\",\"target\":[\"https:\/\/www.lausinyvicente.com\/fr\/equipement-athletisme\/longueur\/echelle-metrique-saut-longueur-triple-saut\"]}]},{\"@type\":\"ImageObject\",\"inLanguage\":\"fr-FR\",\"@id\":\"https:\/\/www.lausinyvicente.com\/fr\/equipement-athletisme\/longueur\/echelle-metrique-saut-longueur-triple-saut#primaryimage\",\"url\":\"https:\/\/www.lausinyvicente.com\/wp-content\/uploads\/2022\/11\/A.11.09-escala-metrica-salto-longitud-tripe-salto.jpg\",\"contentUrl\":\"https:\/\/www.lausinyvicente.com\/wp-content\/uploads\/2022\/11\/A.11.09-escala-metrica-salto-longitud-tripe-salto.jpg\",\"width\":720,\"height\":490},{\"@type\":\"BreadcrumbList\",\"@id\":\"https:\/\/www.lausinyvicente.com\/fr\/equipement-athletisme\/longueur\/echelle-metrique-saut-longueur-triple-saut#breadcrumb\",\"itemListElement\":[{\"@type\":\"ListItem\",\"position\":1,\"name\":\"Portada\",\"item\":\"https:\/\/www.lausinyvicente.com\/\"},{\"@type\":\"ListItem\",\"position\":2,\"name\":\"Boutique\",\"item\":\"https:\/\/www.lausinyvicente.com\/fr\/boutique\"},{\"@type\":\"ListItem\",\"position\":3,\"name\":\"\u00c9chelle m\u00e9trique sauts en longueur et triple saut\"}]},{\"@type\":\"WebSite\",\"@id\":\"https:\/\/www.lausinyvicente.com\/#website\",\"url\":\"https:\/\/www.lausinyvicente.com\/\",\"name\":\"Laus\u00edn y Vicente\",\"description\":\"Fabricaci\u00f3n y distribuci\u00f3n de material deportivo\",\"potentialAction\":[{\"@type\":\"SearchAction\",\"target\":{\"@type\":\"EntryPoint\",\"urlTemplate\":\"https:\/\/www.lausinyvicente.com\/?s={search_term_string}\"},\"query-input\":{\"@type\":\"PropertyValueSpecification\",\"valueRequired\":true,\"valueName\":\"search_term_string\"}}],\"inLanguage\":\"fr-FR\"}]}<\/script>\n<!-- \/ Yoast SEO plugin. -->","yoast_head_json":{"title":"\u00c9chelle m\u00e9trique sauts en longueur et triple saut - Laus\u00edn y Vicente","robots":{"index":"index","follow":"follow","max-snippet":"max-snippet:-1","max-image-preview":"max-image-preview:large","max-video-preview":"max-video-preview:-1"},"canonical":"https:\/\/www.lausinyvicente.com\/fr\/equipement-athletisme\/longueur\/echelle-metrique-saut-longueur-triple-saut","og_locale":"fr_FR","og_type":"article","og_title":"\u00c9chelle m\u00e9trique sauts en longueur et triple saut - Laus\u00edn y Vicente","og_description":"Fabriqu\u00e9e avec deux panneaux m\u00e9lamin\u00e9s de 20 mm et renforc\u00e9e dans tout le p\u00e9rim\u00e8tre avec un cadre en profil\u00e9 de fer de 25x25x2 mm et des bases de profil\u00e9 de 40x40x2 mm. Cadre et supports de plancher peints en blanc avec de la peinture \u00e9poxy, puis s\u00e9ch\u00e9s au four. Marques et chiffres noirs en vinyle de 10 cm et 5 cm de long. L\u2019\u00e9chelle se compose de 2 pi\u00e8ces de 2,40 x 0,35 x 0,35 mm5 m \u00e0 placer pr\u00e8s de la sabli\u00e8re avec une \u00e9chelle de 4 \u00e0 8 sur un c\u00f4t\u00e9 pour le saut en longueur et de 11 \u00e0 15 pour le triple saut. Pour le mod\u00e8le d\u2019\u00e9chelle mixte, les deux faces sont marqu\u00e9es pour les deux disciplines: le saut en longueur et le triple saut.","og_url":"https:\/\/www.lausinyvicente.com\/fr\/equipement-athletisme\/longueur\/echelle-metrique-saut-longueur-triple-saut","og_site_name":"Laus\u00edn y Vicente","og_image":[{"width":720,"height":490,"url":"https:\/\/www.lausinyvicente.com\/wp-content\/uploads\/2022\/11\/A.11.09-escala-metrica-salto-longitud-tripe-salto.jpg","type":"image\/jpeg"}],"twitter_card":"summary_large_image","schema":{"@context":"https:\/\/schema.org","@graph":[{"@type":"WebPage","@id":"https:\/\/www.lausinyvicente.com\/fr\/equipement-athletisme\/longueur\/echelle-metrique-saut-longueur-triple-saut","url":"https:\/\/www.lausinyvicente.com\/fr\/equipement-athletisme\/longueur\/echelle-metrique-saut-longueur-triple-saut","name":"\u00c9chelle m\u00e9trique sauts en longueur et triple saut - Laus\u00edn y Vicente","isPartOf":{"@id":"https:\/\/www.lausinyvicente.com\/#website"},"primaryImageOfPage":{"@id":"https:\/\/www.lausinyvicente.com\/fr\/equipement-athletisme\/longueur\/echelle-metrique-saut-longueur-triple-saut#primaryimage"},"image":{"@id":"https:\/\/www.lausinyvicente.com\/fr\/equipement-athletisme\/longueur\/echelle-metrique-saut-longueur-triple-saut#primaryimage"},"thumbnailUrl":"https:\/\/www.lausinyvicente.com\/wp-content\/uploads\/2022\/11\/A.11.09-escala-metrica-salto-longitud-tripe-salto.jpg","datePublished":"2022-11-27T08:40:26+00:00","breadcrumb":{"@id":"https:\/\/www.lausinyvicente.com\/fr\/equipement-athletisme\/longueur\/echelle-metrique-saut-longueur-triple-saut#breadcrumb"},"inLanguage":"fr-FR","potentialAction":[{"@type":"ReadAction","target":["https:\/\/www.lausinyvicente.com\/fr\/equipement-athletisme\/longueur\/echelle-metrique-saut-longueur-triple-saut"]}]},{"@type":"ImageObject","inLanguage":"fr-FR","@id":"https:\/\/www.lausinyvicente.com\/fr\/equipement-athletisme\/longueur\/echelle-metrique-saut-longueur-triple-saut#primaryimage","url":"https:\/\/www.lausinyvicente.com\/wp-content\/uploads\/2022\/11\/A.11.09-escala-metrica-salto-longitud-tripe-salto.jpg","contentUrl":"https:\/\/www.lausinyvicente.com\/wp-content\/uploads\/2022\/11\/A.11.09-escala-metrica-salto-longitud-tripe-salto.jpg","width":720,"height":490},{"@type":"BreadcrumbList","@id":"https:\/\/www.lausinyvicente.com\/fr\/equipement-athletisme\/longueur\/echelle-metrique-saut-longueur-triple-saut#breadcrumb","itemListElement":[{"@type":"ListItem","position":1,"name":"Portada","item":"https:\/\/www.lausinyvicente.com\/"},{"@type":"ListItem","position":2,"name":"Boutique","item":"https:\/\/www.lausinyvicente.com\/fr\/boutique"},{"@type":"ListItem","position":3,"name":"\u00c9chelle m\u00e9trique sauts en longueur et triple saut"}]},{"@type":"WebSite","@id":"https:\/\/www.lausinyvicente.com\/#website","url":"https:\/\/www.lausinyvicente.com\/","name":"Laus\u00edn y Vicente","description":"Fabricaci\u00f3n y distribuci\u00f3n de material deportivo","potentialAction":[{"@type":"SearchAction","target":{"@type":"EntryPoint","urlTemplate":"https:\/\/www.lausinyvicente.com\/?s={search_term_string}"},"query-input":{"@type":"PropertyValueSpecification","valueRequired":true,"valueName":"search_term_string"}}],"inLanguage":"fr-FR"}]}},"_links":{"self":[{"href":"https:\/\/www.lausinyvicente.com\/fr\/wp-json\/wp\/v2\/product\/5225","targetHints":{"allow":["GET"]}}],"collection":[{"href":"https:\/\/www.lausinyvicente.com\/fr\/wp-json\/wp\/v2\/product"}],"about":[{"href":"https:\/\/www.lausinyvicente.com\/fr\/wp-json\/wp\/v2\/types\/product"}],"wp:featuredmedia":[{"embeddable":true,"href":"https:\/\/www.lausinyvicente.com\/fr\/wp-json\/wp\/v2\/media\/2310"}],"wp:attachment":[{"href":"https:\/\/www.lausinyvicente.com\/fr\/wp-json\/wp\/v2\/media?parent=5225"}],"wp:term":[{"taxonomy":"product_cat","embeddable":true,"href":"https:\/\/www.lausinyvicente.com\/fr\/wp-json\/wp\/v2\/product_cat?post=5225"},{"taxonomy":"product_tag","embeddable":true,"href":"https:\/\/www.lausinyvicente.com\/fr\/wp-json\/wp\/v2\/product_tag?post=5225"}],"curies":[{"name":"wp","href":"https:\/\/api.w.org\/{rel}","templated":true}]}}