{"id":5242,"date":"2022-11-27T09:34:35","date_gmt":"2022-11-27T09:34:35","guid":{"rendered":"https:\/\/www.lausinyvicente.com\/non class\u00e9\/plate-forme-pour-le-lancer-de-poids-en-salle\/"},"modified":"2022-11-27T09:34:35","modified_gmt":"2022-11-27T09:34:35","slug":"plateforme-lancer-poids-salle","status":"publish","type":"product","link":"https:\/\/www.lausinyvicente.com\/fr\/equipement-athletisme\/poids\/plateforme-lancer-poids-salle","title":{"rendered":"Plate-forme pour le lancer de poids en salle"},"content":{"rendered":"","protected":false},"excerpt":{"rendered":"<p>Plate-forme en bois de bouleau antid\u00e9rapant et avec une haute r\u00e9sistance. Faite de plusieurs pi\u00e8ces usin\u00e9es pour la fixation ult\u00e9rieure et pour faciliter le transport. Sur le tableau elle inclut le cercle de lancer, con\u00e7u et produit conform\u00e9ment aux r\u00e8glements de la F\u00e9d\u00e9ration Internationale WA. Il est faite en lame d\u2019acier \u00e0 section rectangulaire de 20&#215;15 mm, d\u2019un diam\u00e8tre int\u00e9rieur de 2.135 mm. Certificat WA n\u00ba E-12-0669. Elle inclut un butoir pour poids en fibre de verre certificat WA E-12-0668. Dimensions: 3,10&#215;3,10 m et \u00e9paisseur 50 mm. L\u2019ext\u00e9rieur du tableau laqu\u00e9 en rouge, en blanc le profil qui forme le cercle et le cercle int\u00e9rieur du bois en brun.       <\/p>\n","protected":false},"featured_media":2330,"template":"","meta":[],"product_cat":[166,179],"product_tag":[],"class_list":{"0":"post-5242","1":"product","2":"type-product","3":"status-publish","4":"has-post-thumbnail","6":"product_cat-equipement-athletisme","7":"product_cat-poids","9":"first","10":"instock","11":"shipping-taxable","12":"purchasable","13":"product-type-simple"},"yoast_head":"<!-- This site is optimized with the Yoast SEO plugin v27.0 - https:\/\/yoast.com\/product\/yoast-seo-wordpress\/ -->\n<title>Plate-forme pour le lancer de poids en salle - Laus\u00edn y Vicente<\/title>\n<meta name=\"robots\" content=\"index, follow, max-snippet:-1, max-image-preview:large, max-video-preview:-1\" \/>\n<link rel=\"canonical\" href=\"https:\/\/www.lausinyvicente.com\/fr\/equipement-athletisme\/poids\/plateforme-lancer-poids-salle\" \/>\n<meta property=\"og:locale\" content=\"fr_FR\" \/>\n<meta property=\"og:type\" content=\"article\" \/>\n<meta property=\"og:title\" content=\"Plate-forme pour le lancer de poids en salle - Laus\u00edn y Vicente\" \/>\n<meta property=\"og:description\" content=\"Plate-forme en bois de bouleau antid\u00e9rapant et avec une haute r\u00e9sistance. Faite de plusieurs pi\u00e8ces usin\u00e9es pour la fixation ult\u00e9rieure et pour faciliter le transport. Sur le tableau elle inclut le cercle de lancer, con\u00e7u et produit conform\u00e9ment aux r\u00e8glements de la F\u00e9d\u00e9ration Internationale WA. Il est faite en lame d\u2019acier \u00e0 section rectangulaire de 20x15 mm, d\u2019un diam\u00e8tre int\u00e9rieur de 2.135 mm. Certificat WA n\u00ba E-12-0669. Elle inclut un butoir pour poids en fibre de verre certificat WA E-12-0668. Dimensions: 3,10x3,10 m et \u00e9paisseur 50 mm. L\u2019ext\u00e9rieur du tableau laqu\u00e9 en rouge, en blanc le profil qui forme le cercle et le cercle int\u00e9rieur du bois en brun.\" \/>\n<meta property=\"og:url\" content=\"https:\/\/www.lausinyvicente.com\/fr\/equipement-athletisme\/poids\/plateforme-lancer-poids-salle\" \/>\n<meta property=\"og:site_name\" content=\"Laus\u00edn y Vicente\" \/>\n<meta property=\"og:image\" content=\"https:\/\/www.lausinyvicente.com\/wp-content\/uploads\/2022\/11\/A.06.67_Plataforma-indoor-lanzamiento-peso.jpg\" \/>\n\t<meta property=\"og:image:width\" content=\"720\" \/>\n\t<meta property=\"og:image:height\" content=\"490\" \/>\n\t<meta property=\"og:image:type\" content=\"image\/jpeg\" \/>\n<meta name=\"twitter:card\" content=\"summary_large_image\" \/>\n<script type=\"application\/ld+json\" class=\"yoast-schema-graph\">{\"@context\":\"https:\/\/schema.org\",\"@graph\":[{\"@type\":\"WebPage\",\"@id\":\"https:\/\/www.lausinyvicente.com\/fr\/equipement-athletisme\/poids\/plateforme-lancer-poids-salle\",\"url\":\"https:\/\/www.lausinyvicente.com\/fr\/equipement-athletisme\/poids\/plateforme-lancer-poids-salle\",\"name\":\"Plate-forme pour le lancer de poids en salle - Laus\u00edn y Vicente\",\"isPartOf\":{\"@id\":\"https:\/\/www.lausinyvicente.com\/#website\"},\"primaryImageOfPage\":{\"@id\":\"https:\/\/www.lausinyvicente.com\/fr\/equipement-athletisme\/poids\/plateforme-lancer-poids-salle#primaryimage\"},\"image\":{\"@id\":\"https:\/\/www.lausinyvicente.com\/fr\/equipement-athletisme\/poids\/plateforme-lancer-poids-salle#primaryimage\"},\"thumbnailUrl\":\"https:\/\/www.lausinyvicente.com\/wp-content\/uploads\/2022\/11\/A.06.67_Plataforma-indoor-lanzamiento-peso.jpg\",\"datePublished\":\"2022-11-27T09:34:35+00:00\",\"breadcrumb\":{\"@id\":\"https:\/\/www.lausinyvicente.com\/fr\/equipement-athletisme\/poids\/plateforme-lancer-poids-salle#breadcrumb\"},\"inLanguage\":\"fr-FR\",\"potentialAction\":[{\"@type\":\"ReadAction\",\"target\":[\"https:\/\/www.lausinyvicente.com\/fr\/equipement-athletisme\/poids\/plateforme-lancer-poids-salle\"]}]},{\"@type\":\"ImageObject\",\"inLanguage\":\"fr-FR\",\"@id\":\"https:\/\/www.lausinyvicente.com\/fr\/equipement-athletisme\/poids\/plateforme-lancer-poids-salle#primaryimage\",\"url\":\"https:\/\/www.lausinyvicente.com\/wp-content\/uploads\/2022\/11\/A.06.67_Plataforma-indoor-lanzamiento-peso.jpg\",\"contentUrl\":\"https:\/\/www.lausinyvicente.com\/wp-content\/uploads\/2022\/11\/A.06.67_Plataforma-indoor-lanzamiento-peso.jpg\",\"width\":720,\"height\":490},{\"@type\":\"BreadcrumbList\",\"@id\":\"https:\/\/www.lausinyvicente.com\/fr\/equipement-athletisme\/poids\/plateforme-lancer-poids-salle#breadcrumb\",\"itemListElement\":[{\"@type\":\"ListItem\",\"position\":1,\"name\":\"Portada\",\"item\":\"https:\/\/www.lausinyvicente.com\/\"},{\"@type\":\"ListItem\",\"position\":2,\"name\":\"Boutique\",\"item\":\"https:\/\/www.lausinyvicente.com\/fr\/boutique\"},{\"@type\":\"ListItem\",\"position\":3,\"name\":\"Plate-forme pour le lancer de poids en salle\"}]},{\"@type\":\"WebSite\",\"@id\":\"https:\/\/www.lausinyvicente.com\/#website\",\"url\":\"https:\/\/www.lausinyvicente.com\/\",\"name\":\"Laus\u00edn y Vicente\",\"description\":\"Fabricaci\u00f3n y distribuci\u00f3n de material deportivo\",\"potentialAction\":[{\"@type\":\"SearchAction\",\"target\":{\"@type\":\"EntryPoint\",\"urlTemplate\":\"https:\/\/www.lausinyvicente.com\/?s={search_term_string}\"},\"query-input\":{\"@type\":\"PropertyValueSpecification\",\"valueRequired\":true,\"valueName\":\"search_term_string\"}}],\"inLanguage\":\"fr-FR\"}]}<\/script>\n<!-- \/ Yoast SEO plugin. -->","yoast_head_json":{"title":"Plate-forme pour le lancer de poids en salle - Laus\u00edn y Vicente","robots":{"index":"index","follow":"follow","max-snippet":"max-snippet:-1","max-image-preview":"max-image-preview:large","max-video-preview":"max-video-preview:-1"},"canonical":"https:\/\/www.lausinyvicente.com\/fr\/equipement-athletisme\/poids\/plateforme-lancer-poids-salle","og_locale":"fr_FR","og_type":"article","og_title":"Plate-forme pour le lancer de poids en salle - Laus\u00edn y Vicente","og_description":"Plate-forme en bois de bouleau antid\u00e9rapant et avec une haute r\u00e9sistance. Faite de plusieurs pi\u00e8ces usin\u00e9es pour la fixation ult\u00e9rieure et pour faciliter le transport. Sur le tableau elle inclut le cercle de lancer, con\u00e7u et produit conform\u00e9ment aux r\u00e8glements de la F\u00e9d\u00e9ration Internationale WA. Il est faite en lame d\u2019acier \u00e0 section rectangulaire de 20x15 mm, d\u2019un diam\u00e8tre int\u00e9rieur de 2.135 mm. Certificat WA n\u00ba E-12-0669. Elle inclut un butoir pour poids en fibre de verre certificat WA E-12-0668. Dimensions: 3,10x3,10 m et \u00e9paisseur 50 mm. L\u2019ext\u00e9rieur du tableau laqu\u00e9 en rouge, en blanc le profil qui forme le cercle et le cercle int\u00e9rieur du bois en brun.","og_url":"https:\/\/www.lausinyvicente.com\/fr\/equipement-athletisme\/poids\/plateforme-lancer-poids-salle","og_site_name":"Laus\u00edn y Vicente","og_image":[{"width":720,"height":490,"url":"https:\/\/www.lausinyvicente.com\/wp-content\/uploads\/2022\/11\/A.06.67_Plataforma-indoor-lanzamiento-peso.jpg","type":"image\/jpeg"}],"twitter_card":"summary_large_image","schema":{"@context":"https:\/\/schema.org","@graph":[{"@type":"WebPage","@id":"https:\/\/www.lausinyvicente.com\/fr\/equipement-athletisme\/poids\/plateforme-lancer-poids-salle","url":"https:\/\/www.lausinyvicente.com\/fr\/equipement-athletisme\/poids\/plateforme-lancer-poids-salle","name":"Plate-forme pour le lancer de poids en salle - Laus\u00edn y Vicente","isPartOf":{"@id":"https:\/\/www.lausinyvicente.com\/#website"},"primaryImageOfPage":{"@id":"https:\/\/www.lausinyvicente.com\/fr\/equipement-athletisme\/poids\/plateforme-lancer-poids-salle#primaryimage"},"image":{"@id":"https:\/\/www.lausinyvicente.com\/fr\/equipement-athletisme\/poids\/plateforme-lancer-poids-salle#primaryimage"},"thumbnailUrl":"https:\/\/www.lausinyvicente.com\/wp-content\/uploads\/2022\/11\/A.06.67_Plataforma-indoor-lanzamiento-peso.jpg","datePublished":"2022-11-27T09:34:35+00:00","breadcrumb":{"@id":"https:\/\/www.lausinyvicente.com\/fr\/equipement-athletisme\/poids\/plateforme-lancer-poids-salle#breadcrumb"},"inLanguage":"fr-FR","potentialAction":[{"@type":"ReadAction","target":["https:\/\/www.lausinyvicente.com\/fr\/equipement-athletisme\/poids\/plateforme-lancer-poids-salle"]}]},{"@type":"ImageObject","inLanguage":"fr-FR","@id":"https:\/\/www.lausinyvicente.com\/fr\/equipement-athletisme\/poids\/plateforme-lancer-poids-salle#primaryimage","url":"https:\/\/www.lausinyvicente.com\/wp-content\/uploads\/2022\/11\/A.06.67_Plataforma-indoor-lanzamiento-peso.jpg","contentUrl":"https:\/\/www.lausinyvicente.com\/wp-content\/uploads\/2022\/11\/A.06.67_Plataforma-indoor-lanzamiento-peso.jpg","width":720,"height":490},{"@type":"BreadcrumbList","@id":"https:\/\/www.lausinyvicente.com\/fr\/equipement-athletisme\/poids\/plateforme-lancer-poids-salle#breadcrumb","itemListElement":[{"@type":"ListItem","position":1,"name":"Portada","item":"https:\/\/www.lausinyvicente.com\/"},{"@type":"ListItem","position":2,"name":"Boutique","item":"https:\/\/www.lausinyvicente.com\/fr\/boutique"},{"@type":"ListItem","position":3,"name":"Plate-forme pour le lancer de poids en salle"}]},{"@type":"WebSite","@id":"https:\/\/www.lausinyvicente.com\/#website","url":"https:\/\/www.lausinyvicente.com\/","name":"Laus\u00edn y Vicente","description":"Fabricaci\u00f3n y distribuci\u00f3n de material deportivo","potentialAction":[{"@type":"SearchAction","target":{"@type":"EntryPoint","urlTemplate":"https:\/\/www.lausinyvicente.com\/?s={search_term_string}"},"query-input":{"@type":"PropertyValueSpecification","valueRequired":true,"valueName":"search_term_string"}}],"inLanguage":"fr-FR"}]}},"_links":{"self":[{"href":"https:\/\/www.lausinyvicente.com\/fr\/wp-json\/wp\/v2\/product\/5242","targetHints":{"allow":["GET"]}}],"collection":[{"href":"https:\/\/www.lausinyvicente.com\/fr\/wp-json\/wp\/v2\/product"}],"about":[{"href":"https:\/\/www.lausinyvicente.com\/fr\/wp-json\/wp\/v2\/types\/product"}],"wp:featuredmedia":[{"embeddable":true,"href":"https:\/\/www.lausinyvicente.com\/fr\/wp-json\/wp\/v2\/media\/2330"}],"wp:attachment":[{"href":"https:\/\/www.lausinyvicente.com\/fr\/wp-json\/wp\/v2\/media?parent=5242"}],"wp:term":[{"taxonomy":"product_cat","embeddable":true,"href":"https:\/\/www.lausinyvicente.com\/fr\/wp-json\/wp\/v2\/product_cat?post=5242"},{"taxonomy":"product_tag","embeddable":true,"href":"https:\/\/www.lausinyvicente.com\/fr\/wp-json\/wp\/v2\/product_tag?post=5242"}],"curies":[{"name":"wp","href":"https:\/\/api.w.org\/{rel}","templated":true}]}}