{"id":5246,"date":"2022-11-27T09:27:31","date_gmt":"2022-11-27T09:27:31","guid":{"rendered":"https:\/\/www.lausinyvicente.com\/non class\u00e9\/ratelier-a-perches-mobile\/"},"modified":"2022-11-27T09:27:31","modified_gmt":"2022-11-27T09:27:31","slug":"ratelier-perches-mobile","status":"publish","type":"product","link":"https:\/\/www.lausinyvicente.com\/fr\/equipement-athletisme\/saut-a-la-perche\/ratelier-perches-mobile","title":{"rendered":"R\u00e2telier \u00e0 perches mobile"},"content":{"rendered":"","protected":false},"excerpt":{"rendered":"<p>Structure m\u00e9tallique de profil\u00e9 \u00e0 froid de 40x4x2 mm avec des supports \u00e0 trois hauteurs diff\u00e9rentes pour classer les perches. La structure est \u00e9quip\u00e9e de roues pivotantes int\u00e9gr\u00e9es qui lui permettent de se d\u00e9placer sur la piste. Peint en blanc avec de la peinture \u00e9poxy puis s\u00e9ch\u00e9 au four.  <\/p>\n","protected":false},"featured_media":2326,"template":"","meta":[],"product_cat":[166,185],"product_tag":[],"class_list":{"0":"post-5246","1":"product","2":"type-product","3":"status-publish","4":"has-post-thumbnail","6":"product_cat-equipement-athletisme","7":"product_cat-saut-a-la-perche","9":"first","10":"instock","11":"shipping-taxable","12":"purchasable","13":"product-type-simple"},"yoast_head":"<!-- This site is optimized with the Yoast SEO plugin v27.0 - https:\/\/yoast.com\/product\/yoast-seo-wordpress\/ -->\n<title>R\u00e2telier \u00e0 perches mobile - Laus\u00edn y Vicente<\/title>\n<meta name=\"robots\" content=\"index, follow, max-snippet:-1, max-image-preview:large, max-video-preview:-1\" \/>\n<link rel=\"canonical\" href=\"https:\/\/www.lausinyvicente.com\/fr\/equipement-athletisme\/saut-a-la-perche\/ratelier-perches-mobile\" \/>\n<meta property=\"og:locale\" content=\"fr_FR\" \/>\n<meta property=\"og:type\" content=\"article\" \/>\n<meta property=\"og:title\" content=\"R\u00e2telier \u00e0 perches mobile - Laus\u00edn y Vicente\" \/>\n<meta property=\"og:description\" content=\"Structure m\u00e9tallique de profil\u00e9 \u00e0 froid de 40x4x2 mm avec des supports \u00e0 trois hauteurs diff\u00e9rentes pour classer les perches. La structure est \u00e9quip\u00e9e de roues pivotantes int\u00e9gr\u00e9es qui lui permettent de se d\u00e9placer sur la piste. Peint en blanc avec de la peinture \u00e9poxy puis s\u00e9ch\u00e9 au four.\" \/>\n<meta property=\"og:url\" content=\"https:\/\/www.lausinyvicente.com\/fr\/equipement-athletisme\/saut-a-la-perche\/ratelier-perches-mobile\" \/>\n<meta property=\"og:site_name\" content=\"Laus\u00edn y Vicente\" \/>\n<meta property=\"og:image\" content=\"https:\/\/www.lausinyvicente.com\/wp-content\/uploads\/2022\/11\/A.07.72-soporte-pertigas-movil.jpg\" \/>\n\t<meta property=\"og:image:width\" content=\"720\" \/>\n\t<meta property=\"og:image:height\" content=\"490\" \/>\n\t<meta property=\"og:image:type\" content=\"image\/jpeg\" \/>\n<meta name=\"twitter:card\" content=\"summary_large_image\" \/>\n<script type=\"application\/ld+json\" class=\"yoast-schema-graph\">{\"@context\":\"https:\/\/schema.org\",\"@graph\":[{\"@type\":\"WebPage\",\"@id\":\"https:\/\/www.lausinyvicente.com\/fr\/equipement-athletisme\/saut-a-la-perche\/ratelier-perches-mobile\",\"url\":\"https:\/\/www.lausinyvicente.com\/fr\/equipement-athletisme\/saut-a-la-perche\/ratelier-perches-mobile\",\"name\":\"R\u00e2telier \u00e0 perches mobile - Laus\u00edn y Vicente\",\"isPartOf\":{\"@id\":\"https:\/\/www.lausinyvicente.com\/#website\"},\"primaryImageOfPage\":{\"@id\":\"https:\/\/www.lausinyvicente.com\/fr\/equipement-athletisme\/saut-a-la-perche\/ratelier-perches-mobile#primaryimage\"},\"image\":{\"@id\":\"https:\/\/www.lausinyvicente.com\/fr\/equipement-athletisme\/saut-a-la-perche\/ratelier-perches-mobile#primaryimage\"},\"thumbnailUrl\":\"https:\/\/www.lausinyvicente.com\/wp-content\/uploads\/2022\/11\/A.07.72-soporte-pertigas-movil.jpg\",\"datePublished\":\"2022-11-27T09:27:31+00:00\",\"breadcrumb\":{\"@id\":\"https:\/\/www.lausinyvicente.com\/fr\/equipement-athletisme\/saut-a-la-perche\/ratelier-perches-mobile#breadcrumb\"},\"inLanguage\":\"fr-FR\",\"potentialAction\":[{\"@type\":\"ReadAction\",\"target\":[\"https:\/\/www.lausinyvicente.com\/fr\/equipement-athletisme\/saut-a-la-perche\/ratelier-perches-mobile\"]}]},{\"@type\":\"ImageObject\",\"inLanguage\":\"fr-FR\",\"@id\":\"https:\/\/www.lausinyvicente.com\/fr\/equipement-athletisme\/saut-a-la-perche\/ratelier-perches-mobile#primaryimage\",\"url\":\"https:\/\/www.lausinyvicente.com\/wp-content\/uploads\/2022\/11\/A.07.72-soporte-pertigas-movil.jpg\",\"contentUrl\":\"https:\/\/www.lausinyvicente.com\/wp-content\/uploads\/2022\/11\/A.07.72-soporte-pertigas-movil.jpg\",\"width\":720,\"height\":490},{\"@type\":\"BreadcrumbList\",\"@id\":\"https:\/\/www.lausinyvicente.com\/fr\/equipement-athletisme\/saut-a-la-perche\/ratelier-perches-mobile#breadcrumb\",\"itemListElement\":[{\"@type\":\"ListItem\",\"position\":1,\"name\":\"Portada\",\"item\":\"https:\/\/www.lausinyvicente.com\/\"},{\"@type\":\"ListItem\",\"position\":2,\"name\":\"Boutique\",\"item\":\"https:\/\/www.lausinyvicente.com\/fr\/boutique\"},{\"@type\":\"ListItem\",\"position\":3,\"name\":\"R\u00e2telier \u00e0 perches mobile\"}]},{\"@type\":\"WebSite\",\"@id\":\"https:\/\/www.lausinyvicente.com\/#website\",\"url\":\"https:\/\/www.lausinyvicente.com\/\",\"name\":\"Laus\u00edn y Vicente\",\"description\":\"Fabricaci\u00f3n y distribuci\u00f3n de material deportivo\",\"potentialAction\":[{\"@type\":\"SearchAction\",\"target\":{\"@type\":\"EntryPoint\",\"urlTemplate\":\"https:\/\/www.lausinyvicente.com\/?s={search_term_string}\"},\"query-input\":{\"@type\":\"PropertyValueSpecification\",\"valueRequired\":true,\"valueName\":\"search_term_string\"}}],\"inLanguage\":\"fr-FR\"}]}<\/script>\n<!-- \/ Yoast SEO plugin. -->","yoast_head_json":{"title":"R\u00e2telier \u00e0 perches mobile - Laus\u00edn y Vicente","robots":{"index":"index","follow":"follow","max-snippet":"max-snippet:-1","max-image-preview":"max-image-preview:large","max-video-preview":"max-video-preview:-1"},"canonical":"https:\/\/www.lausinyvicente.com\/fr\/equipement-athletisme\/saut-a-la-perche\/ratelier-perches-mobile","og_locale":"fr_FR","og_type":"article","og_title":"R\u00e2telier \u00e0 perches mobile - Laus\u00edn y Vicente","og_description":"Structure m\u00e9tallique de profil\u00e9 \u00e0 froid de 40x4x2 mm avec des supports \u00e0 trois hauteurs diff\u00e9rentes pour classer les perches. La structure est \u00e9quip\u00e9e de roues pivotantes int\u00e9gr\u00e9es qui lui permettent de se d\u00e9placer sur la piste. Peint en blanc avec de la peinture \u00e9poxy puis s\u00e9ch\u00e9 au four.","og_url":"https:\/\/www.lausinyvicente.com\/fr\/equipement-athletisme\/saut-a-la-perche\/ratelier-perches-mobile","og_site_name":"Laus\u00edn y Vicente","og_image":[{"width":720,"height":490,"url":"https:\/\/www.lausinyvicente.com\/wp-content\/uploads\/2022\/11\/A.07.72-soporte-pertigas-movil.jpg","type":"image\/jpeg"}],"twitter_card":"summary_large_image","schema":{"@context":"https:\/\/schema.org","@graph":[{"@type":"WebPage","@id":"https:\/\/www.lausinyvicente.com\/fr\/equipement-athletisme\/saut-a-la-perche\/ratelier-perches-mobile","url":"https:\/\/www.lausinyvicente.com\/fr\/equipement-athletisme\/saut-a-la-perche\/ratelier-perches-mobile","name":"R\u00e2telier \u00e0 perches mobile - Laus\u00edn y Vicente","isPartOf":{"@id":"https:\/\/www.lausinyvicente.com\/#website"},"primaryImageOfPage":{"@id":"https:\/\/www.lausinyvicente.com\/fr\/equipement-athletisme\/saut-a-la-perche\/ratelier-perches-mobile#primaryimage"},"image":{"@id":"https:\/\/www.lausinyvicente.com\/fr\/equipement-athletisme\/saut-a-la-perche\/ratelier-perches-mobile#primaryimage"},"thumbnailUrl":"https:\/\/www.lausinyvicente.com\/wp-content\/uploads\/2022\/11\/A.07.72-soporte-pertigas-movil.jpg","datePublished":"2022-11-27T09:27:31+00:00","breadcrumb":{"@id":"https:\/\/www.lausinyvicente.com\/fr\/equipement-athletisme\/saut-a-la-perche\/ratelier-perches-mobile#breadcrumb"},"inLanguage":"fr-FR","potentialAction":[{"@type":"ReadAction","target":["https:\/\/www.lausinyvicente.com\/fr\/equipement-athletisme\/saut-a-la-perche\/ratelier-perches-mobile"]}]},{"@type":"ImageObject","inLanguage":"fr-FR","@id":"https:\/\/www.lausinyvicente.com\/fr\/equipement-athletisme\/saut-a-la-perche\/ratelier-perches-mobile#primaryimage","url":"https:\/\/www.lausinyvicente.com\/wp-content\/uploads\/2022\/11\/A.07.72-soporte-pertigas-movil.jpg","contentUrl":"https:\/\/www.lausinyvicente.com\/wp-content\/uploads\/2022\/11\/A.07.72-soporte-pertigas-movil.jpg","width":720,"height":490},{"@type":"BreadcrumbList","@id":"https:\/\/www.lausinyvicente.com\/fr\/equipement-athletisme\/saut-a-la-perche\/ratelier-perches-mobile#breadcrumb","itemListElement":[{"@type":"ListItem","position":1,"name":"Portada","item":"https:\/\/www.lausinyvicente.com\/"},{"@type":"ListItem","position":2,"name":"Boutique","item":"https:\/\/www.lausinyvicente.com\/fr\/boutique"},{"@type":"ListItem","position":3,"name":"R\u00e2telier \u00e0 perches mobile"}]},{"@type":"WebSite","@id":"https:\/\/www.lausinyvicente.com\/#website","url":"https:\/\/www.lausinyvicente.com\/","name":"Laus\u00edn y Vicente","description":"Fabricaci\u00f3n y distribuci\u00f3n de material deportivo","potentialAction":[{"@type":"SearchAction","target":{"@type":"EntryPoint","urlTemplate":"https:\/\/www.lausinyvicente.com\/?s={search_term_string}"},"query-input":{"@type":"PropertyValueSpecification","valueRequired":true,"valueName":"search_term_string"}}],"inLanguage":"fr-FR"}]}},"_links":{"self":[{"href":"https:\/\/www.lausinyvicente.com\/fr\/wp-json\/wp\/v2\/product\/5246","targetHints":{"allow":["GET"]}}],"collection":[{"href":"https:\/\/www.lausinyvicente.com\/fr\/wp-json\/wp\/v2\/product"}],"about":[{"href":"https:\/\/www.lausinyvicente.com\/fr\/wp-json\/wp\/v2\/types\/product"}],"wp:featuredmedia":[{"embeddable":true,"href":"https:\/\/www.lausinyvicente.com\/fr\/wp-json\/wp\/v2\/media\/2326"}],"wp:attachment":[{"href":"https:\/\/www.lausinyvicente.com\/fr\/wp-json\/wp\/v2\/media?parent=5246"}],"wp:term":[{"taxonomy":"product_cat","embeddable":true,"href":"https:\/\/www.lausinyvicente.com\/fr\/wp-json\/wp\/v2\/product_cat?post=5246"},{"taxonomy":"product_tag","embeddable":true,"href":"https:\/\/www.lausinyvicente.com\/fr\/wp-json\/wp\/v2\/product_tag?post=5246"}],"curies":[{"name":"wp","href":"https:\/\/api.w.org\/{rel}","templated":true}]}}