{"id":5260,"date":"2022-11-27T09:26:23","date_gmt":"2022-11-27T09:26:23","guid":{"rendered":"https:\/\/www.lausinyvicente.com\/non class\u00e9\/poteaux-de-saut-a-la-perche-metallique\/"},"modified":"2022-11-27T09:26:23","modified_gmt":"2022-11-27T09:26:23","slug":"poteaux-saut-perche-metallique","status":"publish","type":"product","link":"https:\/\/www.lausinyvicente.com\/fr\/equipement-athletisme\/saut-a-la-perche\/poteaux-saut-perche-metallique","title":{"rendered":"Poteaux de saut \u00e0 la perche m\u00e9tallique"},"content":{"rendered":"","protected":false},"excerpt":{"rendered":"<p>Con\u00e7u et fabriqu\u00e9 conform\u00e9ment \u00e0 la r\u00e9glementation en vigueur. Structure m\u00e9tallique peinte \u00e0 la peinture \u00e9poxy. R\u00e9glage manuel de la barre. La partie inf\u00e9rieure du poteau qui est fix\u00e9e au sol est constitu\u00e9e de 2 rails lat\u00e9raux en acier en forme de U se faisant face et sur lesquels la base du poteau est d\u00e9plac\u00e9e. Il dispose d\u2019un syst\u00e8me de verrouillage qui permet de fixer le poteau \u00e0 la mesure demand\u00e9e par l\u2019athl\u00e8te. Hauteur de 2,80 m \u00e0 5,50 m. Poteaux rabattables lat\u00e9ralement.      <\/p>\n","protected":false},"featured_media":2324,"template":"","meta":[],"product_cat":[166,185],"product_tag":[],"class_list":{"0":"post-5260","1":"product","2":"type-product","3":"status-publish","4":"has-post-thumbnail","6":"product_cat-equipement-athletisme","7":"product_cat-saut-a-la-perche","9":"first","10":"instock","11":"shipping-taxable","12":"purchasable","13":"product-type-simple"},"yoast_head":"<!-- This site is optimized with the Yoast SEO plugin v27.0 - https:\/\/yoast.com\/product\/yoast-seo-wordpress\/ -->\n<title>Poteaux de saut \u00e0 la perche m\u00e9tallique - Laus\u00edn y Vicente<\/title>\n<meta name=\"robots\" content=\"index, follow, max-snippet:-1, max-image-preview:large, max-video-preview:-1\" \/>\n<link rel=\"canonical\" href=\"https:\/\/www.lausinyvicente.com\/fr\/equipement-athletisme\/saut-a-la-perche\/poteaux-saut-perche-metallique\" \/>\n<meta property=\"og:locale\" content=\"fr_FR\" \/>\n<meta property=\"og:type\" content=\"article\" \/>\n<meta property=\"og:title\" content=\"Poteaux de saut \u00e0 la perche m\u00e9tallique - Laus\u00edn y Vicente\" \/>\n<meta property=\"og:description\" content=\"Con\u00e7u et fabriqu\u00e9 conform\u00e9ment \u00e0 la r\u00e9glementation en vigueur. Structure m\u00e9tallique peinte \u00e0 la peinture \u00e9poxy. R\u00e9glage manuel de la barre. La partie inf\u00e9rieure du poteau qui est fix\u00e9e au sol est constitu\u00e9e de 2 rails lat\u00e9raux en acier en forme de U se faisant face et sur lesquels la base du poteau est d\u00e9plac\u00e9e. Il dispose d\u2019un syst\u00e8me de verrouillage qui permet de fixer le poteau \u00e0 la mesure demand\u00e9e par l\u2019athl\u00e8te. Hauteur de 2,80 m \u00e0 5,50 m. Poteaux rabattables lat\u00e9ralement.\" \/>\n<meta property=\"og:url\" content=\"https:\/\/www.lausinyvicente.com\/fr\/equipement-athletisme\/saut-a-la-perche\/poteaux-saut-perche-metallique\" \/>\n<meta property=\"og:site_name\" content=\"Laus\u00edn y Vicente\" \/>\n<meta property=\"og:image\" content=\"https:\/\/www.lausinyvicente.com\/wp-content\/uploads\/2022\/11\/A.07.06-saltometro-pertiga-metalico.jpg\" \/>\n\t<meta property=\"og:image:width\" content=\"720\" \/>\n\t<meta property=\"og:image:height\" content=\"490\" \/>\n\t<meta property=\"og:image:type\" content=\"image\/jpeg\" \/>\n<meta name=\"twitter:card\" content=\"summary_large_image\" \/>\n<script type=\"application\/ld+json\" class=\"yoast-schema-graph\">{\"@context\":\"https:\/\/schema.org\",\"@graph\":[{\"@type\":\"WebPage\",\"@id\":\"https:\/\/www.lausinyvicente.com\/fr\/equipement-athletisme\/saut-a-la-perche\/poteaux-saut-perche-metallique\",\"url\":\"https:\/\/www.lausinyvicente.com\/fr\/equipement-athletisme\/saut-a-la-perche\/poteaux-saut-perche-metallique\",\"name\":\"Poteaux de saut \u00e0 la perche m\u00e9tallique - Laus\u00edn y Vicente\",\"isPartOf\":{\"@id\":\"https:\/\/www.lausinyvicente.com\/#website\"},\"primaryImageOfPage\":{\"@id\":\"https:\/\/www.lausinyvicente.com\/fr\/equipement-athletisme\/saut-a-la-perche\/poteaux-saut-perche-metallique#primaryimage\"},\"image\":{\"@id\":\"https:\/\/www.lausinyvicente.com\/fr\/equipement-athletisme\/saut-a-la-perche\/poteaux-saut-perche-metallique#primaryimage\"},\"thumbnailUrl\":\"https:\/\/www.lausinyvicente.com\/wp-content\/uploads\/2022\/11\/A.07.06-saltometro-pertiga-metalico.jpg\",\"datePublished\":\"2022-11-27T09:26:23+00:00\",\"breadcrumb\":{\"@id\":\"https:\/\/www.lausinyvicente.com\/fr\/equipement-athletisme\/saut-a-la-perche\/poteaux-saut-perche-metallique#breadcrumb\"},\"inLanguage\":\"fr-FR\",\"potentialAction\":[{\"@type\":\"ReadAction\",\"target\":[\"https:\/\/www.lausinyvicente.com\/fr\/equipement-athletisme\/saut-a-la-perche\/poteaux-saut-perche-metallique\"]}]},{\"@type\":\"ImageObject\",\"inLanguage\":\"fr-FR\",\"@id\":\"https:\/\/www.lausinyvicente.com\/fr\/equipement-athletisme\/saut-a-la-perche\/poteaux-saut-perche-metallique#primaryimage\",\"url\":\"https:\/\/www.lausinyvicente.com\/wp-content\/uploads\/2022\/11\/A.07.06-saltometro-pertiga-metalico.jpg\",\"contentUrl\":\"https:\/\/www.lausinyvicente.com\/wp-content\/uploads\/2022\/11\/A.07.06-saltometro-pertiga-metalico.jpg\",\"width\":720,\"height\":490},{\"@type\":\"BreadcrumbList\",\"@id\":\"https:\/\/www.lausinyvicente.com\/fr\/equipement-athletisme\/saut-a-la-perche\/poteaux-saut-perche-metallique#breadcrumb\",\"itemListElement\":[{\"@type\":\"ListItem\",\"position\":1,\"name\":\"Portada\",\"item\":\"https:\/\/www.lausinyvicente.com\/\"},{\"@type\":\"ListItem\",\"position\":2,\"name\":\"Boutique\",\"item\":\"https:\/\/www.lausinyvicente.com\/fr\/boutique\"},{\"@type\":\"ListItem\",\"position\":3,\"name\":\"Poteaux de saut \u00e0 la perche m\u00e9tallique\"}]},{\"@type\":\"WebSite\",\"@id\":\"https:\/\/www.lausinyvicente.com\/#website\",\"url\":\"https:\/\/www.lausinyvicente.com\/\",\"name\":\"Laus\u00edn y Vicente\",\"description\":\"Fabricaci\u00f3n y distribuci\u00f3n de material deportivo\",\"potentialAction\":[{\"@type\":\"SearchAction\",\"target\":{\"@type\":\"EntryPoint\",\"urlTemplate\":\"https:\/\/www.lausinyvicente.com\/?s={search_term_string}\"},\"query-input\":{\"@type\":\"PropertyValueSpecification\",\"valueRequired\":true,\"valueName\":\"search_term_string\"}}],\"inLanguage\":\"fr-FR\"}]}<\/script>\n<!-- \/ Yoast SEO plugin. -->","yoast_head_json":{"title":"Poteaux de saut \u00e0 la perche m\u00e9tallique - Laus\u00edn y Vicente","robots":{"index":"index","follow":"follow","max-snippet":"max-snippet:-1","max-image-preview":"max-image-preview:large","max-video-preview":"max-video-preview:-1"},"canonical":"https:\/\/www.lausinyvicente.com\/fr\/equipement-athletisme\/saut-a-la-perche\/poteaux-saut-perche-metallique","og_locale":"fr_FR","og_type":"article","og_title":"Poteaux de saut \u00e0 la perche m\u00e9tallique - Laus\u00edn y Vicente","og_description":"Con\u00e7u et fabriqu\u00e9 conform\u00e9ment \u00e0 la r\u00e9glementation en vigueur. Structure m\u00e9tallique peinte \u00e0 la peinture \u00e9poxy. R\u00e9glage manuel de la barre. La partie inf\u00e9rieure du poteau qui est fix\u00e9e au sol est constitu\u00e9e de 2 rails lat\u00e9raux en acier en forme de U se faisant face et sur lesquels la base du poteau est d\u00e9plac\u00e9e. Il dispose d\u2019un syst\u00e8me de verrouillage qui permet de fixer le poteau \u00e0 la mesure demand\u00e9e par l\u2019athl\u00e8te. Hauteur de 2,80 m \u00e0 5,50 m. Poteaux rabattables lat\u00e9ralement.","og_url":"https:\/\/www.lausinyvicente.com\/fr\/equipement-athletisme\/saut-a-la-perche\/poteaux-saut-perche-metallique","og_site_name":"Laus\u00edn y Vicente","og_image":[{"width":720,"height":490,"url":"https:\/\/www.lausinyvicente.com\/wp-content\/uploads\/2022\/11\/A.07.06-saltometro-pertiga-metalico.jpg","type":"image\/jpeg"}],"twitter_card":"summary_large_image","schema":{"@context":"https:\/\/schema.org","@graph":[{"@type":"WebPage","@id":"https:\/\/www.lausinyvicente.com\/fr\/equipement-athletisme\/saut-a-la-perche\/poteaux-saut-perche-metallique","url":"https:\/\/www.lausinyvicente.com\/fr\/equipement-athletisme\/saut-a-la-perche\/poteaux-saut-perche-metallique","name":"Poteaux de saut \u00e0 la perche m\u00e9tallique - Laus\u00edn y Vicente","isPartOf":{"@id":"https:\/\/www.lausinyvicente.com\/#website"},"primaryImageOfPage":{"@id":"https:\/\/www.lausinyvicente.com\/fr\/equipement-athletisme\/saut-a-la-perche\/poteaux-saut-perche-metallique#primaryimage"},"image":{"@id":"https:\/\/www.lausinyvicente.com\/fr\/equipement-athletisme\/saut-a-la-perche\/poteaux-saut-perche-metallique#primaryimage"},"thumbnailUrl":"https:\/\/www.lausinyvicente.com\/wp-content\/uploads\/2022\/11\/A.07.06-saltometro-pertiga-metalico.jpg","datePublished":"2022-11-27T09:26:23+00:00","breadcrumb":{"@id":"https:\/\/www.lausinyvicente.com\/fr\/equipement-athletisme\/saut-a-la-perche\/poteaux-saut-perche-metallique#breadcrumb"},"inLanguage":"fr-FR","potentialAction":[{"@type":"ReadAction","target":["https:\/\/www.lausinyvicente.com\/fr\/equipement-athletisme\/saut-a-la-perche\/poteaux-saut-perche-metallique"]}]},{"@type":"ImageObject","inLanguage":"fr-FR","@id":"https:\/\/www.lausinyvicente.com\/fr\/equipement-athletisme\/saut-a-la-perche\/poteaux-saut-perche-metallique#primaryimage","url":"https:\/\/www.lausinyvicente.com\/wp-content\/uploads\/2022\/11\/A.07.06-saltometro-pertiga-metalico.jpg","contentUrl":"https:\/\/www.lausinyvicente.com\/wp-content\/uploads\/2022\/11\/A.07.06-saltometro-pertiga-metalico.jpg","width":720,"height":490},{"@type":"BreadcrumbList","@id":"https:\/\/www.lausinyvicente.com\/fr\/equipement-athletisme\/saut-a-la-perche\/poteaux-saut-perche-metallique#breadcrumb","itemListElement":[{"@type":"ListItem","position":1,"name":"Portada","item":"https:\/\/www.lausinyvicente.com\/"},{"@type":"ListItem","position":2,"name":"Boutique","item":"https:\/\/www.lausinyvicente.com\/fr\/boutique"},{"@type":"ListItem","position":3,"name":"Poteaux de saut \u00e0 la perche m\u00e9tallique"}]},{"@type":"WebSite","@id":"https:\/\/www.lausinyvicente.com\/#website","url":"https:\/\/www.lausinyvicente.com\/","name":"Laus\u00edn y Vicente","description":"Fabricaci\u00f3n y distribuci\u00f3n de material deportivo","potentialAction":[{"@type":"SearchAction","target":{"@type":"EntryPoint","urlTemplate":"https:\/\/www.lausinyvicente.com\/?s={search_term_string}"},"query-input":{"@type":"PropertyValueSpecification","valueRequired":true,"valueName":"search_term_string"}}],"inLanguage":"fr-FR"}]}},"_links":{"self":[{"href":"https:\/\/www.lausinyvicente.com\/fr\/wp-json\/wp\/v2\/product\/5260","targetHints":{"allow":["GET"]}}],"collection":[{"href":"https:\/\/www.lausinyvicente.com\/fr\/wp-json\/wp\/v2\/product"}],"about":[{"href":"https:\/\/www.lausinyvicente.com\/fr\/wp-json\/wp\/v2\/types\/product"}],"wp:featuredmedia":[{"embeddable":true,"href":"https:\/\/www.lausinyvicente.com\/fr\/wp-json\/wp\/v2\/media\/2324"}],"wp:attachment":[{"href":"https:\/\/www.lausinyvicente.com\/fr\/wp-json\/wp\/v2\/media?parent=5260"}],"wp:term":[{"taxonomy":"product_cat","embeddable":true,"href":"https:\/\/www.lausinyvicente.com\/fr\/wp-json\/wp\/v2\/product_cat?post=5260"},{"taxonomy":"product_tag","embeddable":true,"href":"https:\/\/www.lausinyvicente.com\/fr\/wp-json\/wp\/v2\/product_tag?post=5260"}],"curies":[{"name":"wp","href":"https:\/\/api.w.org\/{rel}","templated":true}]}}