{"id":5265,"date":"2022-11-27T09:24:49","date_gmt":"2022-11-27T09:24:49","guid":{"rendered":"https:\/\/www.lausinyvicente.com\/non class\u00e9\/butoir-perche\/"},"modified":"2022-11-27T09:24:49","modified_gmt":"2022-11-27T09:24:49","slug":"butoir-peche","status":"publish","type":"product","link":"https:\/\/www.lausinyvicente.com\/fr\/equipement-athletisme\/saut-a-la-perche\/butoir-peche","title":{"rendered":"Butoir perche"},"content":{"rendered":"","protected":false},"excerpt":{"rendered":"<p><strong>Certificat WA N\u00b0E-12-0652 <\/strong><\/p>\n<p>Butoir perche avec couvercle, con\u00e7u et fabriqu\u00e9 conform\u00e9ment aux normes internationales d\u2019athl\u00e9tisme de l\u2019WA. Butoir m\u00e9tallique en t\u00f4le d\u2019acier galvanis\u00e9e de 2,5 mm d\u2019\u00e9paisseur, pli\u00e9e et soud\u00e9e. Il incorpore des angles qui permettent de le fixer facilement. Couvercle m\u00e9tallique construit en t\u00f4le d\u2019acier galvanis\u00e9 de 2,5 mm d\u2019\u00e9paisseur, pli\u00e9e et soud\u00e9e pour un raccord parfait au bo\u00eetier. Le couvercle peut \u00eatre recouvert d\u2019un rev\u00eatement de sol synth\u00e9tique sur sa partie sup\u00e9rieure.  <\/p>\n","protected":false},"featured_media":2322,"template":"","meta":[],"product_cat":[166,185],"product_tag":[],"class_list":{"0":"post-5265","1":"product","2":"type-product","3":"status-publish","4":"has-post-thumbnail","6":"product_cat-equipement-athletisme","7":"product_cat-saut-a-la-perche","9":"first","10":"instock","11":"shipping-taxable","12":"purchasable","13":"product-type-variable"},"yoast_head":"<!-- This site is optimized with the Yoast SEO plugin v27.0 - https:\/\/yoast.com\/product\/yoast-seo-wordpress\/ -->\n<title>Butoir perche - Laus\u00edn y Vicente<\/title>\n<meta name=\"robots\" content=\"index, follow, max-snippet:-1, max-image-preview:large, max-video-preview:-1\" \/>\n<link rel=\"canonical\" href=\"https:\/\/www.lausinyvicente.com\/fr\/equipement-athletisme\/saut-a-la-perche\/butoir-peche\" \/>\n<meta property=\"og:locale\" content=\"fr_FR\" \/>\n<meta property=\"og:type\" content=\"article\" \/>\n<meta property=\"og:title\" content=\"Butoir perche - Laus\u00edn y Vicente\" \/>\n<meta property=\"og:description\" content=\"Certificat WA N\u00b0E-12-0652  Butoir perche avec couvercle, con\u00e7u et fabriqu\u00e9 conform\u00e9ment aux normes internationales d\u2019athl\u00e9tisme de l\u2019WA. Butoir m\u00e9tallique en t\u00f4le d\u2019acier galvanis\u00e9e de 2,5 mm d\u2019\u00e9paisseur, pli\u00e9e et soud\u00e9e. Il incorpore des angles qui permettent de le fixer facilement. Couvercle m\u00e9tallique construit en t\u00f4le d\u2019acier galvanis\u00e9 de 2,5 mm d\u2019\u00e9paisseur, pli\u00e9e et soud\u00e9e pour un raccord parfait au bo\u00eetier. Le couvercle peut \u00eatre recouvert d\u2019un rev\u00eatement de sol synth\u00e9tique sur sa partie sup\u00e9rieure.\" \/>\n<meta property=\"og:url\" content=\"https:\/\/www.lausinyvicente.com\/fr\/equipement-athletisme\/saut-a-la-perche\/butoir-peche\" \/>\n<meta property=\"og:site_name\" content=\"Laus\u00edn y Vicente\" \/>\n<meta property=\"og:image\" content=\"https:\/\/www.lausinyvicente.com\/wp-content\/uploads\/2022\/11\/A.02.02-cajetin-pertiga.jpg\" \/>\n\t<meta property=\"og:image:width\" content=\"720\" \/>\n\t<meta property=\"og:image:height\" content=\"490\" \/>\n\t<meta property=\"og:image:type\" content=\"image\/jpeg\" \/>\n<meta name=\"twitter:card\" content=\"summary_large_image\" \/>\n<script type=\"application\/ld+json\" class=\"yoast-schema-graph\">{\"@context\":\"https:\/\/schema.org\",\"@graph\":[{\"@type\":\"WebPage\",\"@id\":\"https:\/\/www.lausinyvicente.com\/fr\/equipement-athletisme\/saut-a-la-perche\/butoir-peche\",\"url\":\"https:\/\/www.lausinyvicente.com\/fr\/equipement-athletisme\/saut-a-la-perche\/butoir-peche\",\"name\":\"Butoir perche - Laus\u00edn y Vicente\",\"isPartOf\":{\"@id\":\"https:\/\/www.lausinyvicente.com\/#website\"},\"primaryImageOfPage\":{\"@id\":\"https:\/\/www.lausinyvicente.com\/fr\/equipement-athletisme\/saut-a-la-perche\/butoir-peche#primaryimage\"},\"image\":{\"@id\":\"https:\/\/www.lausinyvicente.com\/fr\/equipement-athletisme\/saut-a-la-perche\/butoir-peche#primaryimage\"},\"thumbnailUrl\":\"https:\/\/www.lausinyvicente.com\/wp-content\/uploads\/2022\/11\/A.02.02-cajetin-pertiga.jpg\",\"datePublished\":\"2022-11-27T09:24:49+00:00\",\"breadcrumb\":{\"@id\":\"https:\/\/www.lausinyvicente.com\/fr\/equipement-athletisme\/saut-a-la-perche\/butoir-peche#breadcrumb\"},\"inLanguage\":\"fr-FR\",\"potentialAction\":[{\"@type\":\"ReadAction\",\"target\":[\"https:\/\/www.lausinyvicente.com\/fr\/equipement-athletisme\/saut-a-la-perche\/butoir-peche\"]}]},{\"@type\":\"ImageObject\",\"inLanguage\":\"fr-FR\",\"@id\":\"https:\/\/www.lausinyvicente.com\/fr\/equipement-athletisme\/saut-a-la-perche\/butoir-peche#primaryimage\",\"url\":\"https:\/\/www.lausinyvicente.com\/wp-content\/uploads\/2022\/11\/A.02.02-cajetin-pertiga.jpg\",\"contentUrl\":\"https:\/\/www.lausinyvicente.com\/wp-content\/uploads\/2022\/11\/A.02.02-cajetin-pertiga.jpg\",\"width\":720,\"height\":490},{\"@type\":\"BreadcrumbList\",\"@id\":\"https:\/\/www.lausinyvicente.com\/fr\/equipement-athletisme\/saut-a-la-perche\/butoir-peche#breadcrumb\",\"itemListElement\":[{\"@type\":\"ListItem\",\"position\":1,\"name\":\"Portada\",\"item\":\"https:\/\/www.lausinyvicente.com\/\"},{\"@type\":\"ListItem\",\"position\":2,\"name\":\"Boutique\",\"item\":\"https:\/\/www.lausinyvicente.com\/fr\/boutique\"},{\"@type\":\"ListItem\",\"position\":3,\"name\":\"Butoir perche\"}]},{\"@type\":\"WebSite\",\"@id\":\"https:\/\/www.lausinyvicente.com\/#website\",\"url\":\"https:\/\/www.lausinyvicente.com\/\",\"name\":\"Laus\u00edn y Vicente\",\"description\":\"Fabricaci\u00f3n y distribuci\u00f3n de material deportivo\",\"potentialAction\":[{\"@type\":\"SearchAction\",\"target\":{\"@type\":\"EntryPoint\",\"urlTemplate\":\"https:\/\/www.lausinyvicente.com\/?s={search_term_string}\"},\"query-input\":{\"@type\":\"PropertyValueSpecification\",\"valueRequired\":true,\"valueName\":\"search_term_string\"}}],\"inLanguage\":\"fr-FR\"}]}<\/script>\n<!-- \/ Yoast SEO plugin. -->","yoast_head_json":{"title":"Butoir perche - Laus\u00edn y Vicente","robots":{"index":"index","follow":"follow","max-snippet":"max-snippet:-1","max-image-preview":"max-image-preview:large","max-video-preview":"max-video-preview:-1"},"canonical":"https:\/\/www.lausinyvicente.com\/fr\/equipement-athletisme\/saut-a-la-perche\/butoir-peche","og_locale":"fr_FR","og_type":"article","og_title":"Butoir perche - Laus\u00edn y Vicente","og_description":"Certificat WA N\u00b0E-12-0652  Butoir perche avec couvercle, con\u00e7u et fabriqu\u00e9 conform\u00e9ment aux normes internationales d\u2019athl\u00e9tisme de l\u2019WA. Butoir m\u00e9tallique en t\u00f4le d\u2019acier galvanis\u00e9e de 2,5 mm d\u2019\u00e9paisseur, pli\u00e9e et soud\u00e9e. Il incorpore des angles qui permettent de le fixer facilement. Couvercle m\u00e9tallique construit en t\u00f4le d\u2019acier galvanis\u00e9 de 2,5 mm d\u2019\u00e9paisseur, pli\u00e9e et soud\u00e9e pour un raccord parfait au bo\u00eetier. Le couvercle peut \u00eatre recouvert d\u2019un rev\u00eatement de sol synth\u00e9tique sur sa partie sup\u00e9rieure.","og_url":"https:\/\/www.lausinyvicente.com\/fr\/equipement-athletisme\/saut-a-la-perche\/butoir-peche","og_site_name":"Laus\u00edn y Vicente","og_image":[{"width":720,"height":490,"url":"https:\/\/www.lausinyvicente.com\/wp-content\/uploads\/2022\/11\/A.02.02-cajetin-pertiga.jpg","type":"image\/jpeg"}],"twitter_card":"summary_large_image","schema":{"@context":"https:\/\/schema.org","@graph":[{"@type":"WebPage","@id":"https:\/\/www.lausinyvicente.com\/fr\/equipement-athletisme\/saut-a-la-perche\/butoir-peche","url":"https:\/\/www.lausinyvicente.com\/fr\/equipement-athletisme\/saut-a-la-perche\/butoir-peche","name":"Butoir perche - Laus\u00edn y Vicente","isPartOf":{"@id":"https:\/\/www.lausinyvicente.com\/#website"},"primaryImageOfPage":{"@id":"https:\/\/www.lausinyvicente.com\/fr\/equipement-athletisme\/saut-a-la-perche\/butoir-peche#primaryimage"},"image":{"@id":"https:\/\/www.lausinyvicente.com\/fr\/equipement-athletisme\/saut-a-la-perche\/butoir-peche#primaryimage"},"thumbnailUrl":"https:\/\/www.lausinyvicente.com\/wp-content\/uploads\/2022\/11\/A.02.02-cajetin-pertiga.jpg","datePublished":"2022-11-27T09:24:49+00:00","breadcrumb":{"@id":"https:\/\/www.lausinyvicente.com\/fr\/equipement-athletisme\/saut-a-la-perche\/butoir-peche#breadcrumb"},"inLanguage":"fr-FR","potentialAction":[{"@type":"ReadAction","target":["https:\/\/www.lausinyvicente.com\/fr\/equipement-athletisme\/saut-a-la-perche\/butoir-peche"]}]},{"@type":"ImageObject","inLanguage":"fr-FR","@id":"https:\/\/www.lausinyvicente.com\/fr\/equipement-athletisme\/saut-a-la-perche\/butoir-peche#primaryimage","url":"https:\/\/www.lausinyvicente.com\/wp-content\/uploads\/2022\/11\/A.02.02-cajetin-pertiga.jpg","contentUrl":"https:\/\/www.lausinyvicente.com\/wp-content\/uploads\/2022\/11\/A.02.02-cajetin-pertiga.jpg","width":720,"height":490},{"@type":"BreadcrumbList","@id":"https:\/\/www.lausinyvicente.com\/fr\/equipement-athletisme\/saut-a-la-perche\/butoir-peche#breadcrumb","itemListElement":[{"@type":"ListItem","position":1,"name":"Portada","item":"https:\/\/www.lausinyvicente.com\/"},{"@type":"ListItem","position":2,"name":"Boutique","item":"https:\/\/www.lausinyvicente.com\/fr\/boutique"},{"@type":"ListItem","position":3,"name":"Butoir perche"}]},{"@type":"WebSite","@id":"https:\/\/www.lausinyvicente.com\/#website","url":"https:\/\/www.lausinyvicente.com\/","name":"Laus\u00edn y Vicente","description":"Fabricaci\u00f3n y distribuci\u00f3n de material deportivo","potentialAction":[{"@type":"SearchAction","target":{"@type":"EntryPoint","urlTemplate":"https:\/\/www.lausinyvicente.com\/?s={search_term_string}"},"query-input":{"@type":"PropertyValueSpecification","valueRequired":true,"valueName":"search_term_string"}}],"inLanguage":"fr-FR"}]}},"_links":{"self":[{"href":"https:\/\/www.lausinyvicente.com\/fr\/wp-json\/wp\/v2\/product\/5265","targetHints":{"allow":["GET"]}}],"collection":[{"href":"https:\/\/www.lausinyvicente.com\/fr\/wp-json\/wp\/v2\/product"}],"about":[{"href":"https:\/\/www.lausinyvicente.com\/fr\/wp-json\/wp\/v2\/types\/product"}],"wp:featuredmedia":[{"embeddable":true,"href":"https:\/\/www.lausinyvicente.com\/fr\/wp-json\/wp\/v2\/media\/2322"}],"wp:attachment":[{"href":"https:\/\/www.lausinyvicente.com\/fr\/wp-json\/wp\/v2\/media?parent=5265"}],"wp:term":[{"taxonomy":"product_cat","embeddable":true,"href":"https:\/\/www.lausinyvicente.com\/fr\/wp-json\/wp\/v2\/product_cat?post=5265"},{"taxonomy":"product_tag","embeddable":true,"href":"https:\/\/www.lausinyvicente.com\/fr\/wp-json\/wp\/v2\/product_tag?post=5265"}],"curies":[{"name":"wp","href":"https:\/\/api.w.org\/{rel}","templated":true}]}}