{"id":5281,"date":"2022-11-27T09:20:36","date_gmt":"2022-11-27T09:20:36","guid":{"rendered":"https:\/\/www.lausinyvicente.com\/non class\u00e9\/poteaux-de-saut-a-la-perche-aluminium-competition\/"},"modified":"2022-11-27T09:20:36","modified_gmt":"2022-11-27T09:20:36","slug":"poteaux-saut-perche-aluminium-competition","status":"publish","type":"product","link":"https:\/\/www.lausinyvicente.com\/fr\/equipement-athletisme\/saut-a-la-perche\/poteaux-saut-perche-aluminium-competition","title":{"rendered":"Poteaux de saut \u00e0 la perche aluminium. Comp\u00e9tition"},"content":{"rendered":"","protected":false},"excerpt":{"rendered":"<p>Poteaux de saut \u00e0 la perche, con\u00e7u et fabriqu\u00e9 conform\u00e9ment aux normes internationales d\u2019athl\u00e9tisme de l\u2019WA. Les poteaux sont r\u00e9alis\u00e9s en profil\u00e9 d\u2019aluminium extrud\u00e9 de section ronde de 125 mm, fix\u00e9s sur une base m\u00e9tallique mobile avec un syst\u00e8me de roues. Les supports de la barre sont t\u00e9lescopiques et r\u00e9glables en hauteur. La longueur du support t\u00e9lescopique est comprise entre 550 mm et 925 mm. Le r\u00e9glage en hauteur est compris entre 2,4 m (hauteur minimale) et 6,4 m (hauteur maximale). La man\u0153uvre pour placer la barre \u00e0 la hauteur d\u00e9sir\u00e9e est effectu\u00e9e au moyen d\u2019un syst\u00e8me de treuil, comprenant un ruban m\u00e9tallique qui indique la hauteur de la barre. La barre peut \u00eatre d\u00e9plac\u00e9e dans la direction du sautoir depuis la ligne z\u00e9ro jusqu\u2019\u00e0 un maximum de 80 cm, en d\u00e9pla\u00e7ant les poteaux \u00e0 travers les guides de 1400 mm de long fix\u00e9s au sol.      <\/p>\n","protected":false},"featured_media":2320,"template":"","meta":[],"product_cat":[166,185],"product_tag":[],"class_list":{"0":"post-5281","1":"product","2":"type-product","3":"status-publish","4":"has-post-thumbnail","6":"product_cat-equipement-athletisme","7":"product_cat-saut-a-la-perche","9":"first","10":"instock","11":"shipping-taxable","12":"purchasable","13":"product-type-simple"},"yoast_head":"<!-- This site is optimized with the Yoast SEO plugin v27.0 - https:\/\/yoast.com\/product\/yoast-seo-wordpress\/ -->\n<title>Poteaux de saut \u00e0 la perche aluminium. Comp\u00e9tition - Laus\u00edn y Vicente<\/title>\n<meta name=\"robots\" content=\"index, follow, max-snippet:-1, max-image-preview:large, max-video-preview:-1\" \/>\n<link rel=\"canonical\" href=\"https:\/\/www.lausinyvicente.com\/fr\/equipement-athletisme\/saut-a-la-perche\/poteaux-saut-perche-aluminium-competition\" \/>\n<meta property=\"og:locale\" content=\"fr_FR\" \/>\n<meta property=\"og:type\" content=\"article\" \/>\n<meta property=\"og:title\" content=\"Poteaux de saut \u00e0 la perche aluminium. Comp\u00e9tition - Laus\u00edn y Vicente\" \/>\n<meta property=\"og:description\" content=\"Poteaux de saut \u00e0 la perche, con\u00e7u et fabriqu\u00e9 conform\u00e9ment aux normes internationales d\u2019athl\u00e9tisme de l\u2019WA. Les poteaux sont r\u00e9alis\u00e9s en profil\u00e9 d\u2019aluminium extrud\u00e9 de section ronde de 125 mm, fix\u00e9s sur une base m\u00e9tallique mobile avec un syst\u00e8me de roues. Les supports de la barre sont t\u00e9lescopiques et r\u00e9glables en hauteur. La longueur du support t\u00e9lescopique est comprise entre 550 mm et 925 mm. Le r\u00e9glage en hauteur est compris entre 2,4 m (hauteur minimale) et 6,4 m (hauteur maximale). La man\u0153uvre pour placer la barre \u00e0 la hauteur d\u00e9sir\u00e9e est effectu\u00e9e au moyen d\u2019un syst\u00e8me de treuil, comprenant un ruban m\u00e9tallique qui indique la hauteur de la barre. La barre peut \u00eatre d\u00e9plac\u00e9e dans la direction du sautoir depuis la ligne z\u00e9ro jusqu\u2019\u00e0 un maximum de 80 cm, en d\u00e9pla\u00e7ant les poteaux \u00e0 travers les guides de 1400 mm de long fix\u00e9s au sol.\" \/>\n<meta property=\"og:url\" content=\"https:\/\/www.lausinyvicente.com\/fr\/equipement-athletisme\/saut-a-la-perche\/poteaux-saut-perche-aluminium-competition\" \/>\n<meta property=\"og:site_name\" content=\"Laus\u00edn y Vicente\" \/>\n<meta property=\"og:image\" content=\"https:\/\/www.lausinyvicente.com\/wp-content\/uploads\/2022\/11\/A.07.05-saltometro-pertiga-aluminio-competicion.jpg\" \/>\n\t<meta property=\"og:image:width\" content=\"720\" \/>\n\t<meta property=\"og:image:height\" content=\"490\" \/>\n\t<meta property=\"og:image:type\" content=\"image\/jpeg\" \/>\n<meta name=\"twitter:card\" content=\"summary_large_image\" \/>\n<script type=\"application\/ld+json\" class=\"yoast-schema-graph\">{\"@context\":\"https:\/\/schema.org\",\"@graph\":[{\"@type\":\"WebPage\",\"@id\":\"https:\/\/www.lausinyvicente.com\/fr\/equipement-athletisme\/saut-a-la-perche\/poteaux-saut-perche-aluminium-competition\",\"url\":\"https:\/\/www.lausinyvicente.com\/fr\/equipement-athletisme\/saut-a-la-perche\/poteaux-saut-perche-aluminium-competition\",\"name\":\"Poteaux de saut \u00e0 la perche aluminium. Comp\u00e9tition - Laus\u00edn y Vicente\",\"isPartOf\":{\"@id\":\"https:\/\/www.lausinyvicente.com\/#website\"},\"primaryImageOfPage\":{\"@id\":\"https:\/\/www.lausinyvicente.com\/fr\/equipement-athletisme\/saut-a-la-perche\/poteaux-saut-perche-aluminium-competition#primaryimage\"},\"image\":{\"@id\":\"https:\/\/www.lausinyvicente.com\/fr\/equipement-athletisme\/saut-a-la-perche\/poteaux-saut-perche-aluminium-competition#primaryimage\"},\"thumbnailUrl\":\"https:\/\/www.lausinyvicente.com\/wp-content\/uploads\/2022\/11\/A.07.05-saltometro-pertiga-aluminio-competicion.jpg\",\"datePublished\":\"2022-11-27T09:20:36+00:00\",\"breadcrumb\":{\"@id\":\"https:\/\/www.lausinyvicente.com\/fr\/equipement-athletisme\/saut-a-la-perche\/poteaux-saut-perche-aluminium-competition#breadcrumb\"},\"inLanguage\":\"fr-FR\",\"potentialAction\":[{\"@type\":\"ReadAction\",\"target\":[\"https:\/\/www.lausinyvicente.com\/fr\/equipement-athletisme\/saut-a-la-perche\/poteaux-saut-perche-aluminium-competition\"]}]},{\"@type\":\"ImageObject\",\"inLanguage\":\"fr-FR\",\"@id\":\"https:\/\/www.lausinyvicente.com\/fr\/equipement-athletisme\/saut-a-la-perche\/poteaux-saut-perche-aluminium-competition#primaryimage\",\"url\":\"https:\/\/www.lausinyvicente.com\/wp-content\/uploads\/2022\/11\/A.07.05-saltometro-pertiga-aluminio-competicion.jpg\",\"contentUrl\":\"https:\/\/www.lausinyvicente.com\/wp-content\/uploads\/2022\/11\/A.07.05-saltometro-pertiga-aluminio-competicion.jpg\",\"width\":720,\"height\":490},{\"@type\":\"BreadcrumbList\",\"@id\":\"https:\/\/www.lausinyvicente.com\/fr\/equipement-athletisme\/saut-a-la-perche\/poteaux-saut-perche-aluminium-competition#breadcrumb\",\"itemListElement\":[{\"@type\":\"ListItem\",\"position\":1,\"name\":\"Portada\",\"item\":\"https:\/\/www.lausinyvicente.com\/\"},{\"@type\":\"ListItem\",\"position\":2,\"name\":\"Boutique\",\"item\":\"https:\/\/www.lausinyvicente.com\/fr\/boutique\"},{\"@type\":\"ListItem\",\"position\":3,\"name\":\"Poteaux de saut \u00e0 la perche aluminium. Comp\u00e9tition\"}]},{\"@type\":\"WebSite\",\"@id\":\"https:\/\/www.lausinyvicente.com\/#website\",\"url\":\"https:\/\/www.lausinyvicente.com\/\",\"name\":\"Laus\u00edn y Vicente\",\"description\":\"Fabricaci\u00f3n y distribuci\u00f3n de material deportivo\",\"potentialAction\":[{\"@type\":\"SearchAction\",\"target\":{\"@type\":\"EntryPoint\",\"urlTemplate\":\"https:\/\/www.lausinyvicente.com\/?s={search_term_string}\"},\"query-input\":{\"@type\":\"PropertyValueSpecification\",\"valueRequired\":true,\"valueName\":\"search_term_string\"}}],\"inLanguage\":\"fr-FR\"}]}<\/script>\n<!-- \/ Yoast SEO plugin. -->","yoast_head_json":{"title":"Poteaux de saut \u00e0 la perche aluminium. Comp\u00e9tition - Laus\u00edn y Vicente","robots":{"index":"index","follow":"follow","max-snippet":"max-snippet:-1","max-image-preview":"max-image-preview:large","max-video-preview":"max-video-preview:-1"},"canonical":"https:\/\/www.lausinyvicente.com\/fr\/equipement-athletisme\/saut-a-la-perche\/poteaux-saut-perche-aluminium-competition","og_locale":"fr_FR","og_type":"article","og_title":"Poteaux de saut \u00e0 la perche aluminium. Comp\u00e9tition - Laus\u00edn y Vicente","og_description":"Poteaux de saut \u00e0 la perche, con\u00e7u et fabriqu\u00e9 conform\u00e9ment aux normes internationales d\u2019athl\u00e9tisme de l\u2019WA. Les poteaux sont r\u00e9alis\u00e9s en profil\u00e9 d\u2019aluminium extrud\u00e9 de section ronde de 125 mm, fix\u00e9s sur une base m\u00e9tallique mobile avec un syst\u00e8me de roues. Les supports de la barre sont t\u00e9lescopiques et r\u00e9glables en hauteur. La longueur du support t\u00e9lescopique est comprise entre 550 mm et 925 mm. Le r\u00e9glage en hauteur est compris entre 2,4 m (hauteur minimale) et 6,4 m (hauteur maximale). La man\u0153uvre pour placer la barre \u00e0 la hauteur d\u00e9sir\u00e9e est effectu\u00e9e au moyen d\u2019un syst\u00e8me de treuil, comprenant un ruban m\u00e9tallique qui indique la hauteur de la barre. La barre peut \u00eatre d\u00e9plac\u00e9e dans la direction du sautoir depuis la ligne z\u00e9ro jusqu\u2019\u00e0 un maximum de 80 cm, en d\u00e9pla\u00e7ant les poteaux \u00e0 travers les guides de 1400 mm de long fix\u00e9s au sol.","og_url":"https:\/\/www.lausinyvicente.com\/fr\/equipement-athletisme\/saut-a-la-perche\/poteaux-saut-perche-aluminium-competition","og_site_name":"Laus\u00edn y Vicente","og_image":[{"width":720,"height":490,"url":"https:\/\/www.lausinyvicente.com\/wp-content\/uploads\/2022\/11\/A.07.05-saltometro-pertiga-aluminio-competicion.jpg","type":"image\/jpeg"}],"twitter_card":"summary_large_image","schema":{"@context":"https:\/\/schema.org","@graph":[{"@type":"WebPage","@id":"https:\/\/www.lausinyvicente.com\/fr\/equipement-athletisme\/saut-a-la-perche\/poteaux-saut-perche-aluminium-competition","url":"https:\/\/www.lausinyvicente.com\/fr\/equipement-athletisme\/saut-a-la-perche\/poteaux-saut-perche-aluminium-competition","name":"Poteaux de saut \u00e0 la perche aluminium. Comp\u00e9tition - Laus\u00edn y Vicente","isPartOf":{"@id":"https:\/\/www.lausinyvicente.com\/#website"},"primaryImageOfPage":{"@id":"https:\/\/www.lausinyvicente.com\/fr\/equipement-athletisme\/saut-a-la-perche\/poteaux-saut-perche-aluminium-competition#primaryimage"},"image":{"@id":"https:\/\/www.lausinyvicente.com\/fr\/equipement-athletisme\/saut-a-la-perche\/poteaux-saut-perche-aluminium-competition#primaryimage"},"thumbnailUrl":"https:\/\/www.lausinyvicente.com\/wp-content\/uploads\/2022\/11\/A.07.05-saltometro-pertiga-aluminio-competicion.jpg","datePublished":"2022-11-27T09:20:36+00:00","breadcrumb":{"@id":"https:\/\/www.lausinyvicente.com\/fr\/equipement-athletisme\/saut-a-la-perche\/poteaux-saut-perche-aluminium-competition#breadcrumb"},"inLanguage":"fr-FR","potentialAction":[{"@type":"ReadAction","target":["https:\/\/www.lausinyvicente.com\/fr\/equipement-athletisme\/saut-a-la-perche\/poteaux-saut-perche-aluminium-competition"]}]},{"@type":"ImageObject","inLanguage":"fr-FR","@id":"https:\/\/www.lausinyvicente.com\/fr\/equipement-athletisme\/saut-a-la-perche\/poteaux-saut-perche-aluminium-competition#primaryimage","url":"https:\/\/www.lausinyvicente.com\/wp-content\/uploads\/2022\/11\/A.07.05-saltometro-pertiga-aluminio-competicion.jpg","contentUrl":"https:\/\/www.lausinyvicente.com\/wp-content\/uploads\/2022\/11\/A.07.05-saltometro-pertiga-aluminio-competicion.jpg","width":720,"height":490},{"@type":"BreadcrumbList","@id":"https:\/\/www.lausinyvicente.com\/fr\/equipement-athletisme\/saut-a-la-perche\/poteaux-saut-perche-aluminium-competition#breadcrumb","itemListElement":[{"@type":"ListItem","position":1,"name":"Portada","item":"https:\/\/www.lausinyvicente.com\/"},{"@type":"ListItem","position":2,"name":"Boutique","item":"https:\/\/www.lausinyvicente.com\/fr\/boutique"},{"@type":"ListItem","position":3,"name":"Poteaux de saut \u00e0 la perche aluminium. Comp\u00e9tition"}]},{"@type":"WebSite","@id":"https:\/\/www.lausinyvicente.com\/#website","url":"https:\/\/www.lausinyvicente.com\/","name":"Laus\u00edn y Vicente","description":"Fabricaci\u00f3n y distribuci\u00f3n de material deportivo","potentialAction":[{"@type":"SearchAction","target":{"@type":"EntryPoint","urlTemplate":"https:\/\/www.lausinyvicente.com\/?s={search_term_string}"},"query-input":{"@type":"PropertyValueSpecification","valueRequired":true,"valueName":"search_term_string"}}],"inLanguage":"fr-FR"}]}},"_links":{"self":[{"href":"https:\/\/www.lausinyvicente.com\/fr\/wp-json\/wp\/v2\/product\/5281","targetHints":{"allow":["GET"]}}],"collection":[{"href":"https:\/\/www.lausinyvicente.com\/fr\/wp-json\/wp\/v2\/product"}],"about":[{"href":"https:\/\/www.lausinyvicente.com\/fr\/wp-json\/wp\/v2\/types\/product"}],"wp:featuredmedia":[{"embeddable":true,"href":"https:\/\/www.lausinyvicente.com\/fr\/wp-json\/wp\/v2\/media\/2320"}],"wp:attachment":[{"href":"https:\/\/www.lausinyvicente.com\/fr\/wp-json\/wp\/v2\/media?parent=5281"}],"wp:term":[{"taxonomy":"product_cat","embeddable":true,"href":"https:\/\/www.lausinyvicente.com\/fr\/wp-json\/wp\/v2\/product_cat?post=5281"},{"taxonomy":"product_tag","embeddable":true,"href":"https:\/\/www.lausinyvicente.com\/fr\/wp-json\/wp\/v2\/product_tag?post=5281"}],"curies":[{"name":"wp","href":"https:\/\/api.w.org\/{rel}","templated":true}]}}