{"id":5292,"date":"2022-11-27T09:08:00","date_gmt":"2022-11-27T09:08:00","guid":{"rendered":"https:\/\/www.lausinyvicente.com\/non class\u00e9\/abri-metallique-pour-sautoir-saut-a-la-perche\/"},"modified":"2022-11-27T09:08:00","modified_gmt":"2022-11-27T09:08:00","slug":"abri-metallique-sautoir-saut-perche","status":"publish","type":"product","link":"https:\/\/www.lausinyvicente.com\/fr\/equipement-athletisme\/saut-a-la-perche\/abri-metallique-sautoir-saut-perche","title":{"rendered":"Abri m\u00e9tallique pour sautoir saut \u00e0 la perche"},"content":{"rendered":"","protected":false},"excerpt":{"rendered":"<p>Indispensable pour prot\u00e9ger efficacement le sautoir des intemp\u00e9ries et du vandalisme. Fabriqu\u00e9 dans des mat\u00e9riaux de haute qualit\u00e9, proc\u00e9d\u00e9 de fabrication soign\u00e9. Mat\u00e9riaux : Ch\u00e2ssis en acier galvanis\u00e9 \u00e0 chaud, haute r\u00e9sistance. T\u00f4le galvanis\u00e9e PEGASO sur les couvercles et les c\u00f4t\u00e9s de la t\u00f4le lisse galvanis\u00e9e, ce qui la rend plus r\u00e9sistante et permet un meilleur glissement de l\u2019eau. Montage avec rivets en aluminium. Joints entre les \u00e9l\u00e9ments en caoutchouc parfaitement \u00e9tanches. Avec roulettes pivotantes en caoutchouc solide et increvables de 260 mm de diam\u00e8tre.<\/p>\n","protected":false},"featured_media":2318,"template":"","meta":[],"product_cat":[166,185,177],"product_tag":[],"class_list":{"0":"post-5292","1":"product","2":"type-product","3":"status-publish","4":"has-post-thumbnail","6":"product_cat-equipement-athletisme","7":"product_cat-saut-a-la-perche","8":"product_cat-saut-en-hauteur","10":"first","11":"instock","12":"shipping-taxable","13":"purchasable","14":"product-type-variable"},"yoast_head":"<!-- This site is optimized with the Yoast SEO plugin v27.0 - https:\/\/yoast.com\/product\/yoast-seo-wordpress\/ -->\n<title>Abri m\u00e9tallique pour sautoir saut \u00e0 la perche - Laus\u00edn y Vicente<\/title>\n<meta name=\"robots\" content=\"index, follow, max-snippet:-1, max-image-preview:large, max-video-preview:-1\" \/>\n<link rel=\"canonical\" href=\"https:\/\/www.lausinyvicente.com\/fr\/equipement-athletisme\/saut-a-la-perche\/abri-metallique-sautoir-saut-perche\" \/>\n<meta property=\"og:locale\" content=\"fr_FR\" \/>\n<meta property=\"og:type\" content=\"article\" \/>\n<meta property=\"og:title\" content=\"Abri m\u00e9tallique pour sautoir saut \u00e0 la perche - Laus\u00edn y Vicente\" \/>\n<meta property=\"og:description\" content=\"Indispensable pour prot\u00e9ger efficacement le sautoir des intemp\u00e9ries et du vandalisme. Fabriqu\u00e9 dans des mat\u00e9riaux de haute qualit\u00e9, proc\u00e9d\u00e9 de fabrication soign\u00e9. Mat\u00e9riaux : Ch\u00e2ssis en acier galvanis\u00e9 \u00e0 chaud, haute r\u00e9sistance. T\u00f4le galvanis\u00e9e PEGASO sur les couvercles et les c\u00f4t\u00e9s de la t\u00f4le lisse galvanis\u00e9e, ce qui la rend plus r\u00e9sistante et permet un meilleur glissement de l\u2019eau. Montage avec rivets en aluminium. Joints entre les \u00e9l\u00e9ments en caoutchouc parfaitement \u00e9tanches. Avec roulettes pivotantes en caoutchouc solide et increvables de 260 mm de diam\u00e8tre.\" \/>\n<meta property=\"og:url\" content=\"https:\/\/www.lausinyvicente.com\/fr\/equipement-athletisme\/saut-a-la-perche\/abri-metallique-sautoir-saut-perche\" \/>\n<meta property=\"og:site_name\" content=\"Laus\u00edn y Vicente\" \/>\n<meta property=\"og:image\" content=\"https:\/\/www.lausinyvicente.com\/wp-content\/uploads\/2022\/11\/A.03.86_Protector-metalico-zona-caida_copia.jpg\" \/>\n\t<meta property=\"og:image:width\" content=\"720\" \/>\n\t<meta property=\"og:image:height\" content=\"490\" \/>\n\t<meta property=\"og:image:type\" content=\"image\/jpeg\" \/>\n<meta name=\"twitter:card\" content=\"summary_large_image\" \/>\n<script type=\"application\/ld+json\" class=\"yoast-schema-graph\">{\"@context\":\"https:\/\/schema.org\",\"@graph\":[{\"@type\":\"WebPage\",\"@id\":\"https:\/\/www.lausinyvicente.com\/fr\/equipement-athletisme\/saut-a-la-perche\/abri-metallique-sautoir-saut-perche\",\"url\":\"https:\/\/www.lausinyvicente.com\/fr\/equipement-athletisme\/saut-a-la-perche\/abri-metallique-sautoir-saut-perche\",\"name\":\"Abri m\u00e9tallique pour sautoir saut \u00e0 la perche - Laus\u00edn y Vicente\",\"isPartOf\":{\"@id\":\"https:\/\/www.lausinyvicente.com\/#website\"},\"primaryImageOfPage\":{\"@id\":\"https:\/\/www.lausinyvicente.com\/fr\/equipement-athletisme\/saut-a-la-perche\/abri-metallique-sautoir-saut-perche#primaryimage\"},\"image\":{\"@id\":\"https:\/\/www.lausinyvicente.com\/fr\/equipement-athletisme\/saut-a-la-perche\/abri-metallique-sautoir-saut-perche#primaryimage\"},\"thumbnailUrl\":\"https:\/\/www.lausinyvicente.com\/wp-content\/uploads\/2022\/11\/A.03.86_Protector-metalico-zona-caida_copia.jpg\",\"datePublished\":\"2022-11-27T09:08:00+00:00\",\"breadcrumb\":{\"@id\":\"https:\/\/www.lausinyvicente.com\/fr\/equipement-athletisme\/saut-a-la-perche\/abri-metallique-sautoir-saut-perche#breadcrumb\"},\"inLanguage\":\"fr-FR\",\"potentialAction\":[{\"@type\":\"ReadAction\",\"target\":[\"https:\/\/www.lausinyvicente.com\/fr\/equipement-athletisme\/saut-a-la-perche\/abri-metallique-sautoir-saut-perche\"]}]},{\"@type\":\"ImageObject\",\"inLanguage\":\"fr-FR\",\"@id\":\"https:\/\/www.lausinyvicente.com\/fr\/equipement-athletisme\/saut-a-la-perche\/abri-metallique-sautoir-saut-perche#primaryimage\",\"url\":\"https:\/\/www.lausinyvicente.com\/wp-content\/uploads\/2022\/11\/A.03.86_Protector-metalico-zona-caida_copia.jpg\",\"contentUrl\":\"https:\/\/www.lausinyvicente.com\/wp-content\/uploads\/2022\/11\/A.03.86_Protector-metalico-zona-caida_copia.jpg\",\"width\":720,\"height\":490},{\"@type\":\"BreadcrumbList\",\"@id\":\"https:\/\/www.lausinyvicente.com\/fr\/equipement-athletisme\/saut-a-la-perche\/abri-metallique-sautoir-saut-perche#breadcrumb\",\"itemListElement\":[{\"@type\":\"ListItem\",\"position\":1,\"name\":\"Portada\",\"item\":\"https:\/\/www.lausinyvicente.com\/\"},{\"@type\":\"ListItem\",\"position\":2,\"name\":\"Boutique\",\"item\":\"https:\/\/www.lausinyvicente.com\/fr\/boutique\"},{\"@type\":\"ListItem\",\"position\":3,\"name\":\"Abri m\u00e9tallique pour sautoir saut \u00e0 la perche\"}]},{\"@type\":\"WebSite\",\"@id\":\"https:\/\/www.lausinyvicente.com\/#website\",\"url\":\"https:\/\/www.lausinyvicente.com\/\",\"name\":\"Laus\u00edn y Vicente\",\"description\":\"Fabricaci\u00f3n y distribuci\u00f3n de material deportivo\",\"potentialAction\":[{\"@type\":\"SearchAction\",\"target\":{\"@type\":\"EntryPoint\",\"urlTemplate\":\"https:\/\/www.lausinyvicente.com\/?s={search_term_string}\"},\"query-input\":{\"@type\":\"PropertyValueSpecification\",\"valueRequired\":true,\"valueName\":\"search_term_string\"}}],\"inLanguage\":\"fr-FR\"}]}<\/script>\n<!-- \/ Yoast SEO plugin. -->","yoast_head_json":{"title":"Abri m\u00e9tallique pour sautoir saut \u00e0 la perche - Laus\u00edn y Vicente","robots":{"index":"index","follow":"follow","max-snippet":"max-snippet:-1","max-image-preview":"max-image-preview:large","max-video-preview":"max-video-preview:-1"},"canonical":"https:\/\/www.lausinyvicente.com\/fr\/equipement-athletisme\/saut-a-la-perche\/abri-metallique-sautoir-saut-perche","og_locale":"fr_FR","og_type":"article","og_title":"Abri m\u00e9tallique pour sautoir saut \u00e0 la perche - Laus\u00edn y Vicente","og_description":"Indispensable pour prot\u00e9ger efficacement le sautoir des intemp\u00e9ries et du vandalisme. Fabriqu\u00e9 dans des mat\u00e9riaux de haute qualit\u00e9, proc\u00e9d\u00e9 de fabrication soign\u00e9. Mat\u00e9riaux : Ch\u00e2ssis en acier galvanis\u00e9 \u00e0 chaud, haute r\u00e9sistance. T\u00f4le galvanis\u00e9e PEGASO sur les couvercles et les c\u00f4t\u00e9s de la t\u00f4le lisse galvanis\u00e9e, ce qui la rend plus r\u00e9sistante et permet un meilleur glissement de l\u2019eau. Montage avec rivets en aluminium. Joints entre les \u00e9l\u00e9ments en caoutchouc parfaitement \u00e9tanches. Avec roulettes pivotantes en caoutchouc solide et increvables de 260 mm de diam\u00e8tre.","og_url":"https:\/\/www.lausinyvicente.com\/fr\/equipement-athletisme\/saut-a-la-perche\/abri-metallique-sautoir-saut-perche","og_site_name":"Laus\u00edn y Vicente","og_image":[{"width":720,"height":490,"url":"https:\/\/www.lausinyvicente.com\/wp-content\/uploads\/2022\/11\/A.03.86_Protector-metalico-zona-caida_copia.jpg","type":"image\/jpeg"}],"twitter_card":"summary_large_image","schema":{"@context":"https:\/\/schema.org","@graph":[{"@type":"WebPage","@id":"https:\/\/www.lausinyvicente.com\/fr\/equipement-athletisme\/saut-a-la-perche\/abri-metallique-sautoir-saut-perche","url":"https:\/\/www.lausinyvicente.com\/fr\/equipement-athletisme\/saut-a-la-perche\/abri-metallique-sautoir-saut-perche","name":"Abri m\u00e9tallique pour sautoir saut \u00e0 la perche - Laus\u00edn y Vicente","isPartOf":{"@id":"https:\/\/www.lausinyvicente.com\/#website"},"primaryImageOfPage":{"@id":"https:\/\/www.lausinyvicente.com\/fr\/equipement-athletisme\/saut-a-la-perche\/abri-metallique-sautoir-saut-perche#primaryimage"},"image":{"@id":"https:\/\/www.lausinyvicente.com\/fr\/equipement-athletisme\/saut-a-la-perche\/abri-metallique-sautoir-saut-perche#primaryimage"},"thumbnailUrl":"https:\/\/www.lausinyvicente.com\/wp-content\/uploads\/2022\/11\/A.03.86_Protector-metalico-zona-caida_copia.jpg","datePublished":"2022-11-27T09:08:00+00:00","breadcrumb":{"@id":"https:\/\/www.lausinyvicente.com\/fr\/equipement-athletisme\/saut-a-la-perche\/abri-metallique-sautoir-saut-perche#breadcrumb"},"inLanguage":"fr-FR","potentialAction":[{"@type":"ReadAction","target":["https:\/\/www.lausinyvicente.com\/fr\/equipement-athletisme\/saut-a-la-perche\/abri-metallique-sautoir-saut-perche"]}]},{"@type":"ImageObject","inLanguage":"fr-FR","@id":"https:\/\/www.lausinyvicente.com\/fr\/equipement-athletisme\/saut-a-la-perche\/abri-metallique-sautoir-saut-perche#primaryimage","url":"https:\/\/www.lausinyvicente.com\/wp-content\/uploads\/2022\/11\/A.03.86_Protector-metalico-zona-caida_copia.jpg","contentUrl":"https:\/\/www.lausinyvicente.com\/wp-content\/uploads\/2022\/11\/A.03.86_Protector-metalico-zona-caida_copia.jpg","width":720,"height":490},{"@type":"BreadcrumbList","@id":"https:\/\/www.lausinyvicente.com\/fr\/equipement-athletisme\/saut-a-la-perche\/abri-metallique-sautoir-saut-perche#breadcrumb","itemListElement":[{"@type":"ListItem","position":1,"name":"Portada","item":"https:\/\/www.lausinyvicente.com\/"},{"@type":"ListItem","position":2,"name":"Boutique","item":"https:\/\/www.lausinyvicente.com\/fr\/boutique"},{"@type":"ListItem","position":3,"name":"Abri m\u00e9tallique pour sautoir saut \u00e0 la perche"}]},{"@type":"WebSite","@id":"https:\/\/www.lausinyvicente.com\/#website","url":"https:\/\/www.lausinyvicente.com\/","name":"Laus\u00edn y Vicente","description":"Fabricaci\u00f3n y distribuci\u00f3n de material deportivo","potentialAction":[{"@type":"SearchAction","target":{"@type":"EntryPoint","urlTemplate":"https:\/\/www.lausinyvicente.com\/?s={search_term_string}"},"query-input":{"@type":"PropertyValueSpecification","valueRequired":true,"valueName":"search_term_string"}}],"inLanguage":"fr-FR"}]}},"_links":{"self":[{"href":"https:\/\/www.lausinyvicente.com\/fr\/wp-json\/wp\/v2\/product\/5292","targetHints":{"allow":["GET"]}}],"collection":[{"href":"https:\/\/www.lausinyvicente.com\/fr\/wp-json\/wp\/v2\/product"}],"about":[{"href":"https:\/\/www.lausinyvicente.com\/fr\/wp-json\/wp\/v2\/types\/product"}],"wp:featuredmedia":[{"embeddable":true,"href":"https:\/\/www.lausinyvicente.com\/fr\/wp-json\/wp\/v2\/media\/2318"}],"wp:attachment":[{"href":"https:\/\/www.lausinyvicente.com\/fr\/wp-json\/wp\/v2\/media?parent=5292"}],"wp:term":[{"taxonomy":"product_cat","embeddable":true,"href":"https:\/\/www.lausinyvicente.com\/fr\/wp-json\/wp\/v2\/product_cat?post=5292"},{"taxonomy":"product_tag","embeddable":true,"href":"https:\/\/www.lausinyvicente.com\/fr\/wp-json\/wp\/v2\/product_tag?post=5292"}],"curies":[{"name":"wp","href":"https:\/\/api.w.org\/{rel}","templated":true}]}}