{"id":5298,"date":"2022-11-27T09:01:07","date_gmt":"2022-11-27T09:01:07","guid":{"rendered":"https:\/\/www.lausinyvicente.com\/non class\u00e9\/barre-et-complements-saut-a-la-perche\/"},"modified":"2022-11-27T09:01:07","modified_gmt":"2022-11-27T09:01:07","slug":"barre-complements-saut-perche","status":"publish","type":"product","link":"https:\/\/www.lausinyvicente.com\/fr\/equipement-athletisme\/saut-a-la-perche\/barre-complements-saut-perche","title":{"rendered":"Barre et compl\u00e9ments saut \u00e0 la perche"},"content":{"rendered":"","protected":false},"excerpt":{"rendered":"<p><strong>Barre en fibre de verre 4,50 m<\/strong><\/p>\n<p>Fabriqu\u00e9e avec les techniques de moulage de fibre de verre les plus avanc\u00e9es. Section circulaire de 30 mm de diam\u00e8tre et 4,50 m de longueur. Poids 1 kg. La barre et les extr\u00e9mit\u00e9s des supports sont conformes \u00e0 la r\u00e9glementation. Mod\u00e8le certifi\u00e9 WA.    <\/p>\n<p><strong>Toise saut \u00e0 la perche<\/strong><\/p>\n<p>Fabriqu\u00e9 avec des profil\u00e9s carr\u00e9s en aluminium qui permettent de rallonger la toise et le support m\u00e9tallique sup\u00e9rieur jusqu\u2019\u00e0 une hauteur de 6 m. Fixation de la position au moyen de la poign\u00e9e M6. Ruban \u00e0 mesurer coll\u00e9 au profil int\u00e9rieur pour indiquer la mesure.  <\/p>\n<p><strong>Fourche pour mise en place de la barre<\/strong><\/p>\n<p>Section circulaire. Aluminium extrud\u00e9 anodis\u00e9. Fourche en acier en forme de U sur l\u2019extr\u00e9mit\u00e9 sup\u00e9rieure.  <\/p>\n","protected":false},"featured_media":2316,"template":"","meta":[],"product_cat":[166,185],"product_tag":[],"class_list":{"0":"post-5298","1":"product","2":"type-product","3":"status-publish","4":"has-post-thumbnail","6":"product_cat-equipement-athletisme","7":"product_cat-saut-a-la-perche","9":"first","10":"instock","11":"shipping-taxable","12":"purchasable","13":"product-type-variable"},"yoast_head":"<!-- This site is optimized with the Yoast SEO plugin v27.0 - https:\/\/yoast.com\/product\/yoast-seo-wordpress\/ -->\n<title>Barre et compl\u00e9ments saut \u00e0 la perche - Laus\u00edn y Vicente<\/title>\n<meta name=\"robots\" content=\"index, follow, max-snippet:-1, max-image-preview:large, max-video-preview:-1\" \/>\n<link rel=\"canonical\" href=\"https:\/\/www.lausinyvicente.com\/fr\/equipement-athletisme\/saut-a-la-perche\/barre-complements-saut-perche\" \/>\n<meta property=\"og:locale\" content=\"fr_FR\" \/>\n<meta property=\"og:type\" content=\"article\" \/>\n<meta property=\"og:title\" content=\"Barre et compl\u00e9ments saut \u00e0 la perche - Laus\u00edn y Vicente\" \/>\n<meta property=\"og:description\" content=\"Barre en fibre de verre 4,50 m Fabriqu\u00e9e avec les techniques de moulage de fibre de verre les plus avanc\u00e9es. Section circulaire de 30 mm de diam\u00e8tre et 4,50 m de longueur. Poids 1 kg. La barre et les extr\u00e9mit\u00e9s des supports sont conformes \u00e0 la r\u00e9glementation. Mod\u00e8le certifi\u00e9 WA.   Toise saut \u00e0 la perche Fabriqu\u00e9 avec des profil\u00e9s carr\u00e9s en aluminium qui permettent de rallonger la toise et le support m\u00e9tallique sup\u00e9rieur jusqu\u2019\u00e0 une hauteur de 6 m. Fixation de la position au moyen de la poign\u00e9e M6. Ruban \u00e0 mesurer coll\u00e9 au profil int\u00e9rieur pour indiquer la mesure.  Fourche pour mise en place de la barre Section circulaire. Aluminium extrud\u00e9 anodis\u00e9. Fourche en acier en forme de U sur l\u2019extr\u00e9mit\u00e9 sup\u00e9rieure.\" \/>\n<meta property=\"og:url\" content=\"https:\/\/www.lausinyvicente.com\/fr\/equipement-athletisme\/saut-a-la-perche\/barre-complements-saut-perche\" \/>\n<meta property=\"og:site_name\" content=\"Laus\u00edn y Vicente\" \/>\n<meta property=\"og:image\" content=\"https:\/\/www.lausinyvicente.com\/wp-content\/uploads\/2022\/11\/A.07.12-liston-salto-pertiga.jpg\" \/>\n\t<meta property=\"og:image:width\" content=\"720\" \/>\n\t<meta property=\"og:image:height\" content=\"490\" \/>\n\t<meta property=\"og:image:type\" content=\"image\/jpeg\" \/>\n<meta name=\"twitter:card\" content=\"summary_large_image\" \/>\n<script type=\"application\/ld+json\" class=\"yoast-schema-graph\">{\"@context\":\"https:\/\/schema.org\",\"@graph\":[{\"@type\":\"WebPage\",\"@id\":\"https:\/\/www.lausinyvicente.com\/fr\/equipement-athletisme\/saut-a-la-perche\/barre-complements-saut-perche\",\"url\":\"https:\/\/www.lausinyvicente.com\/fr\/equipement-athletisme\/saut-a-la-perche\/barre-complements-saut-perche\",\"name\":\"Barre et compl\u00e9ments saut \u00e0 la perche - Laus\u00edn y Vicente\",\"isPartOf\":{\"@id\":\"https:\/\/www.lausinyvicente.com\/#website\"},\"primaryImageOfPage\":{\"@id\":\"https:\/\/www.lausinyvicente.com\/fr\/equipement-athletisme\/saut-a-la-perche\/barre-complements-saut-perche#primaryimage\"},\"image\":{\"@id\":\"https:\/\/www.lausinyvicente.com\/fr\/equipement-athletisme\/saut-a-la-perche\/barre-complements-saut-perche#primaryimage\"},\"thumbnailUrl\":\"https:\/\/www.lausinyvicente.com\/wp-content\/uploads\/2022\/11\/A.07.12-liston-salto-pertiga.jpg\",\"datePublished\":\"2022-11-27T09:01:07+00:00\",\"breadcrumb\":{\"@id\":\"https:\/\/www.lausinyvicente.com\/fr\/equipement-athletisme\/saut-a-la-perche\/barre-complements-saut-perche#breadcrumb\"},\"inLanguage\":\"fr-FR\",\"potentialAction\":[{\"@type\":\"ReadAction\",\"target\":[\"https:\/\/www.lausinyvicente.com\/fr\/equipement-athletisme\/saut-a-la-perche\/barre-complements-saut-perche\"]}]},{\"@type\":\"ImageObject\",\"inLanguage\":\"fr-FR\",\"@id\":\"https:\/\/www.lausinyvicente.com\/fr\/equipement-athletisme\/saut-a-la-perche\/barre-complements-saut-perche#primaryimage\",\"url\":\"https:\/\/www.lausinyvicente.com\/wp-content\/uploads\/2022\/11\/A.07.12-liston-salto-pertiga.jpg\",\"contentUrl\":\"https:\/\/www.lausinyvicente.com\/wp-content\/uploads\/2022\/11\/A.07.12-liston-salto-pertiga.jpg\",\"width\":720,\"height\":490},{\"@type\":\"BreadcrumbList\",\"@id\":\"https:\/\/www.lausinyvicente.com\/fr\/equipement-athletisme\/saut-a-la-perche\/barre-complements-saut-perche#breadcrumb\",\"itemListElement\":[{\"@type\":\"ListItem\",\"position\":1,\"name\":\"Portada\",\"item\":\"https:\/\/www.lausinyvicente.com\/\"},{\"@type\":\"ListItem\",\"position\":2,\"name\":\"Boutique\",\"item\":\"https:\/\/www.lausinyvicente.com\/fr\/boutique\"},{\"@type\":\"ListItem\",\"position\":3,\"name\":\"Barre et compl\u00e9ments saut \u00e0 la perche\"}]},{\"@type\":\"WebSite\",\"@id\":\"https:\/\/www.lausinyvicente.com\/#website\",\"url\":\"https:\/\/www.lausinyvicente.com\/\",\"name\":\"Laus\u00edn y Vicente\",\"description\":\"Fabricaci\u00f3n y distribuci\u00f3n de material deportivo\",\"potentialAction\":[{\"@type\":\"SearchAction\",\"target\":{\"@type\":\"EntryPoint\",\"urlTemplate\":\"https:\/\/www.lausinyvicente.com\/?s={search_term_string}\"},\"query-input\":{\"@type\":\"PropertyValueSpecification\",\"valueRequired\":true,\"valueName\":\"search_term_string\"}}],\"inLanguage\":\"fr-FR\"}]}<\/script>\n<!-- \/ Yoast SEO plugin. -->","yoast_head_json":{"title":"Barre et compl\u00e9ments saut \u00e0 la perche - Laus\u00edn y Vicente","robots":{"index":"index","follow":"follow","max-snippet":"max-snippet:-1","max-image-preview":"max-image-preview:large","max-video-preview":"max-video-preview:-1"},"canonical":"https:\/\/www.lausinyvicente.com\/fr\/equipement-athletisme\/saut-a-la-perche\/barre-complements-saut-perche","og_locale":"fr_FR","og_type":"article","og_title":"Barre et compl\u00e9ments saut \u00e0 la perche - Laus\u00edn y Vicente","og_description":"Barre en fibre de verre 4,50 m Fabriqu\u00e9e avec les techniques de moulage de fibre de verre les plus avanc\u00e9es. Section circulaire de 30 mm de diam\u00e8tre et 4,50 m de longueur. Poids 1 kg. La barre et les extr\u00e9mit\u00e9s des supports sont conformes \u00e0 la r\u00e9glementation. Mod\u00e8le certifi\u00e9 WA.   Toise saut \u00e0 la perche Fabriqu\u00e9 avec des profil\u00e9s carr\u00e9s en aluminium qui permettent de rallonger la toise et le support m\u00e9tallique sup\u00e9rieur jusqu\u2019\u00e0 une hauteur de 6 m. Fixation de la position au moyen de la poign\u00e9e M6. Ruban \u00e0 mesurer coll\u00e9 au profil int\u00e9rieur pour indiquer la mesure.  Fourche pour mise en place de la barre Section circulaire. Aluminium extrud\u00e9 anodis\u00e9. Fourche en acier en forme de U sur l\u2019extr\u00e9mit\u00e9 sup\u00e9rieure.","og_url":"https:\/\/www.lausinyvicente.com\/fr\/equipement-athletisme\/saut-a-la-perche\/barre-complements-saut-perche","og_site_name":"Laus\u00edn y Vicente","og_image":[{"width":720,"height":490,"url":"https:\/\/www.lausinyvicente.com\/wp-content\/uploads\/2022\/11\/A.07.12-liston-salto-pertiga.jpg","type":"image\/jpeg"}],"twitter_card":"summary_large_image","schema":{"@context":"https:\/\/schema.org","@graph":[{"@type":"WebPage","@id":"https:\/\/www.lausinyvicente.com\/fr\/equipement-athletisme\/saut-a-la-perche\/barre-complements-saut-perche","url":"https:\/\/www.lausinyvicente.com\/fr\/equipement-athletisme\/saut-a-la-perche\/barre-complements-saut-perche","name":"Barre et compl\u00e9ments saut \u00e0 la perche - Laus\u00edn y Vicente","isPartOf":{"@id":"https:\/\/www.lausinyvicente.com\/#website"},"primaryImageOfPage":{"@id":"https:\/\/www.lausinyvicente.com\/fr\/equipement-athletisme\/saut-a-la-perche\/barre-complements-saut-perche#primaryimage"},"image":{"@id":"https:\/\/www.lausinyvicente.com\/fr\/equipement-athletisme\/saut-a-la-perche\/barre-complements-saut-perche#primaryimage"},"thumbnailUrl":"https:\/\/www.lausinyvicente.com\/wp-content\/uploads\/2022\/11\/A.07.12-liston-salto-pertiga.jpg","datePublished":"2022-11-27T09:01:07+00:00","breadcrumb":{"@id":"https:\/\/www.lausinyvicente.com\/fr\/equipement-athletisme\/saut-a-la-perche\/barre-complements-saut-perche#breadcrumb"},"inLanguage":"fr-FR","potentialAction":[{"@type":"ReadAction","target":["https:\/\/www.lausinyvicente.com\/fr\/equipement-athletisme\/saut-a-la-perche\/barre-complements-saut-perche"]}]},{"@type":"ImageObject","inLanguage":"fr-FR","@id":"https:\/\/www.lausinyvicente.com\/fr\/equipement-athletisme\/saut-a-la-perche\/barre-complements-saut-perche#primaryimage","url":"https:\/\/www.lausinyvicente.com\/wp-content\/uploads\/2022\/11\/A.07.12-liston-salto-pertiga.jpg","contentUrl":"https:\/\/www.lausinyvicente.com\/wp-content\/uploads\/2022\/11\/A.07.12-liston-salto-pertiga.jpg","width":720,"height":490},{"@type":"BreadcrumbList","@id":"https:\/\/www.lausinyvicente.com\/fr\/equipement-athletisme\/saut-a-la-perche\/barre-complements-saut-perche#breadcrumb","itemListElement":[{"@type":"ListItem","position":1,"name":"Portada","item":"https:\/\/www.lausinyvicente.com\/"},{"@type":"ListItem","position":2,"name":"Boutique","item":"https:\/\/www.lausinyvicente.com\/fr\/boutique"},{"@type":"ListItem","position":3,"name":"Barre et compl\u00e9ments saut \u00e0 la perche"}]},{"@type":"WebSite","@id":"https:\/\/www.lausinyvicente.com\/#website","url":"https:\/\/www.lausinyvicente.com\/","name":"Laus\u00edn y Vicente","description":"Fabricaci\u00f3n y distribuci\u00f3n de material deportivo","potentialAction":[{"@type":"SearchAction","target":{"@type":"EntryPoint","urlTemplate":"https:\/\/www.lausinyvicente.com\/?s={search_term_string}"},"query-input":{"@type":"PropertyValueSpecification","valueRequired":true,"valueName":"search_term_string"}}],"inLanguage":"fr-FR"}]}},"_links":{"self":[{"href":"https:\/\/www.lausinyvicente.com\/fr\/wp-json\/wp\/v2\/product\/5298","targetHints":{"allow":["GET"]}}],"collection":[{"href":"https:\/\/www.lausinyvicente.com\/fr\/wp-json\/wp\/v2\/product"}],"about":[{"href":"https:\/\/www.lausinyvicente.com\/fr\/wp-json\/wp\/v2\/types\/product"}],"wp:featuredmedia":[{"embeddable":true,"href":"https:\/\/www.lausinyvicente.com\/fr\/wp-json\/wp\/v2\/media\/2316"}],"wp:attachment":[{"href":"https:\/\/www.lausinyvicente.com\/fr\/wp-json\/wp\/v2\/media?parent=5298"}],"wp:term":[{"taxonomy":"product_cat","embeddable":true,"href":"https:\/\/www.lausinyvicente.com\/fr\/wp-json\/wp\/v2\/product_cat?post=5298"},{"taxonomy":"product_tag","embeddable":true,"href":"https:\/\/www.lausinyvicente.com\/fr\/wp-json\/wp\/v2\/product_tag?post=5298"}],"curies":[{"name":"wp","href":"https:\/\/api.w.org\/{rel}","templated":true}]}}