{"id":5848,"date":"2023-01-12T09:25:43","date_gmt":"2023-01-12T09:25:43","guid":{"rendered":"https:\/\/www.lausinyvicente.com\/non class\u00e9\/buts-de-hockey-sur-patins"},"modified":"2023-01-12T09:25:43","modified_gmt":"2023-01-12T09:25:43","slug":"buts-hockey-patins","status":"publish","type":"product","link":"https:\/\/www.lausinyvicente.com\/fr\/equipement-sport\/hockey\/buts-hockey-patins","title":{"rendered":"Buts de hockey sur patins"},"content":{"rendered":"","protected":false},"excerpt":{"rendered":"<p>Poteaux et barres transversales \u00e0 section ronde de 75 mm de diam\u00e8tre. Dimensions r\u00e8glementaires int\u00e9rieures de 1700 x 1050 mm. Profondeur 1100 mm, selon r\u00e8glement en vigueur. Angles sup\u00e9rieurs \u00e0 45 degr\u00e9s. le mod\u00e8le de comp\u00e9tition: le cadre est orange et le dos est blanc. Le mod\u00e8le scolaire est peint en orange. La base est \u00e9quip\u00e9e d\u2019une rampe pour \u00e9lever la balle et qu\u2019elle rentre dans les filets. Prix par lot sans filets.        <\/p>\n","protected":false},"featured_media":5844,"template":"","meta":[],"product_cat":[154,143],"product_tag":[],"class_list":{"0":"post-5848","1":"product","2":"type-product","3":"status-publish","4":"has-post-thumbnail","6":"product_cat-hockey","7":"product_cat-equipement-sport","9":"first","10":"instock","11":"shipping-taxable","12":"purchasable","13":"product-type-variable"},"yoast_head":"<!-- This site is optimized with the Yoast SEO plugin v27.0 - https:\/\/yoast.com\/product\/yoast-seo-wordpress\/ -->\n<title>Buts de hockey sur patins - Laus\u00edn y Vicente<\/title>\n<meta name=\"robots\" content=\"index, follow, max-snippet:-1, max-image-preview:large, max-video-preview:-1\" \/>\n<link rel=\"canonical\" href=\"https:\/\/www.lausinyvicente.com\/fr\/equipement-sport\/hockey\/buts-hockey-patins\" \/>\n<meta property=\"og:locale\" content=\"fr_FR\" \/>\n<meta property=\"og:type\" content=\"article\" \/>\n<meta property=\"og:title\" content=\"Buts de hockey sur patins - Laus\u00edn y Vicente\" \/>\n<meta property=\"og:description\" content=\"Poteaux et barres transversales \u00e0 section ronde de 75 mm de diam\u00e8tre. Dimensions r\u00e8glementaires int\u00e9rieures de 1700 x 1050 mm. Profondeur 1100 mm, selon r\u00e8glement en vigueur. Angles sup\u00e9rieurs \u00e0 45 degr\u00e9s. le mod\u00e8le de comp\u00e9tition: le cadre est orange et le dos est blanc. Le mod\u00e8le scolaire est peint en orange. La base est \u00e9quip\u00e9e d\u2019une rampe pour \u00e9lever la balle et qu\u2019elle rentre dans les filets. Prix par lot sans filets.\" \/>\n<meta property=\"og:url\" content=\"https:\/\/www.lausinyvicente.com\/fr\/equipement-sport\/hockey\/buts-hockey-patins\" \/>\n<meta property=\"og:site_name\" content=\"Laus\u00edn y Vicente\" \/>\n<meta property=\"og:image\" content=\"https:\/\/www.lausinyvicente.com\/wp-content\/uploads\/2023\/01\/D.07.04-porteria-hockey-patines.jpg\" \/>\n\t<meta property=\"og:image:width\" content=\"720\" \/>\n\t<meta property=\"og:image:height\" content=\"490\" \/>\n\t<meta property=\"og:image:type\" content=\"image\/jpeg\" \/>\n<meta name=\"twitter:card\" content=\"summary_large_image\" \/>\n<script type=\"application\/ld+json\" class=\"yoast-schema-graph\">{\"@context\":\"https:\/\/schema.org\",\"@graph\":[{\"@type\":\"WebPage\",\"@id\":\"https:\/\/www.lausinyvicente.com\/fr\/equipement-sport\/hockey\/buts-hockey-patins\",\"url\":\"https:\/\/www.lausinyvicente.com\/fr\/equipement-sport\/hockey\/buts-hockey-patins\",\"name\":\"Buts de hockey sur patins - Laus\u00edn y Vicente\",\"isPartOf\":{\"@id\":\"https:\/\/www.lausinyvicente.com\/#website\"},\"primaryImageOfPage\":{\"@id\":\"https:\/\/www.lausinyvicente.com\/fr\/equipement-sport\/hockey\/buts-hockey-patins#primaryimage\"},\"image\":{\"@id\":\"https:\/\/www.lausinyvicente.com\/fr\/equipement-sport\/hockey\/buts-hockey-patins#primaryimage\"},\"thumbnailUrl\":\"https:\/\/www.lausinyvicente.com\/wp-content\/uploads\/2023\/01\/D.07.04-porteria-hockey-patines.jpg\",\"datePublished\":\"2023-01-12T09:25:43+00:00\",\"breadcrumb\":{\"@id\":\"https:\/\/www.lausinyvicente.com\/fr\/equipement-sport\/hockey\/buts-hockey-patins#breadcrumb\"},\"inLanguage\":\"fr-FR\",\"potentialAction\":[{\"@type\":\"ReadAction\",\"target\":[\"https:\/\/www.lausinyvicente.com\/fr\/equipement-sport\/hockey\/buts-hockey-patins\"]}]},{\"@type\":\"ImageObject\",\"inLanguage\":\"fr-FR\",\"@id\":\"https:\/\/www.lausinyvicente.com\/fr\/equipement-sport\/hockey\/buts-hockey-patins#primaryimage\",\"url\":\"https:\/\/www.lausinyvicente.com\/wp-content\/uploads\/2023\/01\/D.07.04-porteria-hockey-patines.jpg\",\"contentUrl\":\"https:\/\/www.lausinyvicente.com\/wp-content\/uploads\/2023\/01\/D.07.04-porteria-hockey-patines.jpg\",\"width\":720,\"height\":490},{\"@type\":\"BreadcrumbList\",\"@id\":\"https:\/\/www.lausinyvicente.com\/fr\/equipement-sport\/hockey\/buts-hockey-patins#breadcrumb\",\"itemListElement\":[{\"@type\":\"ListItem\",\"position\":1,\"name\":\"Portada\",\"item\":\"https:\/\/www.lausinyvicente.com\/\"},{\"@type\":\"ListItem\",\"position\":2,\"name\":\"Boutique\",\"item\":\"https:\/\/www.lausinyvicente.com\/fr\/boutique\"},{\"@type\":\"ListItem\",\"position\":3,\"name\":\"Buts de hockey sur patins\"}]},{\"@type\":\"WebSite\",\"@id\":\"https:\/\/www.lausinyvicente.com\/#website\",\"url\":\"https:\/\/www.lausinyvicente.com\/\",\"name\":\"Laus\u00edn y Vicente\",\"description\":\"Fabricaci\u00f3n y distribuci\u00f3n de material deportivo\",\"potentialAction\":[{\"@type\":\"SearchAction\",\"target\":{\"@type\":\"EntryPoint\",\"urlTemplate\":\"https:\/\/www.lausinyvicente.com\/?s={search_term_string}\"},\"query-input\":{\"@type\":\"PropertyValueSpecification\",\"valueRequired\":true,\"valueName\":\"search_term_string\"}}],\"inLanguage\":\"fr-FR\"}]}<\/script>\n<!-- \/ Yoast SEO plugin. -->","yoast_head_json":{"title":"Buts de hockey sur patins - Laus\u00edn y Vicente","robots":{"index":"index","follow":"follow","max-snippet":"max-snippet:-1","max-image-preview":"max-image-preview:large","max-video-preview":"max-video-preview:-1"},"canonical":"https:\/\/www.lausinyvicente.com\/fr\/equipement-sport\/hockey\/buts-hockey-patins","og_locale":"fr_FR","og_type":"article","og_title":"Buts de hockey sur patins - Laus\u00edn y Vicente","og_description":"Poteaux et barres transversales \u00e0 section ronde de 75 mm de diam\u00e8tre. Dimensions r\u00e8glementaires int\u00e9rieures de 1700 x 1050 mm. Profondeur 1100 mm, selon r\u00e8glement en vigueur. Angles sup\u00e9rieurs \u00e0 45 degr\u00e9s. le mod\u00e8le de comp\u00e9tition: le cadre est orange et le dos est blanc. Le mod\u00e8le scolaire est peint en orange. La base est \u00e9quip\u00e9e d\u2019une rampe pour \u00e9lever la balle et qu\u2019elle rentre dans les filets. Prix par lot sans filets.","og_url":"https:\/\/www.lausinyvicente.com\/fr\/equipement-sport\/hockey\/buts-hockey-patins","og_site_name":"Laus\u00edn y Vicente","og_image":[{"width":720,"height":490,"url":"https:\/\/www.lausinyvicente.com\/wp-content\/uploads\/2023\/01\/D.07.04-porteria-hockey-patines.jpg","type":"image\/jpeg"}],"twitter_card":"summary_large_image","schema":{"@context":"https:\/\/schema.org","@graph":[{"@type":"WebPage","@id":"https:\/\/www.lausinyvicente.com\/fr\/equipement-sport\/hockey\/buts-hockey-patins","url":"https:\/\/www.lausinyvicente.com\/fr\/equipement-sport\/hockey\/buts-hockey-patins","name":"Buts de hockey sur patins - Laus\u00edn y Vicente","isPartOf":{"@id":"https:\/\/www.lausinyvicente.com\/#website"},"primaryImageOfPage":{"@id":"https:\/\/www.lausinyvicente.com\/fr\/equipement-sport\/hockey\/buts-hockey-patins#primaryimage"},"image":{"@id":"https:\/\/www.lausinyvicente.com\/fr\/equipement-sport\/hockey\/buts-hockey-patins#primaryimage"},"thumbnailUrl":"https:\/\/www.lausinyvicente.com\/wp-content\/uploads\/2023\/01\/D.07.04-porteria-hockey-patines.jpg","datePublished":"2023-01-12T09:25:43+00:00","breadcrumb":{"@id":"https:\/\/www.lausinyvicente.com\/fr\/equipement-sport\/hockey\/buts-hockey-patins#breadcrumb"},"inLanguage":"fr-FR","potentialAction":[{"@type":"ReadAction","target":["https:\/\/www.lausinyvicente.com\/fr\/equipement-sport\/hockey\/buts-hockey-patins"]}]},{"@type":"ImageObject","inLanguage":"fr-FR","@id":"https:\/\/www.lausinyvicente.com\/fr\/equipement-sport\/hockey\/buts-hockey-patins#primaryimage","url":"https:\/\/www.lausinyvicente.com\/wp-content\/uploads\/2023\/01\/D.07.04-porteria-hockey-patines.jpg","contentUrl":"https:\/\/www.lausinyvicente.com\/wp-content\/uploads\/2023\/01\/D.07.04-porteria-hockey-patines.jpg","width":720,"height":490},{"@type":"BreadcrumbList","@id":"https:\/\/www.lausinyvicente.com\/fr\/equipement-sport\/hockey\/buts-hockey-patins#breadcrumb","itemListElement":[{"@type":"ListItem","position":1,"name":"Portada","item":"https:\/\/www.lausinyvicente.com\/"},{"@type":"ListItem","position":2,"name":"Boutique","item":"https:\/\/www.lausinyvicente.com\/fr\/boutique"},{"@type":"ListItem","position":3,"name":"Buts de hockey sur patins"}]},{"@type":"WebSite","@id":"https:\/\/www.lausinyvicente.com\/#website","url":"https:\/\/www.lausinyvicente.com\/","name":"Laus\u00edn y Vicente","description":"Fabricaci\u00f3n y distribuci\u00f3n de material deportivo","potentialAction":[{"@type":"SearchAction","target":{"@type":"EntryPoint","urlTemplate":"https:\/\/www.lausinyvicente.com\/?s={search_term_string}"},"query-input":{"@type":"PropertyValueSpecification","valueRequired":true,"valueName":"search_term_string"}}],"inLanguage":"fr-FR"}]}},"_links":{"self":[{"href":"https:\/\/www.lausinyvicente.com\/fr\/wp-json\/wp\/v2\/product\/5848","targetHints":{"allow":["GET"]}}],"collection":[{"href":"https:\/\/www.lausinyvicente.com\/fr\/wp-json\/wp\/v2\/product"}],"about":[{"href":"https:\/\/www.lausinyvicente.com\/fr\/wp-json\/wp\/v2\/types\/product"}],"wp:featuredmedia":[{"embeddable":true,"href":"https:\/\/www.lausinyvicente.com\/fr\/wp-json\/wp\/v2\/media\/5844"}],"wp:attachment":[{"href":"https:\/\/www.lausinyvicente.com\/fr\/wp-json\/wp\/v2\/media?parent=5848"}],"wp:term":[{"taxonomy":"product_cat","embeddable":true,"href":"https:\/\/www.lausinyvicente.com\/fr\/wp-json\/wp\/v2\/product_cat?post=5848"},{"taxonomy":"product_tag","embeddable":true,"href":"https:\/\/www.lausinyvicente.com\/fr\/wp-json\/wp\/v2\/product_tag?post=5848"}],"curies":[{"name":"wp","href":"https:\/\/api.w.org\/{rel}","templated":true}]}}