{"id":7777,"date":"2024-01-30T20:23:55","date_gmt":"2024-01-30T20:23:55","guid":{"rendered":"https:\/\/www.lausinyvicente.com\/non%20class\u00e9\/buts-de-football-11-fifa"},"modified":"2024-01-30T20:36:22","modified_gmt":"2024-01-30T20:36:22","slug":"buts-de-football-11-fifa","status":"publish","type":"product","link":"https:\/\/www.lausinyvicente.com\/fr\/equipement-sport\/football\/buts-de-football\/buts-de-football-11-fifa","title":{"rendered":"Buts de football \u201c11\u201d FIFA"},"content":{"rendered":"","protected":false},"excerpt":{"rendered":"<p><strong>Certification FIFA Quality N\u00ba1017522 <\/strong><\/p>\n<p><span style=\"font-weight: 400;\">Ensemble de buts fixes de football \u00e0 11 de dimensions r\u00e9glementaires de 7,32&#215;2,44 m, con\u00e7us et fabriqu\u00e9s selon la norme europ\u00e9enne UNE-EN 748. <\/span><\/p>\n<p><span style=\"font-weight: 400;\">Cadres en tube d&rsquo;aluminium extrud\u00e9 de section ovale de 120&#215;100 mm laqu\u00e9 blanc RAL 9010. Carr\u00e9s int\u00e9rieurs en tube d&rsquo;acier zingu\u00e9 #60x60x2 qui conf\u00e8rent au cadre une grande r\u00e9sistance et durabilit\u00e9. Ancrages en profil\u00e9 aluminium de 50 cm de profondeur. Crochets en polyamide pour la fixation du filet.    <\/span><\/p>\n<p><span style=\"font-weight: 400;\">Bases arri\u00e8re rabattables, r\u00e9alis\u00e9es en tube d&rsquo;acier galvanis\u00e9 \u00e0 section ronde. Il permet de fixer le filet au cadre sans avoir \u00e0 le clouer au terrain de jeu. Le syst\u00e8me de pliage facilite les op\u00e9rations de conservation et de coupe du gazon naturel dans la zone arri\u00e8re des buts sur les terrains de jeu.   <\/span><\/p>\n<p><span style=\"font-weight: 400;\">Poteaux arri\u00e8re, en tube d&rsquo;acier galvanis\u00e9 \u00e0 section ronde. Ils servent \u00e0 la tension sup\u00e9rieure du filet \u00e0 l&rsquo;aide de cordes, donnant au filet la forme de \u00ab bo\u00eete \u00bb. Comprend des protections en toile PVC et rembourrage en caoutchouc mousse avec syst\u00e8me de fixation.   <\/span><\/p>\n<p><span style=\"font-weight: 400;\">11 filets de football en polypropyl\u00e8ne de 4mm, maille carr\u00e9e de 120mm, dimensions : 7,5&#215;2,5\/2x2m, de couleur blanc.<\/span><\/p>\n","protected":false},"featured_media":7769,"template":"","meta":[],"product_cat":[217],"product_tag":[],"class_list":{"0":"post-7777","1":"product","2":"type-product","3":"status-publish","4":"has-post-thumbnail","6":"product_cat-buts-de-football","8":"first","9":"instock","10":"shipping-taxable","11":"purchasable","12":"product-type-simple"},"yoast_head":"<!-- This site is optimized with the Yoast SEO plugin v27.0 - https:\/\/yoast.com\/product\/yoast-seo-wordpress\/ -->\n<title>Buts de football \u201c11\u201d FIFA - Laus\u00edn y Vicente<\/title>\n<meta name=\"robots\" content=\"index, follow, max-snippet:-1, max-image-preview:large, max-video-preview:-1\" \/>\n<link rel=\"canonical\" href=\"https:\/\/www.lausinyvicente.com\/fr\/equipement-sport\/football\/buts-de-football\/buts-de-football-11-fifa\" \/>\n<meta property=\"og:locale\" content=\"fr_FR\" \/>\n<meta property=\"og:type\" content=\"article\" \/>\n<meta property=\"og:title\" content=\"Buts de football \u201c11\u201d FIFA - Laus\u00edn y Vicente\" \/>\n<meta property=\"og:description\" content=\"Certification FIFA Quality N\u00ba1017522  Ensemble de buts fixes de football \u00e0 11 de dimensions r\u00e9glementaires de 7,32x2,44 m, con\u00e7us et fabriqu\u00e9s selon la norme europ\u00e9enne UNE-EN 748.  Cadres en tube d&#039;aluminium extrud\u00e9 de section ovale de 120x100 mm laqu\u00e9 blanc RAL 9010. Carr\u00e9s int\u00e9rieurs en tube d&#039;acier zingu\u00e9 #60x60x2 qui conf\u00e8rent au cadre une grande r\u00e9sistance et durabilit\u00e9. Ancrages en profil\u00e9 aluminium de 50 cm de profondeur. Crochets en polyamide pour la fixation du filet.   Bases arri\u00e8re rabattables, r\u00e9alis\u00e9es en tube d&#039;acier galvanis\u00e9 \u00e0 section ronde. Il permet de fixer le filet au cadre sans avoir \u00e0 le clouer au terrain de jeu. Le syst\u00e8me de pliage facilite les op\u00e9rations de conservation et de coupe du gazon naturel dans la zone arri\u00e8re des buts sur les terrains de jeu.   Poteaux arri\u00e8re, en tube d&#039;acier galvanis\u00e9 \u00e0 section ronde. Ils servent \u00e0 la tension sup\u00e9rieure du filet \u00e0 l&#039;aide de cordes, donnant au filet la forme de \u00ab bo\u00eete \u00bb. Comprend des protections en toile PVC et rembourrage en caoutchouc mousse avec syst\u00e8me de fixation.   11 filets de football en polypropyl\u00e8ne de 4mm, maille carr\u00e9e de 120mm, dimensions : 7,5x2,5\/2x2m, de couleur blanc.\" \/>\n<meta property=\"og:url\" content=\"https:\/\/www.lausinyvicente.com\/fr\/equipement-sport\/football\/buts-de-football\/buts-de-football-11-fifa\" \/>\n<meta property=\"og:site_name\" content=\"Laus\u00edn y Vicente\" \/>\n<meta property=\"article:modified_time\" content=\"2024-01-30T20:36:22+00:00\" \/>\n<meta property=\"og:image\" content=\"https:\/\/www.lausinyvicente.com\/wp-content\/uploads\/2024\/01\/D.06.070FIFA_Pack-FIFA-porteria-red-postes.jpg\" \/>\n\t<meta property=\"og:image:width\" content=\"720\" \/>\n\t<meta property=\"og:image:height\" content=\"490\" \/>\n\t<meta property=\"og:image:type\" content=\"image\/jpeg\" \/>\n<meta name=\"twitter:card\" content=\"summary_large_image\" \/>\n<script type=\"application\/ld+json\" class=\"yoast-schema-graph\">{\"@context\":\"https:\/\/schema.org\",\"@graph\":[{\"@type\":\"WebPage\",\"@id\":\"https:\/\/www.lausinyvicente.com\/fr\/equipement-sport\/football\/buts-de-football\/buts-de-football-11-fifa\",\"url\":\"https:\/\/www.lausinyvicente.com\/fr\/equipement-sport\/football\/buts-de-football\/buts-de-football-11-fifa\",\"name\":\"Buts de football \u201c11\u201d FIFA - Laus\u00edn y Vicente\",\"isPartOf\":{\"@id\":\"https:\/\/www.lausinyvicente.com\/#website\"},\"primaryImageOfPage\":{\"@id\":\"https:\/\/www.lausinyvicente.com\/fr\/equipement-sport\/football\/buts-de-football\/buts-de-football-11-fifa#primaryimage\"},\"image\":{\"@id\":\"https:\/\/www.lausinyvicente.com\/fr\/equipement-sport\/football\/buts-de-football\/buts-de-football-11-fifa#primaryimage\"},\"thumbnailUrl\":\"https:\/\/www.lausinyvicente.com\/wp-content\/uploads\/2024\/01\/D.06.070FIFA_Pack-FIFA-porteria-red-postes.jpg\",\"datePublished\":\"2024-01-30T20:23:55+00:00\",\"dateModified\":\"2024-01-30T20:36:22+00:00\",\"breadcrumb\":{\"@id\":\"https:\/\/www.lausinyvicente.com\/fr\/equipement-sport\/football\/buts-de-football\/buts-de-football-11-fifa#breadcrumb\"},\"inLanguage\":\"fr-FR\",\"potentialAction\":[{\"@type\":\"ReadAction\",\"target\":[\"https:\/\/www.lausinyvicente.com\/fr\/equipement-sport\/football\/buts-de-football\/buts-de-football-11-fifa\"]}]},{\"@type\":\"ImageObject\",\"inLanguage\":\"fr-FR\",\"@id\":\"https:\/\/www.lausinyvicente.com\/fr\/equipement-sport\/football\/buts-de-football\/buts-de-football-11-fifa#primaryimage\",\"url\":\"https:\/\/www.lausinyvicente.com\/wp-content\/uploads\/2024\/01\/D.06.070FIFA_Pack-FIFA-porteria-red-postes.jpg\",\"contentUrl\":\"https:\/\/www.lausinyvicente.com\/wp-content\/uploads\/2024\/01\/D.06.070FIFA_Pack-FIFA-porteria-red-postes.jpg\",\"width\":720,\"height\":490},{\"@type\":\"BreadcrumbList\",\"@id\":\"https:\/\/www.lausinyvicente.com\/fr\/equipement-sport\/football\/buts-de-football\/buts-de-football-11-fifa#breadcrumb\",\"itemListElement\":[{\"@type\":\"ListItem\",\"position\":1,\"name\":\"Portada\",\"item\":\"https:\/\/www.lausinyvicente.com\/\"},{\"@type\":\"ListItem\",\"position\":2,\"name\":\"Boutique\",\"item\":\"https:\/\/www.lausinyvicente.com\/fr\/boutique\"},{\"@type\":\"ListItem\",\"position\":3,\"name\":\"Buts de football \u201c11\u201d FIFA\"}]},{\"@type\":\"WebSite\",\"@id\":\"https:\/\/www.lausinyvicente.com\/#website\",\"url\":\"https:\/\/www.lausinyvicente.com\/\",\"name\":\"Laus\u00edn y Vicente\",\"description\":\"Fabricaci\u00f3n y distribuci\u00f3n de material deportivo\",\"potentialAction\":[{\"@type\":\"SearchAction\",\"target\":{\"@type\":\"EntryPoint\",\"urlTemplate\":\"https:\/\/www.lausinyvicente.com\/?s={search_term_string}\"},\"query-input\":{\"@type\":\"PropertyValueSpecification\",\"valueRequired\":true,\"valueName\":\"search_term_string\"}}],\"inLanguage\":\"fr-FR\"}]}<\/script>\n<!-- \/ Yoast SEO plugin. -->","yoast_head_json":{"title":"Buts de football \u201c11\u201d FIFA - Laus\u00edn y Vicente","robots":{"index":"index","follow":"follow","max-snippet":"max-snippet:-1","max-image-preview":"max-image-preview:large","max-video-preview":"max-video-preview:-1"},"canonical":"https:\/\/www.lausinyvicente.com\/fr\/equipement-sport\/football\/buts-de-football\/buts-de-football-11-fifa","og_locale":"fr_FR","og_type":"article","og_title":"Buts de football \u201c11\u201d FIFA - Laus\u00edn y Vicente","og_description":"Certification FIFA Quality N\u00ba1017522  Ensemble de buts fixes de football \u00e0 11 de dimensions r\u00e9glementaires de 7,32x2,44 m, con\u00e7us et fabriqu\u00e9s selon la norme europ\u00e9enne UNE-EN 748.  Cadres en tube d'aluminium extrud\u00e9 de section ovale de 120x100 mm laqu\u00e9 blanc RAL 9010. Carr\u00e9s int\u00e9rieurs en tube d'acier zingu\u00e9 #60x60x2 qui conf\u00e8rent au cadre une grande r\u00e9sistance et durabilit\u00e9. Ancrages en profil\u00e9 aluminium de 50 cm de profondeur. Crochets en polyamide pour la fixation du filet.   Bases arri\u00e8re rabattables, r\u00e9alis\u00e9es en tube d'acier galvanis\u00e9 \u00e0 section ronde. Il permet de fixer le filet au cadre sans avoir \u00e0 le clouer au terrain de jeu. Le syst\u00e8me de pliage facilite les op\u00e9rations de conservation et de coupe du gazon naturel dans la zone arri\u00e8re des buts sur les terrains de jeu.   Poteaux arri\u00e8re, en tube d'acier galvanis\u00e9 \u00e0 section ronde. Ils servent \u00e0 la tension sup\u00e9rieure du filet \u00e0 l'aide de cordes, donnant au filet la forme de \u00ab bo\u00eete \u00bb. Comprend des protections en toile PVC et rembourrage en caoutchouc mousse avec syst\u00e8me de fixation.   11 filets de football en polypropyl\u00e8ne de 4mm, maille carr\u00e9e de 120mm, dimensions : 7,5x2,5\/2x2m, de couleur blanc.","og_url":"https:\/\/www.lausinyvicente.com\/fr\/equipement-sport\/football\/buts-de-football\/buts-de-football-11-fifa","og_site_name":"Laus\u00edn y Vicente","article_modified_time":"2024-01-30T20:36:22+00:00","og_image":[{"width":720,"height":490,"url":"https:\/\/www.lausinyvicente.com\/wp-content\/uploads\/2024\/01\/D.06.070FIFA_Pack-FIFA-porteria-red-postes.jpg","type":"image\/jpeg"}],"twitter_card":"summary_large_image","schema":{"@context":"https:\/\/schema.org","@graph":[{"@type":"WebPage","@id":"https:\/\/www.lausinyvicente.com\/fr\/equipement-sport\/football\/buts-de-football\/buts-de-football-11-fifa","url":"https:\/\/www.lausinyvicente.com\/fr\/equipement-sport\/football\/buts-de-football\/buts-de-football-11-fifa","name":"Buts de football \u201c11\u201d FIFA - Laus\u00edn y Vicente","isPartOf":{"@id":"https:\/\/www.lausinyvicente.com\/#website"},"primaryImageOfPage":{"@id":"https:\/\/www.lausinyvicente.com\/fr\/equipement-sport\/football\/buts-de-football\/buts-de-football-11-fifa#primaryimage"},"image":{"@id":"https:\/\/www.lausinyvicente.com\/fr\/equipement-sport\/football\/buts-de-football\/buts-de-football-11-fifa#primaryimage"},"thumbnailUrl":"https:\/\/www.lausinyvicente.com\/wp-content\/uploads\/2024\/01\/D.06.070FIFA_Pack-FIFA-porteria-red-postes.jpg","datePublished":"2024-01-30T20:23:55+00:00","dateModified":"2024-01-30T20:36:22+00:00","breadcrumb":{"@id":"https:\/\/www.lausinyvicente.com\/fr\/equipement-sport\/football\/buts-de-football\/buts-de-football-11-fifa#breadcrumb"},"inLanguage":"fr-FR","potentialAction":[{"@type":"ReadAction","target":["https:\/\/www.lausinyvicente.com\/fr\/equipement-sport\/football\/buts-de-football\/buts-de-football-11-fifa"]}]},{"@type":"ImageObject","inLanguage":"fr-FR","@id":"https:\/\/www.lausinyvicente.com\/fr\/equipement-sport\/football\/buts-de-football\/buts-de-football-11-fifa#primaryimage","url":"https:\/\/www.lausinyvicente.com\/wp-content\/uploads\/2024\/01\/D.06.070FIFA_Pack-FIFA-porteria-red-postes.jpg","contentUrl":"https:\/\/www.lausinyvicente.com\/wp-content\/uploads\/2024\/01\/D.06.070FIFA_Pack-FIFA-porteria-red-postes.jpg","width":720,"height":490},{"@type":"BreadcrumbList","@id":"https:\/\/www.lausinyvicente.com\/fr\/equipement-sport\/football\/buts-de-football\/buts-de-football-11-fifa#breadcrumb","itemListElement":[{"@type":"ListItem","position":1,"name":"Portada","item":"https:\/\/www.lausinyvicente.com\/"},{"@type":"ListItem","position":2,"name":"Boutique","item":"https:\/\/www.lausinyvicente.com\/fr\/boutique"},{"@type":"ListItem","position":3,"name":"Buts de football \u201c11\u201d FIFA"}]},{"@type":"WebSite","@id":"https:\/\/www.lausinyvicente.com\/#website","url":"https:\/\/www.lausinyvicente.com\/","name":"Laus\u00edn y Vicente","description":"Fabricaci\u00f3n y distribuci\u00f3n de material deportivo","potentialAction":[{"@type":"SearchAction","target":{"@type":"EntryPoint","urlTemplate":"https:\/\/www.lausinyvicente.com\/?s={search_term_string}"},"query-input":{"@type":"PropertyValueSpecification","valueRequired":true,"valueName":"search_term_string"}}],"inLanguage":"fr-FR"}]}},"_links":{"self":[{"href":"https:\/\/www.lausinyvicente.com\/fr\/wp-json\/wp\/v2\/product\/7777","targetHints":{"allow":["GET"]}}],"collection":[{"href":"https:\/\/www.lausinyvicente.com\/fr\/wp-json\/wp\/v2\/product"}],"about":[{"href":"https:\/\/www.lausinyvicente.com\/fr\/wp-json\/wp\/v2\/types\/product"}],"wp:featuredmedia":[{"embeddable":true,"href":"https:\/\/www.lausinyvicente.com\/fr\/wp-json\/wp\/v2\/media\/7769"}],"wp:attachment":[{"href":"https:\/\/www.lausinyvicente.com\/fr\/wp-json\/wp\/v2\/media?parent=7777"}],"wp:term":[{"taxonomy":"product_cat","embeddable":true,"href":"https:\/\/www.lausinyvicente.com\/fr\/wp-json\/wp\/v2\/product_cat?post=7777"},{"taxonomy":"product_tag","embeddable":true,"href":"https:\/\/www.lausinyvicente.com\/fr\/wp-json\/wp\/v2\/product_tag?post=7777"}],"curies":[{"name":"wp","href":"https:\/\/api.w.org\/{rel}","templated":true}]}}